{"id":2135,"date":"2020-03-19T15:09:22","date_gmt":"2020-03-19T14:09:22","guid":{"rendered":"http:\/\/chimimetal.localhost\/?page_id=2135"},"modified":"2022-07-05T10:24:05","modified_gmt":"2022-07-05T08:24:05","slug":"elektronik-und-mechanik","status":"publish","type":"page","link":"https:\/\/www.chimimetal.com\/de\/elektronik-und-mechanik\/","title":{"rendered":"Laserschneiden in der Elektronik und Mechanik"},"content":{"rendered":"\n<div class=\"wp-block-columns is-layout-flex wp-container-core-columns-is-layout-1 wp-block-columns-is-layout-flex\">\n<div class=\"wp-block-column is-layout-flow wp-block-column-is-layout-flow\">\n<p>Das Steigen der Nachfrage an Pr\u00e4zisionselektronik und -mechanik hat zu einem verst\u00e4rkten Wettbewerb und einer entsprechenden Kostensenkung gef\u00fchrt.<\/p>\n\n\n\n<p>Um den neuen Marktanforderungen gerecht zu werden, versuchen die Hersteller, kleinere, hoch pr\u00e4zisere Teile herzustellen und sto\u00dfen dabei an die Grenzen der traditionellen Metallbearbeitungstechniken. Dies bedeutet, dass sich Projektingenieure nach kleineren, schneller herzustellenden und billigeren Komponenten und neuen Technologien umsehen m\u00fcssen.<\/p>\n\n\n\n<h2 class=\"wp-block-heading\"><strong>FOTOCHEMISCHE \u00c4TZUNG<\/strong><\/h2>\n\n\n\n<p>Die fotochemische \u00c4tzung eignet sich hervorragend daf\u00fcr, den stets steigenden Anforderungen der Elektronikindustrie in Bezug auf Mikropr\u00e4zision, Produktionsgeschwindigkeit und Wirtschaftlichkeit gerecht zu werden, was den Designern und Konstrukteuren erm\u00f6glicht, sich auf die optimale Funktionalit\u00e4t der Teile zu konzentrieren, anstatt sich Sorgen, um die Kosten zu machen.<\/p>\n\n\n\n<p>Durch den Einsatz von digitalen und schnell angefertigten, modifizierbaren Werkzeugen (anstelle der teuren Stahlformen), passt sich die fotochemische \u00c4tzung an die risikoarme Produktentwicklungsstrategie vieler Elektronik- und Mechanikhersteller an. Ge\u00e4tzte Details haben eine zunehmende Bedeutung im elektronischen und mechanischen Bereich, wie auch in der Klein- und Gro\u00dfserienproduktion. Ge\u00e4tzte Details haben eine zunehmende Bedeutung im elektronischen und mechanischen Bereich, wie auch in der Klein- und Gro\u00dfserienproduktion.&nbsp;<\/p>\n\n\n\n<p>In den letzten Jahren waren wir auch imstande SMT-Folien und Abschirmgeh\u00e4use mit der Foto\u00e4tzung und dem chemischen Pr\u00e4zisions\u00e4tzen herzustellen.<\/p>\n<\/div>\n\n\n\n<div class=\"wp-block-column is-layout-flow wp-block-column-is-layout-flow\">\n<div class=\"wp-block-image\"><figure class=\"aligncenter size-large\"><img loading=\"lazy\" decoding=\"async\" width=\"1024\" height=\"684\" src=\"http:\/\/restyle.chimimetal.com\/wp-content\/uploads\/2020\/05\/DSC_6859-1024x684.jpg\" alt=\"\" class=\"wp-image-2709\" srcset=\"https:\/\/www.chimimetal.com\/wp-content\/uploads\/2020\/05\/DSC_6859-1024x684.jpg 1024w, https:\/\/www.chimimetal.com\/wp-content\/uploads\/2020\/05\/DSC_6859-300x200.jpg 300w, https:\/\/www.chimimetal.com\/wp-content\/uploads\/2020\/05\/DSC_6859-768x513.jpg 768w, https:\/\/www.chimimetal.com\/wp-content\/uploads\/2020\/05\/DSC_6859.jpg 1300w\" sizes=\"auto, (max-width: 1024px) 100vw, 1024px\" \/><\/figure><\/div>\n<\/div>\n<\/div>\n\n\n\n<div class=\"wp-block-buttons is-layout-flex wp-block-buttons-is-layout-flex\">\n<div class=\"wp-block-button\"><a class=\"wp-block-button__link\" href=\"https:\/\/www.chimimetal.com\/de\/kontaktiere-uns\/\">Kontakt<\/a><\/div>\n<\/div>\n\n\n\n<div class=\"wp-block-columns is-layout-flex wp-container-core-columns-is-layout-2 wp-block-columns-is-layout-flex\">\n<div class=\"wp-block-column is-layout-flow wp-block-column-is-layout-flow\">\n<div class=\"wp-block-image\"><figure class=\"aligncenter size-large\"><img loading=\"lazy\" decoding=\"async\" width=\"1024\" height=\"684\" src=\"http:\/\/restyle.chimimetal.com\/wp-content\/uploads\/2020\/05\/DSC_6808-1024x684.jpg\" alt=\"\" class=\"wp-image-2714\" srcset=\"https:\/\/www.chimimetal.com\/wp-content\/uploads\/2020\/05\/DSC_6808-1024x684.jpg 1024w, https:\/\/www.chimimetal.com\/wp-content\/uploads\/2020\/05\/DSC_6808-300x200.jpg 300w, https:\/\/www.chimimetal.com\/wp-content\/uploads\/2020\/05\/DSC_6808-768x513.jpg 768w, https:\/\/www.chimimetal.com\/wp-content\/uploads\/2020\/05\/DSC_6808.jpg 1300w\" sizes=\"auto, (max-width: 1024px) 100vw, 1024px\" \/><\/figure><\/div>\n<\/div>\n\n\n\n<div class=\"wp-block-column is-layout-flow wp-block-column-is-layout-flow\">\n<h2 class=\"wp-block-heading\"><strong>HERSTELLUNG VON HERSTELLUNG VON ABSCHIRMGEH\u00c4USEN<\/strong><\/h2>\n\n\n\n<p>Die Abschirmgeh\u00e4use k\u00f6nnen mit leicht eingravierten Vertiefungen ausgestattet werden, die den Biegevorgang einfach, sauber und pr\u00e4zise gestalten, ohne dass dabei spezielle Vorrichtungen erforderlich sind.&nbsp;<\/p>\n\n\n\n<p>Die M\u00f6glichkeit dieser Technologie, Geh\u00e4use mit eingravierten Vertiefungen herzustellen, die sich leicht und pr\u00e4zise biegen lassen, erm\u00f6glicht einen schnellen und wirtschaftlichen \u00dcbergang vom Projekt zur Herstellung eines Schutzgeh\u00e4uses.<\/p>\n\n\n\n<p>Sie werden flach geliefert und m\u00fcssen gebogen und\/oder zusammengesetzt und mit den entsprechenden Schwei\u00dfn\u00e4hten, mechanischen Verschl\u00fcssen und eventuellen Oberfl\u00e4chenbehandlungen versehen werden.<\/p>\n\n\n\n<h3 class=\"wp-block-heading\"><strong>HERSTELLUNG VON SMT-FOLIEN<\/strong><\/h3>\n\n\n\n<p>Das chemische Pr\u00e4zisions\u00e4tzen war in den letzten Jahrzehnten, die am weitesten verbreitete Technologie zur Herstellung von SMT-Folien.<\/p>\n\n\n\n<p>Chimimetal hat die bereits pr\u00e4zisen Schablonen\u00f6ffnungen mit Bi-Metallisierung perfektioniert, einem Prozess, der einige Mikrometer Nickel \u00fcber der gesamten Folie anbringt und perfekte W\u00e4nde an den \u00d6ffnungen schafft, die sich f\u00fcr eine optimale Freisetzung der Schwei\u00dfpaste eignen.<\/p>\n<\/div>\n<\/div>\n\n\n \r\n\r\n   <div class=\"acf_gallery gallery\"> \r\n\r\n       \r\n\r\n         <a href=\"https:\/\/www.chimimetal.com\/wp-content\/uploads\/2020\/05\/DSC_6910.jpg\" target=\"_blank\" class=\"acf_thumbnail_item thumbnail\"> \r\n            <img decoding=\"async\" src=\"https:\/\/www.chimimetal.com\/wp-content\/uploads\/2020\/05\/DSC_6910-260x180.jpg\" alt=\"Laserschneiden in der Elektronik und Mechanik\" \/> \r\n         <\/a> \r\n\r\n       \r\n\r\n         <a href=\"https:\/\/www.chimimetal.com\/wp-content\/uploads\/2020\/05\/DSC_9567.jpg\" target=\"_blank\" class=\"acf_thumbnail_item thumbnail\"> \r\n            <img decoding=\"async\" src=\"https:\/\/www.chimimetal.com\/wp-content\/uploads\/2020\/05\/DSC_9567-260x180.jpg\" alt=\"Laserschneiden in der Elektronik und Mechanik\" \/> \r\n         <\/a> \r\n\r\n       \r\n\r\n         <a href=\"https:\/\/www.chimimetal.com\/wp-content\/uploads\/2020\/05\/DSC_9569.jpg\" target=\"_blank\" class=\"acf_thumbnail_item thumbnail\"> \r\n            <img decoding=\"async\" src=\"https:\/\/www.chimimetal.com\/wp-content\/uploads\/2020\/05\/DSC_9569-260x180.jpg\" alt=\"Laserschneiden in der Elektronik und Mechanik\" \/> \r\n         <\/a> \r\n\r\n       \r\n\r\n         <a href=\"https:\/\/www.chimimetal.com\/wp-content\/uploads\/2020\/05\/DSC_6812.jpg\" target=\"_blank\" class=\"acf_thumbnail_item thumbnail\"> \r\n            <img decoding=\"async\" src=\"https:\/\/www.chimimetal.com\/wp-content\/uploads\/2020\/05\/DSC_6812-260x180.jpg\" alt=\"Laserschneiden in der Elektronik und Mechanik\" \/> \r\n         <\/a> \r\n\r\n       \r\n\r\n         <a href=\"https:\/\/www.chimimetal.com\/wp-content\/uploads\/2020\/05\/DSC_6821.jpg\" target=\"_blank\" class=\"acf_thumbnail_item thumbnail\"> \r\n            <img decoding=\"async\" src=\"https:\/\/www.chimimetal.com\/wp-content\/uploads\/2020\/05\/DSC_6821-260x180.jpg\" alt=\"Laserschneiden in der Elektronik und Mechanik\" \/> \r\n         <\/a> \r\n\r\n       \r\n\r\n         <a href=\"https:\/\/www.chimimetal.com\/wp-content\/uploads\/2020\/05\/DSC_6825.jpg\" target=\"_blank\" class=\"acf_thumbnail_item thumbnail\"> \r\n            <img decoding=\"async\" src=\"https:\/\/www.chimimetal.com\/wp-content\/uploads\/2020\/05\/DSC_6825-260x180.jpg\" alt=\"Laserschneiden in der Elektronik und Mechanik\" \/> \r\n         <\/a> \r\n\r\n       \r\n\r\n         <a href=\"https:\/\/www.chimimetal.com\/wp-content\/uploads\/2020\/05\/DSC_6867.jpg\" target=\"_blank\" class=\"acf_thumbnail_item thumbnail\"> \r\n            <img decoding=\"async\" src=\"https:\/\/www.chimimetal.com\/wp-content\/uploads\/2020\/05\/DSC_6867-260x180.jpg\" alt=\"Laserschneiden in der Elektronik und Mechanik\" \/> \r\n         <\/a> \r\n\r\n       \r\n\r\n         <a href=\"https:\/\/www.chimimetal.com\/wp-content\/uploads\/2020\/05\/DSC_6868.jpg\" target=\"_blank\" class=\"acf_thumbnail_item thumbnail\"> \r\n            <img decoding=\"async\" src=\"https:\/\/www.chimimetal.com\/wp-content\/uploads\/2020\/05\/DSC_6868-260x180.jpg\" alt=\"Laserschneiden in der Elektronik und Mechanik\" \/> \r\n         <\/a> \r\n\r\n       \r\n\r\n         <a href=\"https:\/\/www.chimimetal.com\/wp-content\/uploads\/2020\/05\/DSC_6901.jpg\" target=\"_blank\" class=\"acf_thumbnail_item thumbnail\"> \r\n            <img decoding=\"async\" src=\"https:\/\/www.chimimetal.com\/wp-content\/uploads\/2020\/05\/DSC_6901-260x180.jpg\" alt=\"Laserschneiden in der Elektronik und Mechanik\" \/> \r\n         <\/a> \r\n\r\n       \r\n\r\n         <a href=\"https:\/\/www.chimimetal.com\/wp-content\/uploads\/2020\/05\/DSC_6905.jpg\" target=\"_blank\" class=\"acf_thumbnail_item thumbnail\"> \r\n            <img decoding=\"async\" src=\"https:\/\/www.chimimetal.com\/wp-content\/uploads\/2020\/05\/DSC_6905-260x180.jpg\" alt=\"Laserschneiden in der Elektronik und Mechanik\" \/> \r\n         <\/a> \r\n\r\n       \r\n\r\n         <a href=\"https:\/\/www.chimimetal.com\/wp-content\/uploads\/2020\/05\/DSC_6909.jpg\" target=\"_blank\" class=\"acf_thumbnail_item thumbnail\"> \r\n            <img decoding=\"async\" src=\"https:\/\/www.chimimetal.com\/wp-content\/uploads\/2020\/05\/DSC_6909-260x180.jpg\" alt=\"Laserschneiden in der Elektronik und Mechanik\" \/> \r\n         <\/a> \r\n\r\n       \r\n      <!-- <a href=\"#\" class=\"button center\"><\/a> -->\r\n   <\/div> \r\n\r\n","protected":false},"excerpt":{"rendered":"<p>Das Steigen der Nachfrage an Pr\u00e4zisionselektronik und -mechanik hat zu &#8230; <\/p>\n<p class=\"read-more-container\"><a title=\"Laserschneiden in der Elektronik und Mechanik\" class=\"read-more button\" href=\"https:\/\/www.chimimetal.com\/de\/elektronik-und-mechanik\/#more-2135\">Weiterlesen<span class=\"screen-reader-text\">Laserschneiden in der Elektronik und Mechanik<\/span><\/a><\/p>\n","protected":false},"author":2,"featured_media":0,"parent":0,"menu_order":0,"comment_status":"closed","ping_status":"closed","template":"","meta":{"_acf_changed":false,"footnotes":""},"class_list":["post-2135","page","type-page","status-publish"],"acf":[],"yoast_head":"<!-- This site is optimized with the Yoast SEO plugin v26.8 - https:\/\/yoast.com\/product\/yoast-seo-wordpress\/ -->\n<title>Laserschneiden in der Elektronik und Mechanik - Chimimetal<\/title>\n<meta name=\"description\" content=\"Chimimetal hat im Laufe der Jahre ein spezifisches Know-how in der Laserschneiden auf dem Gebiet der Elektronik und Mechanik entwickelt. Finde mehr heraus\" \/>\n<meta name=\"robots\" content=\"index, follow, max-snippet:-1, max-image-preview:large, max-video-preview:-1\" \/>\n<link rel=\"canonical\" href=\"https:\/\/www.chimimetal.com\/elettronica-e-meccanica\/\" \/>\n<meta property=\"og:locale\" content=\"de_DE\" \/>\n<meta property=\"og:type\" content=\"article\" \/>\n<meta property=\"og:title\" content=\"Laserschneiden in der Elektronik und Mechanik - Chimimetal\" \/>\n<meta property=\"og:description\" content=\"Chimimetal hat im Laufe der Jahre ein spezifisches Know-how in der Laserschneiden auf dem Gebiet der Elektronik und Mechanik entwickelt. Finde mehr heraus\" \/>\n<meta property=\"og:url\" content=\"https:\/\/www.chimimetal.com\/elettronica-e-meccanica\/\" \/>\n<meta property=\"og:site_name\" content=\"Chimimetal\" \/>\n<meta property=\"article:modified_time\" content=\"2022-07-05T08:24:05+00:00\" \/>\n<meta property=\"og:image\" content=\"http:\/\/restyle.chimimetal.com\/wp-content\/uploads\/2020\/05\/DSC_6859-1024x684.jpg\" \/>\n<meta name=\"twitter:card\" content=\"summary_large_image\" \/>\n<meta name=\"twitter:label1\" content=\"Gesch\u00e4tzte Lesezeit\" \/>\n\t<meta name=\"twitter:data1\" content=\"2\u00a0Minuten\" \/>\n<script type=\"application\/ld+json\" class=\"yoast-schema-graph\">{\"@context\":\"https:\/\/schema.org\",\"@graph\":[{\"@type\":\"WebPage\",\"@id\":\"https:\/\/www.chimimetal.com\/elettronica-e-meccanica\/\",\"url\":\"https:\/\/www.chimimetal.com\/elettronica-e-meccanica\/\",\"name\":\"Laserschneiden in der Elektronik und Mechanik - Chimimetal\",\"isPartOf\":{\"@id\":\"https:\/\/www.chimimetal.com\/#website\"},\"primaryImageOfPage\":{\"@id\":\"https:\/\/www.chimimetal.com\/elettronica-e-meccanica\/#primaryimage\"},\"image\":{\"@id\":\"https:\/\/www.chimimetal.com\/elettronica-e-meccanica\/#primaryimage\"},\"thumbnailUrl\":\"http:\/\/restyle.chimimetal.com\/wp-content\/uploads\/2020\/05\/DSC_6859-1024x684.jpg\",\"datePublished\":\"2020-03-19T14:09:22+00:00\",\"dateModified\":\"2022-07-05T08:24:05+00:00\",\"description\":\"Chimimetal hat im Laufe der Jahre ein spezifisches Know-how in der Laserschneiden auf dem Gebiet der Elektronik und Mechanik entwickelt. Finde mehr heraus\",\"breadcrumb\":{\"@id\":\"https:\/\/www.chimimetal.com\/elettronica-e-meccanica\/#breadcrumb\"},\"inLanguage\":\"de\",\"potentialAction\":[{\"@type\":\"ReadAction\",\"target\":[\"https:\/\/www.chimimetal.com\/elettronica-e-meccanica\/\"]}]},{\"@type\":\"ImageObject\",\"inLanguage\":\"de\",\"@id\":\"https:\/\/www.chimimetal.com\/elettronica-e-meccanica\/#primaryimage\",\"url\":\"http:\/\/restyle.chimimetal.com\/wp-content\/uploads\/2020\/05\/DSC_6859-1024x684.jpg\",\"contentUrl\":\"http:\/\/restyle.chimimetal.com\/wp-content\/uploads\/2020\/05\/DSC_6859-1024x684.jpg\"},{\"@type\":\"BreadcrumbList\",\"@id\":\"https:\/\/www.chimimetal.com\/elettronica-e-meccanica\/#breadcrumb\",\"itemListElement\":[{\"@type\":\"ListItem\",\"position\":1,\"name\":\"Home\",\"item\":\"https:\/\/www.chimimetal.com\/de\/\"},{\"@type\":\"ListItem\",\"position\":2,\"name\":\"Laserschneiden in der Elektronik und Mechanik\"}]},{\"@type\":\"WebSite\",\"@id\":\"https:\/\/www.chimimetal.com\/#website\",\"url\":\"https:\/\/www.chimimetal.com\/\",\"name\":\"Chimimetal\",\"description\":\"\",\"publisher\":{\"@id\":\"https:\/\/www.chimimetal.com\/#organization\"},\"potentialAction\":[{\"@type\":\"SearchAction\",\"target\":{\"@type\":\"EntryPoint\",\"urlTemplate\":\"https:\/\/www.chimimetal.com\/?s={search_term_string}\"},\"query-input\":{\"@type\":\"PropertyValueSpecification\",\"valueRequired\":true,\"valueName\":\"search_term_string\"}}],\"inLanguage\":\"de\"},{\"@type\":\"Organization\",\"@id\":\"https:\/\/www.chimimetal.com\/#organization\",\"name\":\"Chimimetal\",\"url\":\"https:\/\/www.chimimetal.com\/\",\"logo\":{\"@type\":\"ImageObject\",\"inLanguage\":\"de\",\"@id\":\"https:\/\/www.chimimetal.com\/#\/schema\/logo\/image\/\",\"url\":\"https:\/\/www.chimimetal.com\/wp-content\/uploads\/2020\/03\/logo-main.png\",\"contentUrl\":\"https:\/\/www.chimimetal.com\/wp-content\/uploads\/2020\/03\/logo-main.png\",\"width\":400,\"height\":130,\"caption\":\"Chimimetal\"},\"image\":{\"@id\":\"https:\/\/www.chimimetal.com\/#\/schema\/logo\/image\/\"}}]}<\/script>\n<!-- \/ Yoast SEO plugin. -->","yoast_head_json":{"title":"Laserschneiden in der Elektronik und Mechanik - Chimimetal","description":"Chimimetal hat im Laufe der Jahre ein spezifisches Know-how in der Laserschneiden auf dem Gebiet der Elektronik und Mechanik entwickelt. Finde mehr heraus","robots":{"index":"index","follow":"follow","max-snippet":"max-snippet:-1","max-image-preview":"max-image-preview:large","max-video-preview":"max-video-preview:-1"},"canonical":"https:\/\/www.chimimetal.com\/elettronica-e-meccanica\/","og_locale":"de_DE","og_type":"article","og_title":"Laserschneiden in der Elektronik und Mechanik - Chimimetal","og_description":"Chimimetal hat im Laufe der Jahre ein spezifisches Know-how in der Laserschneiden auf dem Gebiet der Elektronik und Mechanik entwickelt. Finde mehr heraus","og_url":"https:\/\/www.chimimetal.com\/elettronica-e-meccanica\/","og_site_name":"Chimimetal","article_modified_time":"2022-07-05T08:24:05+00:00","og_image":[{"url":"http:\/\/restyle.chimimetal.com\/wp-content\/uploads\/2020\/05\/DSC_6859-1024x684.jpg","type":"","width":"","height":""}],"twitter_card":"summary_large_image","twitter_misc":{"Gesch\u00e4tzte Lesezeit":"2\u00a0Minuten"},"schema":{"@context":"https:\/\/schema.org","@graph":[{"@type":"WebPage","@id":"https:\/\/www.chimimetal.com\/elettronica-e-meccanica\/","url":"https:\/\/www.chimimetal.com\/elettronica-e-meccanica\/","name":"Laserschneiden in der Elektronik und Mechanik - Chimimetal","isPartOf":{"@id":"https:\/\/www.chimimetal.com\/#website"},"primaryImageOfPage":{"@id":"https:\/\/www.chimimetal.com\/elettronica-e-meccanica\/#primaryimage"},"image":{"@id":"https:\/\/www.chimimetal.com\/elettronica-e-meccanica\/#primaryimage"},"thumbnailUrl":"http:\/\/restyle.chimimetal.com\/wp-content\/uploads\/2020\/05\/DSC_6859-1024x684.jpg","datePublished":"2020-03-19T14:09:22+00:00","dateModified":"2022-07-05T08:24:05+00:00","description":"Chimimetal hat im Laufe der Jahre ein spezifisches Know-how in der Laserschneiden auf dem Gebiet der Elektronik und Mechanik entwickelt. Finde mehr heraus","breadcrumb":{"@id":"https:\/\/www.chimimetal.com\/elettronica-e-meccanica\/#breadcrumb"},"inLanguage":"de","potentialAction":[{"@type":"ReadAction","target":["https:\/\/www.chimimetal.com\/elettronica-e-meccanica\/"]}]},{"@type":"ImageObject","inLanguage":"de","@id":"https:\/\/www.chimimetal.com\/elettronica-e-meccanica\/#primaryimage","url":"http:\/\/restyle.chimimetal.com\/wp-content\/uploads\/2020\/05\/DSC_6859-1024x684.jpg","contentUrl":"http:\/\/restyle.chimimetal.com\/wp-content\/uploads\/2020\/05\/DSC_6859-1024x684.jpg"},{"@type":"BreadcrumbList","@id":"https:\/\/www.chimimetal.com\/elettronica-e-meccanica\/#breadcrumb","itemListElement":[{"@type":"ListItem","position":1,"name":"Home","item":"https:\/\/www.chimimetal.com\/de\/"},{"@type":"ListItem","position":2,"name":"Laserschneiden in der Elektronik und Mechanik"}]},{"@type":"WebSite","@id":"https:\/\/www.chimimetal.com\/#website","url":"https:\/\/www.chimimetal.com\/","name":"Chimimetal","description":"","publisher":{"@id":"https:\/\/www.chimimetal.com\/#organization"},"potentialAction":[{"@type":"SearchAction","target":{"@type":"EntryPoint","urlTemplate":"https:\/\/www.chimimetal.com\/?s={search_term_string}"},"query-input":{"@type":"PropertyValueSpecification","valueRequired":true,"valueName":"search_term_string"}}],"inLanguage":"de"},{"@type":"Organization","@id":"https:\/\/www.chimimetal.com\/#organization","name":"Chimimetal","url":"https:\/\/www.chimimetal.com\/","logo":{"@type":"ImageObject","inLanguage":"de","@id":"https:\/\/www.chimimetal.com\/#\/schema\/logo\/image\/","url":"https:\/\/www.chimimetal.com\/wp-content\/uploads\/2020\/03\/logo-main.png","contentUrl":"https:\/\/www.chimimetal.com\/wp-content\/uploads\/2020\/03\/logo-main.png","width":400,"height":130,"caption":"Chimimetal"},"image":{"@id":"https:\/\/www.chimimetal.com\/#\/schema\/logo\/image\/"}}]}},"_links":{"self":[{"href":"https:\/\/www.chimimetal.com\/de\/wp-json\/wp\/v2\/pages\/2135","targetHints":{"allow":["GET"]}}],"collection":[{"href":"https:\/\/www.chimimetal.com\/de\/wp-json\/wp\/v2\/pages"}],"about":[{"href":"https:\/\/www.chimimetal.com\/de\/wp-json\/wp\/v2\/types\/page"}],"author":[{"embeddable":true,"href":"https:\/\/www.chimimetal.com\/de\/wp-json\/wp\/v2\/users\/2"}],"replies":[{"embeddable":true,"href":"https:\/\/www.chimimetal.com\/de\/wp-json\/wp\/v2\/comments?post=2135"}],"version-history":[{"count":11,"href":"https:\/\/www.chimimetal.com\/de\/wp-json\/wp\/v2\/pages\/2135\/revisions"}],"predecessor-version":[{"id":4323,"href":"https:\/\/www.chimimetal.com\/de\/wp-json\/wp\/v2\/pages\/2135\/revisions\/4323"}],"wp:attachment":[{"href":"https:\/\/www.chimimetal.com\/de\/wp-json\/wp\/v2\/media?parent=2135"}],"curies":[{"name":"wp","href":"https:\/\/api.w.org\/{rel}","templated":true}]}}