{"id":2147,"date":"2020-03-09T11:35:57","date_gmt":"2020-03-09T10:35:57","guid":{"rendered":"http:\/\/chimimetal.localhost\/?page_id=2147"},"modified":"2022-07-05T10:27:39","modified_gmt":"2022-07-05T08:27:39","slug":"modeschmuck","status":"publish","type":"page","link":"https:\/\/www.chimimetal.com\/de\/modeschmuck\/","title":{"rendered":"\u00c4tztechnik fur Modeschmuck Dekoration Design"},"content":{"rendered":"\n<div class=\"wp-block-columns is-layout-flex wp-container-core-columns-is-layout-1 wp-block-columns-is-layout-flex\">\n<div class=\"wp-block-column is-layout-flow wp-block-column-is-layout-flow\">\n<p>Passend zu unserem Slogan \u201eYou draw it, We make it\u201c bieten wir uns f\u00fcr die Verwirklichung Ihrer Designideen durch die Gravur dekorativer Metallteile, als Ihr idealer Partner an.<\/p>\n\n\n\n<h2 class=\"wp-block-heading\"><strong>FOTOCHEMISCHES \u00c4TZEN F\u00dcR SCHMUCK- UND DESIGNELEMENTE<\/strong><\/h2>\n\n\n\n<p>Wir stellen dekorative Metallkomponenten verschiedener Arten f\u00fcr die Schmuckindustrie (wie Ohrringe, Halsketten und Armb\u00e4nder) und f\u00fcr alle anderen Industriezweige her, die \u00e4sthetische und technische Funktionsf\u00e4higkeiten in Einklang bringen m\u00fcssen.&nbsp;<\/p>\n\n\n\n<p>Anbei einige Beispiele unserer Produktion:&nbsp;<\/p>\n\n\n\n<ul class=\"wp-block-list\"><li>Displays f\u00fcr bekannte Modemarken, graviert mit fotochemischer \u00c4tztechnik;<\/li><li>Frontplatten f\u00fcr kundenspezifische elektronische Testger\u00e4te;<\/li><li>Ger\u00e4tekennzeichnungsschilder;<\/li><li>Notausgangsschilder (mit tastbarer Brailleschrift);<\/li><li>Schl\u00fcsselanh\u00e4nger;<\/li><li>individuell gestaltete Rei\u00dfverschluss-Schiebegriffe;<\/li><li>halb gravierte und lackierte Armee-Metallabzeichen;<\/li><li>ma\u00dfstabsgetreue Modelle f\u00fcr Architekten.<\/li><\/ul>\n\n\n\n<p>Dies ist nur eine kleine Auswahl von dem, was wir hergestellt haben, denn unsere T\u00e4tigkeit kann in unz\u00e4hligen Bereichen angewandt werden.<\/p>\n<\/div>\n\n\n\n<div class=\"wp-block-column is-layout-flow wp-block-column-is-layout-flow\">\n<div class=\"wp-block-image\"><figure class=\"aligncenter size-large\"><img loading=\"lazy\" decoding=\"async\" width=\"1024\" height=\"684\" src=\"http:\/\/restyle.chimimetal.com\/wp-content\/uploads\/2020\/05\/DSC_6857-1024x684.jpg\" alt=\"\" class=\"wp-image-2824\" srcset=\"https:\/\/www.chimimetal.com\/wp-content\/uploads\/2020\/05\/DSC_6857-1024x684.jpg 1024w, https:\/\/www.chimimetal.com\/wp-content\/uploads\/2020\/05\/DSC_6857-300x200.jpg 300w, https:\/\/www.chimimetal.com\/wp-content\/uploads\/2020\/05\/DSC_6857-768x513.jpg 768w, https:\/\/www.chimimetal.com\/wp-content\/uploads\/2020\/05\/DSC_6857.jpg 1300w\" sizes=\"auto, (max-width: 1024px) 100vw, 1024px\" \/><\/figure><\/div>\n<\/div>\n<\/div>\n\n\n\n<div class=\"wp-block-buttons is-layout-flex wp-block-buttons-is-layout-flex\">\n<div class=\"wp-block-button\"><a class=\"wp-block-button__link\" href=\"https:\/\/www.chimimetal.com\/de\/kontaktiere-uns\/\">Kontakt<\/a><\/div>\n<\/div>\n\n\n\n<div class=\"wp-block-columns is-layout-flex wp-container-core-columns-is-layout-2 wp-block-columns-is-layout-flex\">\n<div class=\"wp-block-column is-layout-flow wp-block-column-is-layout-flow\">\n<figure class=\"wp-block-image size-large\"><img loading=\"lazy\" decoding=\"async\" width=\"1024\" height=\"684\" src=\"http:\/\/restyle.chimimetal.com\/wp-content\/uploads\/2020\/05\/DSC_6903-1024x684.jpg\" alt=\"\" class=\"wp-image-2882\" srcset=\"https:\/\/www.chimimetal.com\/wp-content\/uploads\/2020\/05\/DSC_6903-1024x684.jpg 1024w, https:\/\/www.chimimetal.com\/wp-content\/uploads\/2020\/05\/DSC_6903-300x200.jpg 300w, https:\/\/www.chimimetal.com\/wp-content\/uploads\/2020\/05\/DSC_6903-768x513.jpg 768w, https:\/\/www.chimimetal.com\/wp-content\/uploads\/2020\/05\/DSC_6903.jpg 1300w\" sizes=\"auto, (max-width: 1024px) 100vw, 1024px\" \/><\/figure>\n<\/div>\n\n\n\n<div class=\"wp-block-column is-layout-flow wp-block-column-is-layout-flow\">\n<h2 class=\"wp-block-heading\"><strong>MODEACCESSOIRES<\/strong><\/h2>\n\n\n\n<p>Die fotochemische \u00c4tztechnik erm\u00f6glicht auch die Herstellung von:<\/p>\n\n\n\n<ul class=\"wp-block-list\"><li>Lesezeichen;<\/li><li>Clips;<\/li><li>Broschen;<\/li><li>Plaketten und Schilder;<\/li><li>Etiketten.<\/li><\/ul>\n\n\n\n<p>Diese Produkte k\u00f6nnen auch mit galvanischer, elektropolierter und emaillierter Behandlung geliefert werden.&nbsp;<\/p>\n\n\n\n<p>Unsere Techniken erm\u00f6glichen auch das Erhalten von Absenkungen, die komplexe abgesenkte Bereiche bilden, in die eine d\u00fcnne Emailschicht aufgetragen werden kann, wodurch das Produkt seine endg\u00fcltige Form erh\u00e4lt.<br><\/p>\n<\/div>\n<\/div>\n\n\n \r\n\r\n   <div class=\"acf_gallery gallery\"> \r\n\r\n       \r\n\r\n         <a href=\"https:\/\/www.chimimetal.com\/wp-content\/uploads\/2020\/05\/DSC_9581.jpg\" target=\"_blank\" class=\"acf_thumbnail_item thumbnail\"> \r\n            <img decoding=\"async\" src=\"https:\/\/www.chimimetal.com\/wp-content\/uploads\/2020\/05\/DSC_9581-260x180.jpg\" alt=\"\u00c4tztechnik fur Modeschmuck Dekoration Design\" \/> \r\n         <\/a> \r\n\r\n       \r\n\r\n         <a href=\"https:\/\/www.chimimetal.com\/wp-content\/uploads\/2020\/05\/DSC_9583.jpg\" target=\"_blank\" class=\"acf_thumbnail_item thumbnail\"> \r\n            <img decoding=\"async\" src=\"https:\/\/www.chimimetal.com\/wp-content\/uploads\/2020\/05\/DSC_9583-260x180.jpg\" alt=\"\u00c4tztechnik fur Modeschmuck Dekoration Design\" \/> \r\n         <\/a> \r\n\r\n       \r\n\r\n         <a href=\"https:\/\/www.chimimetal.com\/wp-content\/uploads\/2020\/05\/DSC_9584.jpg\" target=\"_blank\" class=\"acf_thumbnail_item thumbnail\"> \r\n            <img decoding=\"async\" src=\"https:\/\/www.chimimetal.com\/wp-content\/uploads\/2020\/05\/DSC_9584-260x180.jpg\" alt=\"\u00c4tztechnik fur Modeschmuck Dekoration Design\" \/> \r\n         <\/a> \r\n\r\n       \r\n\r\n         <a href=\"https:\/\/www.chimimetal.com\/wp-content\/uploads\/2020\/05\/DSC_6820.jpg\" target=\"_blank\" class=\"acf_thumbnail_item thumbnail\"> \r\n            <img decoding=\"async\" src=\"https:\/\/www.chimimetal.com\/wp-content\/uploads\/2020\/05\/DSC_6820-260x180.jpg\" alt=\"\u00c4tztechnik fur Modeschmuck Dekoration Design\" \/> \r\n         <\/a> \r\n\r\n       \r\n\r\n         <a href=\"https:\/\/www.chimimetal.com\/wp-content\/uploads\/2020\/05\/DSC_6839.jpg\" target=\"_blank\" class=\"acf_thumbnail_item thumbnail\"> \r\n            <img decoding=\"async\" src=\"https:\/\/www.chimimetal.com\/wp-content\/uploads\/2020\/05\/DSC_6839-260x180.jpg\" alt=\"\u00c4tztechnik fur Modeschmuck Dekoration Design\" \/> \r\n         <\/a> \r\n\r\n       \r\n\r\n         <a href=\"https:\/\/www.chimimetal.com\/wp-content\/uploads\/2020\/05\/DSC_6842.jpg\" target=\"_blank\" class=\"acf_thumbnail_item thumbnail\"> \r\n            <img decoding=\"async\" src=\"https:\/\/www.chimimetal.com\/wp-content\/uploads\/2020\/05\/DSC_6842-260x180.jpg\" alt=\"\u00c4tztechnik fur Modeschmuck Dekoration Design\" \/> \r\n         <\/a> \r\n\r\n       \r\n\r\n         <a href=\"https:\/\/www.chimimetal.com\/wp-content\/uploads\/2020\/05\/DSC_6843.jpg\" target=\"_blank\" class=\"acf_thumbnail_item thumbnail\"> \r\n            <img decoding=\"async\" src=\"https:\/\/www.chimimetal.com\/wp-content\/uploads\/2020\/05\/DSC_6843-260x180.jpg\" alt=\"\u00c4tztechnik fur Modeschmuck Dekoration Design\" \/> \r\n         <\/a> \r\n\r\n       \r\n\r\n         <a href=\"https:\/\/www.chimimetal.com\/wp-content\/uploads\/2020\/05\/DSC_6846.jpg\" target=\"_blank\" class=\"acf_thumbnail_item thumbnail\"> \r\n            <img decoding=\"async\" src=\"https:\/\/www.chimimetal.com\/wp-content\/uploads\/2020\/05\/DSC_6846-260x180.jpg\" alt=\"\u00c4tztechnik fur Modeschmuck Dekoration Design\" \/> \r\n         <\/a> \r\n\r\n       \r\n\r\n         <a href=\"https:\/\/www.chimimetal.com\/wp-content\/uploads\/2020\/05\/DSC_6852.jpg\" target=\"_blank\" class=\"acf_thumbnail_item thumbnail\"> \r\n            <img decoding=\"async\" src=\"https:\/\/www.chimimetal.com\/wp-content\/uploads\/2020\/05\/DSC_6852-260x180.jpg\" alt=\"\u00c4tztechnik fur Modeschmuck Dekoration Design\" \/> \r\n         <\/a> \r\n\r\n       \r\n\r\n         <a href=\"https:\/\/www.chimimetal.com\/wp-content\/uploads\/2020\/05\/DSC_6873.jpg\" target=\"_blank\" class=\"acf_thumbnail_item thumbnail\"> \r\n            <img decoding=\"async\" src=\"https:\/\/www.chimimetal.com\/wp-content\/uploads\/2020\/05\/DSC_6873-260x180.jpg\" alt=\"\u00c4tztechnik fur Modeschmuck Dekoration Design\" \/> \r\n         <\/a> \r\n\r\n       \r\n\r\n         <a href=\"https:\/\/www.chimimetal.com\/wp-content\/uploads\/2020\/05\/DSC_6903.jpg\" target=\"_blank\" class=\"acf_thumbnail_item thumbnail\"> \r\n            <img decoding=\"async\" src=\"https:\/\/www.chimimetal.com\/wp-content\/uploads\/2020\/05\/DSC_6903-260x180.jpg\" alt=\"\u00c4tztechnik fur Modeschmuck Dekoration Design\" \/> \r\n         <\/a> \r\n\r\n       \r\n      <!-- <a href=\"#\" class=\"button center\"><\/a> -->\r\n   <\/div> \r\n\r\n","protected":false},"excerpt":{"rendered":"<p>Passend zu unserem Slogan \u201eYou draw it, We make it\u201c &#8230; <\/p>\n<p class=\"read-more-container\"><a title=\"\u00c4tztechnik fur Modeschmuck Dekoration Design\" class=\"read-more button\" href=\"https:\/\/www.chimimetal.com\/de\/modeschmuck\/#more-2147\">Weiterlesen<span class=\"screen-reader-text\">\u00c4tztechnik fur Modeschmuck Dekoration Design<\/span><\/a><\/p>\n","protected":false},"author":2,"featured_media":0,"parent":0,"menu_order":0,"comment_status":"closed","ping_status":"closed","template":"","meta":{"_acf_changed":false,"footnotes":""},"class_list":["post-2147","page","type-page","status-publish"],"acf":[],"yoast_head":"<!-- This site is optimized with the Yoast SEO plugin v26.8 - https:\/\/yoast.com\/product\/yoast-seo-wordpress\/ -->\n<title>\u00c4tztechnik fur Modeschmuck Dekoration Design - Chimimetal<\/title>\n<meta name=\"description\" content=\"Chimimetal hat im Laufe der Jahre ein spezifisches Know-how in der \u00c4tztechnik auf dem Gebiet der Modeschmuck und Design entwickelt. Finde mehr heraus\" \/>\n<meta name=\"robots\" content=\"index, follow, max-snippet:-1, max-image-preview:large, max-video-preview:-1\" \/>\n<link rel=\"canonical\" href=\"https:\/\/www.chimimetal.com\/design-e-bigiotteria\/\" \/>\n<meta property=\"og:locale\" content=\"de_DE\" \/>\n<meta property=\"og:type\" content=\"article\" \/>\n<meta property=\"og:title\" content=\"\u00c4tztechnik fur Modeschmuck Dekoration Design - Chimimetal\" \/>\n<meta property=\"og:description\" content=\"Chimimetal hat im Laufe der Jahre ein spezifisches Know-how in der \u00c4tztechnik auf dem Gebiet der Modeschmuck und Design entwickelt. Finde mehr heraus\" \/>\n<meta property=\"og:url\" content=\"https:\/\/www.chimimetal.com\/design-e-bigiotteria\/\" \/>\n<meta property=\"og:site_name\" content=\"Chimimetal\" \/>\n<meta property=\"article:modified_time\" content=\"2022-07-05T08:27:39+00:00\" \/>\n<meta property=\"og:image\" content=\"http:\/\/restyle.chimimetal.com\/wp-content\/uploads\/2020\/05\/DSC_6857-1024x684.jpg\" \/>\n<meta name=\"twitter:card\" content=\"summary_large_image\" \/>\n<meta name=\"twitter:label1\" content=\"Gesch\u00e4tzte Lesezeit\" \/>\n\t<meta name=\"twitter:data1\" content=\"2\u00a0Minuten\" \/>\n<script type=\"application\/ld+json\" class=\"yoast-schema-graph\">{\"@context\":\"https:\/\/schema.org\",\"@graph\":[{\"@type\":\"WebPage\",\"@id\":\"https:\/\/www.chimimetal.com\/design-e-bigiotteria\/\",\"url\":\"https:\/\/www.chimimetal.com\/design-e-bigiotteria\/\",\"name\":\"\u00c4tztechnik fur Modeschmuck Dekoration Design - Chimimetal\",\"isPartOf\":{\"@id\":\"https:\/\/www.chimimetal.com\/#website\"},\"primaryImageOfPage\":{\"@id\":\"https:\/\/www.chimimetal.com\/design-e-bigiotteria\/#primaryimage\"},\"image\":{\"@id\":\"https:\/\/www.chimimetal.com\/design-e-bigiotteria\/#primaryimage\"},\"thumbnailUrl\":\"http:\/\/restyle.chimimetal.com\/wp-content\/uploads\/2020\/05\/DSC_6857-1024x684.jpg\",\"datePublished\":\"2020-03-09T10:35:57+00:00\",\"dateModified\":\"2022-07-05T08:27:39+00:00\",\"description\":\"Chimimetal hat im Laufe der Jahre ein spezifisches Know-how in der \u00c4tztechnik auf dem Gebiet der Modeschmuck und Design entwickelt. Finde mehr heraus\",\"breadcrumb\":{\"@id\":\"https:\/\/www.chimimetal.com\/design-e-bigiotteria\/#breadcrumb\"},\"inLanguage\":\"de\",\"potentialAction\":[{\"@type\":\"ReadAction\",\"target\":[\"https:\/\/www.chimimetal.com\/design-e-bigiotteria\/\"]}]},{\"@type\":\"ImageObject\",\"inLanguage\":\"de\",\"@id\":\"https:\/\/www.chimimetal.com\/design-e-bigiotteria\/#primaryimage\",\"url\":\"http:\/\/restyle.chimimetal.com\/wp-content\/uploads\/2020\/05\/DSC_6857-1024x684.jpg\",\"contentUrl\":\"http:\/\/restyle.chimimetal.com\/wp-content\/uploads\/2020\/05\/DSC_6857-1024x684.jpg\"},{\"@type\":\"BreadcrumbList\",\"@id\":\"https:\/\/www.chimimetal.com\/design-e-bigiotteria\/#breadcrumb\",\"itemListElement\":[{\"@type\":\"ListItem\",\"position\":1,\"name\":\"Home\",\"item\":\"https:\/\/www.chimimetal.com\/de\/\"},{\"@type\":\"ListItem\",\"position\":2,\"name\":\"\u00c4tztechnik fur Modeschmuck Dekoration Design\"}]},{\"@type\":\"WebSite\",\"@id\":\"https:\/\/www.chimimetal.com\/#website\",\"url\":\"https:\/\/www.chimimetal.com\/\",\"name\":\"Chimimetal\",\"description\":\"\",\"publisher\":{\"@id\":\"https:\/\/www.chimimetal.com\/#organization\"},\"potentialAction\":[{\"@type\":\"SearchAction\",\"target\":{\"@type\":\"EntryPoint\",\"urlTemplate\":\"https:\/\/www.chimimetal.com\/?s={search_term_string}\"},\"query-input\":{\"@type\":\"PropertyValueSpecification\",\"valueRequired\":true,\"valueName\":\"search_term_string\"}}],\"inLanguage\":\"de\"},{\"@type\":\"Organization\",\"@id\":\"https:\/\/www.chimimetal.com\/#organization\",\"name\":\"Chimimetal\",\"url\":\"https:\/\/www.chimimetal.com\/\",\"logo\":{\"@type\":\"ImageObject\",\"inLanguage\":\"de\",\"@id\":\"https:\/\/www.chimimetal.com\/#\/schema\/logo\/image\/\",\"url\":\"https:\/\/www.chimimetal.com\/wp-content\/uploads\/2020\/03\/logo-main.png\",\"contentUrl\":\"https:\/\/www.chimimetal.com\/wp-content\/uploads\/2020\/03\/logo-main.png\",\"width\":400,\"height\":130,\"caption\":\"Chimimetal\"},\"image\":{\"@id\":\"https:\/\/www.chimimetal.com\/#\/schema\/logo\/image\/\"}}]}<\/script>\n<!-- \/ Yoast SEO plugin. -->","yoast_head_json":{"title":"\u00c4tztechnik fur Modeschmuck Dekoration Design - Chimimetal","description":"Chimimetal hat im Laufe der Jahre ein spezifisches Know-how in der \u00c4tztechnik auf dem Gebiet der Modeschmuck und Design entwickelt. Finde mehr heraus","robots":{"index":"index","follow":"follow","max-snippet":"max-snippet:-1","max-image-preview":"max-image-preview:large","max-video-preview":"max-video-preview:-1"},"canonical":"https:\/\/www.chimimetal.com\/design-e-bigiotteria\/","og_locale":"de_DE","og_type":"article","og_title":"\u00c4tztechnik fur Modeschmuck Dekoration Design - Chimimetal","og_description":"Chimimetal hat im Laufe der Jahre ein spezifisches Know-how in der \u00c4tztechnik auf dem Gebiet der Modeschmuck und Design entwickelt. Finde mehr heraus","og_url":"https:\/\/www.chimimetal.com\/design-e-bigiotteria\/","og_site_name":"Chimimetal","article_modified_time":"2022-07-05T08:27:39+00:00","og_image":[{"url":"http:\/\/restyle.chimimetal.com\/wp-content\/uploads\/2020\/05\/DSC_6857-1024x684.jpg","type":"","width":"","height":""}],"twitter_card":"summary_large_image","twitter_misc":{"Gesch\u00e4tzte Lesezeit":"2\u00a0Minuten"},"schema":{"@context":"https:\/\/schema.org","@graph":[{"@type":"WebPage","@id":"https:\/\/www.chimimetal.com\/design-e-bigiotteria\/","url":"https:\/\/www.chimimetal.com\/design-e-bigiotteria\/","name":"\u00c4tztechnik fur Modeschmuck Dekoration Design - Chimimetal","isPartOf":{"@id":"https:\/\/www.chimimetal.com\/#website"},"primaryImageOfPage":{"@id":"https:\/\/www.chimimetal.com\/design-e-bigiotteria\/#primaryimage"},"image":{"@id":"https:\/\/www.chimimetal.com\/design-e-bigiotteria\/#primaryimage"},"thumbnailUrl":"http:\/\/restyle.chimimetal.com\/wp-content\/uploads\/2020\/05\/DSC_6857-1024x684.jpg","datePublished":"2020-03-09T10:35:57+00:00","dateModified":"2022-07-05T08:27:39+00:00","description":"Chimimetal hat im Laufe der Jahre ein spezifisches Know-how in der \u00c4tztechnik auf dem Gebiet der Modeschmuck und Design entwickelt. Finde mehr heraus","breadcrumb":{"@id":"https:\/\/www.chimimetal.com\/design-e-bigiotteria\/#breadcrumb"},"inLanguage":"de","potentialAction":[{"@type":"ReadAction","target":["https:\/\/www.chimimetal.com\/design-e-bigiotteria\/"]}]},{"@type":"ImageObject","inLanguage":"de","@id":"https:\/\/www.chimimetal.com\/design-e-bigiotteria\/#primaryimage","url":"http:\/\/restyle.chimimetal.com\/wp-content\/uploads\/2020\/05\/DSC_6857-1024x684.jpg","contentUrl":"http:\/\/restyle.chimimetal.com\/wp-content\/uploads\/2020\/05\/DSC_6857-1024x684.jpg"},{"@type":"BreadcrumbList","@id":"https:\/\/www.chimimetal.com\/design-e-bigiotteria\/#breadcrumb","itemListElement":[{"@type":"ListItem","position":1,"name":"Home","item":"https:\/\/www.chimimetal.com\/de\/"},{"@type":"ListItem","position":2,"name":"\u00c4tztechnik fur Modeschmuck Dekoration Design"}]},{"@type":"WebSite","@id":"https:\/\/www.chimimetal.com\/#website","url":"https:\/\/www.chimimetal.com\/","name":"Chimimetal","description":"","publisher":{"@id":"https:\/\/www.chimimetal.com\/#organization"},"potentialAction":[{"@type":"SearchAction","target":{"@type":"EntryPoint","urlTemplate":"https:\/\/www.chimimetal.com\/?s={search_term_string}"},"query-input":{"@type":"PropertyValueSpecification","valueRequired":true,"valueName":"search_term_string"}}],"inLanguage":"de"},{"@type":"Organization","@id":"https:\/\/www.chimimetal.com\/#organization","name":"Chimimetal","url":"https:\/\/www.chimimetal.com\/","logo":{"@type":"ImageObject","inLanguage":"de","@id":"https:\/\/www.chimimetal.com\/#\/schema\/logo\/image\/","url":"https:\/\/www.chimimetal.com\/wp-content\/uploads\/2020\/03\/logo-main.png","contentUrl":"https:\/\/www.chimimetal.com\/wp-content\/uploads\/2020\/03\/logo-main.png","width":400,"height":130,"caption":"Chimimetal"},"image":{"@id":"https:\/\/www.chimimetal.com\/#\/schema\/logo\/image\/"}}]}},"_links":{"self":[{"href":"https:\/\/www.chimimetal.com\/de\/wp-json\/wp\/v2\/pages\/2147","targetHints":{"allow":["GET"]}}],"collection":[{"href":"https:\/\/www.chimimetal.com\/de\/wp-json\/wp\/v2\/pages"}],"about":[{"href":"https:\/\/www.chimimetal.com\/de\/wp-json\/wp\/v2\/types\/page"}],"author":[{"embeddable":true,"href":"https:\/\/www.chimimetal.com\/de\/wp-json\/wp\/v2\/users\/2"}],"replies":[{"embeddable":true,"href":"https:\/\/www.chimimetal.com\/de\/wp-json\/wp\/v2\/comments?post=2147"}],"version-history":[{"count":12,"href":"https:\/\/www.chimimetal.com\/de\/wp-json\/wp\/v2\/pages\/2147\/revisions"}],"predecessor-version":[{"id":4326,"href":"https:\/\/www.chimimetal.com\/de\/wp-json\/wp\/v2\/pages\/2147\/revisions\/4326"}],"wp:attachment":[{"href":"https:\/\/www.chimimetal.com\/de\/wp-json\/wp\/v2\/media?parent=2147"}],"curies":[{"name":"wp","href":"https:\/\/api.w.org\/{rel}","templated":true}]}}