{"id":2157,"date":"2020-04-30T11:35:42","date_gmt":"2020-04-30T09:35:42","guid":{"rendered":"http:\/\/chimimetal.localhost\/?page_id=2157"},"modified":"2022-07-05T10:00:19","modified_gmt":"2022-07-05T08:00:19","slug":"aetztechnik-und-aetzprozess","status":"publish","type":"page","link":"https:\/\/www.chimimetal.com\/de\/aetztechnik-und-aetzprozess\/","title":{"rendered":"\u00c4TZTECHNIK"},"content":{"rendered":"\n<h1 class=\"wp-block-heading\">\u00c4TZTECHNIK UND \u00c4TZPROZESS<\/h1>\n\n\n\n<p> Die \u00c4tztechnik&nbsp; ist eine avantgardistische Technik, die eine Alternative zum mechanischen Schneiden darstellt. Diese Bearbeitungsart basiert auf kontrolliertem Entfernen von Metallteilen (insbesondere Stahl und Kupferlegierungen) mittels chemischer L\u00f6sungen.&nbsp;<br> <\/p>\n\n\n\n<h2 class=\"wp-block-heading\">DAS KNOW-HOW VON CHIMIMETAL IM FOTOCHEMISCHEN \u00c4TZEN <\/h2>\n\n\n\n<p> <strong>Chimimetal<\/strong> verf\u00fcgt \u00fcber das spezifische Know-how und die Branchenkenntnisse, um der breiten \u00d6ffentlichkeit und potenziellen Anwendern eine pr\u00e4zise, wirtschaftliche und schnelle Dienstleistung im Bereich des <strong>fotochemischen \u00c4tzens<\/strong> garantieren zu k\u00f6nnen.  <\/p>\n\n\n\n<p> Die <strong>\u00c4tztechnik&nbsp; <\/strong>ist vor allem auch <strong>ideal f\u00fcr die Ausarbeitung von Prototypen<\/strong>. Diese Technik erfordert extrem reduzierte Zeit- und Werkzeugkosten, was einfache und schnelle Eingriffe zur \u00c4nderung und Korrektur des Werkst\u00fccks erm\u00f6glicht.  <\/p>\n\n\n\n<p>Der Einsatz der <strong>\u00c4tztechnik<\/strong> auf Metall ist von gro\u00dfem Vorteil, wenn es darum geht, aus d\u00fcnnen Blechen (von 0,05 mm bis 1,5 mm) komplexe, gratfreie Profile von hoher Genauigkeit und unter Einhaltung enger Toleranzen zu erhalten. <\/p>\n\n\n\n<div class=\"scw-block-cta-columns \">\n            <div class=\"scw-block-cta-columns__item inside-grid-column\">\n            <div\n                class=\"scw-block-cta-columns__icon scw-block-cta-columns__icon--square\"\n                style=\"background-image:url('https:\/\/www.chimimetal.com\/wp-content\/uploads\/2020\/03\/Group-9@2x.png');\"\n            >\n            <\/div> <!-- \/.scw-block-cta-columns__icon -->\n                        <p class=\"scw-block-cta-columns__text\">Wir arbeiten mit technischen B\u00fcros zusammen, um neue Projekte zu optimieren<\/p>\n                    <\/div> <!-- \/.scw-block-cta-columns__item -->\n            <div class=\"scw-block-cta-columns__item inside-grid-column\">\n            <div\n                class=\"scw-block-cta-columns__icon scw-block-cta-columns__icon--square\"\n                style=\"background-image:url('https:\/\/www.chimimetal.com\/wp-content\/uploads\/2020\/03\/Group-4@2x.png');\"\n            >\n            <\/div> <!-- \/.scw-block-cta-columns__icon -->\n                        <p class=\"scw-block-cta-columns__text\">Wir produzieren mit einem Qualit\u00e4tssystem gem\u00e4\u00df UNI EN ISO 9001: 2008<\/p>\n                    <\/div> <!-- \/.scw-block-cta-columns__item -->\n            <div class=\"scw-block-cta-columns__item inside-grid-column\">\n            <div\n                class=\"scw-block-cta-columns__icon scw-block-cta-columns__icon--square\"\n                style=\"background-image:url('https:\/\/www.chimimetal.com\/wp-content\/uploads\/2020\/03\/Group-6@2x.png');\"\n            >\n            <\/div> <!-- \/.scw-block-cta-columns__icon -->\n                        <p class=\"scw-block-cta-columns__text\">Wir erstellen Master nach dem spezifischen Design des Kunden<\/p>\n                    <\/div> <!-- \/.scw-block-cta-columns__item -->\n            <div class=\"scw-block-cta-columns__item inside-grid-column\">\n            <div\n                class=\"scw-block-cta-columns__icon scw-block-cta-columns__icon--square\"\n                style=\"background-image:url('https:\/\/www.chimimetal.com\/wp-content\/uploads\/2020\/03\/Group-7@2x.png');\"\n            >\n            <\/div> <!-- \/.scw-block-cta-columns__icon -->\n                        <p class=\"scw-block-cta-columns__text\">Wir sind in der Lage, Ihre fertigen Details (Oberfl\u00e4chenbehandlungen und \/ oder mechanische Bearbeitung) zu liefern<\/p>\n                    <\/div> <!-- \/.scw-block-cta-columns__item -->\n    <\/div> <!-- \/.scw-block-cta-columns -->\n\n\n<div class=\"wp-block-buttons is-layout-flex wp-block-buttons-is-layout-flex\">\n<div class=\"wp-block-button\"><a class=\"wp-block-button__link\" href=\"https:\/\/www.chimimetal.com\/de\/kontaktiere-uns\/\">Kontakt<\/a><\/div>\n<\/div>\n\n\n\n<hr class=\"wp-block-separator has-text-color has-background has-cyan-bluish-gray-background-color has-cyan-bluish-gray-color is-style-wide\"\/>\n\n\n\n<h2 class=\"wp-block-heading\">TECHNISCHE REGELN DER FOTOCHEMISCHEN \u00c4TZUNG  <\/h2>\n\n\n\n<p><strong>\u00c4TZTECHNIK&nbsp;<\/strong>ver\u00e4ndert weder die Molek\u00fclstruktur noch die mechanischen Eigenschaften des verarbeiteten Blechs. <\/p>\n\n\n\n<div class=\"wp-block-image\"><figure class=\"aligncenter size-large\"><img loading=\"lazy\" decoding=\"async\" width=\"479\" height=\"413\" src=\"http:\/\/restyle.chimimetal.com\/wp-content\/uploads\/2020\/03\/Bitmap.jpg\" alt=\"\" class=\"wp-image-1679\" srcset=\"https:\/\/www.chimimetal.com\/wp-content\/uploads\/2020\/03\/Bitmap.jpg 479w, https:\/\/www.chimimetal.com\/wp-content\/uploads\/2020\/03\/Bitmap-300x259.jpg 300w\" sizes=\"auto, (max-width: 479px) 100vw, 479px\" \/><\/figure><\/div>\n\n\n\n<hr class=\"wp-block-separator has-text-color has-background has-cyan-bluish-gray-background-color has-cyan-bluish-gray-color is-style-wide\"\/>\n\n\n\n<h2 class=\"wp-block-heading\">\u00c4TZPROZESS: PHASEN DER \u00c4TZTECHNIK <\/h2>\n\n\n\n<p>Die fotochemischen \u00c4tzungsphasen beinhalten Folgendes:<\/p>\n\n\n\n    <div class=\"scw-block-photoswipe__container generate-sections-container alignfull\">\n                    <div class=\"scw-block-photoswipe__inner-container has-background has-very-light-gray-background-color gallery-container-custom\">\n                                                    <div class=\"scw-block-photoswipe__gallery my-gallery gallery gallery-columns-3 gallery-size-medium load-more\">\n                                            <figure class=\"scw-block-photoswipe__gallery-figure gallery-item\" itemprop=\"associatedMedia\" itemscope itemtype=\"http:\/\/schema.org\/ImageObject\">\n                            <a href=\"https:\/\/www.chimimetal.com\/wp-content\/uploads\/2020\/05\/fase-1-ingresso-lastre-grezze-de.jpg\" itemprop=\"contentUrl\" data-size=\"1920x1282\">\n                                <img decoding=\"async\" src=\"https:\/\/www.chimimetal.com\/wp-content\/uploads\/2020\/05\/fase-1-ingresso-lastre-grezze-de-300x185.jpg\" itemprop=\"full\" alt=\"\" \/>\n                            <\/a>\n                            <figcaption itemprop=\"caption description\"><span class=\"red\">1.<\/span> VORBEHANDLUNG \/ REINIGUNG<\/figcaption>\n                        <\/figure>\n                                            <figure class=\"scw-block-photoswipe__gallery-figure gallery-item\" itemprop=\"associatedMedia\" itemscope itemtype=\"http:\/\/schema.org\/ImageObject\">\n                            <a href=\"https:\/\/www.chimimetal.com\/wp-content\/uploads\/2021\/02\/laminazione.jpg\" itemprop=\"contentUrl\" data-size=\"1920x1282\">\n                                <img decoding=\"async\" src=\"https:\/\/www.chimimetal.com\/wp-content\/uploads\/2021\/02\/laminazione-300x185.jpg\" itemprop=\"full\" alt=\"\" \/>\n                            <\/a>\n                            <figcaption itemprop=\"caption description\"><span class=\"red\">2.<\/span> LAMINIEREN \/ FOTOLACK<\/figcaption>\n                        <\/figure>\n                                            <figure class=\"scw-block-photoswipe__gallery-figure gallery-item\" itemprop=\"associatedMedia\" itemscope itemtype=\"http:\/\/schema.org\/ImageObject\">\n                            <a href=\"https:\/\/www.chimimetal.com\/wp-content\/uploads\/2020\/05\/fase-2-fissaggio-disegno-su-lastra_22-de.jpg\" itemprop=\"contentUrl\" data-size=\"1920x1282\">\n                                <img decoding=\"async\" src=\"https:\/\/www.chimimetal.com\/wp-content\/uploads\/2020\/05\/fase-2-fissaggio-disegno-su-lastra_22-de-300x185.jpg\" itemprop=\"full\" alt=\"\" \/>\n                            <\/a>\n                            <figcaption itemprop=\"caption description\"><span class=\"red\">3.<\/span> BELICHTUNG<\/figcaption>\n                        <\/figure>\n                                            <figure class=\"scw-block-photoswipe__gallery-figure gallery-item\" itemprop=\"associatedMedia\" itemscope itemtype=\"http:\/\/schema.org\/ImageObject\">\n                            <a href=\"https:\/\/www.chimimetal.com\/wp-content\/uploads\/2020\/05\/fese-3-sviluppo-dry-film_16-de.jpg\" itemprop=\"contentUrl\" data-size=\"1300x868\">\n                                <img decoding=\"async\" src=\"https:\/\/www.chimimetal.com\/wp-content\/uploads\/2020\/05\/fese-3-sviluppo-dry-film_16-de-300x185.jpg\" itemprop=\"full\" alt=\"\" \/>\n                            <\/a>\n                            <figcaption itemprop=\"caption description\"><span class=\"red\">3.<\/span> BELICHTUNG<\/figcaption>\n                        <\/figure>\n                                            <figure class=\"scw-block-photoswipe__gallery-figure gallery-item\" itemprop=\"associatedMedia\" itemscope itemtype=\"http:\/\/schema.org\/ImageObject\">\n                            <a href=\"https:\/\/www.chimimetal.com\/wp-content\/uploads\/2021\/02\/fotoincisione-chimica.jpg\" itemprop=\"contentUrl\" data-size=\"1920x1282\">\n                                <img decoding=\"async\" src=\"https:\/\/www.chimimetal.com\/wp-content\/uploads\/2021\/02\/fotoincisione-chimica-300x185.jpg\" itemprop=\"full\" alt=\"\" \/>\n                            <\/a>\n                            <figcaption itemprop=\"caption description\"><span class=\"red\">5.<\/span> \u00c4TZEN<\/figcaption>\n                        <\/figure>\n                                            <figure class=\"scw-block-photoswipe__gallery-figure gallery-item\" itemprop=\"associatedMedia\" itemscope itemtype=\"http:\/\/schema.org\/ImageObject\">\n                            <a href=\"https:\/\/www.chimimetal.com\/wp-content\/uploads\/2020\/05\/fase-5-lavaggio_3-de.jpg\" itemprop=\"contentUrl\" data-size=\"1920x1282\">\n                                <img decoding=\"async\" src=\"https:\/\/www.chimimetal.com\/wp-content\/uploads\/2020\/05\/fase-5-lavaggio_3-de-300x185.jpg\" itemprop=\"full\" alt=\"\" \/>\n                            <\/a>\n                            <figcaption itemprop=\"caption description\"><span class=\"red\">6.<\/span> STRIPPEN<\/figcaption>\n                        <\/figure>\n                                        <\/div> <!-- \/.scw-block-photoswipe__gallery my-gallery -->\n                                <!-- <p class=\"mobile-only gallery-advice\"><em><\/em><\/p> -->\n            <\/div> <!-- \/.scw-block-photoswipe__inner-container -->\n            <\/div> <!-- \/.scw-block-photoswipe__container -->\n\n\n\n<h3 class=\"custom-h4-fasi wp-block-heading\"><span class=\"red\">1.<\/span>Vorbehandlung \/ Reinigung<\/h3>\n\n\n\n<p>Das Blech wird zuerst gereinigt und mechanisch und chemisch behandelt, damit eine raue Oberfl\u00e4che erhalten wird. Das chemische \u00c4tzen ist von Anfang an eine \u00e4u\u00dferst \u00f6kologische Technik: Wir setzen zum Wohle der Produkte und zum Schutz der Umwelt in der gesamten Produktionskette modernste Technologien ein.<\/p>\n\n\n\n<h3 class=\"custom-h4-fasi wp-block-heading\"><span class=\"red\">2.<\/span>Laminieren \/ Fotolack<\/h3>\n\n\n\n<p>Beiden Seiten der Bleche werden mit einer fotochemischen Abdeckschicht versehen, auf welche die zu \u00e4tzenden Geometrie \u00fcbertragen wird.<\/p>\n\n\n\n<h3 class=\"custom-h4-fasi wp-block-heading\"><span class=\"red\">3.<\/span>Belichtung<\/h3>\n\n\n\n<p>Die lichtempfindliche Beschichtung der Bleche wird UV-Einstrahlungen ausgesetzt und mithilfe Foto-Ausr\u00fcstung wird das Design des Teils auf das Metall \u00fcbertragen.<br> Diese als Stencil-Schablone verwendete Foto-Ausr\u00fcstung wird mittels CAD-Daten erstellt. Die Teile der Beschichtung, die den UV-Einstrahlungen ausgesetzt sind, polymerisieren, werden auf der Folie stabil und resistent gegen die sp\u00e4ter anzuwendenden chemischen L\u00f6sungen.<\/p>\n\n\n\n<h3 class=\"custom-h4-fasi wp-block-heading\"><span class=\"red\">4.<\/span>Entwickeln<\/h3>\n\n\n\n<p>Die unbelichteten Teile der Abdeckung werden entfernt, wodurch der Schnittumfang der zu fertigenden Teile \u00fcbrigbleibt.<\/p>\n\n\n\n<h3 class=\"custom-h4-fasi wp-block-heading\"><span class=\"red\">5.<\/span>\u00c4tzen<\/h3>\n\n\n\n<p>Auf die Bleche wird ein s\u00e4urehaltiges L\u00f6sungsmittel gespr\u00fcht, um das freiliegende Metall zu l\u00f6sen, w\u00e4hrend die durch die Beschichtung gesch\u00fctzten Bereiche von dieser Behandlung nicht betroffen sind. Dies ist ein Prozess, der das verbleibende Material in keiner Weise besch\u00e4digt und eine 100 % Gratfreiheit gew\u00e4hrleistet. Wenn ein geformtes Teil nur auf einer Seite beschichtet wird, schneidet die S\u00e4urel\u00f6sung das Metall nur auf der gegen\u00fcberliegenden Seite ein und erzeugt ein geringes Relief (Halbschnitt), das z. B. als Falzkante (bei der Weiterverarbeitung), oder als Sitz f\u00fcr ein anderes Teil usw. dienen kann.<\/p>\n\n\n\n<h3 class=\"custom-h4-fasi wp-block-heading\"><span class=\"red\">6.<\/span>STRIPPEN<\/h3>\n\n\n\n<p>Beim letzten Schritt, dem sogenannten \u201eStrippen\u201c wird die Schutzbeschichtung von den gefertigten Teilen entfernt und die \u00c4tzformteile bleiben \u00fcber die in der Entwurfsphase vorgesehenen Befestigungspunkte mit der Blechplatte verbunden.<br> Je nach spezifischen Anforderungen des Auftrages ist es m\u00f6glich, weitere Veredelungsprozesse durchzuf\u00fchren, wie z. B. galvanische Behandlungen, das L\u00f6sen der Teile von ihrer Blechplattenhalterung, Kontrolle der hergestellten Teile, usw. Anschlie\u00dfend werden die gefertigten Teile nach unseren Qualit\u00e4tsstandards oder, falls erforderlich, nach den Angaben unserer Kunden verpackt.<\/p>\n\n\n\n<hr class=\"wp-block-separator has-text-color has-background has-cyan-bluish-gray-background-color has-cyan-bluish-gray-color is-style-wide\"\/>\n\n\n\n<h2 class=\"wp-block-heading\">VORTEILE DER FOTOCHEMISCHEN \u00c4TZUNG<\/h2>\n\n\n\n<p>Die Vorteile der fotochemischen \u00c4tzung sind vielf\u00e4ltig. Von der hohen Qualit\u00e4t der Ergebnisse, der schnellen Produktionszeit, der Kostenreduzierung bis zur Garantie von hoch qualitativen chemisch-physikalischen Eigenschaften der verwendeten Materialien.<\/p>\n\n\n\n<ul class=\"custom-list-colored wp-block-list\"><li>Scharfe Kanten und pr\u00e4ziser Schnitt<\/li><li>Pr\u00e4zise Details<\/li><li>Produktionsgeschwindigkeit<\/li><li>Kosteneffiziente Produktion<\/li><li>Unver\u00e4nderte Materialien<\/li><li>Spannungs- und gratfreie Teile<\/li><\/ul>\n\n\n\n<div class=\"wp-block-buttons is-layout-flex wp-block-buttons-is-layout-flex\">\n<div class=\"wp-block-button\"><a class=\"wp-block-button__link\" href=\"https:\/\/www.chimimetal.com\/de\/kontaktiere-uns\/\">ein Angebot anfordern<\/a><\/div>\n<\/div>\n\n\n\n<hr class=\"wp-block-separator has-text-color has-background has-cyan-bluish-gray-background-color has-cyan-bluish-gray-color is-style-wide\"\/>\n\n\n\n<h2 class=\"wp-block-heading\"> <strong>ANWENDUNGSBEREICHE \u00c4TZPROZESS<\/strong> <\/h2>\n\n\n\n<p>Die Anwendungsgebiete sind vielf\u00e4ltig und erstrecken sich \u00fcber folgende Bereiche:<\/p>\n\n\n\n<div class=\"wp-block-columns is-layout-flex wp-container-core-columns-is-layout-1 wp-block-columns-is-layout-flex\">\n<div class=\"wp-block-column is-layout-flow wp-block-column-is-layout-flow\">\n<ul class=\"custom-list-colored wp-block-list\"><li>Elektronik<\/li><li>Mechanik<\/li><li>Informatik<\/li><li>Automobilindustrie<\/li><li>Elektromotoren<\/li><\/ul>\n<\/div>\n\n\n\n<div class=\"wp-block-column is-layout-flow wp-block-column-is-layout-flow\">\n<ul class=\"custom-list-colored wp-block-list\"><li>Waagen<\/li><li>Modeaccessoires<\/li><li>Modellbauteile<\/li><li>Messger\u00e4te<\/li><li>Forschungsinstitute<\/li><\/ul>\n<\/div>\n\n\n\n<div class=\"wp-block-column is-layout-flow wp-block-column-is-layout-flow\">\n<ul class=\"custom-list-colored wp-block-list\"><li>Textilindustrie<\/li><li>Elektromedizinische Ger\u00e4te<\/li><li>Wissenschaftliche Instrumente<\/li><li>Herstellung von Brillen<\/li><\/ul>\n<\/div>\n<\/div>\n","protected":false},"excerpt":{"rendered":"<p>\u00c4TZTECHNIK UND \u00c4TZPROZESS Die \u00c4tztechnik&nbsp; ist eine avantgardistische Technik, die &#8230; <\/p>\n<p class=\"read-more-container\"><a title=\"\u00c4TZTECHNIK\" class=\"read-more button\" href=\"https:\/\/www.chimimetal.com\/de\/aetztechnik-und-aetzprozess\/#more-2157\">Weiterlesen<span class=\"screen-reader-text\">\u00c4TZTECHNIK<\/span><\/a><\/p>\n","protected":false},"author":2,"featured_media":0,"parent":0,"menu_order":0,"comment_status":"closed","ping_status":"closed","template":"","meta":{"_acf_changed":false,"footnotes":""},"class_list":["post-2157","page","type-page","status-publish"],"acf":[],"yoast_head":"<!-- This site is optimized with the Yoast SEO plugin v26.8 - https:\/\/yoast.com\/product\/yoast-seo-wordpress\/ -->\n<title>\u00c4tztechnik und \u00c4tzprozess - Chimimetal<\/title>\n<meta name=\"description\" content=\"Chimimetal verf\u00fcgt \u00fcber das spezifische Know-how, um einen pr\u00e4zisen, wirtschaftlichen und schnellen \u00c4tztechnik f\u00fcr den Automobil und Brillen\" \/>\n<meta name=\"robots\" content=\"index, follow, max-snippet:-1, max-image-preview:large, max-video-preview:-1\" \/>\n<link rel=\"canonical\" href=\"https:\/\/www.chimimetal.com\/fototranciatura\/\" \/>\n<meta property=\"og:locale\" content=\"de_DE\" \/>\n<meta property=\"og:type\" content=\"article\" \/>\n<meta property=\"og:title\" content=\"\u00c4tztechnik und \u00c4tzprozess - Chimimetal\" \/>\n<meta property=\"og:description\" content=\"Chimimetal verf\u00fcgt \u00fcber das spezifische Know-how, um einen pr\u00e4zisen, wirtschaftlichen und schnellen \u00c4tztechnik f\u00fcr den Automobil und Brillen\" \/>\n<meta property=\"og:url\" content=\"https:\/\/www.chimimetal.com\/fototranciatura\/\" \/>\n<meta property=\"og:site_name\" content=\"Chimimetal\" \/>\n<meta property=\"article:modified_time\" content=\"2022-07-05T08:00:19+00:00\" \/>\n<meta property=\"og:image\" content=\"http:\/\/restyle.chimimetal.com\/wp-content\/uploads\/2020\/03\/Bitmap.jpg\" \/>\n<meta name=\"twitter:card\" content=\"summary_large_image\" \/>\n<meta name=\"twitter:label1\" content=\"Gesch\u00e4tzte Lesezeit\" \/>\n\t<meta name=\"twitter:data1\" content=\"3\u00a0Minuten\" \/>\n<script type=\"application\/ld+json\" class=\"yoast-schema-graph\">{\"@context\":\"https:\/\/schema.org\",\"@graph\":[{\"@type\":\"WebPage\",\"@id\":\"https:\/\/www.chimimetal.com\/fototranciatura\/\",\"url\":\"https:\/\/www.chimimetal.com\/fototranciatura\/\",\"name\":\"\u00c4tztechnik und \u00c4tzprozess - Chimimetal\",\"isPartOf\":{\"@id\":\"https:\/\/www.chimimetal.com\/#website\"},\"primaryImageOfPage\":{\"@id\":\"https:\/\/www.chimimetal.com\/fototranciatura\/#primaryimage\"},\"image\":{\"@id\":\"https:\/\/www.chimimetal.com\/fototranciatura\/#primaryimage\"},\"thumbnailUrl\":\"http:\/\/restyle.chimimetal.com\/wp-content\/uploads\/2020\/03\/Bitmap.jpg\",\"datePublished\":\"2020-04-30T09:35:42+00:00\",\"dateModified\":\"2022-07-05T08:00:19+00:00\",\"description\":\"Chimimetal verf\u00fcgt \u00fcber das spezifische Know-how, um einen pr\u00e4zisen, wirtschaftlichen und schnellen \u00c4tztechnik f\u00fcr den Automobil und Brillen\",\"breadcrumb\":{\"@id\":\"https:\/\/www.chimimetal.com\/fototranciatura\/#breadcrumb\"},\"inLanguage\":\"de\",\"potentialAction\":[{\"@type\":\"ReadAction\",\"target\":[\"https:\/\/www.chimimetal.com\/fototranciatura\/\"]}]},{\"@type\":\"ImageObject\",\"inLanguage\":\"de\",\"@id\":\"https:\/\/www.chimimetal.com\/fototranciatura\/#primaryimage\",\"url\":\"http:\/\/restyle.chimimetal.com\/wp-content\/uploads\/2020\/03\/Bitmap.jpg\",\"contentUrl\":\"http:\/\/restyle.chimimetal.com\/wp-content\/uploads\/2020\/03\/Bitmap.jpg\"},{\"@type\":\"BreadcrumbList\",\"@id\":\"https:\/\/www.chimimetal.com\/fototranciatura\/#breadcrumb\",\"itemListElement\":[{\"@type\":\"ListItem\",\"position\":1,\"name\":\"Home\",\"item\":\"https:\/\/www.chimimetal.com\/de\/\"},{\"@type\":\"ListItem\",\"position\":2,\"name\":\"\u00c4TZTECHNIK\"}]},{\"@type\":\"WebSite\",\"@id\":\"https:\/\/www.chimimetal.com\/#website\",\"url\":\"https:\/\/www.chimimetal.com\/\",\"name\":\"Chimimetal\",\"description\":\"\",\"publisher\":{\"@id\":\"https:\/\/www.chimimetal.com\/#organization\"},\"potentialAction\":[{\"@type\":\"SearchAction\",\"target\":{\"@type\":\"EntryPoint\",\"urlTemplate\":\"https:\/\/www.chimimetal.com\/?s={search_term_string}\"},\"query-input\":{\"@type\":\"PropertyValueSpecification\",\"valueRequired\":true,\"valueName\":\"search_term_string\"}}],\"inLanguage\":\"de\"},{\"@type\":\"Organization\",\"@id\":\"https:\/\/www.chimimetal.com\/#organization\",\"name\":\"Chimimetal\",\"url\":\"https:\/\/www.chimimetal.com\/\",\"logo\":{\"@type\":\"ImageObject\",\"inLanguage\":\"de\",\"@id\":\"https:\/\/www.chimimetal.com\/#\/schema\/logo\/image\/\",\"url\":\"https:\/\/www.chimimetal.com\/wp-content\/uploads\/2020\/03\/logo-main.png\",\"contentUrl\":\"https:\/\/www.chimimetal.com\/wp-content\/uploads\/2020\/03\/logo-main.png\",\"width\":400,\"height\":130,\"caption\":\"Chimimetal\"},\"image\":{\"@id\":\"https:\/\/www.chimimetal.com\/#\/schema\/logo\/image\/\"}}]}<\/script>\n<!-- \/ Yoast SEO plugin. -->","yoast_head_json":{"title":"\u00c4tztechnik und \u00c4tzprozess - Chimimetal","description":"Chimimetal verf\u00fcgt \u00fcber das spezifische Know-how, um einen pr\u00e4zisen, wirtschaftlichen und schnellen \u00c4tztechnik f\u00fcr den Automobil und Brillen","robots":{"index":"index","follow":"follow","max-snippet":"max-snippet:-1","max-image-preview":"max-image-preview:large","max-video-preview":"max-video-preview:-1"},"canonical":"https:\/\/www.chimimetal.com\/fototranciatura\/","og_locale":"de_DE","og_type":"article","og_title":"\u00c4tztechnik und \u00c4tzprozess - Chimimetal","og_description":"Chimimetal verf\u00fcgt \u00fcber das spezifische Know-how, um einen pr\u00e4zisen, wirtschaftlichen und schnellen \u00c4tztechnik f\u00fcr den Automobil und Brillen","og_url":"https:\/\/www.chimimetal.com\/fototranciatura\/","og_site_name":"Chimimetal","article_modified_time":"2022-07-05T08:00:19+00:00","og_image":[{"url":"http:\/\/restyle.chimimetal.com\/wp-content\/uploads\/2020\/03\/Bitmap.jpg","type":"","width":"","height":""}],"twitter_card":"summary_large_image","twitter_misc":{"Gesch\u00e4tzte Lesezeit":"3\u00a0Minuten"},"schema":{"@context":"https:\/\/schema.org","@graph":[{"@type":"WebPage","@id":"https:\/\/www.chimimetal.com\/fototranciatura\/","url":"https:\/\/www.chimimetal.com\/fototranciatura\/","name":"\u00c4tztechnik und \u00c4tzprozess - Chimimetal","isPartOf":{"@id":"https:\/\/www.chimimetal.com\/#website"},"primaryImageOfPage":{"@id":"https:\/\/www.chimimetal.com\/fototranciatura\/#primaryimage"},"image":{"@id":"https:\/\/www.chimimetal.com\/fototranciatura\/#primaryimage"},"thumbnailUrl":"http:\/\/restyle.chimimetal.com\/wp-content\/uploads\/2020\/03\/Bitmap.jpg","datePublished":"2020-04-30T09:35:42+00:00","dateModified":"2022-07-05T08:00:19+00:00","description":"Chimimetal verf\u00fcgt \u00fcber das spezifische Know-how, um einen pr\u00e4zisen, wirtschaftlichen und schnellen \u00c4tztechnik f\u00fcr den Automobil und Brillen","breadcrumb":{"@id":"https:\/\/www.chimimetal.com\/fototranciatura\/#breadcrumb"},"inLanguage":"de","potentialAction":[{"@type":"ReadAction","target":["https:\/\/www.chimimetal.com\/fototranciatura\/"]}]},{"@type":"ImageObject","inLanguage":"de","@id":"https:\/\/www.chimimetal.com\/fototranciatura\/#primaryimage","url":"http:\/\/restyle.chimimetal.com\/wp-content\/uploads\/2020\/03\/Bitmap.jpg","contentUrl":"http:\/\/restyle.chimimetal.com\/wp-content\/uploads\/2020\/03\/Bitmap.jpg"},{"@type":"BreadcrumbList","@id":"https:\/\/www.chimimetal.com\/fototranciatura\/#breadcrumb","itemListElement":[{"@type":"ListItem","position":1,"name":"Home","item":"https:\/\/www.chimimetal.com\/de\/"},{"@type":"ListItem","position":2,"name":"\u00c4TZTECHNIK"}]},{"@type":"WebSite","@id":"https:\/\/www.chimimetal.com\/#website","url":"https:\/\/www.chimimetal.com\/","name":"Chimimetal","description":"","publisher":{"@id":"https:\/\/www.chimimetal.com\/#organization"},"potentialAction":[{"@type":"SearchAction","target":{"@type":"EntryPoint","urlTemplate":"https:\/\/www.chimimetal.com\/?s={search_term_string}"},"query-input":{"@type":"PropertyValueSpecification","valueRequired":true,"valueName":"search_term_string"}}],"inLanguage":"de"},{"@type":"Organization","@id":"https:\/\/www.chimimetal.com\/#organization","name":"Chimimetal","url":"https:\/\/www.chimimetal.com\/","logo":{"@type":"ImageObject","inLanguage":"de","@id":"https:\/\/www.chimimetal.com\/#\/schema\/logo\/image\/","url":"https:\/\/www.chimimetal.com\/wp-content\/uploads\/2020\/03\/logo-main.png","contentUrl":"https:\/\/www.chimimetal.com\/wp-content\/uploads\/2020\/03\/logo-main.png","width":400,"height":130,"caption":"Chimimetal"},"image":{"@id":"https:\/\/www.chimimetal.com\/#\/schema\/logo\/image\/"}}]}},"_links":{"self":[{"href":"https:\/\/www.chimimetal.com\/de\/wp-json\/wp\/v2\/pages\/2157","targetHints":{"allow":["GET"]}}],"collection":[{"href":"https:\/\/www.chimimetal.com\/de\/wp-json\/wp\/v2\/pages"}],"about":[{"href":"https:\/\/www.chimimetal.com\/de\/wp-json\/wp\/v2\/types\/page"}],"author":[{"embeddable":true,"href":"https:\/\/www.chimimetal.com\/de\/wp-json\/wp\/v2\/users\/2"}],"replies":[{"embeddable":true,"href":"https:\/\/www.chimimetal.com\/de\/wp-json\/wp\/v2\/comments?post=2157"}],"version-history":[{"count":22,"href":"https:\/\/www.chimimetal.com\/de\/wp-json\/wp\/v2\/pages\/2157\/revisions"}],"predecessor-version":[{"id":4312,"href":"https:\/\/www.chimimetal.com\/de\/wp-json\/wp\/v2\/pages\/2157\/revisions\/4312"}],"wp:attachment":[{"href":"https:\/\/www.chimimetal.com\/de\/wp-json\/wp\/v2\/media?parent=2157"}],"curies":[{"name":"wp","href":"https:\/\/api.w.org\/{rel}","templated":true}]}}