{"id":2161,"date":"2020-04-30T11:53:23","date_gmt":"2020-04-30T09:53:23","guid":{"rendered":"http:\/\/chimimetal.localhost\/?page_id=2161"},"modified":"2022-07-05T11:33:13","modified_gmt":"2022-07-05T09:33:13","slug":"laserbearbeitung-und-laserschneiden","status":"publish","type":"page","link":"https:\/\/www.chimimetal.com\/de\/laserbearbeitung-und-laserschneiden\/","title":{"rendered":"Laserschneiden"},"content":{"rendered":"\n<h1 class=\"wp-block-heading\">LASERBEARBEITUNG UND LASERSCHNEIDEN<\/h1>\n\n\n\n<p>Die Laserbearbeitung oder faseroptische Laserschneiden ist eine innovative Technik, die heutzutage zunehmend von Unternehmen f\u00fcr einen pr\u00e4zisen Schnitt und qualitativ hochwertige Ergebnisse eingesetzt wird. <\/p>\n\n\n\n<h2 class=\"wp-block-heading\">Was ist genau Laserschneiden und wie funktioniert es<\/h2>\n\n\n\n<p>Die Technik des Laserbearbeitungs besteht in der Verwendung eines auf das zu schneidende Blech gerichteten Laserstrahls. Dieser wird von einer Linse gefiltert, die die zu behandelnde Oberfl\u00e4che zur \u00dcberhitzung und dann zum Schmelzen bringt. Gleichzeitig wird ein Gasstrom aus dem unteren Teil der Linse genutzt, der durch Fluiddynamik zum Schnitt der Oberfl\u00e4che, je nach erw\u00fcnschtem Ergebnis f\u00fchrt. <\/p>\n\n\n\n<p>Es bestehen verschiedene Arten des Laserbearbeitungs, wie z. B.&nbsp; mit Inertgas oder durch Einsatz von Sauerstoff, CO2, Faser-, Dioden, 2D- oder 3D Laserschneiden.<br> <\/p>\n\n\n\n<h2 class=\"wp-block-heading\"><strong>Kohlendioxid und CO2 Laserschneiden\u00a0<\/strong> <\/h2>\n\n\n\n<p>Beim CO2 Laserschneiden wird ein Gas aus Kohlendioxid verwendet, das durch elektrischen Schub bewegt wird und eine Wellenl\u00e4nge von 10 \u03bcm erzeugt. Diese Art des Laserschneidens garantiert insbesondere bei dicken Blechoberfl\u00e4chen eine optimale Leistung. <\/p>\n\n\n\n<h2 class=\"wp-block-heading\"><strong>Vorteile des Laserbearbeitungs<\/strong> <\/h2>\n\n\n\n<p>Der Einsatz des faseroptischen Laserschneidens hat erhebliche Vorteile:<\/p>\n\n\n\n<ul class=\"custom-list-colored wp-block-list\"><li>Extreme Schnittgenauigkeit f\u00fcr qualitativ hochwertige Ergebnisse<\/li><li>Keine Werkzeug- und Anlagekosten und somit ideal f\u00fcr die Entwicklung von Prototypen<\/li><li>M\u00f6glichkeit von Metallbehandlungen, auf denen kein chemisches \u00c4tzen m\u00f6glich ist<\/li><li>Schneiden von dicken Materialien von bis zu 3 mm f\u00fcr Stahl und 2 mm f\u00fcr Messing<\/li><\/ul>\n\n\n\n<div class=\"wp-block-buttons is-layout-flex wp-block-buttons-is-layout-flex\">\n<div class=\"wp-block-button\"><a class=\"wp-block-button__link\" href=\"https:\/\/www.chimimetal.com\/de\/kontaktiere-uns\/\" rel=\"\">ein Angebot anfordern<\/a><\/div>\n<\/div>\n\n\n\n<hr class=\"wp-block-separator has-text-color has-background has-very-light-gray-background-color has-very-light-gray-color is-style-wide\"\/>\n\n\n\n<h2 class=\"wp-block-heading\">Laserschneidemaschinen <\/h2>\n\n\n\n<p>Die Maschinen, die das thermische Trennverfahren des Laserbearbeitungs ausf\u00fchren, bestehen aus einer Tr\u00e4gerstruktur, die je nach auszuf\u00fchrender Arbeit und Art des zu bearbeitenden Metalls variiert, einem Oszillator (dem Schneidkopf), der auf den Achsen oder auf einem automatisierten Arm angebracht ist, einem Bildschirm zum Schutz der Bediener vor dem Laserstrahl und der numerischen Steuerung der Arbeit.\u00a0 <\/p>\n\n\n\n<h2 class=\"wp-block-heading\">F\u00fcr das Laserschneiden geeignete Materialien: Aluminium und Edelstahl <\/h2>\n\n\n\n<p>Die Materialien, die sich am besten f\u00fcr die Laserschneidtechnik eignen sind:<\/p>\n\n\n\n<div class=\"wp-block-columns is-layout-flex wp-container-core-columns-is-layout-1 wp-block-columns-is-layout-flex\">\n<div class=\"wp-block-column is-layout-flow wp-block-column-is-layout-flow\">\n<ul class=\"custom-list-colored wp-block-list\"><li><a href=\"https:\/\/www.chimimetal.com\/de\/laserbearbeitung-und-laserschneiden\/laserschneiden-stahl\/\">Stahl<\/a><\/li><li><a href=\"https:\/\/www.chimimetal.com\/de\/laserbearbeitung-und-laserschneiden\/laserschneiden-titan\/\">Titan (Beta-Alfa)<\/a><\/li><li><a href=\"https:\/\/www.chimimetal.com\/de\/laserbearbeitung-und-laserschneiden\/laserschneiden-aluminium\/\">Aluminium<\/a><\/li><li><a href=\"https:\/\/www.chimimetal.com\/de\/laserbearbeitung-und-laserschneiden\/laserschneiden-messing\/\">Messing<\/a><\/li><li><a href=\"https:\/\/www.chimimetal.com\/de\/laserbearbeitung-und-laserschneiden\/laserschneiden-kupfer\/\">Kupfer<\/a><\/li><li><a href=\"https:\/\/www.chimimetal.com\/de\/laserbearbeitung-und-laserschneiden\/laserschneiden-bronze\/\">Bronze<\/a><\/li><\/ul>\n<\/div>\n\n\n\n<div class=\"wp-block-column is-layout-flow wp-block-column-is-layout-flow\">\n<ul class=\"custom-list-colored wp-block-list\"><li>Nickel-, Kupfer- und Eisenlegierungen<\/li><li>Kupfer-Aluminium-Legierungen<\/li><li>Superlegierungen (Inconel 600)<\/li><li>Molybd\u00e4n<\/li><li>vorverzinkte Materialien<\/li><\/ul>\n<\/div>\n<\/div>\n\n\n \r\n\r\n   <div class=\"acf_gallery gallery\"> \r\n\r\n       \r\n\r\n         <a href=\"https:\/\/www.chimimetal.com\/wp-content\/uploads\/2021\/02\/taglio-laser-e-controllo_1.jpg\" target=\"_blank\" class=\"acf_thumbnail_item thumbnail\"> \r\n            <img decoding=\"async\" src=\"https:\/\/www.chimimetal.com\/wp-content\/uploads\/2021\/02\/taglio-laser-e-controllo_1-260x180.jpg\" alt=\"Laserschneiden\" \/> \r\n         <\/a> \r\n\r\n       \r\n\r\n         <a href=\"https:\/\/www.chimimetal.com\/wp-content\/uploads\/2021\/02\/taglio-laser-e-controllo_9.jpg\" target=\"_blank\" class=\"acf_thumbnail_item thumbnail\"> \r\n            <img decoding=\"async\" src=\"https:\/\/www.chimimetal.com\/wp-content\/uploads\/2021\/02\/taglio-laser-e-controllo_9-260x180.jpg\" alt=\"Laserschneiden\" \/> \r\n         <\/a> \r\n\r\n       \r\n\r\n         <a href=\"https:\/\/www.chimimetal.com\/wp-content\/uploads\/2021\/02\/taglio-laser-e-controllo_10.jpg\" target=\"_blank\" class=\"acf_thumbnail_item thumbnail\"> \r\n            <img decoding=\"async\" src=\"https:\/\/www.chimimetal.com\/wp-content\/uploads\/2021\/02\/taglio-laser-e-controllo_10-260x180.jpg\" alt=\"Laserschneiden\" \/> \r\n         <\/a> \r\n\r\n       \r\n\r\n         <a href=\"https:\/\/www.chimimetal.com\/wp-content\/uploads\/2020\/05\/taglio-laser-e-controllo.jpg\" target=\"_blank\" class=\"acf_thumbnail_item thumbnail\"> \r\n            <img decoding=\"async\" src=\"https:\/\/www.chimimetal.com\/wp-content\/uploads\/2020\/05\/taglio-laser-e-controllo-260x180.jpg\" alt=\"Laserschneiden\" \/> \r\n         <\/a> \r\n\r\n       \r\n\r\n         <a href=\"https:\/\/www.chimimetal.com\/wp-content\/uploads\/2020\/05\/taglio-laser-e-controllo_8.jpg\" target=\"_blank\" class=\"acf_thumbnail_item thumbnail\"> \r\n            <img decoding=\"async\" src=\"https:\/\/www.chimimetal.com\/wp-content\/uploads\/2020\/05\/taglio-laser-e-controllo_8-260x180.jpg\" alt=\"Laserschneiden\" \/> \r\n         <\/a> \r\n\r\n       \r\n\r\n         <a href=\"https:\/\/www.chimimetal.com\/wp-content\/uploads\/2020\/05\/taglio-laser-e-controllo_18.jpg\" target=\"_blank\" class=\"acf_thumbnail_item thumbnail\"> \r\n            <img decoding=\"async\" src=\"https:\/\/www.chimimetal.com\/wp-content\/uploads\/2020\/05\/taglio-laser-e-controllo_18-260x180.jpg\" alt=\"Laserschneiden\" \/> \r\n         <\/a> \r\n\r\n       \r\n      <!-- <a href=\"#\" class=\"button center\"><\/a> -->\r\n   <\/div> \r\n\r\n\n\n\n<h2 class=\"wp-block-heading\">W\u00c4HLEN SIE UNSER WISSEN, WIE SIE IHR PROJEKT REALISIEREN K\u00d6NNEN <\/h2>\n\n\n\n<p>Suchen Sie eine \u00e4u\u00dferst pr\u00e4zise Arbeit f\u00fcr Ihr neues Projekt? Ben\u00f6tigen Sie Perfektion? Z\u00f6gern Sie nicht, sich an Chimimetal zu wenden: Wir bieten unseren Mitarbeitern Know-how und die besten Maschinen und Werkzeuge f\u00fcr den Laserschneidservice, um das perfekte CO2-Projekt f\u00fcr alle oben aufgef\u00fchrten Materialien, einschlie\u00dflich Stahl, Tithan und Aluminium, zu realisieren. <\/p>\n\n\n\n<p><a href=\"https:\/\/www.chimimetal.com\/de\/kontaktiere-uns\/\" rel=\"nofollow\">Kontaktieren Sie uns f\u00fcr weitere Informationen<\/a>. <\/p>\n\n\n\n<p>Chimimetal ist national und weltweit f\u00fchrend im Bereich des photochemischen Fr\u00e4sens und Laserschneidens in vielen Industriebereichen wie Automobil, Elektronik und Mechanik, Brillen und Design. <\/p>\n","protected":false},"excerpt":{"rendered":"<p>LASERBEARBEITUNG UND LASERSCHNEIDEN Die Laserbearbeitung oder faseroptische Laserschneiden ist eine &#8230; <\/p>\n<p class=\"read-more-container\"><a title=\"Laserschneiden\" class=\"read-more button\" href=\"https:\/\/www.chimimetal.com\/de\/laserbearbeitung-und-laserschneiden\/#more-2161\">Weiterlesen<span class=\"screen-reader-text\">Laserschneiden<\/span><\/a><\/p>\n","protected":false},"author":2,"featured_media":0,"parent":0,"menu_order":0,"comment_status":"closed","ping_status":"closed","template":"","meta":{"_acf_changed":false,"footnotes":""},"class_list":["post-2161","page","type-page","status-publish"],"acf":[],"yoast_head":"<!-- This site is optimized with the Yoast SEO plugin v26.8 - https:\/\/yoast.com\/product\/yoast-seo-wordpress\/ -->\n<title>Laserbearbeitung und Laserschneiden - Chimimetal<\/title>\n<meta name=\"description\" content=\"Die Technik des Laserbearbeitungs erlaubt dir CO2, Faser-, Dioden, 2D- oder 3D Laserschneiden zu machen. kontaktiere uns f\u00fcr mehr Informationen\" \/>\n<meta name=\"robots\" content=\"index, follow, max-snippet:-1, max-image-preview:large, max-video-preview:-1\" \/>\n<link rel=\"canonical\" href=\"https:\/\/www.chimimetal.com\/taglio-laser\/\" \/>\n<meta property=\"og:locale\" content=\"de_DE\" \/>\n<meta property=\"og:type\" content=\"article\" \/>\n<meta property=\"og:title\" content=\"Laserbearbeitung und Laserschneiden - Chimimetal\" \/>\n<meta property=\"og:description\" content=\"Die Technik des Laserbearbeitungs erlaubt dir CO2, Faser-, Dioden, 2D- oder 3D Laserschneiden zu machen. kontaktiere uns f\u00fcr mehr Informationen\" \/>\n<meta property=\"og:url\" content=\"https:\/\/www.chimimetal.com\/taglio-laser\/\" \/>\n<meta property=\"og:site_name\" content=\"Chimimetal\" \/>\n<meta property=\"article:modified_time\" content=\"2022-07-05T09:33:13+00:00\" \/>\n<meta name=\"twitter:card\" content=\"summary_large_image\" \/>\n<meta name=\"twitter:label1\" content=\"Gesch\u00e4tzte Lesezeit\" \/>\n\t<meta name=\"twitter:data1\" content=\"2\u00a0Minuten\" \/>\n<script type=\"application\/ld+json\" class=\"yoast-schema-graph\">{\"@context\":\"https:\/\/schema.org\",\"@graph\":[{\"@type\":\"WebPage\",\"@id\":\"https:\/\/www.chimimetal.com\/taglio-laser\/\",\"url\":\"https:\/\/www.chimimetal.com\/taglio-laser\/\",\"name\":\"Laserbearbeitung und Laserschneiden - Chimimetal\",\"isPartOf\":{\"@id\":\"https:\/\/www.chimimetal.com\/#website\"},\"datePublished\":\"2020-04-30T09:53:23+00:00\",\"dateModified\":\"2022-07-05T09:33:13+00:00\",\"description\":\"Die Technik des Laserbearbeitungs erlaubt dir CO2, Faser-, Dioden, 2D- oder 3D Laserschneiden zu machen. kontaktiere uns f\u00fcr mehr Informationen\",\"breadcrumb\":{\"@id\":\"https:\/\/www.chimimetal.com\/taglio-laser\/#breadcrumb\"},\"inLanguage\":\"de\",\"potentialAction\":[{\"@type\":\"ReadAction\",\"target\":[\"https:\/\/www.chimimetal.com\/taglio-laser\/\"]}]},{\"@type\":\"BreadcrumbList\",\"@id\":\"https:\/\/www.chimimetal.com\/taglio-laser\/#breadcrumb\",\"itemListElement\":[{\"@type\":\"ListItem\",\"position\":1,\"name\":\"Home\",\"item\":\"https:\/\/www.chimimetal.com\/de\/\"},{\"@type\":\"ListItem\",\"position\":2,\"name\":\"Laserschneiden\"}]},{\"@type\":\"WebSite\",\"@id\":\"https:\/\/www.chimimetal.com\/#website\",\"url\":\"https:\/\/www.chimimetal.com\/\",\"name\":\"Chimimetal\",\"description\":\"\",\"publisher\":{\"@id\":\"https:\/\/www.chimimetal.com\/#organization\"},\"potentialAction\":[{\"@type\":\"SearchAction\",\"target\":{\"@type\":\"EntryPoint\",\"urlTemplate\":\"https:\/\/www.chimimetal.com\/?s={search_term_string}\"},\"query-input\":{\"@type\":\"PropertyValueSpecification\",\"valueRequired\":true,\"valueName\":\"search_term_string\"}}],\"inLanguage\":\"de\"},{\"@type\":\"Organization\",\"@id\":\"https:\/\/www.chimimetal.com\/#organization\",\"name\":\"Chimimetal\",\"url\":\"https:\/\/www.chimimetal.com\/\",\"logo\":{\"@type\":\"ImageObject\",\"inLanguage\":\"de\",\"@id\":\"https:\/\/www.chimimetal.com\/#\/schema\/logo\/image\/\",\"url\":\"https:\/\/www.chimimetal.com\/wp-content\/uploads\/2020\/03\/logo-main.png\",\"contentUrl\":\"https:\/\/www.chimimetal.com\/wp-content\/uploads\/2020\/03\/logo-main.png\",\"width\":400,\"height\":130,\"caption\":\"Chimimetal\"},\"image\":{\"@id\":\"https:\/\/www.chimimetal.com\/#\/schema\/logo\/image\/\"}}]}<\/script>\n<!-- \/ Yoast SEO plugin. -->","yoast_head_json":{"title":"Laserbearbeitung und Laserschneiden - Chimimetal","description":"Die Technik des Laserbearbeitungs erlaubt dir CO2, Faser-, Dioden, 2D- oder 3D Laserschneiden zu machen. kontaktiere uns f\u00fcr mehr Informationen","robots":{"index":"index","follow":"follow","max-snippet":"max-snippet:-1","max-image-preview":"max-image-preview:large","max-video-preview":"max-video-preview:-1"},"canonical":"https:\/\/www.chimimetal.com\/taglio-laser\/","og_locale":"de_DE","og_type":"article","og_title":"Laserbearbeitung und Laserschneiden - Chimimetal","og_description":"Die Technik des Laserbearbeitungs erlaubt dir CO2, Faser-, Dioden, 2D- oder 3D Laserschneiden zu machen. kontaktiere uns f\u00fcr mehr Informationen","og_url":"https:\/\/www.chimimetal.com\/taglio-laser\/","og_site_name":"Chimimetal","article_modified_time":"2022-07-05T09:33:13+00:00","twitter_card":"summary_large_image","twitter_misc":{"Gesch\u00e4tzte Lesezeit":"2\u00a0Minuten"},"schema":{"@context":"https:\/\/schema.org","@graph":[{"@type":"WebPage","@id":"https:\/\/www.chimimetal.com\/taglio-laser\/","url":"https:\/\/www.chimimetal.com\/taglio-laser\/","name":"Laserbearbeitung und Laserschneiden - Chimimetal","isPartOf":{"@id":"https:\/\/www.chimimetal.com\/#website"},"datePublished":"2020-04-30T09:53:23+00:00","dateModified":"2022-07-05T09:33:13+00:00","description":"Die Technik des Laserbearbeitungs erlaubt dir CO2, Faser-, Dioden, 2D- oder 3D Laserschneiden zu machen. kontaktiere uns f\u00fcr mehr Informationen","breadcrumb":{"@id":"https:\/\/www.chimimetal.com\/taglio-laser\/#breadcrumb"},"inLanguage":"de","potentialAction":[{"@type":"ReadAction","target":["https:\/\/www.chimimetal.com\/taglio-laser\/"]}]},{"@type":"BreadcrumbList","@id":"https:\/\/www.chimimetal.com\/taglio-laser\/#breadcrumb","itemListElement":[{"@type":"ListItem","position":1,"name":"Home","item":"https:\/\/www.chimimetal.com\/de\/"},{"@type":"ListItem","position":2,"name":"Laserschneiden"}]},{"@type":"WebSite","@id":"https:\/\/www.chimimetal.com\/#website","url":"https:\/\/www.chimimetal.com\/","name":"Chimimetal","description":"","publisher":{"@id":"https:\/\/www.chimimetal.com\/#organization"},"potentialAction":[{"@type":"SearchAction","target":{"@type":"EntryPoint","urlTemplate":"https:\/\/www.chimimetal.com\/?s={search_term_string}"},"query-input":{"@type":"PropertyValueSpecification","valueRequired":true,"valueName":"search_term_string"}}],"inLanguage":"de"},{"@type":"Organization","@id":"https:\/\/www.chimimetal.com\/#organization","name":"Chimimetal","url":"https:\/\/www.chimimetal.com\/","logo":{"@type":"ImageObject","inLanguage":"de","@id":"https:\/\/www.chimimetal.com\/#\/schema\/logo\/image\/","url":"https:\/\/www.chimimetal.com\/wp-content\/uploads\/2020\/03\/logo-main.png","contentUrl":"https:\/\/www.chimimetal.com\/wp-content\/uploads\/2020\/03\/logo-main.png","width":400,"height":130,"caption":"Chimimetal"},"image":{"@id":"https:\/\/www.chimimetal.com\/#\/schema\/logo\/image\/"}}]}},"_links":{"self":[{"href":"https:\/\/www.chimimetal.com\/de\/wp-json\/wp\/v2\/pages\/2161","targetHints":{"allow":["GET"]}}],"collection":[{"href":"https:\/\/www.chimimetal.com\/de\/wp-json\/wp\/v2\/pages"}],"about":[{"href":"https:\/\/www.chimimetal.com\/de\/wp-json\/wp\/v2\/types\/page"}],"author":[{"embeddable":true,"href":"https:\/\/www.chimimetal.com\/de\/wp-json\/wp\/v2\/users\/2"}],"replies":[{"embeddable":true,"href":"https:\/\/www.chimimetal.com\/de\/wp-json\/wp\/v2\/comments?post=2161"}],"version-history":[{"count":13,"href":"https:\/\/www.chimimetal.com\/de\/wp-json\/wp\/v2\/pages\/2161\/revisions"}],"predecessor-version":[{"id":4369,"href":"https:\/\/www.chimimetal.com\/de\/wp-json\/wp\/v2\/pages\/2161\/revisions\/4369"}],"wp:attachment":[{"href":"https:\/\/www.chimimetal.com\/de\/wp-json\/wp\/v2\/media?parent=2161"}],"curies":[{"name":"wp","href":"https:\/\/api.w.org\/{rel}","templated":true}]}}