{"id":2166,"date":"2020-04-30T12:01:08","date_gmt":"2020-04-30T10:01:08","guid":{"rendered":"http:\/\/chimimetal.localhost\/?page_id=2166"},"modified":"2022-07-05T10:02:38","modified_gmt":"2022-07-05T08:02:38","slug":"aetztechnik-und-laser-cutter","status":"publish","type":"page","link":"https:\/\/www.chimimetal.com\/de\/aetztechnik-und-laser-cutter\/","title":{"rendered":"Kombiniertes Schneidverfahren"},"content":{"rendered":"\n<h1 class=\"wp-block-heading\">\u00c4TZTECHNIK UND LASER CUTTER<\/h1>\n\n\n\n<p> Die Kombination des \u00c4tztechnik und Laser cutter mit der Technologie des Laser cutter ist zweifellos eine optimale L\u00f6sung f\u00fcr die Herstellung von Produkten mit komplexen und grafisch hochwertigen Details. Somit sind wir imstande jeder Art von Anforderung unserer Kunden entgegenzukommen.  <\/p>\n\n\n\n<h2 class=\"wp-block-heading\">Zwei Technologien, die sich gegenseitig erg\u00e4nzen <\/h2>\n\n\n\n<p> Aus diesem Grund ist das kombinierte Schneidverfahren aus  \u00c4tztechnik und Laser cutter ideal, da dank der perfekten Kombination von Laserpr\u00e4zision und komplexen, chemisch ge\u00e4tzten Geometrien, L\u00f6sungen von h\u00f6chster Qualit\u00e4t angeboten werden k\u00f6nnen. <\/p>\n\n\n\n<h2 class=\"wp-block-heading\">Geeignete Materialien f\u00fcr \u00c4tztechnik und Laser cutter <\/h2>\n\n\n\n<p>Das kombinierte Schneidverfahren kann auf verschiedenen Materialien angewandt werden wie:<\/p>\n\n\n\n<ul class=\"custom-list-colored wp-block-list\"><li><a href=\"https:\/\/www.chimimetal.com\/de\/laserbearbeitung-und-laserschneiden\/laserschneiden-stahl\/\">Stahl<\/a><\/li><li><a href=\"https:\/\/www.chimimetal.com\/de\/laserbearbeitung-und-laserschneiden\/laserschneiden-aluminium\/\">Aluminium<\/a><\/li><li><a href=\"https:\/\/www.chimimetal.com\/de\/laserbearbeitung-und-laserschneiden\/laserschneiden-messing\/\">Messing<\/a><\/li><li><a href=\"https:\/\/www.chimimetal.com\/de\/laserbearbeitung-und-laserschneiden\/laserschneiden-kupfer\/\">Kupfer<\/a><\/li><li><a href=\"https:\/\/www.chimimetal.com\/de\/laserbearbeitung-und-laserschneiden\/laserschneiden-titan\/\">Titan<\/a><\/li><li>Eisen<\/li><li>Alpaka<\/li><\/ul>\n\n\n\n<div class=\"wp-block-buttons is-layout-flex wp-block-buttons-is-layout-flex\">\n<div class=\"wp-block-button\"><a class=\"wp-block-button__link\" href=\"https:\/\/www.chimimetal.com\/de\/kontaktiere-uns\/\">ein Angebot anfordern<\/a><\/div>\n<\/div>\n\n\n\n<hr class=\"wp-block-separator is-style-wide\"\/>\n\n\n\n<h2 class=\"wp-block-heading\">Hochpr\u00e4zise Technik <\/h2>\n\n\n\n<p> Die erste Phase der Bearbeitung ist die Korrosion oder das chemische Ausschneiden, gefolgt vom Schneiden der Umf\u00e4nge und anderer Details mit der Laserschnitt-Technologie, die dank des ausgekl\u00fcgelten optischen Zentriersystems, mit dem sie ausgestattet ist, eine absolute Pr\u00e4zision  von bis zu 0,05 mm garantiert.  <\/p>\n\n\n\n<h2 class=\"wp-block-heading\">Die Vorteile des \u00c4tztechnik und Laser cutter Kombination <\/h2>\n\n\n\n<p> \u00c4tztechnik und Laser cutter Kombination verk\u00f6rpert die Vorteile beider Technologien, insbesondere:&nbsp; <\/p>\n\n\n\n<ul class=\"custom-list-colored wp-block-list\"><li>die extreme Pr\u00e4zision, die durch das optische Zentriersystem garantiert wird, welches beide Bearbeitungen perfekt axial zueinander ausrichtet, da in bestimmten Bereichen, wie z. B. in der Mikroelektronik, ein sehr hohes Ma\u00df an Pr\u00e4zision unerl\u00e4sslich ist;<\/li><li>die Vielseitigkeit und Flexibilit\u00e4t des fotochemischen \u00c4tzens;<\/li><li>den sauberen Schnitt und Pr\u00e4zision der Gravuren dank Lasertechnologie;<\/li><li>das Senken der Ger\u00e4tekosten und eine k\u00fcrzere Bearbeitungsdauer. Die Hauptbearbeitung erfolgt durchfotochemische \u00c4tzung und anschlie\u00dfend werden nur die notwendigen Details mittels Laserschnitt definiert;<\/li><li>die M\u00f6glichkeit der genauen Anpassung des Produkts an die besonderen Anforderungen und Bed\u00fcrfnisse des Kunden.<\/li><\/ul>\n\n\n\n<h2 class=\"wp-block-heading\">Passen Sie Ihr Projekt mit dieser kombinierten Technik an <\/h2>\n\n\n\n<p> Dank der Laserschneidtechnik ist es m\u00f6glich, alle Einschr\u00e4nkungen zu beseitigen, die hinter den traditionellen Produktionsprozessen liegen und sowohl die Kosten als auch die Produktionszeiten verl\u00e4ngern. Die h\u00f6here Pr\u00e4zision des Laserschneidens erm\u00f6glicht es, Projekte mit einem hohen Schwierigkeitsgrad und Realisierungsfreiheit Wirklichkeit werden zu lassen.<br> Dank der Kombination von Laserschneiden mit der  \u00c4tztechnik sind der Gravurtiefe keine Grenzen mehr gesetzt und erreichen sogar eine Tiefe von 3 mm. <\/p>\n","protected":false},"excerpt":{"rendered":"<p>\u00c4TZTECHNIK UND LASER CUTTER Die Kombination des \u00c4tztechnik und Laser &#8230; <\/p>\n<p class=\"read-more-container\"><a title=\"Kombiniertes Schneidverfahren\" class=\"read-more button\" href=\"https:\/\/www.chimimetal.com\/de\/aetztechnik-und-laser-cutter\/#more-2166\">Weiterlesen<span class=\"screen-reader-text\">Kombiniertes Schneidverfahren<\/span><\/a><\/p>\n","protected":false},"author":2,"featured_media":0,"parent":0,"menu_order":0,"comment_status":"closed","ping_status":"closed","template":"","meta":{"_acf_changed":false,"footnotes":""},"class_list":["post-2166","page","type-page","status-publish"],"acf":[],"yoast_head":"<!-- This site is optimized with the Yoast SEO plugin v26.8 - https:\/\/yoast.com\/product\/yoast-seo-wordpress\/ -->\n<title>\u00c4tztechnik und Laser cutter - Chimimetal<\/title>\n<meta name=\"description\" content=\"\u00c4tztechnik und Laser Cutter Kombination ist die optimale L\u00f6sung f\u00fcr die Herstellung von komplexen Produkten mit und grafisch hochwertigen Details.\" \/>\n<meta name=\"robots\" content=\"index, follow, max-snippet:-1, max-image-preview:large, max-video-preview:-1\" \/>\n<link rel=\"canonical\" href=\"https:\/\/www.chimimetal.com\/combinato\/\" \/>\n<meta property=\"og:locale\" content=\"de_DE\" \/>\n<meta property=\"og:type\" content=\"article\" \/>\n<meta property=\"og:title\" content=\"\u00c4tztechnik und Laser cutter - Chimimetal\" \/>\n<meta property=\"og:description\" content=\"\u00c4tztechnik und Laser Cutter Kombination ist die optimale L\u00f6sung f\u00fcr die Herstellung von komplexen Produkten mit und grafisch hochwertigen Details.\" \/>\n<meta property=\"og:url\" content=\"https:\/\/www.chimimetal.com\/combinato\/\" \/>\n<meta property=\"og:site_name\" content=\"Chimimetal\" \/>\n<meta property=\"article:modified_time\" content=\"2022-07-05T08:02:38+00:00\" \/>\n<meta name=\"twitter:card\" content=\"summary_large_image\" \/>\n<meta name=\"twitter:label1\" content=\"Gesch\u00e4tzte Lesezeit\" \/>\n\t<meta name=\"twitter:data1\" content=\"2\u00a0Minuten\" \/>\n<script type=\"application\/ld+json\" class=\"yoast-schema-graph\">{\"@context\":\"https:\/\/schema.org\",\"@graph\":[{\"@type\":\"WebPage\",\"@id\":\"https:\/\/www.chimimetal.com\/combinato\/\",\"url\":\"https:\/\/www.chimimetal.com\/combinato\/\",\"name\":\"\u00c4tztechnik und Laser cutter - Chimimetal\",\"isPartOf\":{\"@id\":\"https:\/\/www.chimimetal.com\/#website\"},\"datePublished\":\"2020-04-30T10:01:08+00:00\",\"dateModified\":\"2022-07-05T08:02:38+00:00\",\"description\":\"\u00c4tztechnik und Laser Cutter Kombination ist die optimale L\u00f6sung f\u00fcr die Herstellung von komplexen Produkten mit und grafisch hochwertigen Details.\",\"breadcrumb\":{\"@id\":\"https:\/\/www.chimimetal.com\/combinato\/#breadcrumb\"},\"inLanguage\":\"de\",\"potentialAction\":[{\"@type\":\"ReadAction\",\"target\":[\"https:\/\/www.chimimetal.com\/combinato\/\"]}]},{\"@type\":\"BreadcrumbList\",\"@id\":\"https:\/\/www.chimimetal.com\/combinato\/#breadcrumb\",\"itemListElement\":[{\"@type\":\"ListItem\",\"position\":1,\"name\":\"Home\",\"item\":\"https:\/\/www.chimimetal.com\/de\/\"},{\"@type\":\"ListItem\",\"position\":2,\"name\":\"Kombiniertes Schneidverfahren\"}]},{\"@type\":\"WebSite\",\"@id\":\"https:\/\/www.chimimetal.com\/#website\",\"url\":\"https:\/\/www.chimimetal.com\/\",\"name\":\"Chimimetal\",\"description\":\"\",\"publisher\":{\"@id\":\"https:\/\/www.chimimetal.com\/#organization\"},\"potentialAction\":[{\"@type\":\"SearchAction\",\"target\":{\"@type\":\"EntryPoint\",\"urlTemplate\":\"https:\/\/www.chimimetal.com\/?s={search_term_string}\"},\"query-input\":{\"@type\":\"PropertyValueSpecification\",\"valueRequired\":true,\"valueName\":\"search_term_string\"}}],\"inLanguage\":\"de\"},{\"@type\":\"Organization\",\"@id\":\"https:\/\/www.chimimetal.com\/#organization\",\"name\":\"Chimimetal\",\"url\":\"https:\/\/www.chimimetal.com\/\",\"logo\":{\"@type\":\"ImageObject\",\"inLanguage\":\"de\",\"@id\":\"https:\/\/www.chimimetal.com\/#\/schema\/logo\/image\/\",\"url\":\"https:\/\/www.chimimetal.com\/wp-content\/uploads\/2020\/03\/logo-main.png\",\"contentUrl\":\"https:\/\/www.chimimetal.com\/wp-content\/uploads\/2020\/03\/logo-main.png\",\"width\":400,\"height\":130,\"caption\":\"Chimimetal\"},\"image\":{\"@id\":\"https:\/\/www.chimimetal.com\/#\/schema\/logo\/image\/\"}}]}<\/script>\n<!-- \/ Yoast SEO plugin. -->","yoast_head_json":{"title":"\u00c4tztechnik und Laser cutter - Chimimetal","description":"\u00c4tztechnik und Laser Cutter Kombination ist die optimale L\u00f6sung f\u00fcr die Herstellung von komplexen Produkten mit und grafisch hochwertigen Details.","robots":{"index":"index","follow":"follow","max-snippet":"max-snippet:-1","max-image-preview":"max-image-preview:large","max-video-preview":"max-video-preview:-1"},"canonical":"https:\/\/www.chimimetal.com\/combinato\/","og_locale":"de_DE","og_type":"article","og_title":"\u00c4tztechnik und Laser cutter - Chimimetal","og_description":"\u00c4tztechnik und Laser Cutter Kombination ist die optimale L\u00f6sung f\u00fcr die Herstellung von komplexen Produkten mit und grafisch hochwertigen Details.","og_url":"https:\/\/www.chimimetal.com\/combinato\/","og_site_name":"Chimimetal","article_modified_time":"2022-07-05T08:02:38+00:00","twitter_card":"summary_large_image","twitter_misc":{"Gesch\u00e4tzte Lesezeit":"2\u00a0Minuten"},"schema":{"@context":"https:\/\/schema.org","@graph":[{"@type":"WebPage","@id":"https:\/\/www.chimimetal.com\/combinato\/","url":"https:\/\/www.chimimetal.com\/combinato\/","name":"\u00c4tztechnik und Laser cutter - Chimimetal","isPartOf":{"@id":"https:\/\/www.chimimetal.com\/#website"},"datePublished":"2020-04-30T10:01:08+00:00","dateModified":"2022-07-05T08:02:38+00:00","description":"\u00c4tztechnik und Laser Cutter Kombination ist die optimale L\u00f6sung f\u00fcr die Herstellung von komplexen Produkten mit und grafisch hochwertigen Details.","breadcrumb":{"@id":"https:\/\/www.chimimetal.com\/combinato\/#breadcrumb"},"inLanguage":"de","potentialAction":[{"@type":"ReadAction","target":["https:\/\/www.chimimetal.com\/combinato\/"]}]},{"@type":"BreadcrumbList","@id":"https:\/\/www.chimimetal.com\/combinato\/#breadcrumb","itemListElement":[{"@type":"ListItem","position":1,"name":"Home","item":"https:\/\/www.chimimetal.com\/de\/"},{"@type":"ListItem","position":2,"name":"Kombiniertes Schneidverfahren"}]},{"@type":"WebSite","@id":"https:\/\/www.chimimetal.com\/#website","url":"https:\/\/www.chimimetal.com\/","name":"Chimimetal","description":"","publisher":{"@id":"https:\/\/www.chimimetal.com\/#organization"},"potentialAction":[{"@type":"SearchAction","target":{"@type":"EntryPoint","urlTemplate":"https:\/\/www.chimimetal.com\/?s={search_term_string}"},"query-input":{"@type":"PropertyValueSpecification","valueRequired":true,"valueName":"search_term_string"}}],"inLanguage":"de"},{"@type":"Organization","@id":"https:\/\/www.chimimetal.com\/#organization","name":"Chimimetal","url":"https:\/\/www.chimimetal.com\/","logo":{"@type":"ImageObject","inLanguage":"de","@id":"https:\/\/www.chimimetal.com\/#\/schema\/logo\/image\/","url":"https:\/\/www.chimimetal.com\/wp-content\/uploads\/2020\/03\/logo-main.png","contentUrl":"https:\/\/www.chimimetal.com\/wp-content\/uploads\/2020\/03\/logo-main.png","width":400,"height":130,"caption":"Chimimetal"},"image":{"@id":"https:\/\/www.chimimetal.com\/#\/schema\/logo\/image\/"}}]}},"_links":{"self":[{"href":"https:\/\/www.chimimetal.com\/de\/wp-json\/wp\/v2\/pages\/2166","targetHints":{"allow":["GET"]}}],"collection":[{"href":"https:\/\/www.chimimetal.com\/de\/wp-json\/wp\/v2\/pages"}],"about":[{"href":"https:\/\/www.chimimetal.com\/de\/wp-json\/wp\/v2\/types\/page"}],"author":[{"embeddable":true,"href":"https:\/\/www.chimimetal.com\/de\/wp-json\/wp\/v2\/users\/2"}],"replies":[{"embeddable":true,"href":"https:\/\/www.chimimetal.com\/de\/wp-json\/wp\/v2\/comments?post=2166"}],"version-history":[{"count":7,"href":"https:\/\/www.chimimetal.com\/de\/wp-json\/wp\/v2\/pages\/2166\/revisions"}],"predecessor-version":[{"id":4313,"href":"https:\/\/www.chimimetal.com\/de\/wp-json\/wp\/v2\/pages\/2166\/revisions\/4313"}],"wp:attachment":[{"href":"https:\/\/www.chimimetal.com\/de\/wp-json\/wp\/v2\/media?parent=2166"}],"curies":[{"name":"wp","href":"https:\/\/api.w.org\/{rel}","templated":true}]}}