{"id":2175,"date":"2020-04-30T12:45:23","date_gmt":"2020-04-30T10:45:23","guid":{"rendered":"http:\/\/chimimetal.localhost\/?page_id=2175"},"modified":"2020-11-08T15:15:09","modified_gmt":"2020-11-08T14:15:09","slug":"home","status":"publish","type":"page","link":"https:\/\/www.chimimetal.com\/de\/","title":{"rendered":"Home"},"content":{"rendered":"\n<h1 class=\"has-text-align-center wp-block-heading\">LEADER IN Metall \u00e4tzen Technologie<\/h1>\n\n\n\n<p class=\"has-text-align-center\">Seit 1997 ist Chimimetal eines der f\u00fchrenden Unternehmen in Italien und Ausland im Bereich des fotochemischen Metall\u00e4tzens. Einem, von Olivetti \u00fcberlassenem Bereich, f\u00fcr welchen wir zeitgem\u00e4\u00dfe Produktionssysteme und modernste Ausr\u00fcstungen entwickeln.&nbsp;<\/p>\n\n\n\n<p class=\"has-text-align-center\">Chimimetal erweitert auch die Fachkenntnisse in der Entwicklung relevanter Technologien wie Laserschneiden und kombinierte Technologien (fotochemisches \u00c4tzen + Laserschneiden).&nbsp;<\/p>\n\n\n\n<p class=\"has-text-align-center\">Wichtige Akquisen und exzellentes Know-how machen Chimimetal zu einem der weltweit f\u00fchrenden Unternehmen in der Herstellung und Pr\u00e4zisionsbearbeitung f\u00fcr zahlreiche Industriezweige:<br><\/p>\n\n\n\n<p><\/p>\n\n\n\n<div style=\"height:30px\" aria-hidden=\"true\" class=\"wp-block-spacer\"><\/div>\n\n\n\n<div class=\"scw-block-cta-columns \">\n            <div class=\"scw-block-cta-columns__item inside-grid-column\">\n            <div\n                class=\"scw-block-cta-columns__icon\"\n                style=\"background-image:url('https:\/\/www.chimimetal.com\/wp-content\/uploads\/2020\/03\/Group-16.jpg');\"\n            >\n            <\/div> <!-- \/.scw-block-cta-columns__icon -->\n                            <h3 class=\"scw-block-cta-columns__title\">AUTOMOBILINDUSTRIE<\/h3>\n                        <p class=\"scw-block-cta-columns__text\">Italienischer Marktf\u00fchrer in der Herstellung von Lautsprechergittern und Personalisierungswerkzeugen f\u00fcr BMW, Mercedes, Jaguar, Land Rover und andere Unternehmen.<\/p>\n                            <p class=\"scw-block-cta-columns__button\">\n                                            <a class=\"button\" href=\"\/de\/automobilindustrie\/\" target=\"_self\">ALLE ANSEHEN<\/a>\n                                    <\/p> <!-- \/.scw-block-cta-columns__button -->\n                    <\/div> <!-- \/.scw-block-cta-columns__item -->\n            <div class=\"scw-block-cta-columns__item inside-grid-column\">\n            <div\n                class=\"scw-block-cta-columns__icon\"\n                style=\"background-image:url('https:\/\/www.chimimetal.com\/wp-content\/uploads\/2020\/03\/Group-29.jpg');\"\n            >\n            <\/div> <!-- \/.scw-block-cta-columns__icon -->\n                            <h3 class=\"scw-block-cta-columns__title\">ELEKTRONIK UND MECHANIK<\/h3>\n                        <p class=\"scw-block-cta-columns__text\">Wir optimieren Designprozesse von Pr\u00e4zisionsteilen mit modernsten und funktionalen Technologien f\u00fcr Profis, Designer und Endkunden.<\/p>\n                            <p class=\"scw-block-cta-columns__button\">\n                                            <a class=\"button\" href=\"\/de\/elektronik-und-mechanik\/\" target=\"_self\">ALLE ANSEHEN<\/a>\n                                    <\/p> <!-- \/.scw-block-cta-columns__button -->\n                    <\/div> <!-- \/.scw-block-cta-columns__item -->\n            <div class=\"scw-block-cta-columns__item inside-grid-column\">\n            <div\n                class=\"scw-block-cta-columns__icon\"\n                style=\"background-image:url('https:\/\/www.chimimetal.com\/wp-content\/uploads\/2020\/03\/Group-41.png');\"\n            >\n            <\/div> <!-- \/.scw-block-cta-columns__icon -->\n                            <h3 class=\"scw-block-cta-columns__title\">DESIGN &amp; MODESCHMUCK<\/h3>\n                        <p class=\"scw-block-cta-columns__text\">Herstellung von dekorativen Komponenten Schmuckindustrie und alle Industriezweige, die \u00e4sthetische und technische Funktionsf\u00e4higkeiten in Einklang bringen m\u00fcssen.<\/p>\n                            <p class=\"scw-block-cta-columns__button\">\n                                            <a class=\"button\" href=\"\/de\/modeschmuck\/\" target=\"_self\">ALLE ANSEHEN<\/a>\n                                    <\/p> <!-- \/.scw-block-cta-columns__button -->\n                    <\/div> <!-- \/.scw-block-cta-columns__item -->\n            <div class=\"scw-block-cta-columns__item inside-grid-column\">\n            <div\n                class=\"scw-block-cta-columns__icon\"\n                style=\"background-image:url('https:\/\/www.chimimetal.com\/wp-content\/uploads\/2020\/03\/Group-3.png');\"\n            >\n            <\/div> <!-- \/.scw-block-cta-columns__icon -->\n                            <h3 class=\"scw-block-cta-columns__title\">BRILLENPRODUKTION<\/h3>\n                        <p class=\"scw-block-cta-columns__text\">Vom Prototyp bis zur Massenproduktion erstellen und passen wir Ihre Brille mittels fotochemischer \u00c4tztechnologien vom Logo bis ins kleinste Detail an.<\/p>\n                            <p class=\"scw-block-cta-columns__button\">\n                                            <a class=\"button\" href=\"https:\/\/www.chimimetal.com\/de\/brillenproduktion\/\" target=\"_self\">ALLE ANSEHEN<\/a>\n                                    <\/p> <!-- \/.scw-block-cta-columns__button -->\n                    <\/div> <!-- \/.scw-block-cta-columns__item -->\n    <\/div> <!-- \/.scw-block-cta-columns -->\n\n\n<div style=\"height:30px\" aria-hidden=\"true\" class=\"wp-block-spacer\"><\/div>\n\n\n\n<div class=\"scw-block-column-content generate-sections-container enable-parallax no-padding alignfull\">\n    <div\n        class=\"generate-sections-inside-container\"\n        itemprop=\"text\"\n    >\n        <div class=\"scw-block-column-content__first-column lgc-column lgc-grid-parent lgc-grid-40 lgc-tablet-grid-40 lgc-mobile-grid-100 lgc-equal-heights width-column-rightaligned lgc-first\">\n            <div class=\"scw-block-column-content__first-inner inside-grid-column\">\n                <h2 class=\"cta-headline\">FOTOCHEMISCHES METALL\u00c4TZEN<\/h2>\n                <p>Das fotochemische Metall\u00e4tzen ist eine avantgardistische Technik, die eine Alternative zum mechanischen Schneiden darstellt. Diese Bearbeitungsart basiert auf kontrolliertem Entfernen von Metallteilen (insbesondere Stahl und Kupferlegierungen) mittels chemischer L\u00f6sungen.<\/p>\n                                    <p><a class=\"button\" href=\"\/de\/fotochemisches-metallaetzen\/\" target=\"_self\">ALLE ANSEHEN<\/a><\/p>\n                            <\/div>\n        <\/div> <!-- \/.scw-block-column-content__first-column -->\n        <div\n            class=\"scw-block-column-content__second-column lgc-column lgc-grid-parent lgc-grid-60 lgc-tablet-grid-60 lgc-mobile-grid-100 lgc-equal-heights lgc-last\"\n            \n        >\n            <div class=\"inside-grid-column\" style=\"background-image:url('https:\/\/www.chimimetal.com\/wp-content\/uploads\/2020\/05\/fase-1-ingresso-lastre-grezze_1.jpg');\">\n                <div class=\"weweew\">\u00a0<\/div>\n            <\/div> <!-- \/.inside-grid-column -->\n        <\/div> <!-- \/.scw-block-column-content__second-column -->\n    <\/div> <!-- \/.generate-sections-inside-container -->\n<\/div> <!-- \/.scw-block-column-content -->\n\n\n<div style=\"height:30px\" aria-hidden=\"true\" class=\"wp-block-spacer\"><\/div>\n\n\n\n<div class=\"scw-block-column-content generate-sections-container enable-parallax no-padding alignfull\">\n    <div\n        class=\"generate-sections-inside-container generate-sections-inside-container--inverted\"\n        itemprop=\"text\"\n    >\n        <div class=\"scw-block-column-content__first-column lgc-column lgc-grid-parent lgc-grid-40 lgc-tablet-grid-40 lgc-mobile-grid-100 lgc-equal-heights width-column-leftaligned lgc-last\">\n            <div class=\"scw-block-column-content__first-inner inside-grid-column\">\n                <h2 class=\"cta-headline\">LASERSCHNEIDEN<\/h2>\n                <p>Das faseroptische Laserschneiden ist eine innovative Technik, die heutzutage zunehmend von Unternehmen f\u00fcr einen pr\u00e4zisen Schnitt und qualitativ hochwertige Ergebnisse eingesetzt wird.<\/p>\n                                    <p><a class=\"button\" href=\"\/de\/laserschneiden\/\" target=\"_self\">ALLE ANSEHEN<\/a><\/p>\n                            <\/div>\n        <\/div> <!-- \/.scw-block-column-content__first-column -->\n        <div\n            class=\"scw-block-column-content__second-column lgc-column lgc-grid-parent lgc-grid-60 lgc-tablet-grid-60 lgc-mobile-grid-100 lgc-equal-heights lgc-first\"\n            \n        >\n            <div class=\"inside-grid-column\" style=\"background-image:url('https:\/\/www.chimimetal.com\/wp-content\/uploads\/2020\/03\/Depositphotos_-1.jpg');\">\n                <div class=\"weweew\">\u00a0<\/div>\n            <\/div> <!-- \/.inside-grid-column -->\n        <\/div> <!-- \/.scw-block-column-content__second-column -->\n    <\/div> <!-- \/.generate-sections-inside-container -->\n<\/div> <!-- \/.scw-block-column-content -->\n\n\n<div style=\"height:30px\" aria-hidden=\"true\" class=\"wp-block-spacer\"><\/div>\n\n\n\n<div class=\"scw-block-column-content generate-sections-container enable-parallax no-padding alignfull\">\n    <div\n        class=\"generate-sections-inside-container\"\n        itemprop=\"text\"\n    >\n        <div class=\"scw-block-column-content__first-column lgc-column lgc-grid-parent lgc-grid-40 lgc-tablet-grid-40 lgc-mobile-grid-100 lgc-equal-heights width-column-rightaligned lgc-first\">\n            <div class=\"scw-block-column-content__first-inner inside-grid-column\">\n                <h2 class=\"cta-headline\">KOMBINIERTES SCHNEIDVERFAHREN<\/h2>\n                <p>Die Kombination des fotochemischen \u00c4tzens mit der Technologie des aserschneidens ist zweifellos eine optimale L\u00f6sung f\u00fcr die Herstellung von Produkten mit komplexen und grafisch hochwertigen Details. Somit sind wir imstande jeder Art von Anforderung unserer Kunden entgegenzukommen.<\/p>\n                                    <p><a class=\"button\" href=\"\/de\/kombiniertes-schneidverfahren\/\" target=\"_self\">ALLE ANSEHEN<\/a><\/p>\n                            <\/div>\n        <\/div> <!-- \/.scw-block-column-content__first-column -->\n        <div\n            class=\"scw-block-column-content__second-column lgc-column lgc-grid-parent lgc-grid-60 lgc-tablet-grid-60 lgc-mobile-grid-100 lgc-equal-heights lgc-last\"\n            \n        >\n            <div class=\"inside-grid-column\" style=\"background-image:url('https:\/\/www.chimimetal.com\/wp-content\/uploads\/2020\/06\/IMG_20200604_083344__01.jpg');\">\n                <div class=\"weweew\">\u00a0<\/div>\n            <\/div> <!-- \/.inside-grid-column -->\n        <\/div> <!-- \/.scw-block-column-content__second-column -->\n    <\/div> <!-- \/.generate-sections-inside-container -->\n<\/div> <!-- \/.scw-block-column-content -->","protected":false},"excerpt":{"rendered":"<p>LEADER IN Metall \u00e4tzen Technologie Seit 1997 ist Chimimetal eines &#8230; <\/p>\n<p class=\"read-more-container\"><a title=\"Home\" class=\"read-more button\" href=\"https:\/\/www.chimimetal.com\/de\/#more-2175\">Weiterlesen<span class=\"screen-reader-text\">Home<\/span><\/a><\/p>\n","protected":false},"author":2,"featured_media":0,"parent":0,"menu_order":1,"comment_status":"closed","ping_status":"closed","template":"","meta":{"_acf_changed":false,"footnotes":""},"class_list":["post-2175","page","type-page","status-publish"],"acf":[],"yoast_head":"<!-- This site is optimized with the Yoast SEO plugin v26.8 - https:\/\/yoast.com\/product\/yoast-seo-wordpress\/ -->\n<title>Metall \u00e4tzen Technologie - Chimimetal<\/title>\n<meta name=\"description\" content=\"Wir sind ein Bezugspunkt f\u00fcr die Innovation von Metall \u00e4tzen und Lasertechnologie im Dienste der Menschen. Rufen Sie uns f\u00fcr ein Angebot an\" \/>\n<meta name=\"robots\" content=\"index, follow, max-snippet:-1, max-image-preview:large, max-video-preview:-1\" \/>\n<link rel=\"canonical\" href=\"https:\/\/www.chimimetal.com\/de\/\" \/>\n<meta property=\"og:locale\" content=\"de_DE\" \/>\n<meta property=\"og:type\" content=\"article\" \/>\n<meta property=\"og:title\" content=\"Metall \u00e4tzen Technologie - Chimimetal\" \/>\n<meta property=\"og:description\" content=\"Wir sind ein Bezugspunkt f\u00fcr die Innovation von Metall \u00e4tzen und Lasertechnologie im Dienste der Menschen. Rufen Sie uns f\u00fcr ein Angebot an\" \/>\n<meta property=\"og:url\" content=\"https:\/\/www.chimimetal.com\/de\/\" \/>\n<meta property=\"og:site_name\" content=\"Chimimetal\" \/>\n<meta property=\"article:modified_time\" content=\"2020-11-08T14:15:09+00:00\" \/>\n<meta name=\"twitter:card\" content=\"summary_large_image\" \/>\n<script type=\"application\/ld+json\" class=\"yoast-schema-graph\">{\"@context\":\"https:\/\/schema.org\",\"@graph\":[{\"@type\":\"WebPage\",\"@id\":\"https:\/\/www.chimimetal.com\/de\/\",\"url\":\"https:\/\/www.chimimetal.com\/de\/\",\"name\":\"Metall \u00e4tzen Technologie - Chimimetal\",\"isPartOf\":{\"@id\":\"https:\/\/www.chimimetal.com\/#website\"},\"datePublished\":\"2020-04-30T10:45:23+00:00\",\"dateModified\":\"2020-11-08T14:15:09+00:00\",\"description\":\"Wir sind ein Bezugspunkt f\u00fcr die Innovation von Metall \u00e4tzen und Lasertechnologie im Dienste der Menschen. Rufen Sie uns f\u00fcr ein Angebot an\",\"breadcrumb\":{\"@id\":\"https:\/\/www.chimimetal.com\/de\/#breadcrumb\"},\"inLanguage\":\"de\",\"potentialAction\":[{\"@type\":\"ReadAction\",\"target\":[\"https:\/\/www.chimimetal.com\/de\/\"]}]},{\"@type\":\"BreadcrumbList\",\"@id\":\"https:\/\/www.chimimetal.com\/de\/#breadcrumb\",\"itemListElement\":[{\"@type\":\"ListItem\",\"position\":1,\"name\":\"Home\",\"item\":\"https:\/\/www.chimimetal.com\/de\/\"},{\"@type\":\"ListItem\",\"position\":2,\"name\":\"Home\"}]},{\"@type\":\"WebSite\",\"@id\":\"https:\/\/www.chimimetal.com\/#website\",\"url\":\"https:\/\/www.chimimetal.com\/\",\"name\":\"Chimimetal\",\"description\":\"\",\"publisher\":{\"@id\":\"https:\/\/www.chimimetal.com\/#organization\"},\"potentialAction\":[{\"@type\":\"SearchAction\",\"target\":{\"@type\":\"EntryPoint\",\"urlTemplate\":\"https:\/\/www.chimimetal.com\/?s={search_term_string}\"},\"query-input\":{\"@type\":\"PropertyValueSpecification\",\"valueRequired\":true,\"valueName\":\"search_term_string\"}}],\"inLanguage\":\"de\"},{\"@type\":\"Organization\",\"@id\":\"https:\/\/www.chimimetal.com\/#organization\",\"name\":\"Chimimetal\",\"url\":\"https:\/\/www.chimimetal.com\/\",\"logo\":{\"@type\":\"ImageObject\",\"inLanguage\":\"de\",\"@id\":\"https:\/\/www.chimimetal.com\/#\/schema\/logo\/image\/\",\"url\":\"https:\/\/www.chimimetal.com\/wp-content\/uploads\/2020\/03\/logo-main.png\",\"contentUrl\":\"https:\/\/www.chimimetal.com\/wp-content\/uploads\/2020\/03\/logo-main.png\",\"width\":400,\"height\":130,\"caption\":\"Chimimetal\"},\"image\":{\"@id\":\"https:\/\/www.chimimetal.com\/#\/schema\/logo\/image\/\"}}]}<\/script>\n<!-- \/ Yoast SEO plugin. -->","yoast_head_json":{"title":"Metall \u00e4tzen Technologie - Chimimetal","description":"Wir sind ein Bezugspunkt f\u00fcr die Innovation von Metall \u00e4tzen und Lasertechnologie im Dienste der Menschen. Rufen Sie uns f\u00fcr ein Angebot an","robots":{"index":"index","follow":"follow","max-snippet":"max-snippet:-1","max-image-preview":"max-image-preview:large","max-video-preview":"max-video-preview:-1"},"canonical":"https:\/\/www.chimimetal.com\/de\/","og_locale":"de_DE","og_type":"article","og_title":"Metall \u00e4tzen Technologie - Chimimetal","og_description":"Wir sind ein Bezugspunkt f\u00fcr die Innovation von Metall \u00e4tzen und Lasertechnologie im Dienste der Menschen. Rufen Sie uns f\u00fcr ein Angebot an","og_url":"https:\/\/www.chimimetal.com\/de\/","og_site_name":"Chimimetal","article_modified_time":"2020-11-08T14:15:09+00:00","twitter_card":"summary_large_image","schema":{"@context":"https:\/\/schema.org","@graph":[{"@type":"WebPage","@id":"https:\/\/www.chimimetal.com\/de\/","url":"https:\/\/www.chimimetal.com\/de\/","name":"Metall \u00e4tzen Technologie - Chimimetal","isPartOf":{"@id":"https:\/\/www.chimimetal.com\/#website"},"datePublished":"2020-04-30T10:45:23+00:00","dateModified":"2020-11-08T14:15:09+00:00","description":"Wir sind ein Bezugspunkt f\u00fcr die Innovation von Metall \u00e4tzen und Lasertechnologie im Dienste der Menschen. Rufen Sie uns f\u00fcr ein Angebot an","breadcrumb":{"@id":"https:\/\/www.chimimetal.com\/de\/#breadcrumb"},"inLanguage":"de","potentialAction":[{"@type":"ReadAction","target":["https:\/\/www.chimimetal.com\/de\/"]}]},{"@type":"BreadcrumbList","@id":"https:\/\/www.chimimetal.com\/de\/#breadcrumb","itemListElement":[{"@type":"ListItem","position":1,"name":"Home","item":"https:\/\/www.chimimetal.com\/de\/"},{"@type":"ListItem","position":2,"name":"Home"}]},{"@type":"WebSite","@id":"https:\/\/www.chimimetal.com\/#website","url":"https:\/\/www.chimimetal.com\/","name":"Chimimetal","description":"","publisher":{"@id":"https:\/\/www.chimimetal.com\/#organization"},"potentialAction":[{"@type":"SearchAction","target":{"@type":"EntryPoint","urlTemplate":"https:\/\/www.chimimetal.com\/?s={search_term_string}"},"query-input":{"@type":"PropertyValueSpecification","valueRequired":true,"valueName":"search_term_string"}}],"inLanguage":"de"},{"@type":"Organization","@id":"https:\/\/www.chimimetal.com\/#organization","name":"Chimimetal","url":"https:\/\/www.chimimetal.com\/","logo":{"@type":"ImageObject","inLanguage":"de","@id":"https:\/\/www.chimimetal.com\/#\/schema\/logo\/image\/","url":"https:\/\/www.chimimetal.com\/wp-content\/uploads\/2020\/03\/logo-main.png","contentUrl":"https:\/\/www.chimimetal.com\/wp-content\/uploads\/2020\/03\/logo-main.png","width":400,"height":130,"caption":"Chimimetal"},"image":{"@id":"https:\/\/www.chimimetal.com\/#\/schema\/logo\/image\/"}}]}},"_links":{"self":[{"href":"https:\/\/www.chimimetal.com\/de\/wp-json\/wp\/v2\/pages\/2175","targetHints":{"allow":["GET"]}}],"collection":[{"href":"https:\/\/www.chimimetal.com\/de\/wp-json\/wp\/v2\/pages"}],"about":[{"href":"https:\/\/www.chimimetal.com\/de\/wp-json\/wp\/v2\/types\/page"}],"author":[{"embeddable":true,"href":"https:\/\/www.chimimetal.com\/de\/wp-json\/wp\/v2\/users\/2"}],"replies":[{"embeddable":true,"href":"https:\/\/www.chimimetal.com\/de\/wp-json\/wp\/v2\/comments?post=2175"}],"version-history":[{"count":22,"href":"https:\/\/www.chimimetal.com\/de\/wp-json\/wp\/v2\/pages\/2175\/revisions"}],"predecessor-version":[{"id":3684,"href":"https:\/\/www.chimimetal.com\/de\/wp-json\/wp\/v2\/pages\/2175\/revisions\/3684"}],"wp:attachment":[{"href":"https:\/\/www.chimimetal.com\/de\/wp-json\/wp\/v2\/media?parent=2175"}],"curies":[{"name":"wp","href":"https:\/\/api.w.org\/{rel}","templated":true}]}}