{"id":2250,"date":"2020-03-19T15:14:56","date_gmt":"2020-03-19T14:14:56","guid":{"rendered":"http:\/\/chimimetal.localhost\/?page_id=2250"},"modified":"2022-07-05T10:30:32","modified_gmt":"2022-07-05T08:30:32","slug":"automobilindustrie","status":"publish","type":"page","link":"https:\/\/www.chimimetal.com\/de\/automobilindustrie\/","title":{"rendered":"\u00c4tztechnik in der Automobilindustrie"},"content":{"rendered":"\n<div class=\"wp-block-columns is-layout-flex wp-container-core-columns-is-layout-1 wp-block-columns-is-layout-flex\">\n<div class=\"wp-block-column is-layout-flow wp-block-column-is-layout-flow\">\n<p>Die Herausforderungen, vor denen Fachleute in der Automobilindustrie stehen, sind vielf\u00e4ltig. Dieser Bereich erfordert kontinuierliche Entwicklung, f\u00fcr das Optimieren der Leistungen und Standards, um mit der Konkurrenz Schritt halten zu k\u00f6nnen.&nbsp;<\/p>\n\n\n\n<p>Unsere chemische Gravur- und \u00c4tztechnik erf\u00fcllt diese Anforderungen perfekt und erm\u00f6glicht uns die Herstellung von Modellen mit komplexen Maschen und hochaufl\u00f6senden Oberfl\u00e4chengravuren, die mit traditionellen Blechbearbeitungstechniken nicht hergestellt werden k\u00f6nnen.&nbsp;<\/p>\n\n\n\n<p>  Die Gravur und \u00c4tzung bietet sowohl \u00e4sthetische als auch funktionelle Vorteile und erm\u00f6glicht, ohne zus\u00e4tzliche Kosten den Erhalt von:&nbsp;  <\/p>\n\n\n\n<ul class=\"wp-block-list\"><li>ausgesprochener D\u00fcnne und hoher Festigkeit;<\/li><li>hoher Best\u00e4ndigkeit;<\/li><li>hochaufl\u00f6senden Logos, ohne zus\u00e4tzliche Kosten;<\/li><li>verschiedenen \u00d6ffnungen jeglicher Gr\u00f6\u00dfen, Formen oder Positionen, ohne zus\u00e4tzliche Kosten;<\/li><li>Grat- und Spannungsfreiheit;\u00a0<\/li><li>100 % kratz- und fehlerfreien Produkten.  <\/li><\/ul>\n\n\n\n<div class=\"wp-block-buttons is-layout-flex wp-block-buttons-is-layout-flex\">\n<div class=\"wp-block-button\"><a class=\"wp-block-button__link\" href=\"https:\/\/www.chimimetal.com\/de\/kontaktiere-uns\/\">Kontakt<\/a><\/div>\n<\/div>\n<\/div>\n\n\n\n<div class=\"wp-block-column is-layout-flow wp-block-column-is-layout-flow\">\n<figure class=\"wp-block-image size-large\"><img loading=\"lazy\" decoding=\"async\" width=\"1024\" height=\"684\" src=\"http:\/\/restyle.chimimetal.com\/wp-content\/uploads\/2020\/05\/DSC_6806-1024x684.jpg\" alt=\"\" class=\"wp-image-2953\" srcset=\"https:\/\/www.chimimetal.com\/wp-content\/uploads\/2020\/05\/DSC_6806-1024x684.jpg 1024w, https:\/\/www.chimimetal.com\/wp-content\/uploads\/2020\/05\/DSC_6806-300x200.jpg 300w, https:\/\/www.chimimetal.com\/wp-content\/uploads\/2020\/05\/DSC_6806-768x513.jpg 768w, https:\/\/www.chimimetal.com\/wp-content\/uploads\/2020\/05\/DSC_6806.jpg 1300w\" sizes=\"auto, (max-width: 1024px) 100vw, 1024px\" \/><\/figure>\n<\/div>\n<\/div>\n\n\n\n<div class=\"wp-block-columns is-layout-flex wp-container-core-columns-is-layout-2 wp-block-columns-is-layout-flex\">\n<div class=\"wp-block-column is-layout-flow wp-block-column-is-layout-flow\">\n<figure class=\"wp-block-image size-large\"><img loading=\"lazy\" decoding=\"async\" width=\"1024\" height=\"684\" src=\"http:\/\/restyle.chimimetal.com\/wp-content\/uploads\/2020\/05\/DSC_6798-1024x684.jpg\" alt=\"\" class=\"wp-image-2933\" srcset=\"https:\/\/www.chimimetal.com\/wp-content\/uploads\/2020\/05\/DSC_6798-1024x684.jpg 1024w, https:\/\/www.chimimetal.com\/wp-content\/uploads\/2020\/05\/DSC_6798-300x200.jpg 300w, https:\/\/www.chimimetal.com\/wp-content\/uploads\/2020\/05\/DSC_6798-768x513.jpg 768w, https:\/\/www.chimimetal.com\/wp-content\/uploads\/2020\/05\/DSC_6798.jpg 1300w\" sizes=\"auto, (max-width: 1024px) 100vw, 1024px\" \/><\/figure>\n<\/div>\n\n\n\n<div class=\"wp-block-column is-layout-flow wp-block-column-is-layout-flow\">\n<h3 class=\"wp-block-heading\"><strong>UNSERE PRODUKTE<\/strong><\/h3>\n\n\n\n<h3 class=\"wp-block-heading\"><strong>LAUTSPRECHERGITTER <\/strong><\/h3>\n\n\n\n<p>Chimimetal ist italienischer Marktf\u00fchrer in der Herstellung von Lautsprechergittern durch hochpr\u00e4zise \u00c4tztechnik. Das Unternehmen liefert jede Woche Zehntausende von Lautsprechergittern f\u00fcr Autohersteller wie:&nbsp;<\/p>\n\n\n\n<ul class=\"wp-block-list\"><li>BMW<\/li><li>Mercedes<\/li><li>Jaguar<\/li><li>Land Rover<\/li><\/ul>\n\n\n\n<h3 class=\"wp-block-heading\"><strong>EINSTIEGS- UND KOFFERRAUMLEISTEN, ARMATURENBRETTER<\/strong><\/h3>\n\n\n\n<p>Dank der Gravur- und \u00c4tztechnik sind wir in der Lage, unseren Kunden optimale Instrumente f\u00fcr die individuelle Gestaltung der Fahrzeuge, f\u00fcr pr\u00e4zise \u00d6ffnungen und neuartige Bohrmuster f\u00fcr die Hintergrundbeleuchtung zur Verf\u00fcgung zu stellen. Die individuelle Anpassung kann sogar auch die Namen oder Unterschriften der Fahrzeugbesitzer enthalten. <\/p>\n<\/div>\n<\/div>\n\n\n\n<div class=\"wp-block-buttons is-layout-flex wp-block-buttons-is-layout-flex\"><\/div>\n\n\n\n<div class=\"wp-block-columns is-layout-flex wp-container-core-columns-is-layout-3 wp-block-columns-is-layout-flex\">\n<div class=\"wp-block-column is-layout-flow wp-block-column-is-layout-flow\">\n<h2 class=\"wp-block-heading\"><strong>WARUM SOLLTE MAN CHIMIMETAL W\u00c4HLEN?<\/strong><\/h2>\n\n\n\n<p>Das mittels jahrelanger Erfahrung aufgebaute Know-how von Chimimetal erf\u00fcllt die vielf\u00e4ltigsten Qualit\u00e4ts-, Produktions- und Wettbewerbsanforderungen, die sich ein Bereich, wie der Automotive-Sektor, kontinuierlich und auf neuestem Stand erwartet.<\/p>\n\n\n\n<p>In dieser Hinsicht konzentriert sich Chimimetal stark auf ein spezifisches Qualit\u00e4tsverbesserungsprogramm, das durch die Erf\u00fcllung der APQP-Anforderungen im Rahmen der Zusammenarbeit mit den Kunden \u00fcber FMEA, MSA und PPAP erstellt wurde.&nbsp;&nbsp;&nbsp;<\/p>\n\n\n\n<p>Dank der wiederholt best\u00e4tigten Zusammenarbeit mit wichtigen Technologiepartnern wollen wir den immer anspruchsvolleren Anforderungen der Kunden mit Blick auf neue Produktionslinien zu reduzierten Kosten gerecht werden, ohne dabei die Qualit\u00e4t des Endprodukts zu beeintr\u00e4chtigen.<br><\/p>\n\n\n\n<p><\/p>\n<\/div>\n\n\n\n<div class=\"wp-block-column is-layout-flow wp-block-column-is-layout-flow\">\n<figure class=\"wp-block-image size-large\"><img loading=\"lazy\" decoding=\"async\" width=\"1024\" height=\"684\" src=\"http:\/\/restyle.chimimetal.com\/wp-content\/uploads\/2020\/05\/DSC_6797-1024x684.jpg\" alt=\"\" class=\"wp-image-2928\" srcset=\"https:\/\/www.chimimetal.com\/wp-content\/uploads\/2020\/05\/DSC_6797-1024x684.jpg 1024w, https:\/\/www.chimimetal.com\/wp-content\/uploads\/2020\/05\/DSC_6797-300x200.jpg 300w, https:\/\/www.chimimetal.com\/wp-content\/uploads\/2020\/05\/DSC_6797-768x513.jpg 768w, https:\/\/www.chimimetal.com\/wp-content\/uploads\/2020\/05\/DSC_6797.jpg 1300w\" sizes=\"auto, (max-width: 1024px) 100vw, 1024px\" \/><\/figure>\n<\/div>\n<\/div>\n\n\n \r\n\r\n   <div class=\"acf_gallery gallery\"> \r\n\r\n       \r\n\r\n         <a href=\"https:\/\/www.chimimetal.com\/wp-content\/uploads\/2020\/05\/DSC_6781.jpg\" target=\"_blank\" class=\"acf_thumbnail_item thumbnail\"> \r\n            <img decoding=\"async\" src=\"https:\/\/www.chimimetal.com\/wp-content\/uploads\/2020\/05\/DSC_6781-260x180.jpg\" alt=\"\u00c4tztechnik in der Automobilindustrie\" \/> \r\n         <\/a> \r\n\r\n       \r\n\r\n         <a href=\"https:\/\/www.chimimetal.com\/wp-content\/uploads\/2020\/05\/DSC_6785.jpg\" target=\"_blank\" class=\"acf_thumbnail_item thumbnail\"> \r\n            <img decoding=\"async\" src=\"https:\/\/www.chimimetal.com\/wp-content\/uploads\/2020\/05\/DSC_6785-260x180.jpg\" alt=\"\u00c4tztechnik in der Automobilindustrie\" \/> \r\n         <\/a> \r\n\r\n       \r\n\r\n         <a href=\"https:\/\/www.chimimetal.com\/wp-content\/uploads\/2020\/05\/DSC_6787.jpg\" target=\"_blank\" class=\"acf_thumbnail_item thumbnail\"> \r\n            <img decoding=\"async\" src=\"https:\/\/www.chimimetal.com\/wp-content\/uploads\/2020\/05\/DSC_6787-260x180.jpg\" alt=\"\u00c4tztechnik in der Automobilindustrie\" \/> \r\n         <\/a> \r\n\r\n       \r\n\r\n         <a href=\"https:\/\/www.chimimetal.com\/wp-content\/uploads\/2020\/05\/DSC_6788.jpg\" target=\"_blank\" class=\"acf_thumbnail_item thumbnail\"> \r\n            <img decoding=\"async\" src=\"https:\/\/www.chimimetal.com\/wp-content\/uploads\/2020\/05\/DSC_6788-260x180.jpg\" alt=\"\u00c4tztechnik in der Automobilindustrie\" \/> \r\n         <\/a> \r\n\r\n       \r\n\r\n         <a href=\"https:\/\/www.chimimetal.com\/wp-content\/uploads\/2020\/05\/DSC_6789.jpg\" target=\"_blank\" class=\"acf_thumbnail_item thumbnail\"> \r\n            <img decoding=\"async\" src=\"https:\/\/www.chimimetal.com\/wp-content\/uploads\/2020\/05\/DSC_6789-260x180.jpg\" alt=\"\u00c4tztechnik in der Automobilindustrie\" \/> \r\n         <\/a> \r\n\r\n       \r\n\r\n         <a href=\"https:\/\/www.chimimetal.com\/wp-content\/uploads\/2020\/05\/DSC_6790.jpg\" target=\"_blank\" class=\"acf_thumbnail_item thumbnail\"> \r\n            <img decoding=\"async\" src=\"https:\/\/www.chimimetal.com\/wp-content\/uploads\/2020\/05\/DSC_6790-260x180.jpg\" alt=\"\u00c4tztechnik in der Automobilindustrie\" \/> \r\n         <\/a> \r\n\r\n       \r\n\r\n         <a href=\"https:\/\/www.chimimetal.com\/wp-content\/uploads\/2020\/05\/DSC_6793.jpg\" target=\"_blank\" class=\"acf_thumbnail_item thumbnail\"> \r\n            <img decoding=\"async\" src=\"https:\/\/www.chimimetal.com\/wp-content\/uploads\/2020\/05\/DSC_6793-260x180.jpg\" alt=\"\u00c4tztechnik in der Automobilindustrie\" \/> \r\n         <\/a> \r\n\r\n       \r\n\r\n         <a href=\"https:\/\/www.chimimetal.com\/wp-content\/uploads\/2020\/05\/DSC_6797.jpg\" target=\"_blank\" class=\"acf_thumbnail_item thumbnail\"> \r\n            <img decoding=\"async\" src=\"https:\/\/www.chimimetal.com\/wp-content\/uploads\/2020\/05\/DSC_6797-260x180.jpg\" alt=\"\u00c4tztechnik in der Automobilindustrie\" \/> \r\n         <\/a> \r\n\r\n       \r\n\r\n         <a href=\"https:\/\/www.chimimetal.com\/wp-content\/uploads\/2020\/05\/DSC_6798.jpg\" target=\"_blank\" class=\"acf_thumbnail_item thumbnail\"> \r\n            <img decoding=\"async\" src=\"https:\/\/www.chimimetal.com\/wp-content\/uploads\/2020\/05\/DSC_6798-260x180.jpg\" alt=\"\u00c4tztechnik in der Automobilindustrie\" \/> \r\n         <\/a> \r\n\r\n       \r\n\r\n         <a href=\"https:\/\/www.chimimetal.com\/wp-content\/uploads\/2020\/05\/DSC_6800.jpg\" target=\"_blank\" class=\"acf_thumbnail_item thumbnail\"> \r\n            <img decoding=\"async\" src=\"https:\/\/www.chimimetal.com\/wp-content\/uploads\/2020\/05\/DSC_6800-260x180.jpg\" alt=\"\u00c4tztechnik in der Automobilindustrie\" \/> \r\n         <\/a> \r\n\r\n       \r\n\r\n         <a href=\"https:\/\/www.chimimetal.com\/wp-content\/uploads\/2020\/05\/DSC_6803.jpg\" target=\"_blank\" class=\"acf_thumbnail_item thumbnail\"> \r\n            <img decoding=\"async\" src=\"https:\/\/www.chimimetal.com\/wp-content\/uploads\/2020\/05\/DSC_6803-260x180.jpg\" alt=\"\u00c4tztechnik in der Automobilindustrie\" \/> \r\n         <\/a> \r\n\r\n       \r\n\r\n         <a href=\"https:\/\/www.chimimetal.com\/wp-content\/uploads\/2020\/05\/DSC_6805.jpg\" target=\"_blank\" class=\"acf_thumbnail_item thumbnail\"> \r\n            <img decoding=\"async\" src=\"https:\/\/www.chimimetal.com\/wp-content\/uploads\/2020\/05\/DSC_6805-260x180.jpg\" alt=\"\u00c4tztechnik in der Automobilindustrie\" \/> \r\n         <\/a> \r\n\r\n       \r\n\r\n         <a href=\"https:\/\/www.chimimetal.com\/wp-content\/uploads\/2020\/05\/DSC_6806.jpg\" target=\"_blank\" class=\"acf_thumbnail_item thumbnail\"> \r\n            <img decoding=\"async\" src=\"https:\/\/www.chimimetal.com\/wp-content\/uploads\/2020\/05\/DSC_6806-260x180.jpg\" alt=\"\u00c4tztechnik in der Automobilindustrie\" \/> \r\n         <\/a> \r\n\r\n       \r\n\r\n         <a href=\"https:\/\/www.chimimetal.com\/wp-content\/uploads\/2020\/05\/DSC_6885.jpg\" target=\"_blank\" class=\"acf_thumbnail_item thumbnail\"> \r\n            <img decoding=\"async\" src=\"https:\/\/www.chimimetal.com\/wp-content\/uploads\/2020\/05\/DSC_6885-260x180.jpg\" alt=\"\u00c4tztechnik in der Automobilindustrie\" \/> \r\n         <\/a> \r\n\r\n       \r\n\r\n         <a href=\"https:\/\/www.chimimetal.com\/wp-content\/uploads\/2020\/05\/DSC_9578.jpg\" target=\"_blank\" class=\"acf_thumbnail_item thumbnail\"> \r\n            <img decoding=\"async\" src=\"https:\/\/www.chimimetal.com\/wp-content\/uploads\/2020\/05\/DSC_9578-260x180.jpg\" alt=\"\u00c4tztechnik in der Automobilindustrie\" \/> \r\n         <\/a> \r\n\r\n       \r\n\r\n         <a href=\"https:\/\/www.chimimetal.com\/wp-content\/uploads\/2020\/05\/DSC_9588.jpg\" target=\"_blank\" class=\"acf_thumbnail_item thumbnail\"> \r\n            <img decoding=\"async\" src=\"https:\/\/www.chimimetal.com\/wp-content\/uploads\/2020\/05\/DSC_9588-260x180.jpg\" alt=\"\u00c4tztechnik in der Automobilindustrie\" \/> \r\n         <\/a> \r\n\r\n       \r\n      <!-- <a href=\"#\" class=\"button center\"><\/a> -->\r\n   <\/div> \r\n\r\n","protected":false},"excerpt":{"rendered":"<p>Die Herausforderungen, vor denen Fachleute in der Automobilindustrie stehen, sind &#8230; <\/p>\n<p class=\"read-more-container\"><a title=\"\u00c4tztechnik in der Automobilindustrie\" class=\"read-more button\" href=\"https:\/\/www.chimimetal.com\/de\/automobilindustrie\/#more-2250\">Weiterlesen<span class=\"screen-reader-text\">\u00c4tztechnik in der Automobilindustrie<\/span><\/a><\/p>\n","protected":false},"author":2,"featured_media":0,"parent":0,"menu_order":0,"comment_status":"closed","ping_status":"closed","template":"","meta":{"_acf_changed":false,"footnotes":""},"class_list":["post-2250","page","type-page","status-publish"],"acf":[],"yoast_head":"<!-- This site is optimized with the Yoast SEO plugin v26.8 - https:\/\/yoast.com\/product\/yoast-seo-wordpress\/ -->\n<title>\u00c4tztechnik in der Automobilindustrie - Chimimetal<\/title>\n<meta name=\"description\" content=\"Chimimetal hat im Laufe der Jahre ein spezifisches Know-how in der \u00c4tztechnik im Automobilbereich entwickelt. Finde mehr heraus\" \/>\n<meta name=\"robots\" content=\"index, follow, max-snippet:-1, max-image-preview:large, max-video-preview:-1\" \/>\n<link rel=\"canonical\" href=\"https:\/\/www.chimimetal.com\/automotive\/\" \/>\n<meta property=\"og:locale\" content=\"de_DE\" \/>\n<meta property=\"og:type\" content=\"article\" \/>\n<meta property=\"og:title\" content=\"\u00c4tztechnik in der Automobilindustrie - Chimimetal\" \/>\n<meta property=\"og:description\" content=\"Chimimetal hat im Laufe der Jahre ein spezifisches Know-how in der \u00c4tztechnik im Automobilbereich entwickelt. Finde mehr heraus\" \/>\n<meta property=\"og:url\" content=\"https:\/\/www.chimimetal.com\/automotive\/\" \/>\n<meta property=\"og:site_name\" content=\"Chimimetal\" \/>\n<meta property=\"article:modified_time\" content=\"2022-07-05T08:30:32+00:00\" \/>\n<meta property=\"og:image\" content=\"http:\/\/restyle.chimimetal.com\/wp-content\/uploads\/2020\/05\/DSC_6806-1024x684.jpg\" \/>\n<meta name=\"twitter:card\" content=\"summary_large_image\" \/>\n<meta name=\"twitter:label1\" content=\"Gesch\u00e4tzte Lesezeit\" \/>\n\t<meta name=\"twitter:data1\" content=\"2\u00a0Minuten\" \/>\n<script type=\"application\/ld+json\" class=\"yoast-schema-graph\">{\"@context\":\"https:\/\/schema.org\",\"@graph\":[{\"@type\":\"WebPage\",\"@id\":\"https:\/\/www.chimimetal.com\/automotive\/\",\"url\":\"https:\/\/www.chimimetal.com\/automotive\/\",\"name\":\"\u00c4tztechnik in der Automobilindustrie - Chimimetal\",\"isPartOf\":{\"@id\":\"https:\/\/www.chimimetal.com\/#website\"},\"primaryImageOfPage\":{\"@id\":\"https:\/\/www.chimimetal.com\/automotive\/#primaryimage\"},\"image\":{\"@id\":\"https:\/\/www.chimimetal.com\/automotive\/#primaryimage\"},\"thumbnailUrl\":\"http:\/\/restyle.chimimetal.com\/wp-content\/uploads\/2020\/05\/DSC_6806-1024x684.jpg\",\"datePublished\":\"2020-03-19T14:14:56+00:00\",\"dateModified\":\"2022-07-05T08:30:32+00:00\",\"description\":\"Chimimetal hat im Laufe der Jahre ein spezifisches Know-how in der \u00c4tztechnik im Automobilbereich entwickelt. Finde mehr heraus\",\"breadcrumb\":{\"@id\":\"https:\/\/www.chimimetal.com\/automotive\/#breadcrumb\"},\"inLanguage\":\"de\",\"potentialAction\":[{\"@type\":\"ReadAction\",\"target\":[\"https:\/\/www.chimimetal.com\/automotive\/\"]}]},{\"@type\":\"ImageObject\",\"inLanguage\":\"de\",\"@id\":\"https:\/\/www.chimimetal.com\/automotive\/#primaryimage\",\"url\":\"http:\/\/restyle.chimimetal.com\/wp-content\/uploads\/2020\/05\/DSC_6806-1024x684.jpg\",\"contentUrl\":\"http:\/\/restyle.chimimetal.com\/wp-content\/uploads\/2020\/05\/DSC_6806-1024x684.jpg\"},{\"@type\":\"BreadcrumbList\",\"@id\":\"https:\/\/www.chimimetal.com\/automotive\/#breadcrumb\",\"itemListElement\":[{\"@type\":\"ListItem\",\"position\":1,\"name\":\"Home\",\"item\":\"https:\/\/www.chimimetal.com\/de\/\"},{\"@type\":\"ListItem\",\"position\":2,\"name\":\"\u00c4tztechnik in der Automobilindustrie\"}]},{\"@type\":\"WebSite\",\"@id\":\"https:\/\/www.chimimetal.com\/#website\",\"url\":\"https:\/\/www.chimimetal.com\/\",\"name\":\"Chimimetal\",\"description\":\"\",\"publisher\":{\"@id\":\"https:\/\/www.chimimetal.com\/#organization\"},\"potentialAction\":[{\"@type\":\"SearchAction\",\"target\":{\"@type\":\"EntryPoint\",\"urlTemplate\":\"https:\/\/www.chimimetal.com\/?s={search_term_string}\"},\"query-input\":{\"@type\":\"PropertyValueSpecification\",\"valueRequired\":true,\"valueName\":\"search_term_string\"}}],\"inLanguage\":\"de\"},{\"@type\":\"Organization\",\"@id\":\"https:\/\/www.chimimetal.com\/#organization\",\"name\":\"Chimimetal\",\"url\":\"https:\/\/www.chimimetal.com\/\",\"logo\":{\"@type\":\"ImageObject\",\"inLanguage\":\"de\",\"@id\":\"https:\/\/www.chimimetal.com\/#\/schema\/logo\/image\/\",\"url\":\"https:\/\/www.chimimetal.com\/wp-content\/uploads\/2020\/03\/logo-main.png\",\"contentUrl\":\"https:\/\/www.chimimetal.com\/wp-content\/uploads\/2020\/03\/logo-main.png\",\"width\":400,\"height\":130,\"caption\":\"Chimimetal\"},\"image\":{\"@id\":\"https:\/\/www.chimimetal.com\/#\/schema\/logo\/image\/\"}}]}<\/script>\n<!-- \/ Yoast SEO plugin. -->","yoast_head_json":{"title":"\u00c4tztechnik in der Automobilindustrie - Chimimetal","description":"Chimimetal hat im Laufe der Jahre ein spezifisches Know-how in der \u00c4tztechnik im Automobilbereich entwickelt. Finde mehr heraus","robots":{"index":"index","follow":"follow","max-snippet":"max-snippet:-1","max-image-preview":"max-image-preview:large","max-video-preview":"max-video-preview:-1"},"canonical":"https:\/\/www.chimimetal.com\/automotive\/","og_locale":"de_DE","og_type":"article","og_title":"\u00c4tztechnik in der Automobilindustrie - Chimimetal","og_description":"Chimimetal hat im Laufe der Jahre ein spezifisches Know-how in der \u00c4tztechnik im Automobilbereich entwickelt. Finde mehr heraus","og_url":"https:\/\/www.chimimetal.com\/automotive\/","og_site_name":"Chimimetal","article_modified_time":"2022-07-05T08:30:32+00:00","og_image":[{"url":"http:\/\/restyle.chimimetal.com\/wp-content\/uploads\/2020\/05\/DSC_6806-1024x684.jpg","type":"","width":"","height":""}],"twitter_card":"summary_large_image","twitter_misc":{"Gesch\u00e4tzte Lesezeit":"2\u00a0Minuten"},"schema":{"@context":"https:\/\/schema.org","@graph":[{"@type":"WebPage","@id":"https:\/\/www.chimimetal.com\/automotive\/","url":"https:\/\/www.chimimetal.com\/automotive\/","name":"\u00c4tztechnik in der Automobilindustrie - Chimimetal","isPartOf":{"@id":"https:\/\/www.chimimetal.com\/#website"},"primaryImageOfPage":{"@id":"https:\/\/www.chimimetal.com\/automotive\/#primaryimage"},"image":{"@id":"https:\/\/www.chimimetal.com\/automotive\/#primaryimage"},"thumbnailUrl":"http:\/\/restyle.chimimetal.com\/wp-content\/uploads\/2020\/05\/DSC_6806-1024x684.jpg","datePublished":"2020-03-19T14:14:56+00:00","dateModified":"2022-07-05T08:30:32+00:00","description":"Chimimetal hat im Laufe der Jahre ein spezifisches Know-how in der \u00c4tztechnik im Automobilbereich entwickelt. Finde mehr heraus","breadcrumb":{"@id":"https:\/\/www.chimimetal.com\/automotive\/#breadcrumb"},"inLanguage":"de","potentialAction":[{"@type":"ReadAction","target":["https:\/\/www.chimimetal.com\/automotive\/"]}]},{"@type":"ImageObject","inLanguage":"de","@id":"https:\/\/www.chimimetal.com\/automotive\/#primaryimage","url":"http:\/\/restyle.chimimetal.com\/wp-content\/uploads\/2020\/05\/DSC_6806-1024x684.jpg","contentUrl":"http:\/\/restyle.chimimetal.com\/wp-content\/uploads\/2020\/05\/DSC_6806-1024x684.jpg"},{"@type":"BreadcrumbList","@id":"https:\/\/www.chimimetal.com\/automotive\/#breadcrumb","itemListElement":[{"@type":"ListItem","position":1,"name":"Home","item":"https:\/\/www.chimimetal.com\/de\/"},{"@type":"ListItem","position":2,"name":"\u00c4tztechnik in der Automobilindustrie"}]},{"@type":"WebSite","@id":"https:\/\/www.chimimetal.com\/#website","url":"https:\/\/www.chimimetal.com\/","name":"Chimimetal","description":"","publisher":{"@id":"https:\/\/www.chimimetal.com\/#organization"},"potentialAction":[{"@type":"SearchAction","target":{"@type":"EntryPoint","urlTemplate":"https:\/\/www.chimimetal.com\/?s={search_term_string}"},"query-input":{"@type":"PropertyValueSpecification","valueRequired":true,"valueName":"search_term_string"}}],"inLanguage":"de"},{"@type":"Organization","@id":"https:\/\/www.chimimetal.com\/#organization","name":"Chimimetal","url":"https:\/\/www.chimimetal.com\/","logo":{"@type":"ImageObject","inLanguage":"de","@id":"https:\/\/www.chimimetal.com\/#\/schema\/logo\/image\/","url":"https:\/\/www.chimimetal.com\/wp-content\/uploads\/2020\/03\/logo-main.png","contentUrl":"https:\/\/www.chimimetal.com\/wp-content\/uploads\/2020\/03\/logo-main.png","width":400,"height":130,"caption":"Chimimetal"},"image":{"@id":"https:\/\/www.chimimetal.com\/#\/schema\/logo\/image\/"}}]}},"_links":{"self":[{"href":"https:\/\/www.chimimetal.com\/de\/wp-json\/wp\/v2\/pages\/2250","targetHints":{"allow":["GET"]}}],"collection":[{"href":"https:\/\/www.chimimetal.com\/de\/wp-json\/wp\/v2\/pages"}],"about":[{"href":"https:\/\/www.chimimetal.com\/de\/wp-json\/wp\/v2\/types\/page"}],"author":[{"embeddable":true,"href":"https:\/\/www.chimimetal.com\/de\/wp-json\/wp\/v2\/users\/2"}],"replies":[{"embeddable":true,"href":"https:\/\/www.chimimetal.com\/de\/wp-json\/wp\/v2\/comments?post=2250"}],"version-history":[{"count":12,"href":"https:\/\/www.chimimetal.com\/de\/wp-json\/wp\/v2\/pages\/2250\/revisions"}],"predecessor-version":[{"id":4328,"href":"https:\/\/www.chimimetal.com\/de\/wp-json\/wp\/v2\/pages\/2250\/revisions\/4328"}],"wp:attachment":[{"href":"https:\/\/www.chimimetal.com\/de\/wp-json\/wp\/v2\/media?parent=2250"}],"curies":[{"name":"wp","href":"https:\/\/api.w.org\/{rel}","templated":true}]}}