{"id":2285,"date":"2020-04-30T19:16:04","date_gmt":"2020-04-30T17:16:04","guid":{"rendered":"http:\/\/chimimetal.localhost\/?page_id=2285"},"modified":"2024-08-07T16:16:15","modified_gmt":"2024-08-07T14:16:15","slug":"kontaktiere-uns","status":"publish","type":"page","link":"https:\/\/www.chimimetal.com\/de\/kontaktiere-uns\/","title":{"rendered":"Kontaktiere uns"},"content":{"rendered":"\n<div class=\"scw-block-contacts generate-sections-container maps-contacts reverse-mobile-c \">\n    <div\n        class=\"grid-container grid-parent generate-sections-inside-container\"\n        itemprop=\"text\"\n    >\n        <div class=\"scw-block-contacts__first-column lgc-column lgc-grid-parent lgc-grid-25 lgc-tablet-grid-33 lgc-mobile-grid-100 lgc-equal-heights lgc-first\">\n            <div class=\"scw-block-column-content__first-inner inside-grid-column\">\n                <p>Rechts-, Produktions-, technisch-kaufm\u00e4nnische Zentrale BIELLA<\/p>\n<p><i class=\"fa fa-map-marker\"><\/i>\u2002Via Per Cerrione, 8<br \/>13888 Mongrando (BI)<\/p>\n<p><a href=\"tel:0039015667995\"><i class=\"fa fa-phone\"><\/i>\u2002+39 015 667995<\/a><\/p>\n<p><i class=\"fa fa-fax\"><\/i>\u2002+39 015 2564300<\/p>\n<p><a href=\"mailto:info@chimimetal.com\"><i class=\"fa fa-envelope\"><\/i>\u2002info@chimimetal.com<\/a><\/p>\n            <\/div>\n        <\/div> <!-- \/.scw-block-contacts__first-column -->\n        <div\n            class=\"scw-block-contacts__second-column lgc-column lgc-grid-parent lgc-grid-75 lgc-tablet-grid-66 lgc-mobile-grid-100 lgc-equal-heights lgc-last\"\n            \n        >\n            <div class=\"inside-grid-column\">\n                <div class=\"map-container\"><\/div>\n            <\/div> <!-- \/.inside-grid-column -->\n        <\/div> <!-- \/.scw-block-contacts__second-column -->\n    <\/div> <!-- \/.generate-sections-inside-container -->\n<\/div> <!-- \/.scw-block-contacts -->\n\n\n<hr class=\"wp-block-separator is-style-wide\"\/>\n\n\n\n<div class=\"scw-block-contacts generate-sections-container maps-contacts reverse-mobile-c \">\n    <div\n        class=\"grid-container grid-parent generate-sections-inside-container generate-sections-inside-container--inverted\"\n        itemprop=\"text\"\n    >\n        <div class=\"scw-block-contacts__first-column lgc-column lgc-grid-parent lgc-grid-25 lgc-tablet-grid-33 lgc-mobile-grid-100 lgc-equal-heights lgc-last\">\n            <div class=\"scw-block-column-content__first-inner inside-grid-column\">\n                <p>Technisch-Handelsb\u00fcro LODI<\/p>\n<p><i class=\"fa fa-map-marker\"><\/i>\u2002Viale Pavia 6, 26900 Lodi<\/p>\n<p><a href=\"tel:00390371564095\"><i class=\"fa fa-phone\"><\/i>\u2002+39.0371.564095<\/a><\/p>\n<p><i class=\"fa fa-fax\"><\/i>\u2002+39.0371.979105<\/p>\n<p><a href=\"mailto:info@chimimetal.com\"><i class=\"fa fa-envelope\"><\/i>\u2002info@chimimetal.com<\/a><\/p>\n            <\/div>\n        <\/div> <!-- \/.scw-block-contacts__first-column -->\n        <div\n            class=\"scw-block-contacts__second-column lgc-column lgc-grid-parent lgc-grid-75 lgc-tablet-grid-66 lgc-mobile-grid-100 lgc-equal-heights lgc-first\"\n            \n        >\n            <div class=\"inside-grid-column\">\n                <div class=\"map-container\"><\/div>\n            <\/div> <!-- \/.inside-grid-column -->\n        <\/div> <!-- \/.scw-block-contacts__second-column -->\n    <\/div> <!-- \/.generate-sections-inside-container -->\n<\/div> <!-- \/.scw-block-contacts -->\n\n\n<hr class=\"wp-block-separator is-style-wide\"\/>\n\n\n\n<div class=\"scw-block-contacts generate-sections-container maps-contacts reverse-mobile-c \">\n    <div\n        class=\"grid-container grid-parent generate-sections-inside-container\"\n        itemprop=\"text\"\n    >\n        <div class=\"scw-block-contacts__first-column lgc-column lgc-grid-parent lgc-grid-25 lgc-tablet-grid-33 lgc-mobile-grid-100 lgc-equal-heights lgc-first\">\n            <div class=\"scw-block-column-content__first-inner inside-grid-column\">\n                <p>Technisch-Handelsb\u00fcro VALDOBBIADENE<\/p>\n<p><i class=\"fa fa-map-marker\"><\/i>\u2002Via del Carop, 26<br \/>31049 Valdobbiadene (TV)<\/p>\n<p><a href=\"mailto:vendite.nordest@chimimetal.com\"><i class=\"fa fa-envelope\"><\/i>\u2002vendite.nordest@chimimetal.com<\/a><\/p>\n            <\/div>\n        <\/div> <!-- \/.scw-block-contacts__first-column -->\n        <div\n            class=\"scw-block-contacts__second-column lgc-column lgc-grid-parent lgc-grid-75 lgc-tablet-grid-66 lgc-mobile-grid-100 lgc-equal-heights lgc-last\"\n            \n        >\n            <div class=\"inside-grid-column\">\n                <div class=\"map-container\"><\/div>\n            <\/div> <!-- \/.inside-grid-column -->\n        <\/div> <!-- \/.scw-block-contacts__second-column -->\n    <\/div> <!-- \/.generate-sections-inside-container -->\n<\/div> <!-- \/.scw-block-contacts -->\n\n\n<hr class=\"wp-block-separator is-style-default\"\/>\n\n\n\n<div class=\"scw-block-contacts generate-sections-container maps-contacts reverse-mobile-c \">\n    <div\n        class=\"grid-container grid-parent generate-sections-inside-container generate-sections-inside-container--inverted\"\n        itemprop=\"text\"\n    >\n        <div class=\"scw-block-contacts__first-column lgc-column lgc-grid-parent lgc-grid-25 lgc-tablet-grid-33 lgc-mobile-grid-100 lgc-equal-heights lgc-last\">\n            <div class=\"scw-block-column-content__first-inner inside-grid-column\">\n                <p>Produktionsst\u00e4tte Turin<\/p>\n<p><i class=\"fa fa-map-marker\"><\/i>\u2002Corso Vercelli, 16<br \/>\n10078 Venaria Reale (TO)<\/p>\n<p><a href=\"mailto:info@chimimetal.com\"><i class=\"fa fa-envelope\"><\/i>\u2002info@chimimetal.com<\/a><\/p>\n            <\/div>\n        <\/div> <!-- \/.scw-block-contacts__first-column -->\n        <div\n            class=\"scw-block-contacts__second-column lgc-column lgc-grid-parent lgc-grid-75 lgc-tablet-grid-66 lgc-mobile-grid-100 lgc-equal-heights lgc-first\"\n            \n        >\n            <div class=\"inside-grid-column\">\n                <div class=\"map-container\"><\/div>\n            <\/div> <!-- \/.inside-grid-column -->\n        <\/div> <!-- \/.scw-block-contacts__second-column -->\n    <\/div> <!-- \/.generate-sections-inside-container -->\n<\/div> <!-- \/.scw-block-contacts -->\n\n\n<div class=\"alignfull contact-form-container has-background has-very-light-gray-background-color\">\n<div class=\"grid-container grid-parent generate-sections-inside-container\">\n<h2 style=\"text-align: center;\">Senden Sie uns eine Anfrage<\/h2>\n<div class=\"lgc-column lgc-grid-parent lgc-grid-75 lgc-tablet-grid-33 lgc-mobile-grid-100 lgc-equal-heights aligned-center-form lgc-first lgc-last\">\n<div class=\"inside-grid-column\">\n<p style=\"text-align: center;\">\n<div class=\"wpcf7 no-js\" id=\"wpcf7-f2408-o1\" lang=\"en-US\" dir=\"ltr\" data-wpcf7-id=\"2408\">\n<div class=\"screen-reader-response\"><p role=\"status\" aria-live=\"polite\" aria-atomic=\"true\"><\/p> <ul><\/ul><\/div>\n<form action=\"\/de\/wp-json\/wp\/v2\/pages\/2285#wpcf7-f2408-o1\" method=\"post\" class=\"wpcf7-form init\" aria-label=\"Contact form\" novalidate=\"novalidate\" data-status=\"init\">\n<fieldset class=\"hidden-fields-container\"><input type=\"hidden\" name=\"_wpcf7\" value=\"2408\" \/><input type=\"hidden\" name=\"_wpcf7_version\" value=\"6.1.5\" \/><input type=\"hidden\" name=\"_wpcf7_locale\" value=\"en_US\" \/><input type=\"hidden\" name=\"_wpcf7_unit_tag\" value=\"wpcf7-f2408-o1\" \/><input type=\"hidden\" name=\"_wpcf7_container_post\" value=\"0\" \/><input type=\"hidden\" name=\"_wpcf7_posted_data_hash\" value=\"\" \/><input type=\"hidden\" name=\"_wpcf7_recaptcha_response\" value=\"\" \/>\n<\/fieldset>\n<p><label> Name*<br \/>\n<span class=\"wpcf7-form-control-wrap\" data-name=\"your-name\"><input size=\"40\" maxlength=\"400\" class=\"wpcf7-form-control wpcf7-text wpcf7-validates-as-required\" aria-required=\"true\" aria-invalid=\"false\" value=\"\" type=\"text\" name=\"your-name\" \/><\/span> <\/label>\n<\/p>\n<p><label>Email*<br \/>\n<span class=\"wpcf7-form-control-wrap\" data-name=\"your-email\"><input size=\"40\" maxlength=\"400\" class=\"wpcf7-form-control wpcf7-email wpcf7-validates-as-required wpcf7-text wpcf7-validates-as-email\" aria-required=\"true\" aria-invalid=\"false\" value=\"\" type=\"email\" name=\"your-email\" \/><\/span> <\/label>\n<\/p>\n<p><label> Telefon*<br \/>\n<span class=\"wpcf7-form-control-wrap\" data-name=\"your-phone\"><input size=\"40\" maxlength=\"400\" class=\"wpcf7-form-control wpcf7-text\" aria-invalid=\"false\" value=\"\" type=\"text\" name=\"your-phone\" \/><\/span> <\/label>\n<\/p>\n<p><label> Deine Nachricht<br \/>\n<span class=\"wpcf7-form-control-wrap\" data-name=\"your-message\"><textarea cols=\"40\" rows=\"10\" maxlength=\"2000\" class=\"wpcf7-form-control wpcf7-textarea\" aria-invalid=\"false\" name=\"your-message\"><\/textarea><\/span> <\/label>\n<\/p>\n<div class=\"prv-container full-width float txt-left small-txt txt-grey margin-bottom-small\">\n\t<p><span class=\"wpcf7-form-control-wrap\" data-name=\"privacy_policy\"><span class=\"wpcf7-form-control wpcf7-acceptance\"><span class=\"wpcf7-list-item\"><input type=\"checkbox\" name=\"privacy_policy\" value=\"1\" aria-invalid=\"false\" \/><\/span><\/span><\/span><span style=\"padding-left: 3px\">Ich habe die Richtlinie zur <a href=\"\/de\/privacy-policy\/\" target=\"_blank\">Verarbeitung personenbezogener<\/a> Daten in der Fassung der EU-Verordnung 2016\/679 Artikel 13 und 14 gelesen und akzeptiere sie. (*)<\/span><br \/>\n<span class=\"wpcf7-form-control-wrap\" data-name=\"newsletter\"><span class=\"wpcf7-form-control wpcf7-checkbox\"><span class=\"wpcf7-list-item first last\"><input type=\"checkbox\" name=\"newsletter[]\" value=\"Ich erm\u00e4chtige Sie, mir eine E-Mail mit Informationen \u00fcber Ihre Dienstleistungen \/ Produkte \/ Veranstaltungen und Werbeaktionen zu senden, die f\u00fcr mich von Interesse sein k\u00f6nnten. Sie k\u00f6nnen diese Aufgabe nicht interessieren.\" \/><span class=\"wpcf7-list-item-label\">Ich erm\u00e4chtige Sie, mir eine E-Mail mit Informationen \u00fcber Ihre Dienstleistungen \/ Produkte \/ Veranstaltungen und Werbeaktionen zu senden, die f\u00fcr mich von Interesse sein k\u00f6nnten. Sie k\u00f6nnen diese Aufgabe nicht interessieren.<\/span><\/span><\/span><\/span>\n\t<\/p>\n<\/div>\n<p><input class=\"wpcf7-form-control wpcf7-submit has-spinner\" type=\"submit\" value=\"Senden\" \/>\n<\/p><div class=\"wpcf7-response-output\" aria-hidden=\"true\"><\/div>\n<\/form>\n<\/div>\n<\/p>\n<\/div>\n<\/div>\n<\/div>\n<\/div>\n\n\n\n<p><\/p>\n","protected":false},"excerpt":{"rendered":"<p>Senden Sie uns eine Anfrage<\/p>\n","protected":false},"author":2,"featured_media":0,"parent":0,"menu_order":0,"comment_status":"closed","ping_status":"closed","template":"","meta":{"_acf_changed":false,"footnotes":""},"class_list":["post-2285","page","type-page","status-publish"],"acf":[],"yoast_head":"<!-- This site is optimized with the Yoast SEO plugin v26.8 - https:\/\/yoast.com\/product\/yoast-seo-wordpress\/ -->\n<title>Kontaktiere uns - Chimimetal<\/title>\n<meta name=\"description\" content=\"Erfahren Sie, wie Sie den Hauptsitz von Chimimetal in Biella und die technisch-kommerziellen B\u00fcros in Lodi und Valdobbiadene kontaktieren k\u00f6nnen.\" \/>\n<meta name=\"robots\" content=\"index, follow, max-snippet:-1, max-image-preview:large, max-video-preview:-1\" \/>\n<link rel=\"canonical\" href=\"https:\/\/www.chimimetal.com\/contatti\/\" \/>\n<meta property=\"og:locale\" content=\"de_DE\" \/>\n<meta property=\"og:type\" content=\"article\" \/>\n<meta property=\"og:title\" content=\"Kontaktiere uns - Chimimetal\" \/>\n<meta property=\"og:description\" content=\"Erfahren Sie, wie Sie den Hauptsitz von Chimimetal in Biella und die technisch-kommerziellen B\u00fcros in Lodi und Valdobbiadene kontaktieren k\u00f6nnen.\" \/>\n<meta property=\"og:url\" content=\"https:\/\/www.chimimetal.com\/contatti\/\" \/>\n<meta property=\"og:site_name\" content=\"Chimimetal\" \/>\n<meta property=\"article:modified_time\" content=\"2024-08-07T14:16:15+00:00\" \/>\n<meta name=\"twitter:card\" content=\"summary_large_image\" \/>\n<meta name=\"twitter:label1\" content=\"Gesch\u00e4tzte Lesezeit\" \/>\n\t<meta name=\"twitter:data1\" content=\"1\u00a0Minute\" \/>\n<script type=\"application\/ld+json\" class=\"yoast-schema-graph\">{\"@context\":\"https:\/\/schema.org\",\"@graph\":[{\"@type\":[\"WebPage\",\"ContactPage\"],\"@id\":\"https:\/\/www.chimimetal.com\/contatti\/\",\"url\":\"https:\/\/www.chimimetal.com\/contatti\/\",\"name\":\"Kontaktiere uns - Chimimetal\",\"isPartOf\":{\"@id\":\"https:\/\/www.chimimetal.com\/#website\"},\"datePublished\":\"2020-04-30T17:16:04+00:00\",\"dateModified\":\"2024-08-07T14:16:15+00:00\",\"description\":\"Erfahren Sie, wie Sie den Hauptsitz von Chimimetal in Biella und die technisch-kommerziellen B\u00fcros in Lodi und Valdobbiadene kontaktieren k\u00f6nnen.\",\"breadcrumb\":{\"@id\":\"https:\/\/www.chimimetal.com\/contatti\/#breadcrumb\"},\"inLanguage\":\"de\",\"potentialAction\":[{\"@type\":\"ReadAction\",\"target\":[\"https:\/\/www.chimimetal.com\/contatti\/\"]}]},{\"@type\":\"BreadcrumbList\",\"@id\":\"https:\/\/www.chimimetal.com\/contatti\/#breadcrumb\",\"itemListElement\":[{\"@type\":\"ListItem\",\"position\":1,\"name\":\"Home\",\"item\":\"https:\/\/www.chimimetal.com\/de\/\"},{\"@type\":\"ListItem\",\"position\":2,\"name\":\"Kontaktiere uns\"}]},{\"@type\":\"WebSite\",\"@id\":\"https:\/\/www.chimimetal.com\/#website\",\"url\":\"https:\/\/www.chimimetal.com\/\",\"name\":\"Chimimetal\",\"description\":\"\",\"publisher\":{\"@id\":\"https:\/\/www.chimimetal.com\/#organization\"},\"potentialAction\":[{\"@type\":\"SearchAction\",\"target\":{\"@type\":\"EntryPoint\",\"urlTemplate\":\"https:\/\/www.chimimetal.com\/?s={search_term_string}\"},\"query-input\":{\"@type\":\"PropertyValueSpecification\",\"valueRequired\":true,\"valueName\":\"search_term_string\"}}],\"inLanguage\":\"de\"},{\"@type\":\"Organization\",\"@id\":\"https:\/\/www.chimimetal.com\/#organization\",\"name\":\"Chimimetal\",\"url\":\"https:\/\/www.chimimetal.com\/\",\"logo\":{\"@type\":\"ImageObject\",\"inLanguage\":\"de\",\"@id\":\"https:\/\/www.chimimetal.com\/#\/schema\/logo\/image\/\",\"url\":\"https:\/\/www.chimimetal.com\/wp-content\/uploads\/2020\/03\/logo-main.png\",\"contentUrl\":\"https:\/\/www.chimimetal.com\/wp-content\/uploads\/2020\/03\/logo-main.png\",\"width\":400,\"height\":130,\"caption\":\"Chimimetal\"},\"image\":{\"@id\":\"https:\/\/www.chimimetal.com\/#\/schema\/logo\/image\/\"}}]}<\/script>\n<!-- \/ Yoast SEO plugin. -->","yoast_head_json":{"title":"Kontaktiere uns - Chimimetal","description":"Erfahren Sie, wie Sie den Hauptsitz von Chimimetal in Biella und die technisch-kommerziellen B\u00fcros in Lodi und Valdobbiadene kontaktieren k\u00f6nnen.","robots":{"index":"index","follow":"follow","max-snippet":"max-snippet:-1","max-image-preview":"max-image-preview:large","max-video-preview":"max-video-preview:-1"},"canonical":"https:\/\/www.chimimetal.com\/contatti\/","og_locale":"de_DE","og_type":"article","og_title":"Kontaktiere uns - Chimimetal","og_description":"Erfahren Sie, wie Sie den Hauptsitz von Chimimetal in Biella und die technisch-kommerziellen B\u00fcros in Lodi und Valdobbiadene kontaktieren k\u00f6nnen.","og_url":"https:\/\/www.chimimetal.com\/contatti\/","og_site_name":"Chimimetal","article_modified_time":"2024-08-07T14:16:15+00:00","twitter_card":"summary_large_image","twitter_misc":{"Gesch\u00e4tzte Lesezeit":"1\u00a0Minute"},"schema":{"@context":"https:\/\/schema.org","@graph":[{"@type":["WebPage","ContactPage"],"@id":"https:\/\/www.chimimetal.com\/contatti\/","url":"https:\/\/www.chimimetal.com\/contatti\/","name":"Kontaktiere uns - Chimimetal","isPartOf":{"@id":"https:\/\/www.chimimetal.com\/#website"},"datePublished":"2020-04-30T17:16:04+00:00","dateModified":"2024-08-07T14:16:15+00:00","description":"Erfahren Sie, wie Sie den Hauptsitz von Chimimetal in Biella und die technisch-kommerziellen B\u00fcros in Lodi und Valdobbiadene kontaktieren k\u00f6nnen.","breadcrumb":{"@id":"https:\/\/www.chimimetal.com\/contatti\/#breadcrumb"},"inLanguage":"de","potentialAction":[{"@type":"ReadAction","target":["https:\/\/www.chimimetal.com\/contatti\/"]}]},{"@type":"BreadcrumbList","@id":"https:\/\/www.chimimetal.com\/contatti\/#breadcrumb","itemListElement":[{"@type":"ListItem","position":1,"name":"Home","item":"https:\/\/www.chimimetal.com\/de\/"},{"@type":"ListItem","position":2,"name":"Kontaktiere uns"}]},{"@type":"WebSite","@id":"https:\/\/www.chimimetal.com\/#website","url":"https:\/\/www.chimimetal.com\/","name":"Chimimetal","description":"","publisher":{"@id":"https:\/\/www.chimimetal.com\/#organization"},"potentialAction":[{"@type":"SearchAction","target":{"@type":"EntryPoint","urlTemplate":"https:\/\/www.chimimetal.com\/?s={search_term_string}"},"query-input":{"@type":"PropertyValueSpecification","valueRequired":true,"valueName":"search_term_string"}}],"inLanguage":"de"},{"@type":"Organization","@id":"https:\/\/www.chimimetal.com\/#organization","name":"Chimimetal","url":"https:\/\/www.chimimetal.com\/","logo":{"@type":"ImageObject","inLanguage":"de","@id":"https:\/\/www.chimimetal.com\/#\/schema\/logo\/image\/","url":"https:\/\/www.chimimetal.com\/wp-content\/uploads\/2020\/03\/logo-main.png","contentUrl":"https:\/\/www.chimimetal.com\/wp-content\/uploads\/2020\/03\/logo-main.png","width":400,"height":130,"caption":"Chimimetal"},"image":{"@id":"https:\/\/www.chimimetal.com\/#\/schema\/logo\/image\/"}}]}},"_links":{"self":[{"href":"https:\/\/www.chimimetal.com\/de\/wp-json\/wp\/v2\/pages\/2285","targetHints":{"allow":["GET"]}}],"collection":[{"href":"https:\/\/www.chimimetal.com\/de\/wp-json\/wp\/v2\/pages"}],"about":[{"href":"https:\/\/www.chimimetal.com\/de\/wp-json\/wp\/v2\/types\/page"}],"author":[{"embeddable":true,"href":"https:\/\/www.chimimetal.com\/de\/wp-json\/wp\/v2\/users\/2"}],"replies":[{"embeddable":true,"href":"https:\/\/www.chimimetal.com\/de\/wp-json\/wp\/v2\/comments?post=2285"}],"version-history":[{"count":7,"href":"https:\/\/www.chimimetal.com\/de\/wp-json\/wp\/v2\/pages\/2285\/revisions"}],"predecessor-version":[{"id":4441,"href":"https:\/\/www.chimimetal.com\/de\/wp-json\/wp\/v2\/pages\/2285\/revisions\/4441"}],"wp:attachment":[{"href":"https:\/\/www.chimimetal.com\/de\/wp-json\/wp\/v2\/media?parent=2285"}],"curies":[{"name":"wp","href":"https:\/\/api.w.org\/{rel}","templated":true}]}}