{"id":2445,"date":"2020-04-29T17:32:15","date_gmt":"2020-04-29T15:32:15","guid":{"rendered":"http:\/\/restyle.chimimetal.com\/chi-siamo\/"},"modified":"2022-05-06T18:43:17","modified_gmt":"2022-05-06T16:43:17","slug":"laserscheiden-online","status":"publish","type":"page","link":"https:\/\/www.chimimetal.com\/de\/laserscheiden-online\/","title":{"rendered":"\u00dcber uns"},"content":{"rendered":"\n<h1 class=\"wp-block-heading\">Online-Unternehmen f\u00fcr Laserschneiden und  \u00c4tztechnik<\/h1>\n\n\n\n<div class=\"wp-block-columns is-layout-flex wp-container-core-columns-is-layout-1 wp-block-columns-is-layout-flex\">\n<div class=\"wp-block-column is-layout-flow wp-block-column-is-layout-flow\">\n<h2 class=\"wp-block-heading\">DAS VERM\u00c4CHTNIS VON OLIVETTI UND DIE GEBURT VON CHIMIMETAL<\/h2>\n\n\n\n<p>Seit 1997 ist Chimimetal im Bereich des fotochemischen Metall\u00e4tzens eines der f\u00fchrenden Unternehmen in Italien, wie auch im Ausland. Das Unternehmen verdankt seine T\u00e4tigkeit vor allem dem technischen und professionellen Erbe, der Abteilung f\u00fcr fotochemisches Metall\u00e4tzen von Olivetti, einem weltweit bekannten Unternehmen, dass sich seit fast 90 Jahren als wichtiger Bezugspunkt f\u00fcr Innovation und Technologie im Dienste des Menschen einsetzt.&nbsp;<\/p>\n\n\n\n<p>Seit ca. 23 Jahren f\u00fchrt Chimimetal dieses wichtige Erbe mit gro\u00dfem Erfolg fort und entwickelt fortschrittliche Vorrichtungen, die zur Steigerung der Leistung aller Produktionsabteilungen beitragen.&nbsp;<\/p>\n\n\n\n<p>Im Laufe der Jahre hat das Unternehmen seine Produktionssysteme optimiert und sie im Einklang mit \u00c4nderungen in der Lagerverwaltung schlanker und flexibler gestaltet. Unter diesen sticht sicherlich das fotochemische Metall\u00e4tzen hervor, das sich perfekt f\u00fcr einen neuen Ansatz eignet.&nbsp;<\/p>\n<\/div>\n\n\n\n<div class=\"wp-block-column is-layout-flow wp-block-column-is-layout-flow\">\n<figure class=\"wp-block-image size-large\"><img loading=\"lazy\" decoding=\"async\" width=\"800\" height=\"534\" src=\"https:\/\/www.chimimetal.com\/wp-content\/uploads\/2020\/07\/chimimetal-esterni-magazzino_18.jpg\" alt=\"\" class=\"wp-image-3218\" srcset=\"https:\/\/www.chimimetal.com\/wp-content\/uploads\/2020\/07\/chimimetal-esterni-magazzino_18.jpg 800w, https:\/\/www.chimimetal.com\/wp-content\/uploads\/2020\/07\/chimimetal-esterni-magazzino_18-300x200.jpg 300w, https:\/\/www.chimimetal.com\/wp-content\/uploads\/2020\/07\/chimimetal-esterni-magazzino_18-768x513.jpg 768w\" sizes=\"auto, (max-width: 800px) 100vw, 800px\" \/><\/figure>\n<\/div>\n<\/div>\n\n\n\n<h2 class=\"wp-block-heading\"><strong>\u00dcBERNAHME VON STATIM SERVICE UND DIE ROLLE ALS GLOBALES F\u00dcHRUNGSUNTERNEHMEN<\/strong><\/h2>\n\n\n\n<p>Seit 2009 stand Chimimetal, dank der fortschrittlichen Entwicklung auf dem Gebiet des Metall\u00e4tzens mit dem Unternehmen Statim Service, der gleichen Branche, im Kontakt, welches im Juni 2011 von Chimimetal \u00fcbernommen wurde. Dies erm\u00f6glichte das Ausbreiten der Grenzen mit neuen Gesch\u00e4ftsm\u00f6glichkeiten auch im Ausland, insbesondere in Deutschland.&nbsp;<\/p>\n\n\n\n<p>Dank der im Laufe der Jahre unternommenen Anstrengungen stellt Chimimetal heute einen weltweiten Referenzpunkt auf dem Gebiet des fotochemischen Metall\u00e4tzens dar.&nbsp;<\/p>\n\n\n\n<div class=\"wp-block-columns is-layout-flex wp-container-core-columns-is-layout-2 wp-block-columns-is-layout-flex\">\n<div class=\"wp-block-column is-layout-flow wp-block-column-is-layout-flow\" style=\"flex-basis:33.33%\">\n<figure class=\"wp-block-image size-large\"><a href=\"\/de\/downloads\/\"><img loading=\"lazy\" decoding=\"async\" width=\"384\" height=\"269\" src=\"https:\/\/www.chimimetal.com\/wp-content\/uploads\/2020\/07\/CERTIFICAZIONI-DI-QUALITa-1.jpg\" alt=\"\" class=\"wp-image-3184\" srcset=\"https:\/\/www.chimimetal.com\/wp-content\/uploads\/2020\/07\/CERTIFICAZIONI-DI-QUALITa-1.jpg 384w, https:\/\/www.chimimetal.com\/wp-content\/uploads\/2020\/07\/CERTIFICAZIONI-DI-QUALITa-1-300x210.jpg 300w\" sizes=\"auto, (max-width: 384px) 100vw, 384px\" \/><\/a><\/figure>\n<\/div>\n\n\n\n<div class=\"wp-block-column is-layout-flow wp-block-column-is-layout-flow\" style=\"flex-basis:66.66%\">\n<div style=\"height:50px\" aria-hidden=\"true\" class=\"wp-block-spacer\"><\/div>\n\n\n\n<h3 class=\"wp-block-heading\"><strong>QUALIT\u00c4TSZERTIFIKATE<\/strong><\/h3>\n\n\n\n<p>Seit 1998 testet Chimimetal seine Produkte durch ein internes Qualit\u00e4tssystem, dessen Ziel ist, die Produktionskontrolle zu optimieren und den Endkunden Hightech-Produkte zu garantieren. Das Qualit\u00e4tssystem wird durch ein Zertifikat und ein Handbuch gew\u00e4hrleistet, die jedes Jahr aktualisiert und verbessert werden.&nbsp;<\/p>\n<\/div>\n<\/div>\n\n\n\n<div class=\"wp-block-columns is-layout-flex wp-container-core-columns-is-layout-3 wp-block-columns-is-layout-flex\">\n<div class=\"wp-block-column is-layout-flow wp-block-column-is-layout-flow\">\n<h3 class=\"wp-block-heading\"><strong>DIE ZAHLEN VON CHIMIMETAL<\/strong><\/h3>\n\n\n\n<p>Wichtige Akquisitionen und exzellentes Know-how erfordern erhebliche Investitionen in Ressourcen, Forschung und Entwicklung in diesem Sektor und die Er\u00f6ffnung neuer Produktionsst\u00e4tten, wie der in Turin.&nbsp;<\/p>\n\n\n\n<p>Unter den Investitionen, die Chimimetal im Laufe der Jahre get\u00e4tigt hat, sind die Investitionen in die automatische chemische SPS-Steuerung der S\u00e4urel\u00f6sung hervorzuheben, die eine pr\u00e4zise Verarbeitung der gesamten Produktionscharge, von der ersten bis zur letzten Platte erm\u00f6glicht.<\/p>\n\n\n\n<p> Die Investitionen in Ger\u00e4te und Ressourcen haben dazu gef\u00fchrt, dass das Unternehmen die Qualit\u00e4t und die Leistungsf\u00e4higkeit ihrer Dienstleistungen erheblich gesteigert hat. Anbei f\u00fchren wir auch einige unserer Ziele auf:&nbsp; <\/p>\n\n\n\n<ul class=\"wp-block-list\"><li> 2 vollkommen automatische Produktionslinien (3 Spr\u00fchkammern); <\/li><li> 2 vollkommen automatische kleinere Produktionslinien (2 Spr\u00fchkammern); <\/li><li> Tagesproduktion von 1.000 Platten mit einer Dicke von 0,20; <\/li><li> 1000 W <a href=\"https:\/\/www.chimimetal.com\/de\/laserbearbeitung-und-laserschneiden\/\">Faserlaser<\/a>; <\/li><li> neue Graviermaschine; <\/li><li> Automatisierung der anf\u00e4nglichen Produktionsphasen: Vorbereitung, Laminierung und Belichtung. <\/li><\/ul>\n<\/div>\n\n\n\n<div class=\"wp-block-column is-layout-flow wp-block-column-is-layout-flow\">\n<figure class=\"wp-block-image size-large\"><img loading=\"lazy\" decoding=\"async\" width=\"1024\" height=\"684\" src=\"https:\/\/www.chimimetal.com\/wp-content\/uploads\/2020\/07\/DSC_9545-1024x684.jpg\" alt=\"\" class=\"wp-image-3210\" srcset=\"https:\/\/www.chimimetal.com\/wp-content\/uploads\/2020\/07\/DSC_9545-1024x684.jpg 1024w, https:\/\/www.chimimetal.com\/wp-content\/uploads\/2020\/07\/DSC_9545-300x200.jpg 300w, https:\/\/www.chimimetal.com\/wp-content\/uploads\/2020\/07\/DSC_9545-768x513.jpg 768w, https:\/\/www.chimimetal.com\/wp-content\/uploads\/2020\/07\/DSC_9545.jpg 1200w\" sizes=\"auto, (max-width: 1024px) 100vw, 1024px\" \/><\/figure>\n<\/div>\n<\/div>\n\n\n \r\n\r\n   <div class=\"acf_gallery gallery\"> \r\n\r\n       \r\n\r\n         <a href=\"https:\/\/www.chimimetal.com\/wp-content\/uploads\/2020\/05\/chimimetal-esterni-magazzino_20.jpg\" target=\"_blank\" class=\"acf_thumbnail_item thumbnail\"> \r\n            <img decoding=\"async\" src=\"https:\/\/www.chimimetal.com\/wp-content\/uploads\/2020\/05\/chimimetal-esterni-magazzino_20-260x180.jpg\" alt=\"\u00dcber uns\" \/> \r\n         <\/a> \r\n\r\n       \r\n\r\n         <a href=\"https:\/\/www.chimimetal.com\/wp-content\/uploads\/2020\/05\/chimimetal-esterni-magazzino_1.jpg\" target=\"_blank\" class=\"acf_thumbnail_item thumbnail\"> \r\n            <img decoding=\"async\" src=\"https:\/\/www.chimimetal.com\/wp-content\/uploads\/2020\/05\/chimimetal-esterni-magazzino_1-260x180.jpg\" alt=\"\u00dcber uns\" \/> \r\n         <\/a> \r\n\r\n       \r\n\r\n         <a href=\"https:\/\/www.chimimetal.com\/wp-content\/uploads\/2020\/05\/ufficio-grande_9.jpg\" target=\"_blank\" class=\"acf_thumbnail_item thumbnail\"> \r\n            <img decoding=\"async\" src=\"https:\/\/www.chimimetal.com\/wp-content\/uploads\/2020\/05\/ufficio-grande_9-260x180.jpg\" alt=\"\u00dcber uns\" \/> \r\n         <\/a> \r\n\r\n       \r\n\r\n         <a href=\"https:\/\/www.chimimetal.com\/wp-content\/uploads\/2020\/05\/ufficio-e-progettazione_10.jpg\" target=\"_blank\" class=\"acf_thumbnail_item thumbnail\"> \r\n            <img decoding=\"async\" src=\"https:\/\/www.chimimetal.com\/wp-content\/uploads\/2020\/05\/ufficio-e-progettazione_10-260x180.jpg\" alt=\"\u00dcber uns\" \/> \r\n         <\/a> \r\n\r\n       \r\n\r\n         <a href=\"https:\/\/www.chimimetal.com\/wp-content\/uploads\/2020\/05\/ufficio-e-progettazione_13.jpg\" target=\"_blank\" class=\"acf_thumbnail_item thumbnail\"> \r\n            <img decoding=\"async\" src=\"https:\/\/www.chimimetal.com\/wp-content\/uploads\/2020\/05\/ufficio-e-progettazione_13-260x180.jpg\" alt=\"\u00dcber uns\" \/> \r\n         <\/a> \r\n\r\n       \r\n\r\n         <a href=\"https:\/\/www.chimimetal.com\/wp-content\/uploads\/2020\/05\/ufficio-e-progettazione.jpg\" target=\"_blank\" class=\"acf_thumbnail_item thumbnail\"> \r\n            <img decoding=\"async\" src=\"https:\/\/www.chimimetal.com\/wp-content\/uploads\/2020\/05\/ufficio-e-progettazione-260x180.jpg\" alt=\"\u00dcber uns\" \/> \r\n         <\/a> \r\n\r\n       \r\n\r\n         <a href=\"https:\/\/www.chimimetal.com\/wp-content\/uploads\/2020\/05\/ufficio-grande_8.jpg\" target=\"_blank\" class=\"acf_thumbnail_item thumbnail\"> \r\n            <img decoding=\"async\" src=\"https:\/\/www.chimimetal.com\/wp-content\/uploads\/2020\/05\/ufficio-grande_8-260x180.jpg\" alt=\"\u00dcber uns\" \/> \r\n         <\/a> \r\n\r\n       \r\n\r\n         <a href=\"https:\/\/www.chimimetal.com\/wp-content\/uploads\/2021\/02\/capannone_ott.jpg\" target=\"_blank\" class=\"acf_thumbnail_item thumbnail\"> \r\n            <img decoding=\"async\" src=\"https:\/\/www.chimimetal.com\/wp-content\/uploads\/2021\/02\/capannone_ott-260x180.jpg\" alt=\"\u00dcber uns\" \/> \r\n         <\/a> \r\n\r\n       \r\n      <!-- <a href=\"#\" class=\"button center\"><\/a> -->\r\n   <\/div> \r\n\r\n","protected":false},"excerpt":{"rendered":"<p>Online-Unternehmen f\u00fcr Laserschneiden und \u00c4tztechnik DAS VERM\u00c4CHTNIS VON OLIVETTI UND &#8230; <\/p>\n<p class=\"read-more-container\"><a title=\"\u00dcber uns\" class=\"read-more button\" href=\"https:\/\/www.chimimetal.com\/de\/laserscheiden-online\/#more-2445\">Weiterlesen<span class=\"screen-reader-text\">\u00dcber uns<\/span><\/a><\/p>\n","protected":false},"author":2,"featured_media":0,"parent":0,"menu_order":0,"comment_status":"closed","ping_status":"closed","template":"","meta":{"_acf_changed":false,"footnotes":""},"class_list":["post-2445","page","type-page","status-publish"],"acf":[],"yoast_head":"<!-- This site is optimized with the Yoast SEO plugin v26.8 - https:\/\/yoast.com\/product\/yoast-seo-wordpress\/ -->\n<title>Laserscheiden online - \u00dcber uns Chimimetal<\/title>\n<meta name=\"description\" content=\"Chimimetal ist eines der gr\u00f6\u00dften Unternehmen weltweit mit nachgewiesenem Know-how in \u00c4tztechnik und Gravurprozessen. Rufen Sie uns f\u00fcr Informationen\" \/>\n<meta name=\"robots\" content=\"index, follow, max-snippet:-1, max-image-preview:large, max-video-preview:-1\" \/>\n<link rel=\"canonical\" href=\"https:\/\/www.chimimetal.com\/chi-siamo\/\" \/>\n<meta property=\"og:locale\" content=\"de_DE\" \/>\n<meta property=\"og:type\" content=\"article\" \/>\n<meta property=\"og:title\" content=\"Laserscheiden online - \u00dcber uns Chimimetal\" \/>\n<meta property=\"og:description\" content=\"Chimimetal ist eines der gr\u00f6\u00dften Unternehmen weltweit mit nachgewiesenem Know-how in \u00c4tztechnik und Gravurprozessen. Rufen Sie uns f\u00fcr Informationen\" \/>\n<meta property=\"og:url\" content=\"https:\/\/www.chimimetal.com\/chi-siamo\/\" \/>\n<meta property=\"og:site_name\" content=\"Chimimetal\" \/>\n<meta property=\"article:modified_time\" content=\"2022-05-06T16:43:17+00:00\" \/>\n<meta property=\"og:image\" content=\"https:\/\/www.chimimetal.com\/wp-content\/uploads\/2020\/07\/chimimetal-esterni-magazzino_18.jpg\" \/>\n<meta name=\"twitter:card\" content=\"summary_large_image\" \/>\n<meta name=\"twitter:label1\" content=\"Gesch\u00e4tzte Lesezeit\" \/>\n\t<meta name=\"twitter:data1\" content=\"3\u00a0Minuten\" \/>\n<script type=\"application\/ld+json\" class=\"yoast-schema-graph\">{\"@context\":\"https:\/\/schema.org\",\"@graph\":[{\"@type\":[\"WebPage\",\"AboutPage\"],\"@id\":\"https:\/\/www.chimimetal.com\/chi-siamo\/\",\"url\":\"https:\/\/www.chimimetal.com\/chi-siamo\/\",\"name\":\"Laserscheiden online - \u00dcber uns Chimimetal\",\"isPartOf\":{\"@id\":\"https:\/\/www.chimimetal.com\/#website\"},\"primaryImageOfPage\":{\"@id\":\"https:\/\/www.chimimetal.com\/chi-siamo\/#primaryimage\"},\"image\":{\"@id\":\"https:\/\/www.chimimetal.com\/chi-siamo\/#primaryimage\"},\"thumbnailUrl\":\"https:\/\/www.chimimetal.com\/wp-content\/uploads\/2020\/07\/chimimetal-esterni-magazzino_18.jpg\",\"datePublished\":\"2020-04-29T15:32:15+00:00\",\"dateModified\":\"2022-05-06T16:43:17+00:00\",\"description\":\"Chimimetal ist eines der gr\u00f6\u00dften Unternehmen weltweit mit nachgewiesenem Know-how in \u00c4tztechnik und Gravurprozessen. Rufen Sie uns f\u00fcr Informationen\",\"breadcrumb\":{\"@id\":\"https:\/\/www.chimimetal.com\/chi-siamo\/#breadcrumb\"},\"inLanguage\":\"de\",\"potentialAction\":[{\"@type\":\"ReadAction\",\"target\":[\"https:\/\/www.chimimetal.com\/chi-siamo\/\"]}]},{\"@type\":\"ImageObject\",\"inLanguage\":\"de\",\"@id\":\"https:\/\/www.chimimetal.com\/chi-siamo\/#primaryimage\",\"url\":\"https:\/\/www.chimimetal.com\/wp-content\/uploads\/2020\/07\/chimimetal-esterni-magazzino_18.jpg\",\"contentUrl\":\"https:\/\/www.chimimetal.com\/wp-content\/uploads\/2020\/07\/chimimetal-esterni-magazzino_18.jpg\"},{\"@type\":\"BreadcrumbList\",\"@id\":\"https:\/\/www.chimimetal.com\/chi-siamo\/#breadcrumb\",\"itemListElement\":[{\"@type\":\"ListItem\",\"position\":1,\"name\":\"Home\",\"item\":\"https:\/\/www.chimimetal.com\/de\/\"},{\"@type\":\"ListItem\",\"position\":2,\"name\":\"\u00dcber uns\"}]},{\"@type\":\"WebSite\",\"@id\":\"https:\/\/www.chimimetal.com\/#website\",\"url\":\"https:\/\/www.chimimetal.com\/\",\"name\":\"Chimimetal\",\"description\":\"\",\"publisher\":{\"@id\":\"https:\/\/www.chimimetal.com\/#organization\"},\"potentialAction\":[{\"@type\":\"SearchAction\",\"target\":{\"@type\":\"EntryPoint\",\"urlTemplate\":\"https:\/\/www.chimimetal.com\/?s={search_term_string}\"},\"query-input\":{\"@type\":\"PropertyValueSpecification\",\"valueRequired\":true,\"valueName\":\"search_term_string\"}}],\"inLanguage\":\"de\"},{\"@type\":\"Organization\",\"@id\":\"https:\/\/www.chimimetal.com\/#organization\",\"name\":\"Chimimetal\",\"url\":\"https:\/\/www.chimimetal.com\/\",\"logo\":{\"@type\":\"ImageObject\",\"inLanguage\":\"de\",\"@id\":\"https:\/\/www.chimimetal.com\/#\/schema\/logo\/image\/\",\"url\":\"https:\/\/www.chimimetal.com\/wp-content\/uploads\/2020\/03\/logo-main.png\",\"contentUrl\":\"https:\/\/www.chimimetal.com\/wp-content\/uploads\/2020\/03\/logo-main.png\",\"width\":400,\"height\":130,\"caption\":\"Chimimetal\"},\"image\":{\"@id\":\"https:\/\/www.chimimetal.com\/#\/schema\/logo\/image\/\"}}]}<\/script>\n<!-- \/ Yoast SEO plugin. -->","yoast_head_json":{"title":"Laserscheiden online - \u00dcber uns Chimimetal","description":"Chimimetal ist eines der gr\u00f6\u00dften Unternehmen weltweit mit nachgewiesenem Know-how in \u00c4tztechnik und Gravurprozessen. Rufen Sie uns f\u00fcr Informationen","robots":{"index":"index","follow":"follow","max-snippet":"max-snippet:-1","max-image-preview":"max-image-preview:large","max-video-preview":"max-video-preview:-1"},"canonical":"https:\/\/www.chimimetal.com\/chi-siamo\/","og_locale":"de_DE","og_type":"article","og_title":"Laserscheiden online - \u00dcber uns Chimimetal","og_description":"Chimimetal ist eines der gr\u00f6\u00dften Unternehmen weltweit mit nachgewiesenem Know-how in \u00c4tztechnik und Gravurprozessen. Rufen Sie uns f\u00fcr Informationen","og_url":"https:\/\/www.chimimetal.com\/chi-siamo\/","og_site_name":"Chimimetal","article_modified_time":"2022-05-06T16:43:17+00:00","og_image":[{"url":"https:\/\/www.chimimetal.com\/wp-content\/uploads\/2020\/07\/chimimetal-esterni-magazzino_18.jpg","type":"","width":"","height":""}],"twitter_card":"summary_large_image","twitter_misc":{"Gesch\u00e4tzte Lesezeit":"3\u00a0Minuten"},"schema":{"@context":"https:\/\/schema.org","@graph":[{"@type":["WebPage","AboutPage"],"@id":"https:\/\/www.chimimetal.com\/chi-siamo\/","url":"https:\/\/www.chimimetal.com\/chi-siamo\/","name":"Laserscheiden online - \u00dcber uns Chimimetal","isPartOf":{"@id":"https:\/\/www.chimimetal.com\/#website"},"primaryImageOfPage":{"@id":"https:\/\/www.chimimetal.com\/chi-siamo\/#primaryimage"},"image":{"@id":"https:\/\/www.chimimetal.com\/chi-siamo\/#primaryimage"},"thumbnailUrl":"https:\/\/www.chimimetal.com\/wp-content\/uploads\/2020\/07\/chimimetal-esterni-magazzino_18.jpg","datePublished":"2020-04-29T15:32:15+00:00","dateModified":"2022-05-06T16:43:17+00:00","description":"Chimimetal ist eines der gr\u00f6\u00dften Unternehmen weltweit mit nachgewiesenem Know-how in \u00c4tztechnik und Gravurprozessen. Rufen Sie uns f\u00fcr Informationen","breadcrumb":{"@id":"https:\/\/www.chimimetal.com\/chi-siamo\/#breadcrumb"},"inLanguage":"de","potentialAction":[{"@type":"ReadAction","target":["https:\/\/www.chimimetal.com\/chi-siamo\/"]}]},{"@type":"ImageObject","inLanguage":"de","@id":"https:\/\/www.chimimetal.com\/chi-siamo\/#primaryimage","url":"https:\/\/www.chimimetal.com\/wp-content\/uploads\/2020\/07\/chimimetal-esterni-magazzino_18.jpg","contentUrl":"https:\/\/www.chimimetal.com\/wp-content\/uploads\/2020\/07\/chimimetal-esterni-magazzino_18.jpg"},{"@type":"BreadcrumbList","@id":"https:\/\/www.chimimetal.com\/chi-siamo\/#breadcrumb","itemListElement":[{"@type":"ListItem","position":1,"name":"Home","item":"https:\/\/www.chimimetal.com\/de\/"},{"@type":"ListItem","position":2,"name":"\u00dcber uns"}]},{"@type":"WebSite","@id":"https:\/\/www.chimimetal.com\/#website","url":"https:\/\/www.chimimetal.com\/","name":"Chimimetal","description":"","publisher":{"@id":"https:\/\/www.chimimetal.com\/#organization"},"potentialAction":[{"@type":"SearchAction","target":{"@type":"EntryPoint","urlTemplate":"https:\/\/www.chimimetal.com\/?s={search_term_string}"},"query-input":{"@type":"PropertyValueSpecification","valueRequired":true,"valueName":"search_term_string"}}],"inLanguage":"de"},{"@type":"Organization","@id":"https:\/\/www.chimimetal.com\/#organization","name":"Chimimetal","url":"https:\/\/www.chimimetal.com\/","logo":{"@type":"ImageObject","inLanguage":"de","@id":"https:\/\/www.chimimetal.com\/#\/schema\/logo\/image\/","url":"https:\/\/www.chimimetal.com\/wp-content\/uploads\/2020\/03\/logo-main.png","contentUrl":"https:\/\/www.chimimetal.com\/wp-content\/uploads\/2020\/03\/logo-main.png","width":400,"height":130,"caption":"Chimimetal"},"image":{"@id":"https:\/\/www.chimimetal.com\/#\/schema\/logo\/image\/"}}]}},"_links":{"self":[{"href":"https:\/\/www.chimimetal.com\/de\/wp-json\/wp\/v2\/pages\/2445","targetHints":{"allow":["GET"]}}],"collection":[{"href":"https:\/\/www.chimimetal.com\/de\/wp-json\/wp\/v2\/pages"}],"about":[{"href":"https:\/\/www.chimimetal.com\/de\/wp-json\/wp\/v2\/types\/page"}],"author":[{"embeddable":true,"href":"https:\/\/www.chimimetal.com\/de\/wp-json\/wp\/v2\/users\/2"}],"replies":[{"embeddable":true,"href":"https:\/\/www.chimimetal.com\/de\/wp-json\/wp\/v2\/comments?post=2445"}],"version-history":[{"count":18,"href":"https:\/\/www.chimimetal.com\/de\/wp-json\/wp\/v2\/pages\/2445\/revisions"}],"predecessor-version":[{"id":4295,"href":"https:\/\/www.chimimetal.com\/de\/wp-json\/wp\/v2\/pages\/2445\/revisions\/4295"}],"wp:attachment":[{"href":"https:\/\/www.chimimetal.com\/de\/wp-json\/wp\/v2\/media?parent=2445"}],"curies":[{"name":"wp","href":"https:\/\/api.w.org\/{rel}","templated":true}]}}