{"id":4009,"date":"2021-05-17T14:57:47","date_gmt":"2021-05-17T12:57:47","guid":{"rendered":"http:\/\/chimimetal.localhost\/?page_id=4009"},"modified":"2022-07-05T10:18:28","modified_gmt":"2022-07-05T08:18:28","slug":"laserschneiden-stahl","status":"publish","type":"page","link":"https:\/\/www.chimimetal.com\/de\/laserbearbeitung-und-laserschneiden\/laserschneiden-stahl\/","title":{"rendered":"Laserschneiden von Stahl"},"content":{"rendered":"\n<h2 class=\"wp-block-heading\"><strong>Die Eigenschaften von Stahl<\/strong><\/h2>\n\n\n\n<p>Durch Laserschneiden kann Stahl auf vielf\u00e4ltige Art und Weise bearbeitet\nwerden, die auch je nach seinen Eigenschaften und Merkmalen variieren k\u00f6nnen. <\/p>\n\n\n\n<p><strong>Stahl ist eine Legierung,\ndie aus Eisen, Chrom (mit einem Anteil von mindestens 10,5 %) und Kohlenstoff besteht;\nzus\u00e4tzlich k\u00f6nnen auch weitere Elemente wie Molybd\u00e4n und Nickel zugesetzt\nwerden.<\/strong> Es gibt also nicht nur eine Art von Stahl sondern mehrere \u201eStahlfamilien\u201c,\ndie jedoch viele gemeinsame Merkmale aufweisen. Eine davon ist seine\nKorrosionsbest\u00e4ndigkeit aufgrund des Vorhandenseins von Chrom, der eine d\u00fcnne,\nsch\u00fctzende Patina bildet, die ihrerseits wiederum den Werkstoff vor der\nerosiven Wirkung von Sauerstoff und \u00e4u\u00dferen Einfl\u00fcssen sch\u00fctzt. Wird diese\nPatina \u2013 auch Passivfilm genannt &#8211; besch\u00e4digt, bildet sich diese von selbst\nwieder nach.<\/p>\n\n\n\n<h2 class=\"wp-block-heading\"><strong>Chimimetal und die Bearbeitung von Stahl<\/strong><\/h2>\n\n\n\n<p>So wie bei der Bearbeitung von Messing k\u00f6nnen durch Laserschneiden\nWerkst\u00fccke aus Stahl mit einer St\u00e4rke von 0,4 mm bis 3,00 mm von extremer\nPr\u00e4zision hergestellt werden. Diese hochpr\u00e4zisen Resultate werden erzielt,\nindem der Laserstrahl direkt von den Dioden und Glasfaserkabeln in kurzen\nWellenl\u00e4ngen \u00fcbertragen wird. <\/p>\n\n\n\n<h2 class=\"wp-block-heading\"><strong>Hergestellte Produkte<\/strong><strong><\/strong><\/h2>\n\n\n\n<p>Durch die Stahlbearbeitung mittels Laserscheidetechnik ist Chimimetal in\nder Lage, eine breite Palette von Fertigprodukten f\u00fcr alle Sektoren\nherzustellen: angefangen mit mechanischen und elektronischen Teilen,\nFersenschutz an den T\u00fcrschwellen von Fahrzeugen, Lautsprechergittern f\u00fcr\nHi-Fi-Anlagen in der Automobilindustrie bis hin zu Designobjekten wie\nSchildchen, B\u00fcgel und Fassungen f\u00fcr Brillen, Encoder-Discs, E-Typen f\u00fcr die\nPr\u00e4gung von Wasserzeichen auf Papier, Lampen, Visitenkarten, Pl\u00e4ttchen oder\nDisplays\/St\u00e4nder. Au\u00dferdem bearbeiten wir auch Aluminium f\u00fcr die Herstellung\nvon Gegenst\u00e4nden f\u00fcr den t\u00e4glichen Gebrauch, wie Lesezeichen, Visitenkarten und\nFilter f\u00fcr Kaffeemaschinen..<\/p>\n\n\n\n<div class=\"wp-block-buttons is-layout-flex wp-block-buttons-is-layout-flex\">\n<div class=\"wp-block-button\"><a class=\"wp-block-button__link\" href=\"https:\/\/www.chimimetal.com\/de\/kontaktiere-uns\/\">ein Angebot anfordern<\/a><\/div>\n<\/div>\n","protected":false},"excerpt":{"rendered":"<p>Die Eigenschaften von Stahl Durch Laserschneiden kann Stahl auf vielf\u00e4ltige &#8230; <\/p>\n<p class=\"read-more-container\"><a title=\"Laserschneiden von Stahl\" class=\"read-more button\" href=\"https:\/\/www.chimimetal.com\/de\/laserbearbeitung-und-laserschneiden\/laserschneiden-stahl\/#more-4009\">Weiterlesen<span class=\"screen-reader-text\">Laserschneiden von Stahl<\/span><\/a><\/p>\n","protected":false},"author":2,"featured_media":0,"parent":2161,"menu_order":0,"comment_status":"closed","ping_status":"closed","template":"","meta":{"_acf_changed":false,"footnotes":""},"class_list":["post-4009","page","type-page","status-publish"],"acf":[],"yoast_head":"<!-- This site is optimized with the Yoast SEO plugin v26.8 - https:\/\/yoast.com\/product\/yoast-seo-wordpress\/ -->\n<title>Laserschneiden von Stahl - Chimimetal<\/title>\n<meta name=\"description\" content=\"Das Laserschneiden von Stahl erm\u00f6glicht die Herstellung von Fertigprodukten in allen Bereichen der Industrie. Entdecken Sie unsere Produkte\" \/>\n<meta name=\"robots\" content=\"index, follow, max-snippet:-1, max-image-preview:large, max-video-preview:-1\" \/>\n<link rel=\"canonical\" href=\"https:\/\/www.chimimetal.com\/taglio-laser\/taglio-laser-acciaio\/\" \/>\n<meta property=\"og:locale\" content=\"de_DE\" \/>\n<meta property=\"og:type\" content=\"article\" \/>\n<meta property=\"og:title\" content=\"Laserschneiden von Stahl - Chimimetal\" \/>\n<meta property=\"og:description\" content=\"Das Laserschneiden von Stahl erm\u00f6glicht die Herstellung von Fertigprodukten in allen Bereichen der Industrie. Entdecken Sie unsere Produkte\" \/>\n<meta property=\"og:url\" content=\"https:\/\/www.chimimetal.com\/taglio-laser\/taglio-laser-acciaio\/\" \/>\n<meta property=\"og:site_name\" content=\"Chimimetal\" \/>\n<meta property=\"article:modified_time\" content=\"2022-07-05T08:18:28+00:00\" \/>\n<meta name=\"twitter:card\" content=\"summary_large_image\" \/>\n<meta name=\"twitter:label1\" content=\"Gesch\u00e4tzte Lesezeit\" \/>\n\t<meta name=\"twitter:data1\" content=\"2\u00a0Minuten\" \/>\n<script type=\"application\/ld+json\" class=\"yoast-schema-graph\">{\"@context\":\"https:\/\/schema.org\",\"@graph\":[{\"@type\":\"WebPage\",\"@id\":\"https:\/\/www.chimimetal.com\/taglio-laser\/taglio-laser-acciaio\/\",\"url\":\"https:\/\/www.chimimetal.com\/taglio-laser\/taglio-laser-acciaio\/\",\"name\":\"Laserschneiden von Stahl - Chimimetal\",\"isPartOf\":{\"@id\":\"https:\/\/www.chimimetal.com\/#website\"},\"datePublished\":\"2021-05-17T12:57:47+00:00\",\"dateModified\":\"2022-07-05T08:18:28+00:00\",\"description\":\"Das Laserschneiden von Stahl erm\u00f6glicht die Herstellung von Fertigprodukten in allen Bereichen der Industrie. Entdecken Sie unsere Produkte\",\"breadcrumb\":{\"@id\":\"https:\/\/www.chimimetal.com\/taglio-laser\/taglio-laser-acciaio\/#breadcrumb\"},\"inLanguage\":\"de\",\"potentialAction\":[{\"@type\":\"ReadAction\",\"target\":[\"https:\/\/www.chimimetal.com\/taglio-laser\/taglio-laser-acciaio\/\"]}]},{\"@type\":\"BreadcrumbList\",\"@id\":\"https:\/\/www.chimimetal.com\/taglio-laser\/taglio-laser-acciaio\/#breadcrumb\",\"itemListElement\":[{\"@type\":\"ListItem\",\"position\":1,\"name\":\"Home\",\"item\":\"https:\/\/www.chimimetal.com\/de\/\"},{\"@type\":\"ListItem\",\"position\":2,\"name\":\"Laserschneiden\",\"item\":\"https:\/\/www.chimimetal.com\/taglio-laser\/\"},{\"@type\":\"ListItem\",\"position\":3,\"name\":\"Laserschneiden von Stahl\"}]},{\"@type\":\"WebSite\",\"@id\":\"https:\/\/www.chimimetal.com\/#website\",\"url\":\"https:\/\/www.chimimetal.com\/\",\"name\":\"Chimimetal\",\"description\":\"\",\"publisher\":{\"@id\":\"https:\/\/www.chimimetal.com\/#organization\"},\"potentialAction\":[{\"@type\":\"SearchAction\",\"target\":{\"@type\":\"EntryPoint\",\"urlTemplate\":\"https:\/\/www.chimimetal.com\/?s={search_term_string}\"},\"query-input\":{\"@type\":\"PropertyValueSpecification\",\"valueRequired\":true,\"valueName\":\"search_term_string\"}}],\"inLanguage\":\"de\"},{\"@type\":\"Organization\",\"@id\":\"https:\/\/www.chimimetal.com\/#organization\",\"name\":\"Chimimetal\",\"url\":\"https:\/\/www.chimimetal.com\/\",\"logo\":{\"@type\":\"ImageObject\",\"inLanguage\":\"de\",\"@id\":\"https:\/\/www.chimimetal.com\/#\/schema\/logo\/image\/\",\"url\":\"https:\/\/www.chimimetal.com\/wp-content\/uploads\/2020\/03\/logo-main.png\",\"contentUrl\":\"https:\/\/www.chimimetal.com\/wp-content\/uploads\/2020\/03\/logo-main.png\",\"width\":400,\"height\":130,\"caption\":\"Chimimetal\"},\"image\":{\"@id\":\"https:\/\/www.chimimetal.com\/#\/schema\/logo\/image\/\"}}]}<\/script>\n<!-- \/ Yoast SEO plugin. -->","yoast_head_json":{"title":"Laserschneiden von Stahl - Chimimetal","description":"Das Laserschneiden von Stahl erm\u00f6glicht die Herstellung von Fertigprodukten in allen Bereichen der Industrie. Entdecken Sie unsere Produkte","robots":{"index":"index","follow":"follow","max-snippet":"max-snippet:-1","max-image-preview":"max-image-preview:large","max-video-preview":"max-video-preview:-1"},"canonical":"https:\/\/www.chimimetal.com\/taglio-laser\/taglio-laser-acciaio\/","og_locale":"de_DE","og_type":"article","og_title":"Laserschneiden von Stahl - Chimimetal","og_description":"Das Laserschneiden von Stahl erm\u00f6glicht die Herstellung von Fertigprodukten in allen Bereichen der Industrie. Entdecken Sie unsere Produkte","og_url":"https:\/\/www.chimimetal.com\/taglio-laser\/taglio-laser-acciaio\/","og_site_name":"Chimimetal","article_modified_time":"2022-07-05T08:18:28+00:00","twitter_card":"summary_large_image","twitter_misc":{"Gesch\u00e4tzte Lesezeit":"2\u00a0Minuten"},"schema":{"@context":"https:\/\/schema.org","@graph":[{"@type":"WebPage","@id":"https:\/\/www.chimimetal.com\/taglio-laser\/taglio-laser-acciaio\/","url":"https:\/\/www.chimimetal.com\/taglio-laser\/taglio-laser-acciaio\/","name":"Laserschneiden von Stahl - Chimimetal","isPartOf":{"@id":"https:\/\/www.chimimetal.com\/#website"},"datePublished":"2021-05-17T12:57:47+00:00","dateModified":"2022-07-05T08:18:28+00:00","description":"Das Laserschneiden von Stahl erm\u00f6glicht die Herstellung von Fertigprodukten in allen Bereichen der Industrie. Entdecken Sie unsere Produkte","breadcrumb":{"@id":"https:\/\/www.chimimetal.com\/taglio-laser\/taglio-laser-acciaio\/#breadcrumb"},"inLanguage":"de","potentialAction":[{"@type":"ReadAction","target":["https:\/\/www.chimimetal.com\/taglio-laser\/taglio-laser-acciaio\/"]}]},{"@type":"BreadcrumbList","@id":"https:\/\/www.chimimetal.com\/taglio-laser\/taglio-laser-acciaio\/#breadcrumb","itemListElement":[{"@type":"ListItem","position":1,"name":"Home","item":"https:\/\/www.chimimetal.com\/de\/"},{"@type":"ListItem","position":2,"name":"Laserschneiden","item":"https:\/\/www.chimimetal.com\/taglio-laser\/"},{"@type":"ListItem","position":3,"name":"Laserschneiden von Stahl"}]},{"@type":"WebSite","@id":"https:\/\/www.chimimetal.com\/#website","url":"https:\/\/www.chimimetal.com\/","name":"Chimimetal","description":"","publisher":{"@id":"https:\/\/www.chimimetal.com\/#organization"},"potentialAction":[{"@type":"SearchAction","target":{"@type":"EntryPoint","urlTemplate":"https:\/\/www.chimimetal.com\/?s={search_term_string}"},"query-input":{"@type":"PropertyValueSpecification","valueRequired":true,"valueName":"search_term_string"}}],"inLanguage":"de"},{"@type":"Organization","@id":"https:\/\/www.chimimetal.com\/#organization","name":"Chimimetal","url":"https:\/\/www.chimimetal.com\/","logo":{"@type":"ImageObject","inLanguage":"de","@id":"https:\/\/www.chimimetal.com\/#\/schema\/logo\/image\/","url":"https:\/\/www.chimimetal.com\/wp-content\/uploads\/2020\/03\/logo-main.png","contentUrl":"https:\/\/www.chimimetal.com\/wp-content\/uploads\/2020\/03\/logo-main.png","width":400,"height":130,"caption":"Chimimetal"},"image":{"@id":"https:\/\/www.chimimetal.com\/#\/schema\/logo\/image\/"}}]}},"_links":{"self":[{"href":"https:\/\/www.chimimetal.com\/de\/wp-json\/wp\/v2\/pages\/4009","targetHints":{"allow":["GET"]}}],"collection":[{"href":"https:\/\/www.chimimetal.com\/de\/wp-json\/wp\/v2\/pages"}],"about":[{"href":"https:\/\/www.chimimetal.com\/de\/wp-json\/wp\/v2\/types\/page"}],"author":[{"embeddable":true,"href":"https:\/\/www.chimimetal.com\/de\/wp-json\/wp\/v2\/users\/2"}],"replies":[{"embeddable":true,"href":"https:\/\/www.chimimetal.com\/de\/wp-json\/wp\/v2\/comments?post=4009"}],"version-history":[{"count":3,"href":"https:\/\/www.chimimetal.com\/de\/wp-json\/wp\/v2\/pages\/4009\/revisions"}],"predecessor-version":[{"id":4321,"href":"https:\/\/www.chimimetal.com\/de\/wp-json\/wp\/v2\/pages\/4009\/revisions\/4321"}],"up":[{"embeddable":true,"href":"https:\/\/www.chimimetal.com\/de\/wp-json\/wp\/v2\/pages\/2161"}],"wp:attachment":[{"href":"https:\/\/www.chimimetal.com\/de\/wp-json\/wp\/v2\/media?parent=4009"}],"curies":[{"name":"wp","href":"https:\/\/api.w.org\/{rel}","templated":true}]}}