{"id":4011,"date":"2021-05-17T15:10:51","date_gmt":"2021-05-17T13:10:51","guid":{"rendered":"http:\/\/chimimetal.localhost\/?page_id=4011"},"modified":"2022-07-05T10:11:06","modified_gmt":"2022-07-05T08:11:06","slug":"laserschneiden-aluminium","status":"publish","type":"page","link":"https:\/\/www.chimimetal.com\/de\/laserbearbeitung-und-laserschneiden\/laserschneiden-aluminium\/","title":{"rendered":"Laserschneiden von Aluminium"},"content":{"rendered":"\n<h2 class=\"wp-block-heading\"><strong>Die Eigenschaften von\nAluminium<\/strong><strong><\/strong><\/h2>\n\n\n\n<p>Aus physikalischer, chemischer und mechanischer Sicht ist Aluminium ein\n\u00e4hnlicher Werkstoff wie Stahl, Messing, Kupfer, Zink, Blei und Titan und kann\nwie diese auf vielf\u00e4ltige Arten verarbeitet werden. <strong>Mittels Laserschneidetechnik hergestellte Aluminiumgegenst\u00e4nde k\u00f6nnen\nin verschiedenen Bereichen eingesetzt werden, wobei<\/strong> alle Eigenschaften und\nBesonderheiten dieses Materials zum Ausdruck kommen.<\/p>\n\n\n\n<p>Einige der <strong>Vorteile, die Aluminium\nbietet<\/strong>, sind:<\/p>\n\n\n\n<ul class=\"wp-block-list\"><li><strong>Leichtigkeit<\/strong>: Mit einem\nspezifischen Gewicht von nur 2,7 g\/cm3 (etwa einem Drittel des spezifischen\nGewichts von Stahl) eignet sich Aluminium f\u00fcr zahlreiche Anwendungen. Auf dem\nAutomobilsektor erlaubt der Einsatz von Aluminiumkomponenten in Fahrzeugen zum\nBeispiel eine Reduzierung des Energieverbrauchs bei gleichzeitiger Steigerung\nder Belastbarkeit;<\/li><li><strong>Korrosionsbest\u00e4ndigkeit<\/strong>;<\/li><li><strong>thermische und\nelektrische Leitf\u00e4higkeit<\/strong>, besser sogar als die von Kupfer: diese\nEigenschaft ist daf\u00fcr verantwortlich, dass Aluminium f\u00fcr die Herstellung von\nStromleitungen am h\u00e4ufigsten herangezogen wird;<\/li><li><strong>F\u00e4higkeit,\nLicht zu reflektieren<\/strong>: daher wird es auch zur Herstellung von\nRettungsdecken verwendet;<\/li><li><strong>Duktilit\u00e4t<\/strong>, die maximale\nBearbeitbarkeit dieses Werkstoffs in verschiedenen Formen und Kontexten\nerm\u00f6glicht;<\/li><li><strong>K\u00e4ltebest\u00e4ndigkeit<\/strong>;<\/li><\/ul>\n\n\n\n<p>Bei mittels Laserschneidetechnik hergestellten Aluminiumteilen kann man\nauch die vielen anderen Vorteile erkennen, die dieser Werkstoff bietet, wie z.\nB. <strong>Wasserundurchl\u00e4ssigkeit,\nGeruchlosigkeit und Ungiftigkeit. <\/strong><strong><\/strong><\/p>\n\n\n\n<h2 class=\"wp-block-heading\"><strong>Chimimetal\nund die Bearbeitung von Aluminium<\/strong><strong><\/strong><\/h2>\n\n\n\n<p>Bei der von Chimimetal durchgef\u00fchrten Bearbeitung\nvon Aluminium mittels Laserschneidetechnik wird der direkt von den Dioden und\nGlasfaserkabeln stammende Laserstrahl \u00fcbertragen. Dieser Prozess kann bei\ndiesem spezifischen Werkstoff in einer Tiefe von 0,5 mm bis 3,00 mm durchgef\u00fchrt\nwerden. Dank der Pr\u00e4zision dieser speziellen Technik weist der Schnitt eine\nverminderte Wellenl\u00e4nge auf, was eine genauere Ausrichtung des Aluminiumstrahls\nbeg\u00fcnstigt. <\/p>\n\n\n\n<h2 class=\"wp-block-heading\"><strong>Hergestellte\nProdukte <\/strong><\/h2>\n\n\n\n<p>Dank der von Chimimetal durchgef\u00fchrten Laserschneidetechnik\nvon Aluminium k\u00f6nnen Produkte hergestellt werden, die breit gestreute\nAnwendungsbereiche in der Industrie abdecken. Insbesondere erstreckt sich das\nKnow-how unseres Unternehmens auf die Herstellung von anspruchsvollen Objekten\nwie K\u00fchlk\u00f6rper, Namensschilder, Gobos f\u00fcr den Beleuchtungssektor, Filter und\nFersenschutz an den T\u00fcrschwellen von Fahrzeugen. <\/p>\n\n\n\n<div class=\"wp-block-buttons is-layout-flex wp-block-buttons-is-layout-flex\">\n<div class=\"wp-block-button\"><a class=\"wp-block-button__link\" href=\"https:\/\/www.chimimetal.com\/de\/kontaktiere-uns\/\">ein Angebot anfordern<\/a><\/div>\n<\/div>\n","protected":false},"excerpt":{"rendered":"<p>Die Eigenschaften von Aluminium Aus physikalischer, chemischer und mechanischer Sicht &#8230; <\/p>\n<p class=\"read-more-container\"><a title=\"Laserschneiden von Aluminium\" class=\"read-more button\" href=\"https:\/\/www.chimimetal.com\/de\/laserbearbeitung-und-laserschneiden\/laserschneiden-aluminium\/#more-4011\">Weiterlesen<span class=\"screen-reader-text\">Laserschneiden von Aluminium<\/span><\/a><\/p>\n","protected":false},"author":2,"featured_media":0,"parent":2161,"menu_order":0,"comment_status":"closed","ping_status":"closed","template":"","meta":{"_acf_changed":false,"footnotes":""},"class_list":["post-4011","page","type-page","status-publish"],"acf":[],"yoast_head":"<!-- This site is optimized with the Yoast SEO plugin v26.8 - https:\/\/yoast.com\/product\/yoast-seo-wordpress\/ -->\n<title>Laserschneiden von Aluminium - Chimimetal<\/title>\n<meta name=\"description\" content=\"Das Laserschneiden von Aluminium erm\u00f6glicht die Herstellung von Fertigprodukten in allen Bereichen der Industrie. Entdecken Sie unsere Produkte\" \/>\n<meta name=\"robots\" content=\"index, follow, max-snippet:-1, max-image-preview:large, max-video-preview:-1\" \/>\n<link rel=\"canonical\" href=\"https:\/\/www.chimimetal.com\/taglio-laser\/taglio-laser-alluminio\/\" \/>\n<meta property=\"og:locale\" content=\"de_DE\" \/>\n<meta property=\"og:type\" content=\"article\" \/>\n<meta property=\"og:title\" content=\"Laserschneiden von Aluminium - Chimimetal\" \/>\n<meta property=\"og:description\" content=\"Das Laserschneiden von Aluminium erm\u00f6glicht die Herstellung von Fertigprodukten in allen Bereichen der Industrie. Entdecken Sie unsere Produkte\" \/>\n<meta property=\"og:url\" content=\"https:\/\/www.chimimetal.com\/taglio-laser\/taglio-laser-alluminio\/\" \/>\n<meta property=\"og:site_name\" content=\"Chimimetal\" \/>\n<meta property=\"article:modified_time\" content=\"2022-07-05T08:11:06+00:00\" \/>\n<meta name=\"twitter:card\" content=\"summary_large_image\" \/>\n<meta name=\"twitter:label1\" content=\"Gesch\u00e4tzte Lesezeit\" \/>\n\t<meta name=\"twitter:data1\" content=\"2\u00a0Minuten\" \/>\n<script type=\"application\/ld+json\" class=\"yoast-schema-graph\">{\"@context\":\"https:\/\/schema.org\",\"@graph\":[{\"@type\":\"WebPage\",\"@id\":\"https:\/\/www.chimimetal.com\/taglio-laser\/taglio-laser-alluminio\/\",\"url\":\"https:\/\/www.chimimetal.com\/taglio-laser\/taglio-laser-alluminio\/\",\"name\":\"Laserschneiden von Aluminium - Chimimetal\",\"isPartOf\":{\"@id\":\"https:\/\/www.chimimetal.com\/#website\"},\"datePublished\":\"2021-05-17T13:10:51+00:00\",\"dateModified\":\"2022-07-05T08:11:06+00:00\",\"description\":\"Das Laserschneiden von Aluminium erm\u00f6glicht die Herstellung von Fertigprodukten in allen Bereichen der Industrie. Entdecken Sie unsere Produkte\",\"breadcrumb\":{\"@id\":\"https:\/\/www.chimimetal.com\/taglio-laser\/taglio-laser-alluminio\/#breadcrumb\"},\"inLanguage\":\"de\",\"potentialAction\":[{\"@type\":\"ReadAction\",\"target\":[\"https:\/\/www.chimimetal.com\/taglio-laser\/taglio-laser-alluminio\/\"]}]},{\"@type\":\"BreadcrumbList\",\"@id\":\"https:\/\/www.chimimetal.com\/taglio-laser\/taglio-laser-alluminio\/#breadcrumb\",\"itemListElement\":[{\"@type\":\"ListItem\",\"position\":1,\"name\":\"Home\",\"item\":\"https:\/\/www.chimimetal.com\/de\/\"},{\"@type\":\"ListItem\",\"position\":2,\"name\":\"Laserschneiden\",\"item\":\"https:\/\/www.chimimetal.com\/taglio-laser\/\"},{\"@type\":\"ListItem\",\"position\":3,\"name\":\"Laserschneiden von Aluminium\"}]},{\"@type\":\"WebSite\",\"@id\":\"https:\/\/www.chimimetal.com\/#website\",\"url\":\"https:\/\/www.chimimetal.com\/\",\"name\":\"Chimimetal\",\"description\":\"\",\"publisher\":{\"@id\":\"https:\/\/www.chimimetal.com\/#organization\"},\"potentialAction\":[{\"@type\":\"SearchAction\",\"target\":{\"@type\":\"EntryPoint\",\"urlTemplate\":\"https:\/\/www.chimimetal.com\/?s={search_term_string}\"},\"query-input\":{\"@type\":\"PropertyValueSpecification\",\"valueRequired\":true,\"valueName\":\"search_term_string\"}}],\"inLanguage\":\"de\"},{\"@type\":\"Organization\",\"@id\":\"https:\/\/www.chimimetal.com\/#organization\",\"name\":\"Chimimetal\",\"url\":\"https:\/\/www.chimimetal.com\/\",\"logo\":{\"@type\":\"ImageObject\",\"inLanguage\":\"de\",\"@id\":\"https:\/\/www.chimimetal.com\/#\/schema\/logo\/image\/\",\"url\":\"https:\/\/www.chimimetal.com\/wp-content\/uploads\/2020\/03\/logo-main.png\",\"contentUrl\":\"https:\/\/www.chimimetal.com\/wp-content\/uploads\/2020\/03\/logo-main.png\",\"width\":400,\"height\":130,\"caption\":\"Chimimetal\"},\"image\":{\"@id\":\"https:\/\/www.chimimetal.com\/#\/schema\/logo\/image\/\"}}]}<\/script>\n<!-- \/ Yoast SEO plugin. -->","yoast_head_json":{"title":"Laserschneiden von Aluminium - Chimimetal","description":"Das Laserschneiden von Aluminium erm\u00f6glicht die Herstellung von Fertigprodukten in allen Bereichen der Industrie. Entdecken Sie unsere Produkte","robots":{"index":"index","follow":"follow","max-snippet":"max-snippet:-1","max-image-preview":"max-image-preview:large","max-video-preview":"max-video-preview:-1"},"canonical":"https:\/\/www.chimimetal.com\/taglio-laser\/taglio-laser-alluminio\/","og_locale":"de_DE","og_type":"article","og_title":"Laserschneiden von Aluminium - Chimimetal","og_description":"Das Laserschneiden von Aluminium erm\u00f6glicht die Herstellung von Fertigprodukten in allen Bereichen der Industrie. Entdecken Sie unsere Produkte","og_url":"https:\/\/www.chimimetal.com\/taglio-laser\/taglio-laser-alluminio\/","og_site_name":"Chimimetal","article_modified_time":"2022-07-05T08:11:06+00:00","twitter_card":"summary_large_image","twitter_misc":{"Gesch\u00e4tzte Lesezeit":"2\u00a0Minuten"},"schema":{"@context":"https:\/\/schema.org","@graph":[{"@type":"WebPage","@id":"https:\/\/www.chimimetal.com\/taglio-laser\/taglio-laser-alluminio\/","url":"https:\/\/www.chimimetal.com\/taglio-laser\/taglio-laser-alluminio\/","name":"Laserschneiden von Aluminium - Chimimetal","isPartOf":{"@id":"https:\/\/www.chimimetal.com\/#website"},"datePublished":"2021-05-17T13:10:51+00:00","dateModified":"2022-07-05T08:11:06+00:00","description":"Das Laserschneiden von Aluminium erm\u00f6glicht die Herstellung von Fertigprodukten in allen Bereichen der Industrie. Entdecken Sie unsere Produkte","breadcrumb":{"@id":"https:\/\/www.chimimetal.com\/taglio-laser\/taglio-laser-alluminio\/#breadcrumb"},"inLanguage":"de","potentialAction":[{"@type":"ReadAction","target":["https:\/\/www.chimimetal.com\/taglio-laser\/taglio-laser-alluminio\/"]}]},{"@type":"BreadcrumbList","@id":"https:\/\/www.chimimetal.com\/taglio-laser\/taglio-laser-alluminio\/#breadcrumb","itemListElement":[{"@type":"ListItem","position":1,"name":"Home","item":"https:\/\/www.chimimetal.com\/de\/"},{"@type":"ListItem","position":2,"name":"Laserschneiden","item":"https:\/\/www.chimimetal.com\/taglio-laser\/"},{"@type":"ListItem","position":3,"name":"Laserschneiden von Aluminium"}]},{"@type":"WebSite","@id":"https:\/\/www.chimimetal.com\/#website","url":"https:\/\/www.chimimetal.com\/","name":"Chimimetal","description":"","publisher":{"@id":"https:\/\/www.chimimetal.com\/#organization"},"potentialAction":[{"@type":"SearchAction","target":{"@type":"EntryPoint","urlTemplate":"https:\/\/www.chimimetal.com\/?s={search_term_string}"},"query-input":{"@type":"PropertyValueSpecification","valueRequired":true,"valueName":"search_term_string"}}],"inLanguage":"de"},{"@type":"Organization","@id":"https:\/\/www.chimimetal.com\/#organization","name":"Chimimetal","url":"https:\/\/www.chimimetal.com\/","logo":{"@type":"ImageObject","inLanguage":"de","@id":"https:\/\/www.chimimetal.com\/#\/schema\/logo\/image\/","url":"https:\/\/www.chimimetal.com\/wp-content\/uploads\/2020\/03\/logo-main.png","contentUrl":"https:\/\/www.chimimetal.com\/wp-content\/uploads\/2020\/03\/logo-main.png","width":400,"height":130,"caption":"Chimimetal"},"image":{"@id":"https:\/\/www.chimimetal.com\/#\/schema\/logo\/image\/"}}]}},"_links":{"self":[{"href":"https:\/\/www.chimimetal.com\/de\/wp-json\/wp\/v2\/pages\/4011","targetHints":{"allow":["GET"]}}],"collection":[{"href":"https:\/\/www.chimimetal.com\/de\/wp-json\/wp\/v2\/pages"}],"about":[{"href":"https:\/\/www.chimimetal.com\/de\/wp-json\/wp\/v2\/types\/page"}],"author":[{"embeddable":true,"href":"https:\/\/www.chimimetal.com\/de\/wp-json\/wp\/v2\/users\/2"}],"replies":[{"embeddable":true,"href":"https:\/\/www.chimimetal.com\/de\/wp-json\/wp\/v2\/comments?post=4011"}],"version-history":[{"count":2,"href":"https:\/\/www.chimimetal.com\/de\/wp-json\/wp\/v2\/pages\/4011\/revisions"}],"predecessor-version":[{"id":4315,"href":"https:\/\/www.chimimetal.com\/de\/wp-json\/wp\/v2\/pages\/4011\/revisions\/4315"}],"up":[{"embeddable":true,"href":"https:\/\/www.chimimetal.com\/de\/wp-json\/wp\/v2\/pages\/2161"}],"wp:attachment":[{"href":"https:\/\/www.chimimetal.com\/de\/wp-json\/wp\/v2\/media?parent=4011"}],"curies":[{"name":"wp","href":"https:\/\/api.w.org\/{rel}","templated":true}]}}