{"id":4013,"date":"2021-05-17T15:14:05","date_gmt":"2021-05-17T13:14:05","guid":{"rendered":"http:\/\/chimimetal.localhost\/?page_id=4013"},"modified":"2022-07-05T10:12:50","modified_gmt":"2022-07-05T08:12:50","slug":"laserschneiden-bronze","status":"publish","type":"page","link":"https:\/\/www.chimimetal.com\/de\/laserbearbeitung-und-laserschneiden\/laserschneiden-bronze\/","title":{"rendered":"Laserschneiden von Bronze"},"content":{"rendered":"\n<h2 class=\"wp-block-heading\"><strong>Die Eigenschaften von\nBronze<\/strong><strong><\/strong><\/h2>\n\n\n\n<p>Bronze ist <strong>eine Legierunge aus\nKupfer und Zinn<\/strong>, meist im Verh\u00e4ltnis von 88 % zu 12 %. Bronze kann auch\nandere Elemente enthalten, wie Mangan, Aluminium, Phosphor, Nickel, Zink oder\nArsen.<\/p>\n\n\n\n<p>Anhand der Laserschneidetechnik kann Bronze auf vielf\u00e4ltige Art und Weise\nbearbeitet werden und es k\u00f6nnen verschiedene Gegenst\u00e4nde sowohl f\u00fcr den\nt\u00e4glichen Gebrauch als auch f\u00fcr die Industrie hergestellt werden.<\/p>\n\n\n\n<p>Was die Eigenschaften dieses Werkstoffs betrifft, muss daran erinnert\nwerden, dass diese sehr stark von der spezifischen Zusammensetzung der\nLegierung und auch von der Art der Verarbeitung abh\u00e4ngen. Unter den wichtigsten\nEigenschaften sind folgende hervorzuheben:<\/p>\n\n\n\n<ul class=\"wp-block-list\"><li>hohe Duktilit\u00e4t<\/li><li>verminderte Reibung bei Kontakt mit anderen Metallen;<\/li><li>die M\u00f6glichkeit, den Werkstoff in der N\u00e4he von brennbaren\noder explosiven Materialien zu verwenden, da beim Aufprall auf einer harten\nOberfl\u00e4che keine Funken entstehen.<\/li><\/ul>\n\n\n\n<p><strong>Bronze oxidiert an der Luft\nund bildet eine Oberfl\u00e4chenpatina, die das darunter befindliche Material vor\nweiterer Korrosion sch\u00fctzt.<\/strong> Die einzige Ausnahme dazu ist der Kontakt mit Chloriden\n(die auch im Meerwasser vorhanden sind), die das Metall von innen her\nkorrodieren und es letztlich zersetzen. <\/p>\n\n\n\n<h2 class=\"wp-block-heading\"><strong>Chimimimetal\nund die Bearbeitung von Bronze<\/strong><\/h2>\n\n\n\n<p>Dank der \u00dcbertragung des Laserstrahls, der die\nDioden und Glasfaserkabel mit verminderter Wellenl\u00e4nge durchl\u00e4uft, k\u00f6nnen\nhinsichtlich Schnittpr\u00e4zision hervorragende Resultate erzielt werdens: Das\nLaserschneiden von Bronze erfolgt in einer Tiefe von 0,5 bis 2,00 mm.<\/p>\n\n\n\n<h2 class=\"wp-block-heading\"><strong>Hergestellte\nProdukte<\/strong><\/h2>\n\n\n\n<p>Dank der Bronzebearbeitung durch die\nLaserschneidetechnik k\u00f6nnen Produkte hergestellt werden, die breit gestreute\nAnwendungsbereiche in der Industrie abdecken. Insbesondere ist Chimimetal\nExperte im Laserschneiden f\u00fcr die Herstellung von elektronischen Kontakten,\nmechanischen Teilen, E-Typen f\u00fcr die Pr\u00e4gung von Wasserzeichen auf Papier und\nFaston-Klemmen.<\/p>\n\n\n\n<div class=\"wp-block-buttons is-layout-flex wp-block-buttons-is-layout-flex\">\n<div class=\"wp-block-button\"><a class=\"wp-block-button__link\" href=\"https:\/\/www.chimimetal.com\/de\/kontaktiere-uns\/\">ein Angebot anfordern<\/a><\/div>\n<\/div>\n","protected":false},"excerpt":{"rendered":"<p>Die Eigenschaften von Bronze Bronze ist eine Legierunge aus Kupfer &#8230; <\/p>\n<p class=\"read-more-container\"><a title=\"Laserschneiden von Bronze\" class=\"read-more button\" href=\"https:\/\/www.chimimetal.com\/de\/laserbearbeitung-und-laserschneiden\/laserschneiden-bronze\/#more-4013\">Weiterlesen<span class=\"screen-reader-text\">Laserschneiden von Bronze<\/span><\/a><\/p>\n","protected":false},"author":2,"featured_media":0,"parent":2161,"menu_order":0,"comment_status":"closed","ping_status":"closed","template":"","meta":{"_acf_changed":false,"footnotes":""},"class_list":["post-4013","page","type-page","status-publish"],"acf":[],"yoast_head":"<!-- This site is optimized with the Yoast SEO plugin v26.8 - https:\/\/yoast.com\/product\/yoast-seo-wordpress\/ -->\n<title>Laserschneiden von Bronze - Chimimetal<\/title>\n<meta name=\"description\" content=\"Das Laserschneiden von Bronze erm\u00f6glicht die Herstellung von Fertigprodukten in allen Bereichen der Industrie. Entdecken Sie unsere Produkte\" \/>\n<meta name=\"robots\" content=\"index, follow, max-snippet:-1, max-image-preview:large, max-video-preview:-1\" \/>\n<link rel=\"canonical\" href=\"https:\/\/www.chimimetal.com\/taglio-laser\/taglio-laser-bronzo\/\" \/>\n<meta property=\"og:locale\" content=\"de_DE\" \/>\n<meta property=\"og:type\" content=\"article\" \/>\n<meta property=\"og:title\" content=\"Laserschneiden von Bronze - Chimimetal\" \/>\n<meta property=\"og:description\" content=\"Das Laserschneiden von Bronze erm\u00f6glicht die Herstellung von Fertigprodukten in allen Bereichen der Industrie. Entdecken Sie unsere Produkte\" \/>\n<meta property=\"og:url\" content=\"https:\/\/www.chimimetal.com\/taglio-laser\/taglio-laser-bronzo\/\" \/>\n<meta property=\"og:site_name\" content=\"Chimimetal\" \/>\n<meta property=\"article:modified_time\" content=\"2022-07-05T08:12:50+00:00\" \/>\n<meta name=\"twitter:card\" content=\"summary_large_image\" \/>\n<meta name=\"twitter:label1\" content=\"Gesch\u00e4tzte Lesezeit\" \/>\n\t<meta name=\"twitter:data1\" content=\"2\u00a0Minuten\" \/>\n<script type=\"application\/ld+json\" class=\"yoast-schema-graph\">{\"@context\":\"https:\/\/schema.org\",\"@graph\":[{\"@type\":\"WebPage\",\"@id\":\"https:\/\/www.chimimetal.com\/taglio-laser\/taglio-laser-bronzo\/\",\"url\":\"https:\/\/www.chimimetal.com\/taglio-laser\/taglio-laser-bronzo\/\",\"name\":\"Laserschneiden von Bronze - Chimimetal\",\"isPartOf\":{\"@id\":\"https:\/\/www.chimimetal.com\/#website\"},\"datePublished\":\"2021-05-17T13:14:05+00:00\",\"dateModified\":\"2022-07-05T08:12:50+00:00\",\"description\":\"Das Laserschneiden von Bronze erm\u00f6glicht die Herstellung von Fertigprodukten in allen Bereichen der Industrie. Entdecken Sie unsere Produkte\",\"breadcrumb\":{\"@id\":\"https:\/\/www.chimimetal.com\/taglio-laser\/taglio-laser-bronzo\/#breadcrumb\"},\"inLanguage\":\"de\",\"potentialAction\":[{\"@type\":\"ReadAction\",\"target\":[\"https:\/\/www.chimimetal.com\/taglio-laser\/taglio-laser-bronzo\/\"]}]},{\"@type\":\"BreadcrumbList\",\"@id\":\"https:\/\/www.chimimetal.com\/taglio-laser\/taglio-laser-bronzo\/#breadcrumb\",\"itemListElement\":[{\"@type\":\"ListItem\",\"position\":1,\"name\":\"Home\",\"item\":\"https:\/\/www.chimimetal.com\/de\/\"},{\"@type\":\"ListItem\",\"position\":2,\"name\":\"Laserschneiden\",\"item\":\"https:\/\/www.chimimetal.com\/taglio-laser\/\"},{\"@type\":\"ListItem\",\"position\":3,\"name\":\"Laserschneiden von Bronze\"}]},{\"@type\":\"WebSite\",\"@id\":\"https:\/\/www.chimimetal.com\/#website\",\"url\":\"https:\/\/www.chimimetal.com\/\",\"name\":\"Chimimetal\",\"description\":\"\",\"publisher\":{\"@id\":\"https:\/\/www.chimimetal.com\/#organization\"},\"potentialAction\":[{\"@type\":\"SearchAction\",\"target\":{\"@type\":\"EntryPoint\",\"urlTemplate\":\"https:\/\/www.chimimetal.com\/?s={search_term_string}\"},\"query-input\":{\"@type\":\"PropertyValueSpecification\",\"valueRequired\":true,\"valueName\":\"search_term_string\"}}],\"inLanguage\":\"de\"},{\"@type\":\"Organization\",\"@id\":\"https:\/\/www.chimimetal.com\/#organization\",\"name\":\"Chimimetal\",\"url\":\"https:\/\/www.chimimetal.com\/\",\"logo\":{\"@type\":\"ImageObject\",\"inLanguage\":\"de\",\"@id\":\"https:\/\/www.chimimetal.com\/#\/schema\/logo\/image\/\",\"url\":\"https:\/\/www.chimimetal.com\/wp-content\/uploads\/2020\/03\/logo-main.png\",\"contentUrl\":\"https:\/\/www.chimimetal.com\/wp-content\/uploads\/2020\/03\/logo-main.png\",\"width\":400,\"height\":130,\"caption\":\"Chimimetal\"},\"image\":{\"@id\":\"https:\/\/www.chimimetal.com\/#\/schema\/logo\/image\/\"}}]}<\/script>\n<!-- \/ Yoast SEO plugin. -->","yoast_head_json":{"title":"Laserschneiden von Bronze - Chimimetal","description":"Das Laserschneiden von Bronze erm\u00f6glicht die Herstellung von Fertigprodukten in allen Bereichen der Industrie. Entdecken Sie unsere Produkte","robots":{"index":"index","follow":"follow","max-snippet":"max-snippet:-1","max-image-preview":"max-image-preview:large","max-video-preview":"max-video-preview:-1"},"canonical":"https:\/\/www.chimimetal.com\/taglio-laser\/taglio-laser-bronzo\/","og_locale":"de_DE","og_type":"article","og_title":"Laserschneiden von Bronze - Chimimetal","og_description":"Das Laserschneiden von Bronze erm\u00f6glicht die Herstellung von Fertigprodukten in allen Bereichen der Industrie. Entdecken Sie unsere Produkte","og_url":"https:\/\/www.chimimetal.com\/taglio-laser\/taglio-laser-bronzo\/","og_site_name":"Chimimetal","article_modified_time":"2022-07-05T08:12:50+00:00","twitter_card":"summary_large_image","twitter_misc":{"Gesch\u00e4tzte Lesezeit":"2\u00a0Minuten"},"schema":{"@context":"https:\/\/schema.org","@graph":[{"@type":"WebPage","@id":"https:\/\/www.chimimetal.com\/taglio-laser\/taglio-laser-bronzo\/","url":"https:\/\/www.chimimetal.com\/taglio-laser\/taglio-laser-bronzo\/","name":"Laserschneiden von Bronze - Chimimetal","isPartOf":{"@id":"https:\/\/www.chimimetal.com\/#website"},"datePublished":"2021-05-17T13:14:05+00:00","dateModified":"2022-07-05T08:12:50+00:00","description":"Das Laserschneiden von Bronze erm\u00f6glicht die Herstellung von Fertigprodukten in allen Bereichen der Industrie. Entdecken Sie unsere Produkte","breadcrumb":{"@id":"https:\/\/www.chimimetal.com\/taglio-laser\/taglio-laser-bronzo\/#breadcrumb"},"inLanguage":"de","potentialAction":[{"@type":"ReadAction","target":["https:\/\/www.chimimetal.com\/taglio-laser\/taglio-laser-bronzo\/"]}]},{"@type":"BreadcrumbList","@id":"https:\/\/www.chimimetal.com\/taglio-laser\/taglio-laser-bronzo\/#breadcrumb","itemListElement":[{"@type":"ListItem","position":1,"name":"Home","item":"https:\/\/www.chimimetal.com\/de\/"},{"@type":"ListItem","position":2,"name":"Laserschneiden","item":"https:\/\/www.chimimetal.com\/taglio-laser\/"},{"@type":"ListItem","position":3,"name":"Laserschneiden von Bronze"}]},{"@type":"WebSite","@id":"https:\/\/www.chimimetal.com\/#website","url":"https:\/\/www.chimimetal.com\/","name":"Chimimetal","description":"","publisher":{"@id":"https:\/\/www.chimimetal.com\/#organization"},"potentialAction":[{"@type":"SearchAction","target":{"@type":"EntryPoint","urlTemplate":"https:\/\/www.chimimetal.com\/?s={search_term_string}"},"query-input":{"@type":"PropertyValueSpecification","valueRequired":true,"valueName":"search_term_string"}}],"inLanguage":"de"},{"@type":"Organization","@id":"https:\/\/www.chimimetal.com\/#organization","name":"Chimimetal","url":"https:\/\/www.chimimetal.com\/","logo":{"@type":"ImageObject","inLanguage":"de","@id":"https:\/\/www.chimimetal.com\/#\/schema\/logo\/image\/","url":"https:\/\/www.chimimetal.com\/wp-content\/uploads\/2020\/03\/logo-main.png","contentUrl":"https:\/\/www.chimimetal.com\/wp-content\/uploads\/2020\/03\/logo-main.png","width":400,"height":130,"caption":"Chimimetal"},"image":{"@id":"https:\/\/www.chimimetal.com\/#\/schema\/logo\/image\/"}}]}},"_links":{"self":[{"href":"https:\/\/www.chimimetal.com\/de\/wp-json\/wp\/v2\/pages\/4013","targetHints":{"allow":["GET"]}}],"collection":[{"href":"https:\/\/www.chimimetal.com\/de\/wp-json\/wp\/v2\/pages"}],"about":[{"href":"https:\/\/www.chimimetal.com\/de\/wp-json\/wp\/v2\/types\/page"}],"author":[{"embeddable":true,"href":"https:\/\/www.chimimetal.com\/de\/wp-json\/wp\/v2\/users\/2"}],"replies":[{"embeddable":true,"href":"https:\/\/www.chimimetal.com\/de\/wp-json\/wp\/v2\/comments?post=4013"}],"version-history":[{"count":2,"href":"https:\/\/www.chimimetal.com\/de\/wp-json\/wp\/v2\/pages\/4013\/revisions"}],"predecessor-version":[{"id":4316,"href":"https:\/\/www.chimimetal.com\/de\/wp-json\/wp\/v2\/pages\/4013\/revisions\/4316"}],"up":[{"embeddable":true,"href":"https:\/\/www.chimimetal.com\/de\/wp-json\/wp\/v2\/pages\/2161"}],"wp:attachment":[{"href":"https:\/\/www.chimimetal.com\/de\/wp-json\/wp\/v2\/media?parent=4013"}],"curies":[{"name":"wp","href":"https:\/\/api.w.org\/{rel}","templated":true}]}}