{"id":4019,"date":"2021-05-17T15:30:39","date_gmt":"2021-05-17T13:30:39","guid":{"rendered":"http:\/\/chimimetal.localhost\/?page_id=4019"},"modified":"2022-07-05T10:19:58","modified_gmt":"2022-07-05T08:19:58","slug":"laserschneiden-titan","status":"publish","type":"page","link":"https:\/\/www.chimimetal.com\/de\/laserbearbeitung-und-laserschneiden\/laserschneiden-titan\/","title":{"rendered":"Laserschneiden von Titan"},"content":{"rendered":"\n<h2 class=\"wp-block-heading\"><strong>Die Eigenschaften des\nTitans<\/strong><strong><\/strong><\/h2>\n\n\n\n<p>Beim Laserschneiden von <strong>Titan<\/strong>\nm\u00fcssen die spezifischen Charakteristiken dieses Werkstoffs gut bekannt sein. In\ndiesem Zusammenhang ist zu erw\u00e4hnen, <strong>dass\ndieses \u2013 relativ neue &#8211; Metall viele Vorteile hat: <\/strong>es wurde erst im Jahr\n1790 entdeckt und findet erst seit dem Beginn der 1950er-Jahren Anwendung in\nder Industrie.<strong><\/strong><\/p>\n\n\n\n<p>Titan kommt in gro\u00dfen Mengen in der Erdkruste vor: <strong>hinsichtlich seines weltweiten Vorkommens ist es das vierte Metall<\/strong>\nund der neunte Werkstoff hinsichtlich seiner Verwendung in der Industrie.\nZahlenm\u00e4\u00dfig \u00fcbertroffen wird es nur von Metallen wie Eisen oder Aluminium, die\n\u00fcberall Einsatz finden. <\/p>\n\n\n\n<p>Beim Laserschneiden von Titan kommt auch eine weitere, sehr bedeutende\nCharakteristik dieses Metalls zum Tragen, die es gegen\u00fcber anderen Werkstoffen\nauszeichnet: die <strong>Biokompatibilit\u00e4t; <\/strong>aufgrund\ndieser besonderen Eigenschaft kann Titan \u00e4u\u00dferst vielseitig eingesetzt werden\nund wurde deshalb zum Gegenstand zahlreicher Forschungs- und\nEntwicklungsstudien.<\/p>\n\n\n\n<p>Titan bietet auch andere wichtige Vorteile, wie:<\/p>\n\n\n\n<ul class=\"wp-block-list\"><li><strong>hohe\nWiderstandskraft<\/strong>, mindestens dreimal so hoch wie die von Aluminium;<\/li><li><strong>geringes\nGewicht<\/strong>, weshalb es sich sowohl f\u00fcr die Herstellung von\nMaschinenkomponenten als auch f\u00fcr die Herstellung von leicht tragbaren\nGegenst\u00e4nden eignet;<\/li><li><strong>Korrosionbest\u00e4ndigkeit<\/strong>;<\/li><li><strong>\u00c4sthetik<\/strong>: ein nicht zu\nuntersch\u00e4tzender Aspekt, da Titan auch in der Welt des Designs breiten Einzug\ngefunden hat;<\/li><li><strong>Flexibilit\u00e4t.<\/strong><\/li><\/ul>\n\n\n\n<p>Titan wird nach vier Klassifizierungsgraden vermarktet: kommerzielles\nReintitan, Alpha-Typ-Legierungen, B-Legierungen und Alpha + B-Legierungen, die\nsich hinsichtlich ihrer Widerstandskraft und Einsatzm\u00f6glichkeiten voneinander\nunterscheiden. <\/p>\n\n\n\n<h2 class=\"wp-block-heading\"><strong>Chimimetal und die Bearbeitung von Titan<\/strong><\/h2>\n\n\n\n<p>Das Laserschneiden von Titan wird in den\nChimimetal-Werken in Biella in einer Tiefe zwischen 0,4mm und 1,2mm\ndurchgef\u00fchrt.<\/p>\n\n\n\n<p>Das Schneiden der Titanfasern erfolgt durch die\n\u00dcbertragung des Laserstrahls direkt von den Dioden und Glasfaserkabeln. <\/p>\n\n\n\n<p>Dank dieser speziellen Bearbeitungstechnik weist\nder Schnitt eine geringe Wellenl\u00e4nge auf und beg\u00fcnstigt somit auch eine bessere\nAbsorption des Laserstrahls durch das bearbeitete und geschnittene Material.<\/p>\n\n\n\n<h2 class=\"wp-block-heading\"><strong>Hergestellte\nProdukte<\/strong><strong><\/strong><\/h2>\n\n\n\n<p>Dank der Bearbeitung von Titan mittels\nLaserschneidetechnik ist Chimimetal in der Lage, Pr\u00e4zisionsprodukte von\nh\u00f6chster Qualit\u00e4t f\u00fcr s\u00e4mtliche Bereiche herzustellen: von anspruchsvollsten\nDesignobjekten bis hin zu Materialien, die in Spezialbereichen auch als\nmedizinische Komponenten eingesetzt werden k\u00f6nnen. <\/p>\n\n\n\n<div class=\"wp-block-buttons is-layout-flex wp-block-buttons-is-layout-flex\">\n<div class=\"wp-block-button\"><a class=\"wp-block-button__link\" href=\"https:\/\/www.chimimetal.com\/de\/kontaktiere-uns\/\">ein Angebot anfordern<\/a><\/div>\n<\/div>\n","protected":false},"excerpt":{"rendered":"<p>Die Eigenschaften des Titans Beim Laserschneiden von Titan m\u00fcssen die &#8230; <\/p>\n<p class=\"read-more-container\"><a title=\"Laserschneiden von Titan\" class=\"read-more button\" href=\"https:\/\/www.chimimetal.com\/de\/laserbearbeitung-und-laserschneiden\/laserschneiden-titan\/#more-4019\">Weiterlesen<span class=\"screen-reader-text\">Laserschneiden von Titan<\/span><\/a><\/p>\n","protected":false},"author":2,"featured_media":0,"parent":2161,"menu_order":0,"comment_status":"closed","ping_status":"closed","template":"","meta":{"_acf_changed":false,"footnotes":""},"class_list":["post-4019","page","type-page","status-publish"],"acf":[],"yoast_head":"<!-- This site is optimized with the Yoast SEO plugin v26.8 - https:\/\/yoast.com\/product\/yoast-seo-wordpress\/ -->\n<title>Laserschneiden von Titan - Chimimetal<\/title>\n<meta name=\"description\" content=\"Das Laserschneiden von Titan erm\u00f6glicht die Herstellung von Fertigprodukten in allen Bereichen der Industrie. Entdecken Sie unsere Produkte\" \/>\n<meta name=\"robots\" content=\"index, follow, max-snippet:-1, max-image-preview:large, max-video-preview:-1\" \/>\n<link rel=\"canonical\" href=\"https:\/\/www.chimimetal.com\/taglio-laser\/taglio-laser-titanio\/\" \/>\n<meta property=\"og:locale\" content=\"de_DE\" \/>\n<meta property=\"og:type\" content=\"article\" \/>\n<meta property=\"og:title\" content=\"Laserschneiden von Titan - Chimimetal\" \/>\n<meta property=\"og:description\" content=\"Das Laserschneiden von Titan erm\u00f6glicht die Herstellung von Fertigprodukten in allen Bereichen der Industrie. Entdecken Sie unsere Produkte\" \/>\n<meta property=\"og:url\" content=\"https:\/\/www.chimimetal.com\/taglio-laser\/taglio-laser-titanio\/\" \/>\n<meta property=\"og:site_name\" content=\"Chimimetal\" \/>\n<meta property=\"article:modified_time\" content=\"2022-07-05T08:19:58+00:00\" \/>\n<meta name=\"twitter:card\" content=\"summary_large_image\" \/>\n<meta name=\"twitter:label1\" content=\"Gesch\u00e4tzte Lesezeit\" \/>\n\t<meta name=\"twitter:data1\" content=\"2\u00a0Minuten\" \/>\n<script type=\"application\/ld+json\" class=\"yoast-schema-graph\">{\"@context\":\"https:\/\/schema.org\",\"@graph\":[{\"@type\":\"WebPage\",\"@id\":\"https:\/\/www.chimimetal.com\/taglio-laser\/taglio-laser-titanio\/\",\"url\":\"https:\/\/www.chimimetal.com\/taglio-laser\/taglio-laser-titanio\/\",\"name\":\"Laserschneiden von Titan - Chimimetal\",\"isPartOf\":{\"@id\":\"https:\/\/www.chimimetal.com\/#website\"},\"datePublished\":\"2021-05-17T13:30:39+00:00\",\"dateModified\":\"2022-07-05T08:19:58+00:00\",\"description\":\"Das Laserschneiden von Titan erm\u00f6glicht die Herstellung von Fertigprodukten in allen Bereichen der Industrie. Entdecken Sie unsere Produkte\",\"breadcrumb\":{\"@id\":\"https:\/\/www.chimimetal.com\/taglio-laser\/taglio-laser-titanio\/#breadcrumb\"},\"inLanguage\":\"de\",\"potentialAction\":[{\"@type\":\"ReadAction\",\"target\":[\"https:\/\/www.chimimetal.com\/taglio-laser\/taglio-laser-titanio\/\"]}]},{\"@type\":\"BreadcrumbList\",\"@id\":\"https:\/\/www.chimimetal.com\/taglio-laser\/taglio-laser-titanio\/#breadcrumb\",\"itemListElement\":[{\"@type\":\"ListItem\",\"position\":1,\"name\":\"Home\",\"item\":\"https:\/\/www.chimimetal.com\/de\/\"},{\"@type\":\"ListItem\",\"position\":2,\"name\":\"Laserschneiden\",\"item\":\"https:\/\/www.chimimetal.com\/taglio-laser\/\"},{\"@type\":\"ListItem\",\"position\":3,\"name\":\"Laserschneiden von Titan\"}]},{\"@type\":\"WebSite\",\"@id\":\"https:\/\/www.chimimetal.com\/#website\",\"url\":\"https:\/\/www.chimimetal.com\/\",\"name\":\"Chimimetal\",\"description\":\"\",\"publisher\":{\"@id\":\"https:\/\/www.chimimetal.com\/#organization\"},\"potentialAction\":[{\"@type\":\"SearchAction\",\"target\":{\"@type\":\"EntryPoint\",\"urlTemplate\":\"https:\/\/www.chimimetal.com\/?s={search_term_string}\"},\"query-input\":{\"@type\":\"PropertyValueSpecification\",\"valueRequired\":true,\"valueName\":\"search_term_string\"}}],\"inLanguage\":\"de\"},{\"@type\":\"Organization\",\"@id\":\"https:\/\/www.chimimetal.com\/#organization\",\"name\":\"Chimimetal\",\"url\":\"https:\/\/www.chimimetal.com\/\",\"logo\":{\"@type\":\"ImageObject\",\"inLanguage\":\"de\",\"@id\":\"https:\/\/www.chimimetal.com\/#\/schema\/logo\/image\/\",\"url\":\"https:\/\/www.chimimetal.com\/wp-content\/uploads\/2020\/03\/logo-main.png\",\"contentUrl\":\"https:\/\/www.chimimetal.com\/wp-content\/uploads\/2020\/03\/logo-main.png\",\"width\":400,\"height\":130,\"caption\":\"Chimimetal\"},\"image\":{\"@id\":\"https:\/\/www.chimimetal.com\/#\/schema\/logo\/image\/\"}}]}<\/script>\n<!-- \/ Yoast SEO plugin. -->","yoast_head_json":{"title":"Laserschneiden von Titan - Chimimetal","description":"Das Laserschneiden von Titan erm\u00f6glicht die Herstellung von Fertigprodukten in allen Bereichen der Industrie. Entdecken Sie unsere Produkte","robots":{"index":"index","follow":"follow","max-snippet":"max-snippet:-1","max-image-preview":"max-image-preview:large","max-video-preview":"max-video-preview:-1"},"canonical":"https:\/\/www.chimimetal.com\/taglio-laser\/taglio-laser-titanio\/","og_locale":"de_DE","og_type":"article","og_title":"Laserschneiden von Titan - Chimimetal","og_description":"Das Laserschneiden von Titan erm\u00f6glicht die Herstellung von Fertigprodukten in allen Bereichen der Industrie. Entdecken Sie unsere Produkte","og_url":"https:\/\/www.chimimetal.com\/taglio-laser\/taglio-laser-titanio\/","og_site_name":"Chimimetal","article_modified_time":"2022-07-05T08:19:58+00:00","twitter_card":"summary_large_image","twitter_misc":{"Gesch\u00e4tzte Lesezeit":"2\u00a0Minuten"},"schema":{"@context":"https:\/\/schema.org","@graph":[{"@type":"WebPage","@id":"https:\/\/www.chimimetal.com\/taglio-laser\/taglio-laser-titanio\/","url":"https:\/\/www.chimimetal.com\/taglio-laser\/taglio-laser-titanio\/","name":"Laserschneiden von Titan - Chimimetal","isPartOf":{"@id":"https:\/\/www.chimimetal.com\/#website"},"datePublished":"2021-05-17T13:30:39+00:00","dateModified":"2022-07-05T08:19:58+00:00","description":"Das Laserschneiden von Titan erm\u00f6glicht die Herstellung von Fertigprodukten in allen Bereichen der Industrie. Entdecken Sie unsere Produkte","breadcrumb":{"@id":"https:\/\/www.chimimetal.com\/taglio-laser\/taglio-laser-titanio\/#breadcrumb"},"inLanguage":"de","potentialAction":[{"@type":"ReadAction","target":["https:\/\/www.chimimetal.com\/taglio-laser\/taglio-laser-titanio\/"]}]},{"@type":"BreadcrumbList","@id":"https:\/\/www.chimimetal.com\/taglio-laser\/taglio-laser-titanio\/#breadcrumb","itemListElement":[{"@type":"ListItem","position":1,"name":"Home","item":"https:\/\/www.chimimetal.com\/de\/"},{"@type":"ListItem","position":2,"name":"Laserschneiden","item":"https:\/\/www.chimimetal.com\/taglio-laser\/"},{"@type":"ListItem","position":3,"name":"Laserschneiden von Titan"}]},{"@type":"WebSite","@id":"https:\/\/www.chimimetal.com\/#website","url":"https:\/\/www.chimimetal.com\/","name":"Chimimetal","description":"","publisher":{"@id":"https:\/\/www.chimimetal.com\/#organization"},"potentialAction":[{"@type":"SearchAction","target":{"@type":"EntryPoint","urlTemplate":"https:\/\/www.chimimetal.com\/?s={search_term_string}"},"query-input":{"@type":"PropertyValueSpecification","valueRequired":true,"valueName":"search_term_string"}}],"inLanguage":"de"},{"@type":"Organization","@id":"https:\/\/www.chimimetal.com\/#organization","name":"Chimimetal","url":"https:\/\/www.chimimetal.com\/","logo":{"@type":"ImageObject","inLanguage":"de","@id":"https:\/\/www.chimimetal.com\/#\/schema\/logo\/image\/","url":"https:\/\/www.chimimetal.com\/wp-content\/uploads\/2020\/03\/logo-main.png","contentUrl":"https:\/\/www.chimimetal.com\/wp-content\/uploads\/2020\/03\/logo-main.png","width":400,"height":130,"caption":"Chimimetal"},"image":{"@id":"https:\/\/www.chimimetal.com\/#\/schema\/logo\/image\/"}}]}},"_links":{"self":[{"href":"https:\/\/www.chimimetal.com\/de\/wp-json\/wp\/v2\/pages\/4019","targetHints":{"allow":["GET"]}}],"collection":[{"href":"https:\/\/www.chimimetal.com\/de\/wp-json\/wp\/v2\/pages"}],"about":[{"href":"https:\/\/www.chimimetal.com\/de\/wp-json\/wp\/v2\/types\/page"}],"author":[{"embeddable":true,"href":"https:\/\/www.chimimetal.com\/de\/wp-json\/wp\/v2\/users\/2"}],"replies":[{"embeddable":true,"href":"https:\/\/www.chimimetal.com\/de\/wp-json\/wp\/v2\/comments?post=4019"}],"version-history":[{"count":2,"href":"https:\/\/www.chimimetal.com\/de\/wp-json\/wp\/v2\/pages\/4019\/revisions"}],"predecessor-version":[{"id":4322,"href":"https:\/\/www.chimimetal.com\/de\/wp-json\/wp\/v2\/pages\/4019\/revisions\/4322"}],"up":[{"embeddable":true,"href":"https:\/\/www.chimimetal.com\/de\/wp-json\/wp\/v2\/pages\/2161"}],"wp:attachment":[{"href":"https:\/\/www.chimimetal.com\/de\/wp-json\/wp\/v2\/media?parent=4019"}],"curies":[{"name":"wp","href":"https:\/\/api.w.org\/{rel}","templated":true}]}}