{"id":4262,"date":"2022-05-02T15:50:42","date_gmt":"2022-05-02T13:50:42","guid":{"rendered":"https:\/\/www.chimimetal.com\/faq\/"},"modified":"2022-05-03T10:48:29","modified_gmt":"2022-05-03T08:48:29","slug":"faq","status":"publish","type":"page","link":"https:\/\/www.chimimetal.com\/de\/faq\/","title":{"rendered":"FAQ"},"content":{"rendered":"\n<h2 class=\"wp-block-heading\">Was ist Laserschneiden?<\/h2>\n\n\n\n<p>Das <strong>Laserschneiden<\/strong> mit Lichtwellenleitern wird eingesetzt, um einen <strong>pr\u00e4zisen<\/strong> Schnitt und ein <strong>hochwertiges<\/strong> Ergebnis zu erzielen, und ist eine innovative Technik, die heute von immer mehr Unternehmen eingesetzt wird.<\/p>\n\n\n\n<p>Bei der <strong>Technik des Laserschneidens<\/strong> wird ein durch eine Linse gefilterter <strong>Strahl<\/strong> auf das zu schneidende Blech gerichtet, der die Oberfl\u00e4che \u00fcberhitzt und somit zum Schmelzen bringt.<\/p>\n\n\n\n<p>Gleichzeitig wird ein von der Basis der Linse ausgehender <strong>Gasstrom<\/strong> verwendet, der durch einen fluodynamischen Schub den eigentlichen Schnitt der Oberfl\u00e4che in Abh\u00e4ngigkeit von der zu erzielenden Gravur erzeugt.<\/p>\n\n\n\n<p>Es gibt verschiedene Arten des <a href=\"https:\/\/www.chimimetal.com\/de\/laserbearbeitung-und-laserschneiden\/\" target=\"_blank\" rel=\"noreferrer noopener\">Laserschneidens<\/a>:<\/p>\n\n\n\n<ul class=\"wp-block-list\"><li>mit <strong>Inertgas<\/strong>;<\/li><li>mit <strong>CO2<\/strong>;<\/li><li><strong>Faser<\/strong>;<\/li><li><strong>Diode<\/strong>;<\/li><li><strong>sauerstoffunterst\u00fctzt<\/strong>;<\/li><li><strong>2D<\/strong> oder <strong>3D<\/strong>.<\/li><\/ul>\n\n\n\n<hr class=\"wp-block-separator is-style-wide\"\/>\n\n\n\n<h2 class=\"wp-block-heading\">Warum wird der Laser zum Schneiden von Materialien verwendet? Was sind die Vorteile?<\/h2>\n\n\n\n<p>Die <strong>Vorteile<\/strong> der Verwendung von<strong> Lasern zum Schneiden von Materialien<\/strong> lassen sich wie folgt zusammenfassen:<\/p>\n\n\n\n<ul class=\"wp-block-list\"><li><strong>extreme Schnittgenauigkeit<\/strong> f\u00fcr qualitativ hochwertige Ergebnisse;<\/li><li><strong>geringe Implantationskosten<\/strong>, was sie zu einer idealen Technik f\u00fcr die Entwicklung von Prototypen macht;<\/li><li>die <strong>M\u00f6glichkeit<\/strong>,<strong> Metalle zu behandeln<\/strong>, die nicht durch <a href=\"https:\/\/www.chimimetal.com\/de\/aetztechnik-und-aetzprozess\/\" target=\"_blank\" rel=\"noreferrer noopener\">fotochemischen \u00c4tzens<\/a> bearbeitet werden k\u00f6nnen;<\/li><li>M\u00f6glichkeit zum Schneiden von <strong>Materialien mit einer hohen Dicke<\/strong>, bis zu <a href=\"https:\/\/www.chimimetal.com\/de\/laserbearbeitung-und-laserschneiden\/laserschneiden-stahl\/\" target=\"_blank\" rel=\"noreferrer noopener\">3 mm f\u00fcr Stahl<\/a> und <a href=\"https:\/\/www.chimimetal.com\/de\/laserbearbeitung-und-laserschneiden\/laserschneiden-messing\/\" target=\"_blank\" rel=\"noreferrer noopener\">2 mm f\u00fcr Messing<\/a>.<\/li><\/ul>\n\n\n\n<hr class=\"wp-block-separator is-style-wide\"\/>\n\n\n\n<h2 class=\"wp-block-heading\">Was ist kombinierte Schneidverfahren?<\/h2>\n\n\n\n<p>Kombinierte Schneidverfahren wird in F\u00e4llen verwendet, in denen wir mit unserem Laser eine Halbgravur anfertigen m\u00fcssen.<\/p>\n\n\n\n<p>In diesen F\u00e4llen wenden wir die <strong>kombinierte Schneidetechnik<\/strong> an: zuerst f\u00fchren wir die Halbgravur mit <a href=\"https:\/\/www.chimimetal.com\/de\/aetztechnik-und-aetzprozess\/\" target=\"_blank\" rel=\"noreferrer noopener\">chemische Ausschneiden<\/a> durch und dann schie\u00dfen wir die Teile mit dem Laser, was dank des ausgekl\u00fcgelten optischen Zentriersystems, das die beiden Verfahren perfekt axial zueinander bringt, <strong>absolute Pr\u00e4zision (bis zu 0,05 mm)<\/strong> garantiert.<\/p>\n\n\n\n<hr class=\"wp-block-separator is-style-wide\"\/>\n\n\n\n<h2 class=\"wp-block-heading\">Welche Materialien kann ein Laserschneiden?<\/h2>\n\n\n\n<p>Mit unserem Laser k\u00f6nnen wir Teile aus <a href=\"https:\/\/www.chimimetal.com\/de\/laserbearbeitung-und-laserschneiden\/laserschneiden-stahl\/\" target=\"_blank\" rel=\"noreferrer noopener\">Stahl<\/a>, <a href=\"https:\/\/www.chimimetal.com\/de\/laserbearbeitung-und-laserschneiden\/laserschneiden-aluminium\/\" target=\"_blank\" rel=\"noreferrer noopener\">Aluminium<\/a>, <a href=\"https:\/\/www.chimimetal.com\/de\/laserbearbeitung-und-laserschneiden\/laserschneiden-bronze\/\" target=\"_blank\" rel=\"noreferrer noopener\">Bronze<\/a>, <a href=\"https:\/\/www.chimimetal.com\/de\/laserbearbeitung-und-laserschneiden\/laserschneiden-messing\/\" target=\"_blank\" rel=\"noreferrer noopener\">Messing<\/a>, <a href=\"https:\/\/www.chimimetal.com\/de\/laserbearbeitung-und-laserschneiden\/laserschneiden-kupfer\/\" target=\"_blank\" rel=\"noreferrer noopener\">Kupfer<\/a> und <a href=\"https:\/\/www.chimimetal.com\/de\/laserbearbeitung-und-laserschneiden\/laserschneiden-titan\/\" target=\"_blank\" rel=\"noreferrer noopener\">Titan<\/a> herstellen.<\/p>\n\n\n\n<hr class=\"wp-block-separator is-style-wide\"\/>\n\n\n\n<h2 class=\"wp-block-heading\">Kann man mit Laserschneiden auch Schmuck herstellen?<\/h2>\n\n\n\n<p>Wir verwenden Laserschneiden zur Herstellung verschiedener <strong>dekorativer Metallprodukte<\/strong> f\u00fcr die Schmuck- und <a href=\"https:\/\/www.chimimetal.com\/de\/modeschmuck\/\" target=\"_blank\" rel=\"noreferrer noopener\">Modeschmuckindustrie<\/a>.&nbsp;<\/p>\n\n\n\n<p>Mit unseren Techniken machen wir zuerst die <strong>Halbgravuren<\/strong> und schneiden dann das <strong>St\u00fcck mit dem Laser<\/strong>. Dadurch k\u00f6nnen wir auch kleine Teile mit pr\u00e4zisen Schnitten herstellen, was mit chemischem \u00c4tzen allein nicht m\u00f6glich w\u00e4re.<\/p>\n\n\n\n<hr class=\"wp-block-separator is-style-wide\"\/>\n\n\n\n<h2 class=\"wp-block-heading\">Wie viel kostet das Laserschneiden von Metall?&nbsp;<\/h2>\n\n\n\n<p>Die <strong>Kosten<\/strong> f\u00fcr das Laserschneiden <strong>h\u00e4ngen von<\/strong> mehreren Faktoren ab, die sich wie folgt zusammenfassen lassen:<\/p>\n\n\n\n<ul class=\"wp-block-list\"><li><strong>Material<\/strong> und <strong>Dicke<\/strong>, aus denen die Teile gefertigt sind. Die Kosten und das Gewicht des Teils haben einen gro\u00dfen Einfluss auf den Endpreis: Je d\u00fcnner das Teil ist, desto schneller arbeitet der Laser und desto niedriger ist der Preis;<\/li><li>der <strong>\u00e4u\u00dfere Umfang<\/strong> und die <strong>inneren Schlitze<\/strong> des zu schneidenden St\u00fccks: Auch beim Laserschneiden werden die Kosten auf Stundenbasis berechnet, d. h. je l\u00e4nger der zu schneidende Umfang ist, desto teurer wird das St\u00fcck.<\/li><\/ul>\n\n\n\n<p><a href=\"https:\/\/www.chimimetal.com\/de\/kontaktiere-uns\/\" target=\"_blank\" rel=\"noreferrer noopener\">Kontaktieren Sie uns<\/a> f\u00fcr ein genaues Angebot.<\/p>\n\n\n\n<hr class=\"wp-block-separator is-style-wide\"\/>\n\n\n\n<h2 class=\"wp-block-heading\">Kann man Messingbleche mit dem Laserschneiden? Welche Dicke?<\/h2>\n\n\n\n<p>Ja, wir k\u00f6nnen <a href=\"https:\/\/www.chimimetal.com\/de\/laserbearbeitung-und-laserschneiden\/laserschneiden-messing\/\" target=\"_blank\" rel=\"noreferrer noopener\">Messingbleche<\/a> ab einer <strong>Mindestdicke<\/strong> von <strong>0,40 mm<\/strong> bis zu einer <strong>H\u00f6chstdicke<\/strong> von <strong>3,00 mm<\/strong> lasergeschnitten werden.<\/p>\n\n\n\n<hr class=\"wp-block-separator is-style-wide\"\/>\n\n\n\n<h2 class=\"wp-block-heading\">Kann man Kupferbleche mit dem Laserschneiden?<\/h2>\n\n\n\n<p>Ja, wir k\u00f6nnen <a href=\"https:\/\/www.chimimetal.com\/de\/laserbearbeitung-und-laserschneiden\/laserschneiden-kupfer\/\" target=\"_blank\" rel=\"noreferrer noopener\">Kupferbleche<\/a> mit einer <strong>Mindestdicke<\/strong> von <strong>0,40 mm<\/strong> bis zu einer <strong>H\u00f6chstdicke<\/strong> von <strong>1,50 mm<\/strong> lasergeschnitten werden.<\/p>\n\n\n\n<hr class=\"wp-block-separator is-style-wide\"\/>\n\n\n\n<h2 class=\"wp-block-heading\">Kann man Bronzebleche mit dem Laserschneiden?<\/h2>\n\n\n\n<p>Ja, wir k\u00f6nnen <a href=\"https:\/\/www.chimimetal.com\/de\/laserbearbeitung-und-laserschneiden\/laserschneiden-bronze\/\" target=\"_blank\" rel=\"noreferrer noopener\">Bronzebleche<\/a> ab einer <strong>Mindestdicke<\/strong> von <strong>0,50 mm<\/strong> bis zu einer <strong>H\u00f6chstdicke<\/strong> von <strong>2,00 mm<\/strong> lasergeschnitten werden.<\/p>\n\n\n\n<hr class=\"wp-block-separator is-style-wide\"\/>\n\n\n\n<h2 class=\"wp-block-heading\">Kann man Stahl mit dem Laserschneiden?<\/h2>\n\n\n\n<p>Ja, wir k\u00f6nnen <a href=\"https:\/\/www.chimimetal.com\/de\/laserbearbeitung-und-laserschneiden\/laserschneiden-stahl\/\" target=\"_blank\" rel=\"noreferrer noopener\">Stahl<\/a> ab einer <strong>Mindestdicke<\/strong> von <strong>0,40 mm<\/strong> bis zu einer <strong>H\u00f6chstdicke<\/strong> von <strong>3,00 mm<\/strong> lasergeschnitten werden.<\/p>\n\n\n\n<hr class=\"wp-block-separator is-style-wide\"\/>\n\n\n\n<h2 class=\"wp-block-heading\"><meta charset=\"utf-8\">Kann man Titan mit dem Laserschneiden?<\/h2>\n\n\n\n<p>Ja, wir k\u00f6nnen <a href=\"https:\/\/www.chimimetal.com\/de\/laserbearbeitung-und-laserschneiden\/laserschneiden-titan\/\" target=\"_blank\" rel=\"noreferrer noopener\">Titan<\/a> ab einer <strong>Mindestdicke<\/strong> von <strong>0,40 mm<\/strong> bis zu einer H\u00f6chstdicke von <strong>1,20 mm<\/strong> lasergeschnitten werden.<\/p>\n","protected":false},"excerpt":{"rendered":"<p>Was ist Laserschneiden? Das Laserschneiden mit Lichtwellenleitern wird eingesetzt, um &#8230; <\/p>\n<p class=\"read-more-container\"><a title=\"FAQ\" class=\"read-more button\" href=\"https:\/\/www.chimimetal.com\/de\/faq\/#more-4262\">Weiterlesen<span class=\"screen-reader-text\">FAQ<\/span><\/a><\/p>\n","protected":false},"author":2,"featured_media":0,"parent":0,"menu_order":0,"comment_status":"closed","ping_status":"closed","template":"","meta":{"_acf_changed":false,"footnotes":""},"class_list":["post-4262","page","type-page","status-publish"],"acf":[],"yoast_head":"<!-- This site is optimized with the Yoast SEO plugin v26.8 - https:\/\/yoast.com\/product\/yoast-seo-wordpress\/ -->\n<title>FAQ laserschneiden dienstleistungen - Chimimetal<\/title>\n<meta name=\"description\" content=\"Lesen Sie die Antworten auf Fragen zu unseren Dienstleistungen im Bereich Laserschneiden: Vorteile, verwendbare Materialien, Kosten, Anwendungsbereiche.\" \/>\n<meta name=\"robots\" content=\"index, follow, max-snippet:-1, max-image-preview:large, max-video-preview:-1\" \/>\n<link rel=\"canonical\" href=\"https:\/\/www.chimimetal.com\/faq-taglio-laser\/\" \/>\n<meta property=\"og:locale\" content=\"de_DE\" \/>\n<meta property=\"og:type\" content=\"article\" \/>\n<meta property=\"og:title\" content=\"FAQ laserschneiden dienstleistungen - Chimimetal\" \/>\n<meta property=\"og:description\" content=\"Lesen Sie die Antworten auf Fragen zu unseren Dienstleistungen im Bereich Laserschneiden: Vorteile, verwendbare Materialien, Kosten, Anwendungsbereiche.\" \/>\n<meta property=\"og:url\" content=\"https:\/\/www.chimimetal.com\/faq-taglio-laser\/\" \/>\n<meta property=\"og:site_name\" content=\"Chimimetal\" \/>\n<meta property=\"article:modified_time\" content=\"2022-05-03T08:48:29+00:00\" \/>\n<meta name=\"twitter:card\" content=\"summary_large_image\" \/>\n<meta name=\"twitter:label1\" content=\"Gesch\u00e4tzte Lesezeit\" \/>\n\t<meta name=\"twitter:data1\" content=\"3\u00a0Minuten\" \/>\n<script type=\"application\/ld+json\" class=\"yoast-schema-graph\">{\"@context\":\"https:\/\/schema.org\",\"@graph\":[{\"@type\":[\"WebPage\",\"FAQPage\"],\"@id\":\"https:\/\/www.chimimetal.com\/faq-taglio-laser\/\",\"url\":\"https:\/\/www.chimimetal.com\/faq-taglio-laser\/\",\"name\":\"FAQ laserschneiden dienstleistungen - Chimimetal\",\"isPartOf\":{\"@id\":\"https:\/\/www.chimimetal.com\/#website\"},\"datePublished\":\"2022-05-02T13:50:42+00:00\",\"dateModified\":\"2022-05-03T08:48:29+00:00\",\"description\":\"Lesen Sie die Antworten auf Fragen zu unseren Dienstleistungen im Bereich Laserschneiden: Vorteile, verwendbare Materialien, Kosten, Anwendungsbereiche.\",\"breadcrumb\":{\"@id\":\"https:\/\/www.chimimetal.com\/faq-taglio-laser\/#breadcrumb\"},\"inLanguage\":\"de\",\"potentialAction\":[{\"@type\":\"ReadAction\",\"target\":[\"https:\/\/www.chimimetal.com\/faq-taglio-laser\/\"]}]},{\"@type\":\"BreadcrumbList\",\"@id\":\"https:\/\/www.chimimetal.com\/faq-taglio-laser\/#breadcrumb\",\"itemListElement\":[{\"@type\":\"ListItem\",\"position\":1,\"name\":\"Home\",\"item\":\"https:\/\/www.chimimetal.com\/de\/\"},{\"@type\":\"ListItem\",\"position\":2,\"name\":\"FAQ\"}]},{\"@type\":\"WebSite\",\"@id\":\"https:\/\/www.chimimetal.com\/#website\",\"url\":\"https:\/\/www.chimimetal.com\/\",\"name\":\"Chimimetal\",\"description\":\"\",\"publisher\":{\"@id\":\"https:\/\/www.chimimetal.com\/#organization\"},\"potentialAction\":[{\"@type\":\"SearchAction\",\"target\":{\"@type\":\"EntryPoint\",\"urlTemplate\":\"https:\/\/www.chimimetal.com\/?s={search_term_string}\"},\"query-input\":{\"@type\":\"PropertyValueSpecification\",\"valueRequired\":true,\"valueName\":\"search_term_string\"}}],\"inLanguage\":\"de\"},{\"@type\":\"Organization\",\"@id\":\"https:\/\/www.chimimetal.com\/#organization\",\"name\":\"Chimimetal\",\"url\":\"https:\/\/www.chimimetal.com\/\",\"logo\":{\"@type\":\"ImageObject\",\"inLanguage\":\"de\",\"@id\":\"https:\/\/www.chimimetal.com\/#\/schema\/logo\/image\/\",\"url\":\"https:\/\/www.chimimetal.com\/wp-content\/uploads\/2020\/03\/logo-main.png\",\"contentUrl\":\"https:\/\/www.chimimetal.com\/wp-content\/uploads\/2020\/03\/logo-main.png\",\"width\":400,\"height\":130,\"caption\":\"Chimimetal\"},\"image\":{\"@id\":\"https:\/\/www.chimimetal.com\/#\/schema\/logo\/image\/\"}}]}<\/script>\n<!-- \/ Yoast SEO plugin. -->","yoast_head_json":{"title":"FAQ laserschneiden dienstleistungen - Chimimetal","description":"Lesen Sie die Antworten auf Fragen zu unseren Dienstleistungen im Bereich Laserschneiden: Vorteile, verwendbare Materialien, Kosten, Anwendungsbereiche.","robots":{"index":"index","follow":"follow","max-snippet":"max-snippet:-1","max-image-preview":"max-image-preview:large","max-video-preview":"max-video-preview:-1"},"canonical":"https:\/\/www.chimimetal.com\/faq-taglio-laser\/","og_locale":"de_DE","og_type":"article","og_title":"FAQ laserschneiden dienstleistungen - Chimimetal","og_description":"Lesen Sie die Antworten auf Fragen zu unseren Dienstleistungen im Bereich Laserschneiden: Vorteile, verwendbare Materialien, Kosten, Anwendungsbereiche.","og_url":"https:\/\/www.chimimetal.com\/faq-taglio-laser\/","og_site_name":"Chimimetal","article_modified_time":"2022-05-03T08:48:29+00:00","twitter_card":"summary_large_image","twitter_misc":{"Gesch\u00e4tzte Lesezeit":"3\u00a0Minuten"},"schema":{"@context":"https:\/\/schema.org","@graph":[{"@type":["WebPage","FAQPage"],"@id":"https:\/\/www.chimimetal.com\/faq-taglio-laser\/","url":"https:\/\/www.chimimetal.com\/faq-taglio-laser\/","name":"FAQ laserschneiden dienstleistungen - Chimimetal","isPartOf":{"@id":"https:\/\/www.chimimetal.com\/#website"},"datePublished":"2022-05-02T13:50:42+00:00","dateModified":"2022-05-03T08:48:29+00:00","description":"Lesen Sie die Antworten auf Fragen zu unseren Dienstleistungen im Bereich Laserschneiden: Vorteile, verwendbare Materialien, Kosten, Anwendungsbereiche.","breadcrumb":{"@id":"https:\/\/www.chimimetal.com\/faq-taglio-laser\/#breadcrumb"},"inLanguage":"de","potentialAction":[{"@type":"ReadAction","target":["https:\/\/www.chimimetal.com\/faq-taglio-laser\/"]}]},{"@type":"BreadcrumbList","@id":"https:\/\/www.chimimetal.com\/faq-taglio-laser\/#breadcrumb","itemListElement":[{"@type":"ListItem","position":1,"name":"Home","item":"https:\/\/www.chimimetal.com\/de\/"},{"@type":"ListItem","position":2,"name":"FAQ"}]},{"@type":"WebSite","@id":"https:\/\/www.chimimetal.com\/#website","url":"https:\/\/www.chimimetal.com\/","name":"Chimimetal","description":"","publisher":{"@id":"https:\/\/www.chimimetal.com\/#organization"},"potentialAction":[{"@type":"SearchAction","target":{"@type":"EntryPoint","urlTemplate":"https:\/\/www.chimimetal.com\/?s={search_term_string}"},"query-input":{"@type":"PropertyValueSpecification","valueRequired":true,"valueName":"search_term_string"}}],"inLanguage":"de"},{"@type":"Organization","@id":"https:\/\/www.chimimetal.com\/#organization","name":"Chimimetal","url":"https:\/\/www.chimimetal.com\/","logo":{"@type":"ImageObject","inLanguage":"de","@id":"https:\/\/www.chimimetal.com\/#\/schema\/logo\/image\/","url":"https:\/\/www.chimimetal.com\/wp-content\/uploads\/2020\/03\/logo-main.png","contentUrl":"https:\/\/www.chimimetal.com\/wp-content\/uploads\/2020\/03\/logo-main.png","width":400,"height":130,"caption":"Chimimetal"},"image":{"@id":"https:\/\/www.chimimetal.com\/#\/schema\/logo\/image\/"}}]}},"_links":{"self":[{"href":"https:\/\/www.chimimetal.com\/de\/wp-json\/wp\/v2\/pages\/4262","targetHints":{"allow":["GET"]}}],"collection":[{"href":"https:\/\/www.chimimetal.com\/de\/wp-json\/wp\/v2\/pages"}],"about":[{"href":"https:\/\/www.chimimetal.com\/de\/wp-json\/wp\/v2\/types\/page"}],"author":[{"embeddable":true,"href":"https:\/\/www.chimimetal.com\/de\/wp-json\/wp\/v2\/users\/2"}],"replies":[{"embeddable":true,"href":"https:\/\/www.chimimetal.com\/de\/wp-json\/wp\/v2\/comments?post=4262"}],"version-history":[{"count":9,"href":"https:\/\/www.chimimetal.com\/de\/wp-json\/wp\/v2\/pages\/4262\/revisions"}],"predecessor-version":[{"id":4285,"href":"https:\/\/www.chimimetal.com\/de\/wp-json\/wp\/v2\/pages\/4262\/revisions\/4285"}],"wp:attachment":[{"href":"https:\/\/www.chimimetal.com\/de\/wp-json\/wp\/v2\/media?parent=4262"}],"curies":[{"name":"wp","href":"https:\/\/api.w.org\/{rel}","templated":true}]}}