{"id":2137,"date":"2020-04-30T10:25:58","date_gmt":"2020-04-30T08:25:58","guid":{"rendered":"http:\/\/chimimetal.localhost\/?page_id=2137"},"modified":"2022-07-05T10:33:38","modified_gmt":"2022-07-05T08:33:38","slug":"electronica-y-mecanica","status":"publish","type":"page","link":"https:\/\/www.chimimetal.com\/es\/electronica-y-mecanica\/","title":{"rendered":"Electronica y Mecanica"},"content":{"rendered":"\n<div class=\"wp-block-columns is-layout-flex wp-container-core-columns-is-layout-1 wp-block-columns-is-layout-flex\">\n<div class=\"wp-block-column is-layout-flow wp-block-column-is-layout-flow\">\n<h2 class=\"wp-block-heading\" style=\"font-size:18px\"><strong>EL FOTOGRABADO QU\u00cdMICO EN LA ELECTR\u00d3NICA Y EN LA MEC\u00c1NICA<\/strong><\/h2>\n\n\n\n<p>El aumento en la demanda de electr\u00f3nica y mec\u00e1nica de precisi\u00f3n ha generado un aumento de la competencia y una resultante reducci\u00f3n de los costos.<\/p>\n\n\n\n<p>Para responder a las nuevas necesidades del mercado, los fabricantes est\u00e1n tratando de producir piezas m\u00e1s peque\u00f1as y de alta precisi\u00f3n, superando los l\u00edmites de las t\u00e9cnicas tradicionales de metalurgia.&nbsp; Esto significa que los dise\u00f1adores tuvieron que aplicar nuevas tecnolog\u00edas en la b\u00fasqueda de componentes m\u00e1s peque\u00f1os, m\u00e1s r\u00e1pidos y m\u00e1s baratos.<br><\/p>\n\n\n\n<h2 class=\"wp-block-heading\" style=\"font-size:18px\"><strong>FOTOGRABADO QU\u00cdMICO<\/strong><\/h2>\n\n\n\n<p>El grabado qu\u00edmico tiene un rol estrat\u00e9gico en la satisfacci\u00f3n de la tendencia industrial hacia la miniaturizaci\u00f3n, la velocidad y la econom\u00eda de producci\u00f3n, lo que permite a los dise\u00f1adores centrarse en la funcionalidad de las piezas en lugar del coste.<\/p>\n\n\n\n<p>El uso de equipos de fotograbado digital y f\u00e1cilmente repetible (en lugar de costosos moldes de acero) se adapta a la estrategia de desarrollo de productos de bajo riesgo adoptada por muchos fabricantes de electr\u00f3nica y mec\u00e1nica.&nbsp; Los detalles fotograbados son muy importantes en el campo electr\u00f3nico y mec\u00e1nico en la producci\u00f3n a peque\u00f1a y gran escala.<\/p>\n\n\n\n<p>Mediante la t\u00e9cnica de fotograbado y fotocorte qu\u00edmico, en los \u00faltimos a\u00f1os hemos podido producir l\u00e1minas SMT y cajas de protecci\u00f3n.<br><\/p>\n<\/div>\n\n\n\n<div class=\"wp-block-column is-layout-flow wp-block-column-is-layout-flow\">\n<div class=\"wp-block-image\"><figure class=\"aligncenter size-large\"><img loading=\"lazy\" decoding=\"async\" width=\"1024\" height=\"684\" src=\"http:\/\/restyle.chimimetal.com\/wp-content\/uploads\/2020\/05\/DSC_6859-1024x684.jpg\" alt=\"\" class=\"wp-image-2710\" srcset=\"https:\/\/www.chimimetal.com\/wp-content\/uploads\/2020\/05\/DSC_6859-1024x684.jpg 1024w, https:\/\/www.chimimetal.com\/wp-content\/uploads\/2020\/05\/DSC_6859-300x200.jpg 300w, https:\/\/www.chimimetal.com\/wp-content\/uploads\/2020\/05\/DSC_6859-768x513.jpg 768w, https:\/\/www.chimimetal.com\/wp-content\/uploads\/2020\/05\/DSC_6859.jpg 1300w\" sizes=\"auto, (max-width: 1024px) 100vw, 1024px\" \/><\/figure><\/div>\n<\/div>\n<\/div>\n\n\n\n<div class=\"wp-block-buttons is-layout-flex wp-block-buttons-is-layout-flex\">\n<div class=\"wp-block-button\"><a class=\"wp-block-button__link\" href=\"https:\/\/www.chimimetal.com\/es\/contacta-con-nosotros\/\">Solicitar informaci\u00f3n<\/a><\/div>\n<\/div>\n\n\n\n<div class=\"wp-block-columns is-layout-flex wp-container-core-columns-is-layout-2 wp-block-columns-is-layout-flex\">\n<div class=\"wp-block-column is-layout-flow wp-block-column-is-layout-flow\">\n<div class=\"wp-block-image\"><figure class=\"aligncenter size-large\"><img loading=\"lazy\" decoding=\"async\" width=\"1024\" height=\"684\" src=\"http:\/\/restyle.chimimetal.com\/wp-content\/uploads\/2020\/05\/DSC_6808-1024x684.jpg\" alt=\"\" class=\"wp-image-2715\" srcset=\"https:\/\/www.chimimetal.com\/wp-content\/uploads\/2020\/05\/DSC_6808-1024x684.jpg 1024w, https:\/\/www.chimimetal.com\/wp-content\/uploads\/2020\/05\/DSC_6808-300x200.jpg 300w, https:\/\/www.chimimetal.com\/wp-content\/uploads\/2020\/05\/DSC_6808-768x513.jpg 768w, https:\/\/www.chimimetal.com\/wp-content\/uploads\/2020\/05\/DSC_6808.jpg 1300w\" sizes=\"auto, (max-width: 1024px) 100vw, 1024px\" \/><\/figure><\/div>\n<\/div>\n\n\n\n<div class=\"wp-block-column is-layout-flow wp-block-column-is-layout-flow\">\n<h3 class=\"wp-block-heading\"><strong>PRODUCCI\u00d3N DE CAJAS DE PROTECCI\u00d3N<\/strong><\/h3>\n\n\n\n<p>Las cajas de protecci\u00f3n se pueden proporcionar con ranuras ligeramente grabadas que hacen que el proceso de doblado sea simple, limpio y preciso sin la necesidad de equipos especiales.<\/p>\n\n\n\n<p>La posibilidad de esta tecnolog\u00eda de hacer cajas, con secciones semi-grabadas indicadas para un plegado f\u00e1cil y preciso, significa que pasar del proyecto a la realizaci\u00f3n de una protecci\u00f3n es r\u00e1pido y barato.<\/p>\n\n\n\n<p>Se suministran planas a\u00fan para plegar o ensambladas con sus correspondiente soldaduras, cierres mec\u00e1nicos y cualquier tratamiento de superficie.<br><\/p>\n\n\n\n<h3 class=\"wp-block-heading\"><strong>PRODUCCI\u00d3N DE PLANCHAS SMT<\/strong><\/h3>\n\n\n\n<p>El fotocorte qu\u00edmico ha sido la tecnolog\u00eda m\u00e1s utilizada para producir l\u00e1minas SMT en las \u00faltimas d\u00e9cadas.<\/p>\n\n\n\n<p>Chimimetal ha perfeccionado las aberturas de plantilla ya precisas con bimetalizaci\u00f3n, un proceso que recupera unas pocas micras de n\u00edquel en toda la hoja, creando paredes perfectas en las aberturas adecuadas para una liberaci\u00f3n \u00f3ptima de la pasta de sellado.<br><\/p>\n<\/div>\n<\/div>\n\n\n \r\n\r\n   <div class=\"acf_gallery gallery\"> \r\n\r\n       \r\n\r\n         <a href=\"https:\/\/www.chimimetal.com\/wp-content\/uploads\/2020\/05\/DSC_6910.jpg\" target=\"_blank\" class=\"acf_thumbnail_item thumbnail\"> \r\n            <img decoding=\"async\" src=\"https:\/\/www.chimimetal.com\/wp-content\/uploads\/2020\/05\/DSC_6910-260x180.jpg\" alt=\"Electronica y Mecanica\" \/> \r\n         <\/a> \r\n\r\n       \r\n\r\n         <a href=\"https:\/\/www.chimimetal.com\/wp-content\/uploads\/2020\/05\/DSC_9567.jpg\" target=\"_blank\" class=\"acf_thumbnail_item thumbnail\"> \r\n            <img decoding=\"async\" src=\"https:\/\/www.chimimetal.com\/wp-content\/uploads\/2020\/05\/DSC_9567-260x180.jpg\" alt=\"Electronica y Mecanica\" \/> \r\n         <\/a> \r\n\r\n       \r\n\r\n         <a href=\"https:\/\/www.chimimetal.com\/wp-content\/uploads\/2020\/05\/DSC_9569.jpg\" target=\"_blank\" class=\"acf_thumbnail_item thumbnail\"> \r\n            <img decoding=\"async\" src=\"https:\/\/www.chimimetal.com\/wp-content\/uploads\/2020\/05\/DSC_9569-260x180.jpg\" alt=\"Electronica y Mecanica\" \/> \r\n         <\/a> \r\n\r\n       \r\n\r\n         <a href=\"https:\/\/www.chimimetal.com\/wp-content\/uploads\/2020\/05\/DSC_6812.jpg\" target=\"_blank\" class=\"acf_thumbnail_item thumbnail\"> \r\n            <img decoding=\"async\" src=\"https:\/\/www.chimimetal.com\/wp-content\/uploads\/2020\/05\/DSC_6812-260x180.jpg\" alt=\"Electronica y Mecanica\" \/> \r\n         <\/a> \r\n\r\n       \r\n\r\n         <a href=\"https:\/\/www.chimimetal.com\/wp-content\/uploads\/2020\/05\/DSC_6821.jpg\" target=\"_blank\" class=\"acf_thumbnail_item thumbnail\"> \r\n            <img decoding=\"async\" src=\"https:\/\/www.chimimetal.com\/wp-content\/uploads\/2020\/05\/DSC_6821-260x180.jpg\" alt=\"Electronica y Mecanica\" \/> \r\n         <\/a> \r\n\r\n       \r\n\r\n         <a href=\"https:\/\/www.chimimetal.com\/wp-content\/uploads\/2020\/05\/DSC_6825.jpg\" target=\"_blank\" class=\"acf_thumbnail_item thumbnail\"> \r\n            <img decoding=\"async\" src=\"https:\/\/www.chimimetal.com\/wp-content\/uploads\/2020\/05\/DSC_6825-260x180.jpg\" alt=\"Electronica y Mecanica\" \/> \r\n         <\/a> \r\n\r\n       \r\n\r\n         <a href=\"https:\/\/www.chimimetal.com\/wp-content\/uploads\/2020\/05\/DSC_6867.jpg\" target=\"_blank\" class=\"acf_thumbnail_item thumbnail\"> \r\n            <img decoding=\"async\" src=\"https:\/\/www.chimimetal.com\/wp-content\/uploads\/2020\/05\/DSC_6867-260x180.jpg\" alt=\"Electronica y Mecanica\" \/> \r\n         <\/a> \r\n\r\n       \r\n\r\n         <a href=\"https:\/\/www.chimimetal.com\/wp-content\/uploads\/2020\/05\/DSC_6868.jpg\" target=\"_blank\" class=\"acf_thumbnail_item thumbnail\"> \r\n            <img decoding=\"async\" src=\"https:\/\/www.chimimetal.com\/wp-content\/uploads\/2020\/05\/DSC_6868-260x180.jpg\" alt=\"Electronica y Mecanica\" \/> \r\n         <\/a> \r\n\r\n       \r\n\r\n         <a href=\"https:\/\/www.chimimetal.com\/wp-content\/uploads\/2020\/05\/DSC_6901.jpg\" target=\"_blank\" class=\"acf_thumbnail_item thumbnail\"> \r\n            <img decoding=\"async\" src=\"https:\/\/www.chimimetal.com\/wp-content\/uploads\/2020\/05\/DSC_6901-260x180.jpg\" alt=\"Electronica y Mecanica\" \/> \r\n         <\/a> \r\n\r\n       \r\n\r\n         <a href=\"https:\/\/www.chimimetal.com\/wp-content\/uploads\/2020\/05\/DSC_6905.jpg\" target=\"_blank\" class=\"acf_thumbnail_item thumbnail\"> \r\n            <img decoding=\"async\" src=\"https:\/\/www.chimimetal.com\/wp-content\/uploads\/2020\/05\/DSC_6905-260x180.jpg\" alt=\"Electronica y Mecanica\" \/> \r\n         <\/a> \r\n\r\n       \r\n\r\n         <a href=\"https:\/\/www.chimimetal.com\/wp-content\/uploads\/2020\/05\/DSC_6909.jpg\" target=\"_blank\" class=\"acf_thumbnail_item thumbnail\"> \r\n            <img decoding=\"async\" src=\"https:\/\/www.chimimetal.com\/wp-content\/uploads\/2020\/05\/DSC_6909-260x180.jpg\" alt=\"Electronica y Mecanica\" \/> \r\n         <\/a> \r\n\r\n       \r\n      <!-- <a href=\"#\" class=\"button center\"><\/a> -->\r\n   <\/div> \r\n\r\n","protected":false},"excerpt":{"rendered":"<p>EL FOTOGRABADO QU\u00cdMICO EN LA ELECTR\u00d3NICA Y EN LA MEC\u00c1NICA &#8230; <\/p>\n<p class=\"read-more-container\"><a title=\"Electronica y Mecanica\" class=\"read-more button\" href=\"https:\/\/www.chimimetal.com\/es\/electronica-y-mecanica\/#more-2137\">Lee mas<span class=\"screen-reader-text\">Electronica y Mecanica<\/span><\/a><\/p>\n","protected":false},"author":2,"featured_media":0,"parent":0,"menu_order":0,"comment_status":"closed","ping_status":"closed","template":"","meta":{"_acf_changed":false,"footnotes":""},"class_list":["post-2137","page","type-page","status-publish"],"acf":[],"yoast_head":"<!-- This site is optimized with the Yoast SEO plugin v26.8 - https:\/\/yoast.com\/product\/yoast-seo-wordpress\/ -->\n<title>Electronica y Mecanica - Chimimetal<\/title>\n<meta name=\"description\" content=\"Nuestro fotograbado qu\u00edmico responde a las exigencias de miniaturizaci\u00f3n, velocidad y econom\u00eda de producci\u00f3n de las industrias mec\u00e1nica y electr\u00f3nica.\" \/>\n<meta name=\"robots\" content=\"index, follow, max-snippet:-1, max-image-preview:large, max-video-preview:-1\" \/>\n<link rel=\"canonical\" href=\"https:\/\/www.chimimetal.com\/elettronica-e-meccanica\/\" \/>\n<meta property=\"og:locale\" content=\"es_ES\" \/>\n<meta property=\"og:type\" content=\"article\" \/>\n<meta property=\"og:title\" content=\"Electronica y Mecanica - Chimimetal\" \/>\n<meta property=\"og:description\" content=\"Nuestro fotograbado qu\u00edmico responde a las exigencias de miniaturizaci\u00f3n, velocidad y econom\u00eda de producci\u00f3n de las industrias mec\u00e1nica y electr\u00f3nica.\" \/>\n<meta property=\"og:url\" content=\"https:\/\/www.chimimetal.com\/elettronica-e-meccanica\/\" \/>\n<meta property=\"og:site_name\" content=\"Chimimetal\" \/>\n<meta property=\"article:modified_time\" content=\"2022-07-05T08:33:38+00:00\" \/>\n<meta property=\"og:image\" content=\"http:\/\/restyle.chimimetal.com\/wp-content\/uploads\/2020\/05\/DSC_6859-1024x684.jpg\" \/>\n<meta name=\"twitter:card\" content=\"summary_large_image\" \/>\n<meta name=\"twitter:label1\" content=\"Tiempo de lectura\" \/>\n\t<meta name=\"twitter:data1\" content=\"2 minutos\" \/>\n<script type=\"application\/ld+json\" class=\"yoast-schema-graph\">{\"@context\":\"https:\/\/schema.org\",\"@graph\":[{\"@type\":\"WebPage\",\"@id\":\"https:\/\/www.chimimetal.com\/elettronica-e-meccanica\/\",\"url\":\"https:\/\/www.chimimetal.com\/elettronica-e-meccanica\/\",\"name\":\"Electronica y Mecanica - Chimimetal\",\"isPartOf\":{\"@id\":\"https:\/\/www.chimimetal.com\/#website\"},\"primaryImageOfPage\":{\"@id\":\"https:\/\/www.chimimetal.com\/elettronica-e-meccanica\/#primaryimage\"},\"image\":{\"@id\":\"https:\/\/www.chimimetal.com\/elettronica-e-meccanica\/#primaryimage\"},\"thumbnailUrl\":\"http:\/\/restyle.chimimetal.com\/wp-content\/uploads\/2020\/05\/DSC_6859-1024x684.jpg\",\"datePublished\":\"2020-04-30T08:25:58+00:00\",\"dateModified\":\"2022-07-05T08:33:38+00:00\",\"description\":\"Nuestro fotograbado qu\u00edmico responde a las exigencias de miniaturizaci\u00f3n, velocidad y econom\u00eda de producci\u00f3n de las industrias mec\u00e1nica y electr\u00f3nica.\",\"breadcrumb\":{\"@id\":\"https:\/\/www.chimimetal.com\/elettronica-e-meccanica\/#breadcrumb\"},\"inLanguage\":\"es\",\"potentialAction\":[{\"@type\":\"ReadAction\",\"target\":[\"https:\/\/www.chimimetal.com\/elettronica-e-meccanica\/\"]}]},{\"@type\":\"ImageObject\",\"inLanguage\":\"es\",\"@id\":\"https:\/\/www.chimimetal.com\/elettronica-e-meccanica\/#primaryimage\",\"url\":\"http:\/\/restyle.chimimetal.com\/wp-content\/uploads\/2020\/05\/DSC_6859-1024x684.jpg\",\"contentUrl\":\"http:\/\/restyle.chimimetal.com\/wp-content\/uploads\/2020\/05\/DSC_6859-1024x684.jpg\"},{\"@type\":\"BreadcrumbList\",\"@id\":\"https:\/\/www.chimimetal.com\/elettronica-e-meccanica\/#breadcrumb\",\"itemListElement\":[{\"@type\":\"ListItem\",\"position\":1,\"name\":\"Home\",\"item\":\"https:\/\/www.chimimetal.com\/es\/\"},{\"@type\":\"ListItem\",\"position\":2,\"name\":\"Electronica y Mecanica\"}]},{\"@type\":\"WebSite\",\"@id\":\"https:\/\/www.chimimetal.com\/#website\",\"url\":\"https:\/\/www.chimimetal.com\/\",\"name\":\"Chimimetal\",\"description\":\"\",\"publisher\":{\"@id\":\"https:\/\/www.chimimetal.com\/#organization\"},\"potentialAction\":[{\"@type\":\"SearchAction\",\"target\":{\"@type\":\"EntryPoint\",\"urlTemplate\":\"https:\/\/www.chimimetal.com\/?s={search_term_string}\"},\"query-input\":{\"@type\":\"PropertyValueSpecification\",\"valueRequired\":true,\"valueName\":\"search_term_string\"}}],\"inLanguage\":\"es\"},{\"@type\":\"Organization\",\"@id\":\"https:\/\/www.chimimetal.com\/#organization\",\"name\":\"Chimimetal\",\"url\":\"https:\/\/www.chimimetal.com\/\",\"logo\":{\"@type\":\"ImageObject\",\"inLanguage\":\"es\",\"@id\":\"https:\/\/www.chimimetal.com\/#\/schema\/logo\/image\/\",\"url\":\"https:\/\/www.chimimetal.com\/wp-content\/uploads\/2020\/03\/logo-main.png\",\"contentUrl\":\"https:\/\/www.chimimetal.com\/wp-content\/uploads\/2020\/03\/logo-main.png\",\"width\":400,\"height\":130,\"caption\":\"Chimimetal\"},\"image\":{\"@id\":\"https:\/\/www.chimimetal.com\/#\/schema\/logo\/image\/\"}}]}<\/script>\n<!-- \/ Yoast SEO plugin. -->","yoast_head_json":{"title":"Electronica y Mecanica - Chimimetal","description":"Nuestro fotograbado qu\u00edmico responde a las exigencias de miniaturizaci\u00f3n, velocidad y econom\u00eda de producci\u00f3n de las industrias mec\u00e1nica y electr\u00f3nica.","robots":{"index":"index","follow":"follow","max-snippet":"max-snippet:-1","max-image-preview":"max-image-preview:large","max-video-preview":"max-video-preview:-1"},"canonical":"https:\/\/www.chimimetal.com\/elettronica-e-meccanica\/","og_locale":"es_ES","og_type":"article","og_title":"Electronica y Mecanica - Chimimetal","og_description":"Nuestro fotograbado qu\u00edmico responde a las exigencias de miniaturizaci\u00f3n, velocidad y econom\u00eda de producci\u00f3n de las industrias mec\u00e1nica y electr\u00f3nica.","og_url":"https:\/\/www.chimimetal.com\/elettronica-e-meccanica\/","og_site_name":"Chimimetal","article_modified_time":"2022-07-05T08:33:38+00:00","og_image":[{"url":"http:\/\/restyle.chimimetal.com\/wp-content\/uploads\/2020\/05\/DSC_6859-1024x684.jpg","type":"","width":"","height":""}],"twitter_card":"summary_large_image","twitter_misc":{"Tiempo de lectura":"2 minutos"},"schema":{"@context":"https:\/\/schema.org","@graph":[{"@type":"WebPage","@id":"https:\/\/www.chimimetal.com\/elettronica-e-meccanica\/","url":"https:\/\/www.chimimetal.com\/elettronica-e-meccanica\/","name":"Electronica y Mecanica - Chimimetal","isPartOf":{"@id":"https:\/\/www.chimimetal.com\/#website"},"primaryImageOfPage":{"@id":"https:\/\/www.chimimetal.com\/elettronica-e-meccanica\/#primaryimage"},"image":{"@id":"https:\/\/www.chimimetal.com\/elettronica-e-meccanica\/#primaryimage"},"thumbnailUrl":"http:\/\/restyle.chimimetal.com\/wp-content\/uploads\/2020\/05\/DSC_6859-1024x684.jpg","datePublished":"2020-04-30T08:25:58+00:00","dateModified":"2022-07-05T08:33:38+00:00","description":"Nuestro fotograbado qu\u00edmico responde a las exigencias de miniaturizaci\u00f3n, velocidad y econom\u00eda de producci\u00f3n de las industrias mec\u00e1nica y electr\u00f3nica.","breadcrumb":{"@id":"https:\/\/www.chimimetal.com\/elettronica-e-meccanica\/#breadcrumb"},"inLanguage":"es","potentialAction":[{"@type":"ReadAction","target":["https:\/\/www.chimimetal.com\/elettronica-e-meccanica\/"]}]},{"@type":"ImageObject","inLanguage":"es","@id":"https:\/\/www.chimimetal.com\/elettronica-e-meccanica\/#primaryimage","url":"http:\/\/restyle.chimimetal.com\/wp-content\/uploads\/2020\/05\/DSC_6859-1024x684.jpg","contentUrl":"http:\/\/restyle.chimimetal.com\/wp-content\/uploads\/2020\/05\/DSC_6859-1024x684.jpg"},{"@type":"BreadcrumbList","@id":"https:\/\/www.chimimetal.com\/elettronica-e-meccanica\/#breadcrumb","itemListElement":[{"@type":"ListItem","position":1,"name":"Home","item":"https:\/\/www.chimimetal.com\/es\/"},{"@type":"ListItem","position":2,"name":"Electronica y Mecanica"}]},{"@type":"WebSite","@id":"https:\/\/www.chimimetal.com\/#website","url":"https:\/\/www.chimimetal.com\/","name":"Chimimetal","description":"","publisher":{"@id":"https:\/\/www.chimimetal.com\/#organization"},"potentialAction":[{"@type":"SearchAction","target":{"@type":"EntryPoint","urlTemplate":"https:\/\/www.chimimetal.com\/?s={search_term_string}"},"query-input":{"@type":"PropertyValueSpecification","valueRequired":true,"valueName":"search_term_string"}}],"inLanguage":"es"},{"@type":"Organization","@id":"https:\/\/www.chimimetal.com\/#organization","name":"Chimimetal","url":"https:\/\/www.chimimetal.com\/","logo":{"@type":"ImageObject","inLanguage":"es","@id":"https:\/\/www.chimimetal.com\/#\/schema\/logo\/image\/","url":"https:\/\/www.chimimetal.com\/wp-content\/uploads\/2020\/03\/logo-main.png","contentUrl":"https:\/\/www.chimimetal.com\/wp-content\/uploads\/2020\/03\/logo-main.png","width":400,"height":130,"caption":"Chimimetal"},"image":{"@id":"https:\/\/www.chimimetal.com\/#\/schema\/logo\/image\/"}}]}},"_links":{"self":[{"href":"https:\/\/www.chimimetal.com\/es\/wp-json\/wp\/v2\/pages\/2137","targetHints":{"allow":["GET"]}}],"collection":[{"href":"https:\/\/www.chimimetal.com\/es\/wp-json\/wp\/v2\/pages"}],"about":[{"href":"https:\/\/www.chimimetal.com\/es\/wp-json\/wp\/v2\/types\/page"}],"author":[{"embeddable":true,"href":"https:\/\/www.chimimetal.com\/es\/wp-json\/wp\/v2\/users\/2"}],"replies":[{"embeddable":true,"href":"https:\/\/www.chimimetal.com\/es\/wp-json\/wp\/v2\/comments?post=2137"}],"version-history":[{"count":9,"href":"https:\/\/www.chimimetal.com\/es\/wp-json\/wp\/v2\/pages\/2137\/revisions"}],"predecessor-version":[{"id":4329,"href":"https:\/\/www.chimimetal.com\/es\/wp-json\/wp\/v2\/pages\/2137\/revisions\/4329"}],"wp:attachment":[{"href":"https:\/\/www.chimimetal.com\/es\/wp-json\/wp\/v2\/media?parent=2137"}],"curies":[{"name":"wp","href":"https:\/\/api.w.org\/{rel}","templated":true}]}}