{"id":2151,"date":"2020-04-30T10:33:05","date_gmt":"2020-04-30T08:33:05","guid":{"rendered":"http:\/\/chimimetal.localhost\/?page_id=2151"},"modified":"2022-07-05T10:36:51","modified_gmt":"2022-07-05T08:36:51","slug":"accesorios-de-moda","status":"publish","type":"page","link":"https:\/\/www.chimimetal.com\/es\/accesorios-de-moda\/","title":{"rendered":"Accesorios de moda"},"content":{"rendered":"\n<div class=\"wp-block-columns is-layout-flex wp-container-core-columns-is-layout-1 wp-block-columns-is-layout-flex\">\n<div class=\"wp-block-column is-layout-flow wp-block-column-is-layout-flow\">\n<h2 class=\"wp-block-heading\" style=\"font-size:18px\"><strong>FOTOGRABADO QU\u00cdMICO PARA ELEMENTOS DE BISUTER\u00cdA Y DISE\u00d1O<\/strong><\/h2>\n\n\n\n<p>En l\u00ednea con nuestro lema \u00abT\u00fa lo dibujas, nosotros lo hacemos\u00bb, en Chimimetal queremos ser tu socio ideal para realizar ideas de dise\u00f1o a trav\u00e9s del grabado de componentes met\u00e1licos decorativos.<\/p>\n\n\n\n<p>Producimos componentes met\u00e1licos decorativos de diversos tipos para la industria de la joyer\u00eda (como pendientes, collares y pulseras) y para todos los sectores industriales que necesitan combinar funcionalidad est\u00e9tica y t\u00e9cnica.&nbsp;<\/p>\n\n\n\n<p>A continuaci\u00f3n se muestran una serie de ejemplos de nuestra producci\u00f3n: <br><\/p>\n\n\n\n<ul class=\"wp-block-list\"><li>Expositores met\u00e1licos grabados con fotos para las marcas de moda m\u00e1s conocidas;<\/li><li>Placas frontales para equipos de prueba electr\u00f3nicos dise\u00f1ados a medida;<\/li><li>Etiquetas de identificaci\u00f3n para equipos;<\/li><li>Se\u00f1ales de salida de emergencia (con letras en Braille en relieve);<\/li><li>Llaveros;<\/li><li>Tiras de cremallera personalizadas;<\/li><li>Insignias militares semi-grabadas pintadas;<\/li><li>Maquetas a escala para arquitectos.<\/li><\/ul>\n\n\n\n<p>Esto es solo una selecci\u00f3n, ya que hemos producido componentes para muchas otras aplicaciones.<\/p>\n<\/div>\n\n\n\n<div class=\"wp-block-column is-layout-flow wp-block-column-is-layout-flow\">\n<div class=\"wp-block-image\"><figure class=\"aligncenter size-large\"><img loading=\"lazy\" decoding=\"async\" width=\"1024\" height=\"684\" src=\"http:\/\/restyle.chimimetal.com\/wp-content\/uploads\/2020\/05\/DSC_6857-1024x684.jpg\" alt=\"\" class=\"wp-image-2828\" srcset=\"https:\/\/www.chimimetal.com\/wp-content\/uploads\/2020\/05\/DSC_6857-1024x684.jpg 1024w, https:\/\/www.chimimetal.com\/wp-content\/uploads\/2020\/05\/DSC_6857-300x200.jpg 300w, https:\/\/www.chimimetal.com\/wp-content\/uploads\/2020\/05\/DSC_6857-768x513.jpg 768w, https:\/\/www.chimimetal.com\/wp-content\/uploads\/2020\/05\/DSC_6857.jpg 1300w\" sizes=\"auto, (max-width: 1024px) 100vw, 1024px\" \/><\/figure><\/div>\n<\/div>\n<\/div>\n\n\n\n<div class=\"wp-block-columns is-layout-flex wp-container-core-columns-is-layout-2 wp-block-columns-is-layout-flex\">\n<div class=\"wp-block-column is-layout-flow wp-block-column-is-layout-flow\">\n<figure class=\"wp-block-image size-large\"><img loading=\"lazy\" decoding=\"async\" width=\"1024\" height=\"684\" src=\"https:\/\/www.chimimetal.com\/wp-content\/uploads\/2020\/05\/DSC_6903-1024x684.jpg\" alt=\"\" class=\"wp-image-2883\" srcset=\"https:\/\/www.chimimetal.com\/wp-content\/uploads\/2020\/05\/DSC_6903-1024x684.jpg 1024w, https:\/\/www.chimimetal.com\/wp-content\/uploads\/2020\/05\/DSC_6903-300x200.jpg 300w, https:\/\/www.chimimetal.com\/wp-content\/uploads\/2020\/05\/DSC_6903-768x513.jpg 768w, https:\/\/www.chimimetal.com\/wp-content\/uploads\/2020\/05\/DSC_6903.jpg 1300w\" sizes=\"auto, (max-width: 1024px) 100vw, 1024px\" \/><\/figure>\n<\/div>\n\n\n\n<div class=\"wp-block-column is-layout-flow wp-block-column-is-layout-flow\">\n<h3 class=\"wp-block-heading\"><strong>ACCESORIOS DE MODA<\/strong><\/h3>\n\n\n\n<p>Gracias al uso de la t\u00e9cnica de fotocorte qu\u00edmico, podemos dise\u00f1ar y crear:<\/p>\n\n\n\n<ul class=\"wp-block-list\"><li>Se\u00f1aladores de libros;<\/li><li>Clips;<\/li><li>Pins;<\/li><li>Letreros;<\/li><li>Etiquetas.<\/li><\/ul>\n\n\n\n<p>Estos productos tambi\u00e9n se pueden suministrar con tratamientos galv\u00e1nicos, electropulidos y esmaltados.<\/p>\n\n\n\n<p>Nuestras t\u00e9cnicas tambi\u00e9n permiten obtener reducciones capaces de formar \u00e1reas bajas complejas donde puede depositar una capa delgada de esmalte para dar forma al producto definitivamente.<br><\/p>\n<\/div>\n<\/div>\n\n\n\n<div class=\"wp-block-buttons is-content-justification-center is-layout-flex wp-block-buttons-is-layout-flex\">\n<div class=\"wp-block-button\"><a class=\"wp-block-button__link\" href=\"https:\/\/www.chimimetal.com\/es\/contacta-con-nosotros\/\">Solicitar informaci\u00f3n<\/a><\/div>\n<\/div>\n\n\n \r\n\r\n   <div class=\"acf_gallery gallery\"> \r\n\r\n       \r\n\r\n         <a href=\"https:\/\/www.chimimetal.com\/wp-content\/uploads\/2020\/05\/DSC_9581.jpg\" target=\"_blank\" class=\"acf_thumbnail_item thumbnail\"> \r\n            <img decoding=\"async\" src=\"https:\/\/www.chimimetal.com\/wp-content\/uploads\/2020\/05\/DSC_9581-260x180.jpg\" alt=\"Accesorios de moda\" \/> \r\n         <\/a> \r\n\r\n       \r\n\r\n         <a href=\"https:\/\/www.chimimetal.com\/wp-content\/uploads\/2020\/05\/DSC_9583.jpg\" target=\"_blank\" class=\"acf_thumbnail_item thumbnail\"> \r\n            <img decoding=\"async\" src=\"https:\/\/www.chimimetal.com\/wp-content\/uploads\/2020\/05\/DSC_9583-260x180.jpg\" alt=\"Accesorios de moda\" \/> \r\n         <\/a> \r\n\r\n       \r\n\r\n         <a href=\"https:\/\/www.chimimetal.com\/wp-content\/uploads\/2020\/05\/DSC_9584.jpg\" target=\"_blank\" class=\"acf_thumbnail_item thumbnail\"> \r\n            <img decoding=\"async\" src=\"https:\/\/www.chimimetal.com\/wp-content\/uploads\/2020\/05\/DSC_9584-260x180.jpg\" alt=\"Accesorios de moda\" \/> \r\n         <\/a> \r\n\r\n       \r\n\r\n         <a href=\"https:\/\/www.chimimetal.com\/wp-content\/uploads\/2020\/05\/DSC_6820.jpg\" target=\"_blank\" class=\"acf_thumbnail_item thumbnail\"> \r\n            <img decoding=\"async\" src=\"https:\/\/www.chimimetal.com\/wp-content\/uploads\/2020\/05\/DSC_6820-260x180.jpg\" alt=\"Accesorios de moda\" \/> \r\n         <\/a> \r\n\r\n       \r\n\r\n         <a href=\"https:\/\/www.chimimetal.com\/wp-content\/uploads\/2020\/05\/DSC_6839.jpg\" target=\"_blank\" class=\"acf_thumbnail_item thumbnail\"> \r\n            <img decoding=\"async\" src=\"https:\/\/www.chimimetal.com\/wp-content\/uploads\/2020\/05\/DSC_6839-260x180.jpg\" alt=\"Accesorios de moda\" \/> \r\n         <\/a> \r\n\r\n       \r\n\r\n         <a href=\"https:\/\/www.chimimetal.com\/wp-content\/uploads\/2020\/05\/DSC_6842.jpg\" target=\"_blank\" class=\"acf_thumbnail_item thumbnail\"> \r\n            <img decoding=\"async\" src=\"https:\/\/www.chimimetal.com\/wp-content\/uploads\/2020\/05\/DSC_6842-260x180.jpg\" alt=\"Accesorios de moda\" \/> \r\n         <\/a> \r\n\r\n       \r\n\r\n         <a href=\"https:\/\/www.chimimetal.com\/wp-content\/uploads\/2020\/05\/DSC_6843.jpg\" target=\"_blank\" class=\"acf_thumbnail_item thumbnail\"> \r\n            <img decoding=\"async\" src=\"https:\/\/www.chimimetal.com\/wp-content\/uploads\/2020\/05\/DSC_6843-260x180.jpg\" alt=\"Accesorios de moda\" \/> \r\n         <\/a> \r\n\r\n       \r\n\r\n         <a href=\"https:\/\/www.chimimetal.com\/wp-content\/uploads\/2020\/05\/DSC_6852.jpg\" target=\"_blank\" class=\"acf_thumbnail_item thumbnail\"> \r\n            <img decoding=\"async\" src=\"https:\/\/www.chimimetal.com\/wp-content\/uploads\/2020\/05\/DSC_6852-260x180.jpg\" alt=\"Accesorios de moda\" \/> \r\n         <\/a> \r\n\r\n       \r\n\r\n         <a href=\"https:\/\/www.chimimetal.com\/wp-content\/uploads\/2020\/05\/DSC_6846.jpg\" target=\"_blank\" class=\"acf_thumbnail_item thumbnail\"> \r\n            <img decoding=\"async\" src=\"https:\/\/www.chimimetal.com\/wp-content\/uploads\/2020\/05\/DSC_6846-260x180.jpg\" alt=\"Accesorios de moda\" \/> \r\n         <\/a> \r\n\r\n       \r\n\r\n         <a href=\"https:\/\/www.chimimetal.com\/wp-content\/uploads\/2020\/05\/DSC_6873.jpg\" target=\"_blank\" class=\"acf_thumbnail_item thumbnail\"> \r\n            <img decoding=\"async\" src=\"https:\/\/www.chimimetal.com\/wp-content\/uploads\/2020\/05\/DSC_6873-260x180.jpg\" alt=\"Accesorios de moda\" \/> \r\n         <\/a> \r\n\r\n       \r\n\r\n         <a href=\"https:\/\/www.chimimetal.com\/wp-content\/uploads\/2020\/05\/DSC_6903.jpg\" target=\"_blank\" class=\"acf_thumbnail_item thumbnail\"> \r\n            <img decoding=\"async\" src=\"https:\/\/www.chimimetal.com\/wp-content\/uploads\/2020\/05\/DSC_6903-260x180.jpg\" alt=\"Accesorios de moda\" \/> \r\n         <\/a> \r\n\r\n       \r\n      <!-- <a href=\"#\" class=\"button center\"><\/a> -->\r\n   <\/div> \r\n\r\n","protected":false},"excerpt":{"rendered":"<p>FOTOGRABADO QU\u00cdMICO PARA ELEMENTOS DE BISUTER\u00cdA Y DISE\u00d1O En l\u00ednea &#8230; <\/p>\n<p class=\"read-more-container\"><a title=\"Accesorios de moda\" class=\"read-more button\" href=\"https:\/\/www.chimimetal.com\/es\/accesorios-de-moda\/#more-2151\">Lee mas<span class=\"screen-reader-text\">Accesorios de moda<\/span><\/a><\/p>\n","protected":false},"author":2,"featured_media":0,"parent":0,"menu_order":0,"comment_status":"closed","ping_status":"closed","template":"","meta":{"_acf_changed":false,"footnotes":""},"class_list":["post-2151","page","type-page","status-publish"],"acf":[],"yoast_head":"<!-- This site is optimized with the Yoast SEO plugin v26.8 - https:\/\/yoast.com\/product\/yoast-seo-wordpress\/ -->\n<title>Accesorios de moda - Chimimetal<\/title>\n<meta name=\"description\" content=\"Chimimetal es su socio ideal para la realizaci\u00f3n de ideas de dise\u00f1o mediante el grabado de componentes met\u00e1licos decorativos.\" \/>\n<meta name=\"robots\" content=\"index, follow, max-snippet:-1, max-image-preview:large, max-video-preview:-1\" \/>\n<link rel=\"canonical\" href=\"https:\/\/www.chimimetal.com\/design-e-bigiotteria\/\" \/>\n<meta property=\"og:locale\" content=\"es_ES\" \/>\n<meta property=\"og:type\" content=\"article\" \/>\n<meta property=\"og:title\" content=\"Accesorios de moda - Chimimetal\" \/>\n<meta property=\"og:description\" content=\"Chimimetal es su socio ideal para la realizaci\u00f3n de ideas de dise\u00f1o mediante el grabado de componentes met\u00e1licos decorativos.\" \/>\n<meta property=\"og:url\" content=\"https:\/\/www.chimimetal.com\/design-e-bigiotteria\/\" \/>\n<meta property=\"og:site_name\" content=\"Chimimetal\" \/>\n<meta property=\"article:modified_time\" content=\"2022-07-05T08:36:51+00:00\" \/>\n<meta property=\"og:image\" content=\"http:\/\/restyle.chimimetal.com\/wp-content\/uploads\/2020\/05\/DSC_6857-1024x684.jpg\" \/>\n<meta name=\"twitter:card\" content=\"summary_large_image\" \/>\n<meta name=\"twitter:label1\" content=\"Tiempo de lectura\" \/>\n\t<meta name=\"twitter:data1\" content=\"2 minutos\" \/>\n<script type=\"application\/ld+json\" class=\"yoast-schema-graph\">{\"@context\":\"https:\/\/schema.org\",\"@graph\":[{\"@type\":\"WebPage\",\"@id\":\"https:\/\/www.chimimetal.com\/design-e-bigiotteria\/\",\"url\":\"https:\/\/www.chimimetal.com\/design-e-bigiotteria\/\",\"name\":\"Accesorios de moda - Chimimetal\",\"isPartOf\":{\"@id\":\"https:\/\/www.chimimetal.com\/#website\"},\"primaryImageOfPage\":{\"@id\":\"https:\/\/www.chimimetal.com\/design-e-bigiotteria\/#primaryimage\"},\"image\":{\"@id\":\"https:\/\/www.chimimetal.com\/design-e-bigiotteria\/#primaryimage\"},\"thumbnailUrl\":\"http:\/\/restyle.chimimetal.com\/wp-content\/uploads\/2020\/05\/DSC_6857-1024x684.jpg\",\"datePublished\":\"2020-04-30T08:33:05+00:00\",\"dateModified\":\"2022-07-05T08:36:51+00:00\",\"description\":\"Chimimetal es su socio ideal para la realizaci\u00f3n de ideas de dise\u00f1o mediante el grabado de componentes met\u00e1licos decorativos.\",\"breadcrumb\":{\"@id\":\"https:\/\/www.chimimetal.com\/design-e-bigiotteria\/#breadcrumb\"},\"inLanguage\":\"es\",\"potentialAction\":[{\"@type\":\"ReadAction\",\"target\":[\"https:\/\/www.chimimetal.com\/design-e-bigiotteria\/\"]}]},{\"@type\":\"ImageObject\",\"inLanguage\":\"es\",\"@id\":\"https:\/\/www.chimimetal.com\/design-e-bigiotteria\/#primaryimage\",\"url\":\"http:\/\/restyle.chimimetal.com\/wp-content\/uploads\/2020\/05\/DSC_6857-1024x684.jpg\",\"contentUrl\":\"http:\/\/restyle.chimimetal.com\/wp-content\/uploads\/2020\/05\/DSC_6857-1024x684.jpg\"},{\"@type\":\"BreadcrumbList\",\"@id\":\"https:\/\/www.chimimetal.com\/design-e-bigiotteria\/#breadcrumb\",\"itemListElement\":[{\"@type\":\"ListItem\",\"position\":1,\"name\":\"Home\",\"item\":\"https:\/\/www.chimimetal.com\/es\/\"},{\"@type\":\"ListItem\",\"position\":2,\"name\":\"Accesorios de moda\"}]},{\"@type\":\"WebSite\",\"@id\":\"https:\/\/www.chimimetal.com\/#website\",\"url\":\"https:\/\/www.chimimetal.com\/\",\"name\":\"Chimimetal\",\"description\":\"\",\"publisher\":{\"@id\":\"https:\/\/www.chimimetal.com\/#organization\"},\"potentialAction\":[{\"@type\":\"SearchAction\",\"target\":{\"@type\":\"EntryPoint\",\"urlTemplate\":\"https:\/\/www.chimimetal.com\/?s={search_term_string}\"},\"query-input\":{\"@type\":\"PropertyValueSpecification\",\"valueRequired\":true,\"valueName\":\"search_term_string\"}}],\"inLanguage\":\"es\"},{\"@type\":\"Organization\",\"@id\":\"https:\/\/www.chimimetal.com\/#organization\",\"name\":\"Chimimetal\",\"url\":\"https:\/\/www.chimimetal.com\/\",\"logo\":{\"@type\":\"ImageObject\",\"inLanguage\":\"es\",\"@id\":\"https:\/\/www.chimimetal.com\/#\/schema\/logo\/image\/\",\"url\":\"https:\/\/www.chimimetal.com\/wp-content\/uploads\/2020\/03\/logo-main.png\",\"contentUrl\":\"https:\/\/www.chimimetal.com\/wp-content\/uploads\/2020\/03\/logo-main.png\",\"width\":400,\"height\":130,\"caption\":\"Chimimetal\"},\"image\":{\"@id\":\"https:\/\/www.chimimetal.com\/#\/schema\/logo\/image\/\"}}]}<\/script>\n<!-- \/ Yoast SEO plugin. -->","yoast_head_json":{"title":"Accesorios de moda - Chimimetal","description":"Chimimetal es su socio ideal para la realizaci\u00f3n de ideas de dise\u00f1o mediante el grabado de componentes met\u00e1licos decorativos.","robots":{"index":"index","follow":"follow","max-snippet":"max-snippet:-1","max-image-preview":"max-image-preview:large","max-video-preview":"max-video-preview:-1"},"canonical":"https:\/\/www.chimimetal.com\/design-e-bigiotteria\/","og_locale":"es_ES","og_type":"article","og_title":"Accesorios de moda - Chimimetal","og_description":"Chimimetal es su socio ideal para la realizaci\u00f3n de ideas de dise\u00f1o mediante el grabado de componentes met\u00e1licos decorativos.","og_url":"https:\/\/www.chimimetal.com\/design-e-bigiotteria\/","og_site_name":"Chimimetal","article_modified_time":"2022-07-05T08:36:51+00:00","og_image":[{"url":"http:\/\/restyle.chimimetal.com\/wp-content\/uploads\/2020\/05\/DSC_6857-1024x684.jpg","type":"","width":"","height":""}],"twitter_card":"summary_large_image","twitter_misc":{"Tiempo de lectura":"2 minutos"},"schema":{"@context":"https:\/\/schema.org","@graph":[{"@type":"WebPage","@id":"https:\/\/www.chimimetal.com\/design-e-bigiotteria\/","url":"https:\/\/www.chimimetal.com\/design-e-bigiotteria\/","name":"Accesorios de moda - Chimimetal","isPartOf":{"@id":"https:\/\/www.chimimetal.com\/#website"},"primaryImageOfPage":{"@id":"https:\/\/www.chimimetal.com\/design-e-bigiotteria\/#primaryimage"},"image":{"@id":"https:\/\/www.chimimetal.com\/design-e-bigiotteria\/#primaryimage"},"thumbnailUrl":"http:\/\/restyle.chimimetal.com\/wp-content\/uploads\/2020\/05\/DSC_6857-1024x684.jpg","datePublished":"2020-04-30T08:33:05+00:00","dateModified":"2022-07-05T08:36:51+00:00","description":"Chimimetal es su socio ideal para la realizaci\u00f3n de ideas de dise\u00f1o mediante el grabado de componentes met\u00e1licos decorativos.","breadcrumb":{"@id":"https:\/\/www.chimimetal.com\/design-e-bigiotteria\/#breadcrumb"},"inLanguage":"es","potentialAction":[{"@type":"ReadAction","target":["https:\/\/www.chimimetal.com\/design-e-bigiotteria\/"]}]},{"@type":"ImageObject","inLanguage":"es","@id":"https:\/\/www.chimimetal.com\/design-e-bigiotteria\/#primaryimage","url":"http:\/\/restyle.chimimetal.com\/wp-content\/uploads\/2020\/05\/DSC_6857-1024x684.jpg","contentUrl":"http:\/\/restyle.chimimetal.com\/wp-content\/uploads\/2020\/05\/DSC_6857-1024x684.jpg"},{"@type":"BreadcrumbList","@id":"https:\/\/www.chimimetal.com\/design-e-bigiotteria\/#breadcrumb","itemListElement":[{"@type":"ListItem","position":1,"name":"Home","item":"https:\/\/www.chimimetal.com\/es\/"},{"@type":"ListItem","position":2,"name":"Accesorios de moda"}]},{"@type":"WebSite","@id":"https:\/\/www.chimimetal.com\/#website","url":"https:\/\/www.chimimetal.com\/","name":"Chimimetal","description":"","publisher":{"@id":"https:\/\/www.chimimetal.com\/#organization"},"potentialAction":[{"@type":"SearchAction","target":{"@type":"EntryPoint","urlTemplate":"https:\/\/www.chimimetal.com\/?s={search_term_string}"},"query-input":{"@type":"PropertyValueSpecification","valueRequired":true,"valueName":"search_term_string"}}],"inLanguage":"es"},{"@type":"Organization","@id":"https:\/\/www.chimimetal.com\/#organization","name":"Chimimetal","url":"https:\/\/www.chimimetal.com\/","logo":{"@type":"ImageObject","inLanguage":"es","@id":"https:\/\/www.chimimetal.com\/#\/schema\/logo\/image\/","url":"https:\/\/www.chimimetal.com\/wp-content\/uploads\/2020\/03\/logo-main.png","contentUrl":"https:\/\/www.chimimetal.com\/wp-content\/uploads\/2020\/03\/logo-main.png","width":400,"height":130,"caption":"Chimimetal"},"image":{"@id":"https:\/\/www.chimimetal.com\/#\/schema\/logo\/image\/"}}]}},"_links":{"self":[{"href":"https:\/\/www.chimimetal.com\/es\/wp-json\/wp\/v2\/pages\/2151","targetHints":{"allow":["GET"]}}],"collection":[{"href":"https:\/\/www.chimimetal.com\/es\/wp-json\/wp\/v2\/pages"}],"about":[{"href":"https:\/\/www.chimimetal.com\/es\/wp-json\/wp\/v2\/types\/page"}],"author":[{"embeddable":true,"href":"https:\/\/www.chimimetal.com\/es\/wp-json\/wp\/v2\/users\/2"}],"replies":[{"embeddable":true,"href":"https:\/\/www.chimimetal.com\/es\/wp-json\/wp\/v2\/comments?post=2151"}],"version-history":[{"count":11,"href":"https:\/\/www.chimimetal.com\/es\/wp-json\/wp\/v2\/pages\/2151\/revisions"}],"predecessor-version":[{"id":4332,"href":"https:\/\/www.chimimetal.com\/es\/wp-json\/wp\/v2\/pages\/2151\/revisions\/4332"}],"wp:attachment":[{"href":"https:\/\/www.chimimetal.com\/es\/wp-json\/wp\/v2\/media?parent=2151"}],"curies":[{"name":"wp","href":"https:\/\/api.w.org\/{rel}","templated":true}]}}