{"id":2153,"date":"2020-03-19T15:09:18","date_gmt":"2020-03-19T14:09:18","guid":{"rendered":"http:\/\/chimimetal.localhost\/?page_id=2153"},"modified":"2022-07-05T10:35:06","modified_gmt":"2022-07-05T08:35:06","slug":"optica","status":"publish","type":"page","link":"https:\/\/www.chimimetal.com\/es\/optica\/","title":{"rendered":"\u00d3PTICA"},"content":{"rendered":"\n<div class=\"wp-block-columns is-layout-flex wp-container-core-columns-is-layout-1 wp-block-columns-is-layout-flex\">\n<div class=\"wp-block-column is-layout-flow wp-block-column-is-layout-flow\">\n<h2 class=\"wp-block-heading\" style=\"font-size:18px\"><strong>GRABAMOS ART\u00cdCULOS DE DISE\u00d1O Y \u00d3PTICA<\/strong><\/h2>\n\n\n\n<p>Chimimetal es una tienda especializada en la fabricaci\u00f3n de gafas usando la tecnolog\u00eda de fresado qu\u00edmico del metal. El fresado qu\u00edmico (o fotograbado qu\u00edmico) permite aumentar la complejidad de desarrollo del objeto con un coste de equipamiento reducido, empezando con el prototipo hasta llegar a la producci\u00f3n en serie. Combinando el fotograbado qu\u00edmico con el <a href=\"https:\/\/www.chimimetal.com\/es\/servicio-fotograbado-con-maquina-de-corte-por-laser\/\">corte l\u00e1ser<\/a>, logramos plasmar formas de gran complejidad formal y alta precisi\u00f3n.<br><\/p>\n\n\n\n<p>Este proceso permite elaborar gafas con inscripciones, logos personalizados y otros deseos particulares del cliente sin costes adicionales, tanto en las partes frontales de la montura como en las patillas m\u00e1s complejas.<\/p>\n\n\n\n<h2 class=\"wp-block-heading\" style=\"font-size:18px\"><strong>D\u00d3NDE APLICAR EL FOTOGRABADO QU\u00cdMICO EN \u00d3PTICA<\/strong><\/h2>\n\n\n\n<p>La posibilidad de crear modelos cada vez m\u00e1s complejos permite superar los propios l\u00edmites y ampliar los horizontes del mundo del dise\u00f1o.&nbsp;<\/p>\n\n\n\n<p>De esta manera, el cliente tiene la posibilidad de desarrollar cualquier modelo en cualquier clase de material met\u00e1lico, dando rienda suelta a su propia fantas\u00eda. <br><\/p>\n\n\n\n<p>El fotograbado qu\u00edmico puede aplicarse en el campo de la \u00f3ptica para personalizar:<\/p>\n\n\n\n<ul class=\"wp-block-list\"><li>Patillas fotograbadas<\/li><li>Frentes fotograbadas<\/li><li>Logos y s\u00edmbolos para grabar en las gafas<\/li><li>Placas de identificaci\u00f3n para consignas<\/li><li>Objetos de dise\u00f1o<\/li><li>Expositores de metal<\/li><\/ul>\n\n\n\n<div class=\"wp-block-buttons is-layout-flex wp-block-buttons-is-layout-flex\">\n<div class=\"wp-block-button\"><a class=\"wp-block-button__link\" href=\"https:\/\/www.chimimetal.com\/es\/contacta-con-nosotros\/\">Solicitar informaci\u00f3n<\/a><\/div>\n<\/div>\n<\/div>\n\n\n\n<div class=\"wp-block-column is-layout-flow wp-block-column-is-layout-flow\">\n<div class=\"wp-block-image\"><figure class=\"aligncenter size-large\"><img loading=\"lazy\" decoding=\"async\" width=\"1024\" height=\"684\" src=\"http:\/\/restyle.chimimetal.com\/wp-content\/uploads\/2020\/05\/DSC_6892-1024x684.jpg\" alt=\"\" class=\"wp-image-2778\" srcset=\"https:\/\/www.chimimetal.com\/wp-content\/uploads\/2020\/05\/DSC_6892-1024x684.jpg 1024w, https:\/\/www.chimimetal.com\/wp-content\/uploads\/2020\/05\/DSC_6892-300x200.jpg 300w, https:\/\/www.chimimetal.com\/wp-content\/uploads\/2020\/05\/DSC_6892-768x513.jpg 768w, https:\/\/www.chimimetal.com\/wp-content\/uploads\/2020\/05\/DSC_6892.jpg 1300w\" sizes=\"auto, (max-width: 1024px) 100vw, 1024px\" \/><\/figure><\/div>\n<\/div>\n<\/div>\n\n\n\n<h3 class=\"wp-block-heading\"><strong>POR QU\u00c9 CONFIAR EN CHIMIMETAL: L\u00cdDERES MUNDIALES EN FOTOGRABADO&nbsp;<\/strong><\/h3>\n\n\n\n<p> La tecnolog\u00eda vanguardista que emplea Chimimetal ha sido desarrollada a nivel interno para garantizar la excelencia de las materias primas y el m\u00e1ximo control de la calidad de forma que el resultado sea un producto excelente. <\/p>\n\n\n \r\n\r\n   <div class=\"acf_gallery gallery\"> \r\n\r\n       \r\n\r\n         <a href=\"https:\/\/www.chimimetal.com\/wp-content\/uploads\/2020\/05\/DSC_6875.jpg\" target=\"_blank\" class=\"acf_thumbnail_item thumbnail\"> \r\n            <img decoding=\"async\" src=\"https:\/\/www.chimimetal.com\/wp-content\/uploads\/2020\/05\/DSC_6875-260x180.jpg\" alt=\"\u00d3PTICA\" \/> \r\n         <\/a> \r\n\r\n       \r\n\r\n         <a href=\"https:\/\/www.chimimetal.com\/wp-content\/uploads\/2020\/05\/DSC_6877.jpg\" target=\"_blank\" class=\"acf_thumbnail_item thumbnail\"> \r\n            <img decoding=\"async\" src=\"https:\/\/www.chimimetal.com\/wp-content\/uploads\/2020\/05\/DSC_6877-260x180.jpg\" alt=\"\u00d3PTICA\" \/> \r\n         <\/a> \r\n\r\n       \r\n\r\n         <a href=\"https:\/\/www.chimimetal.com\/wp-content\/uploads\/2020\/05\/DSC_6880.jpg\" target=\"_blank\" class=\"acf_thumbnail_item thumbnail\"> \r\n            <img decoding=\"async\" src=\"https:\/\/www.chimimetal.com\/wp-content\/uploads\/2020\/05\/DSC_6880-260x180.jpg\" alt=\"\u00d3PTICA\" \/> \r\n         <\/a> \r\n\r\n       \r\n\r\n         <a href=\"https:\/\/www.chimimetal.com\/wp-content\/uploads\/2020\/05\/DSC_6889.jpg\" target=\"_blank\" class=\"acf_thumbnail_item thumbnail\"> \r\n            <img decoding=\"async\" src=\"https:\/\/www.chimimetal.com\/wp-content\/uploads\/2020\/05\/DSC_6889-260x180.jpg\" alt=\"\u00d3PTICA\" \/> \r\n         <\/a> \r\n\r\n       \r\n\r\n         <a href=\"https:\/\/www.chimimetal.com\/wp-content\/uploads\/2020\/05\/DSC_9565.jpg\" target=\"_blank\" class=\"acf_thumbnail_item thumbnail\"> \r\n            <img decoding=\"async\" src=\"https:\/\/www.chimimetal.com\/wp-content\/uploads\/2020\/05\/DSC_9565-260x180.jpg\" alt=\"\u00d3PTICA\" \/> \r\n         <\/a> \r\n\r\n       \r\n\r\n         <a href=\"https:\/\/www.chimimetal.com\/wp-content\/uploads\/2020\/05\/DSC_9590.jpg\" target=\"_blank\" class=\"acf_thumbnail_item thumbnail\"> \r\n            <img decoding=\"async\" src=\"https:\/\/www.chimimetal.com\/wp-content\/uploads\/2020\/05\/DSC_9590-260x180.jpg\" alt=\"\u00d3PTICA\" \/> \r\n         <\/a> \r\n\r\n       \r\n\r\n         <a href=\"https:\/\/www.chimimetal.com\/wp-content\/uploads\/2020\/05\/DSC_6851.jpg\" target=\"_blank\" class=\"acf_thumbnail_item thumbnail\"> \r\n            <img decoding=\"async\" src=\"https:\/\/www.chimimetal.com\/wp-content\/uploads\/2020\/05\/DSC_6851-260x180.jpg\" alt=\"\u00d3PTICA\" \/> \r\n         <\/a> \r\n\r\n       \r\n      <!-- <a href=\"#\" class=\"button center\"><\/a> -->\r\n   <\/div> \r\n\r\n","protected":false},"excerpt":{"rendered":"<p>GRABAMOS ART\u00cdCULOS DE DISE\u00d1O Y \u00d3PTICA Chimimetal es una tienda &#8230; <\/p>\n<p class=\"read-more-container\"><a title=\"\u00d3PTICA\" class=\"read-more button\" href=\"https:\/\/www.chimimetal.com\/es\/optica\/#more-2153\">Lee mas<span class=\"screen-reader-text\">\u00d3PTICA<\/span><\/a><\/p>\n","protected":false},"author":2,"featured_media":0,"parent":0,"menu_order":0,"comment_status":"closed","ping_status":"closed","template":"","meta":{"_acf_changed":false,"footnotes":""},"class_list":["post-2153","page","type-page","status-publish"],"acf":[],"yoast_head":"<!-- This site is optimized with the Yoast SEO plugin v26.8 - https:\/\/yoast.com\/product\/yoast-seo-wordpress\/ -->\n<title>Fotograbado qu\u00edmico en \u00f3ptica - Chimimetal<\/title>\n<meta name=\"description\" content=\"Chimimetal combina el fotograbado qu\u00edmico con el corte l\u00e1ser para plasmar formas de gran complejidad formal y alta precisi\u00f3n.\" \/>\n<meta name=\"robots\" content=\"index, follow, max-snippet:-1, max-image-preview:large, max-video-preview:-1\" \/>\n<link rel=\"canonical\" href=\"https:\/\/www.chimimetal.com\/occhialeria\/\" \/>\n<meta property=\"og:locale\" content=\"es_ES\" \/>\n<meta property=\"og:type\" content=\"article\" \/>\n<meta property=\"og:title\" content=\"Fotograbado qu\u00edmico en \u00f3ptica - Chimimetal\" \/>\n<meta property=\"og:description\" content=\"Chimimetal combina el fotograbado qu\u00edmico con el corte l\u00e1ser para plasmar formas de gran complejidad formal y alta precisi\u00f3n.\" \/>\n<meta property=\"og:url\" content=\"https:\/\/www.chimimetal.com\/occhialeria\/\" \/>\n<meta property=\"og:site_name\" content=\"Chimimetal\" \/>\n<meta property=\"article:modified_time\" content=\"2022-07-05T08:35:06+00:00\" \/>\n<meta property=\"og:image\" content=\"http:\/\/restyle.chimimetal.com\/wp-content\/uploads\/2020\/05\/DSC_6892-1024x684.jpg\" \/>\n<meta name=\"twitter:card\" content=\"summary_large_image\" \/>\n<meta name=\"twitter:label1\" content=\"Tiempo de lectura\" \/>\n\t<meta name=\"twitter:data1\" content=\"2 minutos\" \/>\n<script type=\"application\/ld+json\" class=\"yoast-schema-graph\">{\"@context\":\"https:\/\/schema.org\",\"@graph\":[{\"@type\":\"WebPage\",\"@id\":\"https:\/\/www.chimimetal.com\/occhialeria\/\",\"url\":\"https:\/\/www.chimimetal.com\/occhialeria\/\",\"name\":\"Fotograbado qu\u00edmico en \u00f3ptica - Chimimetal\",\"isPartOf\":{\"@id\":\"https:\/\/www.chimimetal.com\/#website\"},\"primaryImageOfPage\":{\"@id\":\"https:\/\/www.chimimetal.com\/occhialeria\/#primaryimage\"},\"image\":{\"@id\":\"https:\/\/www.chimimetal.com\/occhialeria\/#primaryimage\"},\"thumbnailUrl\":\"http:\/\/restyle.chimimetal.com\/wp-content\/uploads\/2020\/05\/DSC_6892-1024x684.jpg\",\"datePublished\":\"2020-03-19T14:09:18+00:00\",\"dateModified\":\"2022-07-05T08:35:06+00:00\",\"description\":\"Chimimetal combina el fotograbado qu\u00edmico con el corte l\u00e1ser para plasmar formas de gran complejidad formal y alta precisi\u00f3n.\",\"breadcrumb\":{\"@id\":\"https:\/\/www.chimimetal.com\/occhialeria\/#breadcrumb\"},\"inLanguage\":\"es\",\"potentialAction\":[{\"@type\":\"ReadAction\",\"target\":[\"https:\/\/www.chimimetal.com\/occhialeria\/\"]}]},{\"@type\":\"ImageObject\",\"inLanguage\":\"es\",\"@id\":\"https:\/\/www.chimimetal.com\/occhialeria\/#primaryimage\",\"url\":\"http:\/\/restyle.chimimetal.com\/wp-content\/uploads\/2020\/05\/DSC_6892-1024x684.jpg\",\"contentUrl\":\"http:\/\/restyle.chimimetal.com\/wp-content\/uploads\/2020\/05\/DSC_6892-1024x684.jpg\"},{\"@type\":\"BreadcrumbList\",\"@id\":\"https:\/\/www.chimimetal.com\/occhialeria\/#breadcrumb\",\"itemListElement\":[{\"@type\":\"ListItem\",\"position\":1,\"name\":\"Home\",\"item\":\"https:\/\/www.chimimetal.com\/es\/\"},{\"@type\":\"ListItem\",\"position\":2,\"name\":\"\u00d3PTICA\"}]},{\"@type\":\"WebSite\",\"@id\":\"https:\/\/www.chimimetal.com\/#website\",\"url\":\"https:\/\/www.chimimetal.com\/\",\"name\":\"Chimimetal\",\"description\":\"\",\"publisher\":{\"@id\":\"https:\/\/www.chimimetal.com\/#organization\"},\"potentialAction\":[{\"@type\":\"SearchAction\",\"target\":{\"@type\":\"EntryPoint\",\"urlTemplate\":\"https:\/\/www.chimimetal.com\/?s={search_term_string}\"},\"query-input\":{\"@type\":\"PropertyValueSpecification\",\"valueRequired\":true,\"valueName\":\"search_term_string\"}}],\"inLanguage\":\"es\"},{\"@type\":\"Organization\",\"@id\":\"https:\/\/www.chimimetal.com\/#organization\",\"name\":\"Chimimetal\",\"url\":\"https:\/\/www.chimimetal.com\/\",\"logo\":{\"@type\":\"ImageObject\",\"inLanguage\":\"es\",\"@id\":\"https:\/\/www.chimimetal.com\/#\/schema\/logo\/image\/\",\"url\":\"https:\/\/www.chimimetal.com\/wp-content\/uploads\/2020\/03\/logo-main.png\",\"contentUrl\":\"https:\/\/www.chimimetal.com\/wp-content\/uploads\/2020\/03\/logo-main.png\",\"width\":400,\"height\":130,\"caption\":\"Chimimetal\"},\"image\":{\"@id\":\"https:\/\/www.chimimetal.com\/#\/schema\/logo\/image\/\"}}]}<\/script>\n<!-- \/ Yoast SEO plugin. -->","yoast_head_json":{"title":"Fotograbado qu\u00edmico en \u00f3ptica - Chimimetal","description":"Chimimetal combina el fotograbado qu\u00edmico con el corte l\u00e1ser para plasmar formas de gran complejidad formal y alta precisi\u00f3n.","robots":{"index":"index","follow":"follow","max-snippet":"max-snippet:-1","max-image-preview":"max-image-preview:large","max-video-preview":"max-video-preview:-1"},"canonical":"https:\/\/www.chimimetal.com\/occhialeria\/","og_locale":"es_ES","og_type":"article","og_title":"Fotograbado qu\u00edmico en \u00f3ptica - Chimimetal","og_description":"Chimimetal combina el fotograbado qu\u00edmico con el corte l\u00e1ser para plasmar formas de gran complejidad formal y alta precisi\u00f3n.","og_url":"https:\/\/www.chimimetal.com\/occhialeria\/","og_site_name":"Chimimetal","article_modified_time":"2022-07-05T08:35:06+00:00","og_image":[{"url":"http:\/\/restyle.chimimetal.com\/wp-content\/uploads\/2020\/05\/DSC_6892-1024x684.jpg","type":"","width":"","height":""}],"twitter_card":"summary_large_image","twitter_misc":{"Tiempo de lectura":"2 minutos"},"schema":{"@context":"https:\/\/schema.org","@graph":[{"@type":"WebPage","@id":"https:\/\/www.chimimetal.com\/occhialeria\/","url":"https:\/\/www.chimimetal.com\/occhialeria\/","name":"Fotograbado qu\u00edmico en \u00f3ptica - Chimimetal","isPartOf":{"@id":"https:\/\/www.chimimetal.com\/#website"},"primaryImageOfPage":{"@id":"https:\/\/www.chimimetal.com\/occhialeria\/#primaryimage"},"image":{"@id":"https:\/\/www.chimimetal.com\/occhialeria\/#primaryimage"},"thumbnailUrl":"http:\/\/restyle.chimimetal.com\/wp-content\/uploads\/2020\/05\/DSC_6892-1024x684.jpg","datePublished":"2020-03-19T14:09:18+00:00","dateModified":"2022-07-05T08:35:06+00:00","description":"Chimimetal combina el fotograbado qu\u00edmico con el corte l\u00e1ser para plasmar formas de gran complejidad formal y alta precisi\u00f3n.","breadcrumb":{"@id":"https:\/\/www.chimimetal.com\/occhialeria\/#breadcrumb"},"inLanguage":"es","potentialAction":[{"@type":"ReadAction","target":["https:\/\/www.chimimetal.com\/occhialeria\/"]}]},{"@type":"ImageObject","inLanguage":"es","@id":"https:\/\/www.chimimetal.com\/occhialeria\/#primaryimage","url":"http:\/\/restyle.chimimetal.com\/wp-content\/uploads\/2020\/05\/DSC_6892-1024x684.jpg","contentUrl":"http:\/\/restyle.chimimetal.com\/wp-content\/uploads\/2020\/05\/DSC_6892-1024x684.jpg"},{"@type":"BreadcrumbList","@id":"https:\/\/www.chimimetal.com\/occhialeria\/#breadcrumb","itemListElement":[{"@type":"ListItem","position":1,"name":"Home","item":"https:\/\/www.chimimetal.com\/es\/"},{"@type":"ListItem","position":2,"name":"\u00d3PTICA"}]},{"@type":"WebSite","@id":"https:\/\/www.chimimetal.com\/#website","url":"https:\/\/www.chimimetal.com\/","name":"Chimimetal","description":"","publisher":{"@id":"https:\/\/www.chimimetal.com\/#organization"},"potentialAction":[{"@type":"SearchAction","target":{"@type":"EntryPoint","urlTemplate":"https:\/\/www.chimimetal.com\/?s={search_term_string}"},"query-input":{"@type":"PropertyValueSpecification","valueRequired":true,"valueName":"search_term_string"}}],"inLanguage":"es"},{"@type":"Organization","@id":"https:\/\/www.chimimetal.com\/#organization","name":"Chimimetal","url":"https:\/\/www.chimimetal.com\/","logo":{"@type":"ImageObject","inLanguage":"es","@id":"https:\/\/www.chimimetal.com\/#\/schema\/logo\/image\/","url":"https:\/\/www.chimimetal.com\/wp-content\/uploads\/2020\/03\/logo-main.png","contentUrl":"https:\/\/www.chimimetal.com\/wp-content\/uploads\/2020\/03\/logo-main.png","width":400,"height":130,"caption":"Chimimetal"},"image":{"@id":"https:\/\/www.chimimetal.com\/#\/schema\/logo\/image\/"}}]}},"_links":{"self":[{"href":"https:\/\/www.chimimetal.com\/es\/wp-json\/wp\/v2\/pages\/2153","targetHints":{"allow":["GET"]}}],"collection":[{"href":"https:\/\/www.chimimetal.com\/es\/wp-json\/wp\/v2\/pages"}],"about":[{"href":"https:\/\/www.chimimetal.com\/es\/wp-json\/wp\/v2\/types\/page"}],"author":[{"embeddable":true,"href":"https:\/\/www.chimimetal.com\/es\/wp-json\/wp\/v2\/users\/2"}],"replies":[{"embeddable":true,"href":"https:\/\/www.chimimetal.com\/es\/wp-json\/wp\/v2\/comments?post=2153"}],"version-history":[{"count":10,"href":"https:\/\/www.chimimetal.com\/es\/wp-json\/wp\/v2\/pages\/2153\/revisions"}],"predecessor-version":[{"id":4330,"href":"https:\/\/www.chimimetal.com\/es\/wp-json\/wp\/v2\/pages\/2153\/revisions\/4330"}],"wp:attachment":[{"href":"https:\/\/www.chimimetal.com\/es\/wp-json\/wp\/v2\/media?parent=2153"}],"curies":[{"name":"wp","href":"https:\/\/api.w.org\/{rel}","templated":true}]}}