{"id":2182,"date":"2020-04-30T12:56:53","date_gmt":"2020-04-30T10:56:53","guid":{"rendered":"http:\/\/chimimetal.localhost\/?page_id=2182"},"modified":"2020-11-07T14:11:35","modified_gmt":"2020-11-07T13:11:35","slug":"home","status":"publish","type":"page","link":"https:\/\/www.chimimetal.com\/es\/","title":{"rendered":"Home"},"content":{"rendered":"\n<h1 class=\"has-text-align-center wp-block-heading\">L\u00edder en la t\u00e9cnica del fotograbado<\/h1>\n\n\n\n<p class=\"has-text-align-center\">Desde 1997, Chimimetal ha estado entre las empresas l\u00edderes en Italia y en el extranjero en la t\u00e9cnica del fotograbado qu\u00edmico. Despu\u00e9s de haber heredado el tim\u00f3n dejado por Olivetti en el campo, la empresa ha desarrollando equipos de vanguardia gracias a un sistema de producci\u00f3n cada vez m\u00e1s acorde con la actualidad.<\/p>\n\n\n\n<p class=\"has-text-align-center\">Chimimetal tambi\u00e9n ampl\u00eda su experiencia en el desarrollo de tecnolog\u00edas relevantes como el corte por l\u00e1ser y el combinado (grabado qu\u00edmico + corte por l\u00e1ser).<\/p>\n\n\n\n<p class=\"has-text-align-center\">Las grandes adquisiciones y el saber hacer de excelencia hacen de Chimimetal uno de los l\u00edderes mundiales en la producci\u00f3n de objetos y mecanizado de precisi\u00f3n en m\u00faltiples sectores de la industria:<br><\/p>\n\n\n\n<p><\/p>\n\n\n\n<div style=\"height:30px\" aria-hidden=\"true\" class=\"wp-block-spacer\"><\/div>\n\n\n\n<div class=\"scw-block-cta-columns \">\n            <div class=\"scw-block-cta-columns__item inside-grid-column\">\n            <div\n                class=\"scw-block-cta-columns__icon\"\n                style=\"background-image:url('https:\/\/www.chimimetal.com\/wp-content\/uploads\/2020\/03\/Group-16.jpg');\"\n            >\n            <\/div> <!-- \/.scw-block-cta-columns__icon -->\n                            <h3 class=\"scw-block-cta-columns__title\">AUTOMOTRIZ<\/h3>\n                        <p class=\"scw-block-cta-columns__text\">Somos l\u00edderes italianos en la producci\u00f3n de rejillas de altavoces y herramientas de personalizaci\u00f3n de autom\u00f3viles para BMW, Mercedes Benz, Jaguar, Land Rover y otras empresas.<\/p>\n                            <p class=\"scw-block-cta-columns__button\">\n                                            <a class=\"button\" href=\"\/es\/automotriz\/\" target=\"_self\">VER TODO<\/a>\n                                    <\/p> <!-- \/.scw-block-cta-columns__button -->\n                    <\/div> <!-- \/.scw-block-cta-columns__item -->\n            <div class=\"scw-block-cta-columns__item inside-grid-column\">\n            <div\n                class=\"scw-block-cta-columns__icon\"\n                style=\"background-image:url('https:\/\/www.chimimetal.com\/wp-content\/uploads\/2020\/03\/Group-29.jpg');\"\n            >\n            <\/div> <!-- \/.scw-block-cta-columns__icon -->\n                            <h3 class=\"scw-block-cta-columns__title\">ELECTR\u00d3NICA Y MEC\u00c1NICA<\/h3>\n                        <p class=\"scw-block-cta-columns__text\">Mejoramos los procesos de dise\u00f1o de piezas de precisi\u00f3n con tecnolog\u00edas de vanguardia y funcionales para profesionales, dise\u00f1adores y clientes finales.<\/p>\n                            <p class=\"scw-block-cta-columns__button\">\n                                            <a class=\"button\" href=\"\/es\/electronica-y-mecanica\/\" target=\"_self\">VER TODO<\/a>\n                                    <\/p> <!-- \/.scw-block-cta-columns__button -->\n                    <\/div> <!-- \/.scw-block-cta-columns__item -->\n            <div class=\"scw-block-cta-columns__item inside-grid-column\">\n            <div\n                class=\"scw-block-cta-columns__icon\"\n                style=\"background-image:url('https:\/\/www.chimimetal.com\/wp-content\/uploads\/2020\/03\/Group-41.png');\"\n            >\n            <\/div> <!-- \/.scw-block-cta-columns__icon -->\n                            <h3 class=\"scw-block-cta-columns__title\">DISE\u00d1O Y BISUTER\u00cdA<\/h3>\n                        <p class=\"scw-block-cta-columns__text\">Producimos componentes decorativos para la industria de la joyer\u00eda y todos los sectores industriales que deben combinar la funcionalidad est\u00e9tica y t\u00e9cnica.<\/p>\n                            <p class=\"scw-block-cta-columns__button\">\n                                            <a class=\"button\" href=\"\/es\/accesorios-de-moda\/\" target=\"_self\">VER TODO<\/a>\n                                    <\/p> <!-- \/.scw-block-cta-columns__button -->\n                    <\/div> <!-- \/.scw-block-cta-columns__item -->\n            <div class=\"scw-block-cta-columns__item inside-grid-column\">\n            <div\n                class=\"scw-block-cta-columns__icon\"\n                style=\"background-image:url('https:\/\/www.chimimetal.com\/wp-content\/uploads\/2020\/03\/Group-3.png');\"\n            >\n            <\/div> <!-- \/.scw-block-cta-columns__icon -->\n                            <h3 class=\"scw-block-cta-columns__title\">\u00d3PTICA<\/h3>\n                        <p class=\"scw-block-cta-columns__text\">Desde el prototipo hasta la producci\u00f3n en masa, creamos y personalizamos gafas desde el logotipo hasta los detalles m\u00e1s peque\u00f1os gracias a la t\u00e9cnica de fotograbado qu\u00edmico.\r\n<\/p>\n                            <p class=\"scw-block-cta-columns__button\">\n                                            <a class=\"button\" href=\"https:\/\/www.chimimetal.com\/es\/optica\/\" target=\"_self\">VER TODO<\/a>\n                                    <\/p> <!-- \/.scw-block-cta-columns__button -->\n                    <\/div> <!-- \/.scw-block-cta-columns__item -->\n    <\/div> <!-- \/.scw-block-cta-columns -->\n\n\n<div style=\"height:30px\" aria-hidden=\"true\" class=\"wp-block-spacer\"><\/div>\n\n\n\n<div class=\"scw-block-column-content generate-sections-container enable-parallax no-padding alignfull\">\n    <div\n        class=\"generate-sections-inside-container\"\n        itemprop=\"text\"\n    >\n        <div class=\"scw-block-column-content__first-column lgc-column lgc-grid-parent lgc-grid-40 lgc-tablet-grid-40 lgc-mobile-grid-100 lgc-equal-heights width-column-rightaligned lgc-first\">\n            <div class=\"scw-block-column-content__first-inner inside-grid-column\">\n                <h2 class=\"cta-headline\">TECNICA DEL FOTOGRABADO<\/h2>\n                <p>El fotograbado qu\u00edmico, o fotocorte qu\u00edmico, es una t\u00e9cnica de vanguardia que se presenta como una alternativa a los cortes mec\u00e1nicos. Este tipo de procesamiento se basa en la eliminaci\u00f3n controlada del metal (en particular aceros y aleaciones de cobre) por medio de soluciones qu\u00edmicas.\r\n<\/p>\n                                    <p><a class=\"button\" href=\"\/es\/fotograbado-quimico\/\" target=\"_self\">VER TODO<\/a><\/p>\n                            <\/div>\n        <\/div> <!-- \/.scw-block-column-content__first-column -->\n        <div\n            class=\"scw-block-column-content__second-column lgc-column lgc-grid-parent lgc-grid-60 lgc-tablet-grid-60 lgc-mobile-grid-100 lgc-equal-heights lgc-last\"\n            \n        >\n            <div class=\"inside-grid-column\" style=\"background-image:url('https:\/\/www.chimimetal.com\/wp-content\/uploads\/2020\/05\/fase-1-ingresso-lastre-grezze_1.jpg');\">\n                <div class=\"weweew\">\u00a0<\/div>\n            <\/div> <!-- \/.inside-grid-column -->\n        <\/div> <!-- \/.scw-block-column-content__second-column -->\n    <\/div> <!-- \/.generate-sections-inside-container -->\n<\/div> <!-- \/.scw-block-column-content -->\n\n\n<div style=\"height:30px\" aria-hidden=\"true\" class=\"wp-block-spacer\"><\/div>\n\n\n\n<div class=\"scw-block-column-content generate-sections-container enable-parallax no-padding alignfull\">\n    <div\n        class=\"generate-sections-inside-container generate-sections-inside-container--inverted\"\n        itemprop=\"text\"\n    >\n        <div class=\"scw-block-column-content__first-column lgc-column lgc-grid-parent lgc-grid-40 lgc-tablet-grid-40 lgc-mobile-grid-100 lgc-equal-heights width-column-leftaligned lgc-last\">\n            <div class=\"scw-block-column-content__first-inner inside-grid-column\">\n                <h2 class=\"cta-headline\">CORTE L\u00c1SER<\/h2>\n                <p>El corte por l\u00e1ser de fibra \u00f3ptica es una t\u00e9cnica innovadora y las empresas lo utilizan cada vez m\u00e1s para obtener un corte preciso y un resultado de alta calidad. El uso del corte por l\u00e1ser de fibra \u00f3ptica tiene ventajas significativas: precisi\u00f3n extrema, ning\u00fan costo de instalaci\u00f3n, posibilidad de realizar cortes en materiales de alto espesor.\r\n<\/p>\n                                    <p><a class=\"button\" href=\"\/es\/el-corte-laser\/\" target=\"_self\">VER TODO<\/a><\/p>\n                            <\/div>\n        <\/div> <!-- \/.scw-block-column-content__first-column -->\n        <div\n            class=\"scw-block-column-content__second-column lgc-column lgc-grid-parent lgc-grid-60 lgc-tablet-grid-60 lgc-mobile-grid-100 lgc-equal-heights lgc-first\"\n            \n        >\n            <div class=\"inside-grid-column\" style=\"background-image:url('https:\/\/www.chimimetal.com\/wp-content\/uploads\/2020\/03\/Depositphotos_-1.jpg');\">\n                <div class=\"weweew\">\u00a0<\/div>\n            <\/div> <!-- \/.inside-grid-column -->\n        <\/div> <!-- \/.scw-block-column-content__second-column -->\n    <\/div> <!-- \/.generate-sections-inside-container -->\n<\/div> <!-- \/.scw-block-column-content -->\n\n\n<div style=\"height:30px\" aria-hidden=\"true\" class=\"wp-block-spacer\"><\/div>\n\n\n\n<div class=\"scw-block-column-content generate-sections-container enable-parallax no-padding alignfull\">\n    <div\n        class=\"generate-sections-inside-container\"\n        itemprop=\"text\"\n    >\n        <div class=\"scw-block-column-content__first-column lgc-column lgc-grid-parent lgc-grid-40 lgc-tablet-grid-40 lgc-mobile-grid-100 lgc-equal-heights width-column-rightaligned lgc-first\">\n            <div class=\"scw-block-column-content__first-inner inside-grid-column\">\n                <h2 class=\"cta-headline\">CORTE COMBINADO<\/h2>\n                <p>La combinaci\u00f3n de la tecnolog\u00eda del fotograbado qu\u00edmico con la del corte por l\u00e1ser es sin duda el arma ganadora para crear productos con detalles gr\u00e1ficos muy complejos que satisfacen todas las solicitudes de nuestros clientes. Por esta raz\u00f3n, el corte combinado de fotograbado qu\u00edmico y corte por l\u00e1ser es la soluci\u00f3n ideal para ofrecer la m\u00e1s alta calidad de trabajo, gracias a la combinaci\u00f3n perfecta de l\u00e1ser de precisi\u00f3n y geometr\u00edas complejas grabadas qu\u00edmicamente.\r\n<\/p>\n                                    <p><a class=\"button\" href=\"\/es\/el-corte-combinado\/\" target=\"_self\">VER TODO<\/a><\/p>\n                            <\/div>\n        <\/div> <!-- \/.scw-block-column-content__first-column -->\n        <div\n            class=\"scw-block-column-content__second-column lgc-column lgc-grid-parent lgc-grid-60 lgc-tablet-grid-60 lgc-mobile-grid-100 lgc-equal-heights lgc-last\"\n            \n        >\n            <div class=\"inside-grid-column\" style=\"background-image:url('https:\/\/www.chimimetal.com\/wp-content\/uploads\/2020\/06\/IMG_20200604_083344__01.jpg');\">\n                <div class=\"weweew\">\u00a0<\/div>\n            <\/div> <!-- \/.inside-grid-column -->\n        <\/div> <!-- \/.scw-block-column-content__second-column -->\n    <\/div> <!-- \/.generate-sections-inside-container -->\n<\/div> <!-- \/.scw-block-column-content -->","protected":false},"excerpt":{"rendered":"<p>L\u00edder en la t\u00e9cnica del fotograbado Desde 1997, Chimimetal ha &#8230; <\/p>\n<p class=\"read-more-container\"><a title=\"Home\" class=\"read-more button\" href=\"https:\/\/www.chimimetal.com\/es\/#more-2182\">Lee mas<span class=\"screen-reader-text\">Home<\/span><\/a><\/p>\n","protected":false},"author":2,"featured_media":0,"parent":0,"menu_order":1,"comment_status":"closed","ping_status":"closed","template":"","meta":{"_acf_changed":false,"footnotes":""},"class_list":["post-2182","page","type-page","status-publish"],"acf":[],"yoast_head":"<!-- This site is optimized with the Yoast SEO plugin v26.8 - https:\/\/yoast.com\/product\/yoast-seo-wordpress\/ -->\n<title>Tecnica del fotograbado quimico y corte laser - Chimimetal<\/title>\n<meta name=\"description\" content=\"L\u00edder mundial en la tecnica del fotograbado y procesos personalizados de corte por l\u00e1ser. Precisi\u00f3n y bajos costos nos convierten en los mejores. ll\u00e1manos\" \/>\n<meta name=\"robots\" content=\"index, follow, max-snippet:-1, max-image-preview:large, max-video-preview:-1\" \/>\n<link rel=\"canonical\" href=\"https:\/\/www.chimimetal.com\/es\/\" \/>\n<meta property=\"og:locale\" content=\"es_ES\" \/>\n<meta property=\"og:type\" content=\"article\" \/>\n<meta property=\"og:title\" content=\"Tecnica del fotograbado quimico y corte laser - Chimimetal\" \/>\n<meta property=\"og:description\" content=\"L\u00edder mundial en la tecnica del fotograbado y procesos personalizados de corte por l\u00e1ser. Precisi\u00f3n y bajos costos nos convierten en los mejores. ll\u00e1manos\" \/>\n<meta property=\"og:url\" content=\"https:\/\/www.chimimetal.com\/es\/\" \/>\n<meta property=\"og:site_name\" content=\"Chimimetal\" \/>\n<meta property=\"article:modified_time\" content=\"2020-11-07T13:11:35+00:00\" \/>\n<meta name=\"twitter:card\" content=\"summary_large_image\" \/>\n<meta name=\"twitter:label1\" content=\"Tiempo de lectura\" \/>\n\t<meta name=\"twitter:data1\" content=\"1 minuto\" \/>\n<script type=\"application\/ld+json\" class=\"yoast-schema-graph\">{\"@context\":\"https:\/\/schema.org\",\"@graph\":[{\"@type\":\"WebPage\",\"@id\":\"https:\/\/www.chimimetal.com\/es\/\",\"url\":\"https:\/\/www.chimimetal.com\/es\/\",\"name\":\"Tecnica del fotograbado quimico y corte laser - Chimimetal\",\"isPartOf\":{\"@id\":\"https:\/\/www.chimimetal.com\/#website\"},\"datePublished\":\"2020-04-30T10:56:53+00:00\",\"dateModified\":\"2020-11-07T13:11:35+00:00\",\"description\":\"L\u00edder mundial en la tecnica del fotograbado y procesos personalizados de corte por l\u00e1ser. Precisi\u00f3n y bajos costos nos convierten en los mejores. ll\u00e1manos\",\"breadcrumb\":{\"@id\":\"https:\/\/www.chimimetal.com\/es\/#breadcrumb\"},\"inLanguage\":\"es\",\"potentialAction\":[{\"@type\":\"ReadAction\",\"target\":[\"https:\/\/www.chimimetal.com\/es\/\"]}]},{\"@type\":\"BreadcrumbList\",\"@id\":\"https:\/\/www.chimimetal.com\/es\/#breadcrumb\",\"itemListElement\":[{\"@type\":\"ListItem\",\"position\":1,\"name\":\"Home\",\"item\":\"https:\/\/www.chimimetal.com\/es\/\"},{\"@type\":\"ListItem\",\"position\":2,\"name\":\"Home\"}]},{\"@type\":\"WebSite\",\"@id\":\"https:\/\/www.chimimetal.com\/#website\",\"url\":\"https:\/\/www.chimimetal.com\/\",\"name\":\"Chimimetal\",\"description\":\"\",\"publisher\":{\"@id\":\"https:\/\/www.chimimetal.com\/#organization\"},\"potentialAction\":[{\"@type\":\"SearchAction\",\"target\":{\"@type\":\"EntryPoint\",\"urlTemplate\":\"https:\/\/www.chimimetal.com\/?s={search_term_string}\"},\"query-input\":{\"@type\":\"PropertyValueSpecification\",\"valueRequired\":true,\"valueName\":\"search_term_string\"}}],\"inLanguage\":\"es\"},{\"@type\":\"Organization\",\"@id\":\"https:\/\/www.chimimetal.com\/#organization\",\"name\":\"Chimimetal\",\"url\":\"https:\/\/www.chimimetal.com\/\",\"logo\":{\"@type\":\"ImageObject\",\"inLanguage\":\"es\",\"@id\":\"https:\/\/www.chimimetal.com\/#\/schema\/logo\/image\/\",\"url\":\"https:\/\/www.chimimetal.com\/wp-content\/uploads\/2020\/03\/logo-main.png\",\"contentUrl\":\"https:\/\/www.chimimetal.com\/wp-content\/uploads\/2020\/03\/logo-main.png\",\"width\":400,\"height\":130,\"caption\":\"Chimimetal\"},\"image\":{\"@id\":\"https:\/\/www.chimimetal.com\/#\/schema\/logo\/image\/\"}}]}<\/script>\n<!-- \/ Yoast SEO plugin. -->","yoast_head_json":{"title":"Tecnica del fotograbado quimico y corte laser - Chimimetal","description":"L\u00edder mundial en la tecnica del fotograbado y procesos personalizados de corte por l\u00e1ser. Precisi\u00f3n y bajos costos nos convierten en los mejores. ll\u00e1manos","robots":{"index":"index","follow":"follow","max-snippet":"max-snippet:-1","max-image-preview":"max-image-preview:large","max-video-preview":"max-video-preview:-1"},"canonical":"https:\/\/www.chimimetal.com\/es\/","og_locale":"es_ES","og_type":"article","og_title":"Tecnica del fotograbado quimico y corte laser - Chimimetal","og_description":"L\u00edder mundial en la tecnica del fotograbado y procesos personalizados de corte por l\u00e1ser. Precisi\u00f3n y bajos costos nos convierten en los mejores. ll\u00e1manos","og_url":"https:\/\/www.chimimetal.com\/es\/","og_site_name":"Chimimetal","article_modified_time":"2020-11-07T13:11:35+00:00","twitter_card":"summary_large_image","twitter_misc":{"Tiempo de lectura":"1 minuto"},"schema":{"@context":"https:\/\/schema.org","@graph":[{"@type":"WebPage","@id":"https:\/\/www.chimimetal.com\/es\/","url":"https:\/\/www.chimimetal.com\/es\/","name":"Tecnica del fotograbado quimico y corte laser - Chimimetal","isPartOf":{"@id":"https:\/\/www.chimimetal.com\/#website"},"datePublished":"2020-04-30T10:56:53+00:00","dateModified":"2020-11-07T13:11:35+00:00","description":"L\u00edder mundial en la tecnica del fotograbado y procesos personalizados de corte por l\u00e1ser. Precisi\u00f3n y bajos costos nos convierten en los mejores. ll\u00e1manos","breadcrumb":{"@id":"https:\/\/www.chimimetal.com\/es\/#breadcrumb"},"inLanguage":"es","potentialAction":[{"@type":"ReadAction","target":["https:\/\/www.chimimetal.com\/es\/"]}]},{"@type":"BreadcrumbList","@id":"https:\/\/www.chimimetal.com\/es\/#breadcrumb","itemListElement":[{"@type":"ListItem","position":1,"name":"Home","item":"https:\/\/www.chimimetal.com\/es\/"},{"@type":"ListItem","position":2,"name":"Home"}]},{"@type":"WebSite","@id":"https:\/\/www.chimimetal.com\/#website","url":"https:\/\/www.chimimetal.com\/","name":"Chimimetal","description":"","publisher":{"@id":"https:\/\/www.chimimetal.com\/#organization"},"potentialAction":[{"@type":"SearchAction","target":{"@type":"EntryPoint","urlTemplate":"https:\/\/www.chimimetal.com\/?s={search_term_string}"},"query-input":{"@type":"PropertyValueSpecification","valueRequired":true,"valueName":"search_term_string"}}],"inLanguage":"es"},{"@type":"Organization","@id":"https:\/\/www.chimimetal.com\/#organization","name":"Chimimetal","url":"https:\/\/www.chimimetal.com\/","logo":{"@type":"ImageObject","inLanguage":"es","@id":"https:\/\/www.chimimetal.com\/#\/schema\/logo\/image\/","url":"https:\/\/www.chimimetal.com\/wp-content\/uploads\/2020\/03\/logo-main.png","contentUrl":"https:\/\/www.chimimetal.com\/wp-content\/uploads\/2020\/03\/logo-main.png","width":400,"height":130,"caption":"Chimimetal"},"image":{"@id":"https:\/\/www.chimimetal.com\/#\/schema\/logo\/image\/"}}]}},"_links":{"self":[{"href":"https:\/\/www.chimimetal.com\/es\/wp-json\/wp\/v2\/pages\/2182","targetHints":{"allow":["GET"]}}],"collection":[{"href":"https:\/\/www.chimimetal.com\/es\/wp-json\/wp\/v2\/pages"}],"about":[{"href":"https:\/\/www.chimimetal.com\/es\/wp-json\/wp\/v2\/types\/page"}],"author":[{"embeddable":true,"href":"https:\/\/www.chimimetal.com\/es\/wp-json\/wp\/v2\/users\/2"}],"replies":[{"embeddable":true,"href":"https:\/\/www.chimimetal.com\/es\/wp-json\/wp\/v2\/comments?post=2182"}],"version-history":[{"count":31,"href":"https:\/\/www.chimimetal.com\/es\/wp-json\/wp\/v2\/pages\/2182\/revisions"}],"predecessor-version":[{"id":3589,"href":"https:\/\/www.chimimetal.com\/es\/wp-json\/wp\/v2\/pages\/2182\/revisions\/3589"}],"wp:attachment":[{"href":"https:\/\/www.chimimetal.com\/es\/wp-json\/wp\/v2\/media?parent=2182"}],"curies":[{"name":"wp","href":"https:\/\/api.w.org\/{rel}","templated":true}]}}