{"id":3323,"date":"2020-04-29T14:41:13","date_gmt":"2020-04-29T12:41:13","guid":{"rendered":"http:\/\/chimimetal.localhost\/taglio-laser\/"},"modified":"2022-07-05T10:46:14","modified_gmt":"2022-07-05T08:46:14","slug":"servicio-fotograbado-con-maquina-de-corte-por-laser","status":"publish","type":"page","link":"https:\/\/www.chimimetal.com\/es\/servicio-fotograbado-con-maquina-de-corte-por-laser\/","title":{"rendered":"corte l\u00e1ser"},"content":{"rendered":"\n<h1 class=\"wp-block-heading\"><strong>SERVICIO DE FOTOGRABADO CON MAQUINA DE CORTE POR LASER<\/strong> <\/h1>\n\n\n\n<h2 class=\"wp-block-heading\"><strong>El Corte L\u00e1ser: qu\u00e9 es y c\u00f3mo funciona<\/strong><\/h2>\n\n\n\n<p> El corte por l\u00e1ser de fibra \u00f3ptica es una t\u00e9cnica innovadora y las empresas lo utilizan cada vez m\u00e1s para obtener un corte preciso y un resultado de alta calidad. La t\u00e9cnica de corte por l\u00e1ser implica el uso de un haz de radiaci\u00f3n arrojado sobre la l\u00e1mina a cortar: se filtra mediante una lente que hace que la superficie se sobrecaliente y, por lo tanto, se derrita. Al mismo tiempo, se explota un flujo de gas desde la base de la lente que, a trav\u00e9s de un empuje din\u00e1mico de fluido, genera el corte real de la superficie en funci\u00f3n del grabado que se desea obtener. Existen diferentes tipos de corte por l\u00e1ser: gas inerte, con CO2, fibra, diodo, ox\u00edgeno asistido, 2D o 3D. <\/p>\n\n\n\n<h2 class=\"wp-block-heading\"><strong>Servicio de Grabado Laser Co2 <\/strong> <\/h2>\n\n\n\n<p> En el corte con l\u00e1ser de CO2, se utiliza un gas compuesto por di\u00f3xido de carbono que se mueve mediante un empuje el\u00e9ctrico, generando una longitud de onda igual a 10 \u03bcm. Este tipo de corte por l\u00e1ser tiene un excelente rendimiento, en particular en superficies de chapa met\u00e1lica muy gruesas. <\/p>\n\n\n\n<h2 class=\"wp-block-heading\"><strong>Las ventajas del corte l\u00e1ser<\/strong><\/h2>\n\n\n\n<p>El uso del corte por l\u00e1ser de fibra \u00f3ptica tiene ventajas significativas:<\/p>\n\n\n\n<ul class=\"wp-block-list\"><li>precisi\u00f3n extrema en el corte que garantiza un resultado de calidad<\/li><li>ning\u00fan costo de instalaci\u00f3n, lo que la convierte en una t\u00e9cnica ideal para el desarrollo de prototipos<\/li><li>posibilidad de tratar metales en los que no es posible el fotograbado<\/li><li>posibilidad de realizar cortes en materiales de alto espesor, hasta 3 mm para acero y 2 mm para lat\u00f3n.<\/li><\/ul>\n\n\n\n<div class=\"wp-block-buttons is-layout-flex wp-block-buttons-is-layout-flex\">\n<div class=\"wp-block-button\"><a class=\"wp-block-button__link\" href=\"https:\/\/www.chimimetal.com\/es\/contacta-con-nosotros\/\">\u00bfQuiere un presupuesto?<\/a><\/div>\n<\/div>\n\n\n\n<hr class=\"wp-block-separator has-text-color has-background has-very-light-gray-background-color has-very-light-gray-color is-style-wide\"\/>\n\n\n\n<h2 class=\"wp-block-heading\"><strong>M\u00e1quinas para el corte l\u00e1ser<\/strong><\/h2>\n\n\n\n<p>Las m\u00e1quinas que realizan la t\u00e9cnica de grabado con corte por l\u00e1ser est\u00e1n compuestas por una estructura de soporte que var\u00eda de acuerdo con el procesamiento a realizar y el tipo de metal a grabar, mediante un oscilador (el cabezal de corte) colocado en ejes o en un brazo automatizado, mediante una pantalla para proteger a los operadores del rayo l\u00e1ser y el control num\u00e9rico del procesamiento.<\/p>\n\n\n\n<h2 class=\"wp-block-heading\"><strong>Materiales indicados para el corte l\u00e1ser<\/strong><\/h2>\n\n\n\n<p>Los materiales m\u00e1s indicados para la t\u00e9cnica del corte l\u00e1ser son:<\/p>\n\n\n\n<div class=\"wp-block-columns is-layout-flex wp-container-core-columns-is-layout-1 wp-block-columns-is-layout-flex\">\n<div class=\"wp-block-column is-layout-flow wp-block-column-is-layout-flow\">\n<ul class=\"wp-block-list\"><li><a href=\"https:\/\/www.chimimetal.com\/es\/servicio-fotograbado-con-maquina-de-corte-por-laser\/corte-laser-acero\/\">Acero<\/a><\/li><li><a href=\"https:\/\/www.chimimetal.com\/es\/servicio-fotograbado-con-maquina-de-corte-por-laser\/corte-laser-titanio\/\">Titanio (Beta-Alfa)<\/a><\/li><li><a href=\"https:\/\/www.chimimetal.com\/es\/servicio-fotograbado-con-maquina-de-corte-por-laser\/corte-laser-aluminio\/\">Aluminio<\/a><\/li><li><a href=\"https:\/\/www.chimimetal.com\/es\/servicio-fotograbado-con-maquina-de-corte-por-laser\/corte-laser-laton\/\">Lat\u00f3n<\/a><\/li><li><a href=\"https:\/\/www.chimimetal.com\/es\/servicio-fotograbado-con-maquina-de-corte-por-laser\/corte-laser-cobre\/\">Cobre<\/a><\/li><li><a href=\"https:\/\/www.chimimetal.com\/es\/servicio-fotograbado-con-maquina-de-corte-por-laser\/corte-laser-bronce\/\">Bronce<\/a><\/li><\/ul>\n<\/div>\n\n\n\n<div class=\"wp-block-column is-layout-flow wp-block-column-is-layout-flow\">\n<ul class=\"wp-block-list\"><li>Aleaciones a base de n\u00edquel, de cobre y de hierro<\/li><li>Laminados combinados Cu\/Al<\/li><li>Superaleaciones (Inconel 600)<\/li><li>Molibdeno&nbsp;<\/li><li>Materiales previamente galvanizados<\/li><\/ul>\n<\/div>\n<\/div>\n\n\n \r\n\r\n   <div class=\"acf_gallery gallery\"> \r\n\r\n       \r\n\r\n         <a href=\"https:\/\/www.chimimetal.com\/wp-content\/uploads\/2021\/02\/taglio-laser-e-controllo_1.jpg\" target=\"_blank\" class=\"acf_thumbnail_item thumbnail\"> \r\n            <img decoding=\"async\" src=\"https:\/\/www.chimimetal.com\/wp-content\/uploads\/2021\/02\/taglio-laser-e-controllo_1-260x180.jpg\" alt=\"corte l\u00e1ser\" \/> \r\n         <\/a> \r\n\r\n       \r\n\r\n         <a href=\"https:\/\/www.chimimetal.com\/wp-content\/uploads\/2021\/02\/taglio-laser-e-controllo_9.jpg\" target=\"_blank\" class=\"acf_thumbnail_item thumbnail\"> \r\n            <img decoding=\"async\" src=\"https:\/\/www.chimimetal.com\/wp-content\/uploads\/2021\/02\/taglio-laser-e-controllo_9-260x180.jpg\" alt=\"corte l\u00e1ser\" \/> \r\n         <\/a> \r\n\r\n       \r\n\r\n         <a href=\"https:\/\/www.chimimetal.com\/wp-content\/uploads\/2021\/02\/taglio-laser-e-controllo_10.jpg\" target=\"_blank\" class=\"acf_thumbnail_item thumbnail\"> \r\n            <img decoding=\"async\" src=\"https:\/\/www.chimimetal.com\/wp-content\/uploads\/2021\/02\/taglio-laser-e-controllo_10-260x180.jpg\" alt=\"corte l\u00e1ser\" \/> \r\n         <\/a> \r\n\r\n       \r\n\r\n         <a href=\"https:\/\/www.chimimetal.com\/wp-content\/uploads\/2020\/05\/taglio-laser-e-controllo.jpg\" target=\"_blank\" class=\"acf_thumbnail_item thumbnail\"> \r\n            <img decoding=\"async\" src=\"https:\/\/www.chimimetal.com\/wp-content\/uploads\/2020\/05\/taglio-laser-e-controllo-260x180.jpg\" alt=\"corte l\u00e1ser\" \/> \r\n         <\/a> \r\n\r\n       \r\n\r\n         <a href=\"https:\/\/www.chimimetal.com\/wp-content\/uploads\/2020\/05\/taglio-laser-e-controllo_8.jpg\" target=\"_blank\" class=\"acf_thumbnail_item thumbnail\"> \r\n            <img decoding=\"async\" src=\"https:\/\/www.chimimetal.com\/wp-content\/uploads\/2020\/05\/taglio-laser-e-controllo_8-260x180.jpg\" alt=\"corte l\u00e1ser\" \/> \r\n         <\/a> \r\n\r\n       \r\n\r\n         <a href=\"https:\/\/www.chimimetal.com\/wp-content\/uploads\/2020\/05\/taglio-laser-e-controllo_18.jpg\" target=\"_blank\" class=\"acf_thumbnail_item thumbnail\"> \r\n            <img decoding=\"async\" src=\"https:\/\/www.chimimetal.com\/wp-content\/uploads\/2020\/05\/taglio-laser-e-controllo_18-260x180.jpg\" alt=\"corte l\u00e1ser\" \/> \r\n         <\/a> \r\n\r\n       \r\n      <!-- <a href=\"#\" class=\"button center\"><\/a> -->\r\n   <\/div> \r\n\r\n","protected":false},"excerpt":{"rendered":"<p>SERVICIO DE FOTOGRABADO CON MAQUINA DE CORTE POR LASER El &#8230; <\/p>\n<p class=\"read-more-container\"><a title=\"corte l\u00e1ser\" class=\"read-more button\" href=\"https:\/\/www.chimimetal.com\/es\/servicio-fotograbado-con-maquina-de-corte-por-laser\/#more-3323\">Lee mas<span class=\"screen-reader-text\">corte l\u00e1ser<\/span><\/a><\/p>\n","protected":false},"author":2,"featured_media":0,"parent":0,"menu_order":0,"comment_status":"closed","ping_status":"closed","template":"","meta":{"_acf_changed":false,"footnotes":""},"class_list":["post-3323","page","type-page","status-publish"],"acf":[],"yoast_head":"<!-- This site is optimized with the Yoast SEO plugin v26.8 - https:\/\/yoast.com\/product\/yoast-seo-wordpress\/ -->\n<title>Servicio de corte por laser con maquina de fotograbado - Chimimetal<\/title>\n<meta name=\"description\" content=\"Crea los mejores objetos de dise\u00f1o con nuestro servicio de fotograbado con m\u00e1quina de corte por l\u00e1ser. Mira nuestros proyectos y cont\u00e1ctanos\" \/>\n<meta name=\"robots\" content=\"index, follow, max-snippet:-1, max-image-preview:large, max-video-preview:-1\" \/>\n<link rel=\"canonical\" href=\"https:\/\/www.chimimetal.com\/taglio-laser\/\" \/>\n<meta property=\"og:locale\" content=\"es_ES\" \/>\n<meta property=\"og:type\" content=\"article\" \/>\n<meta property=\"og:title\" content=\"Servicio de corte por laser con maquina de fotograbado - Chimimetal\" \/>\n<meta property=\"og:description\" content=\"Crea los mejores objetos de dise\u00f1o con nuestro servicio de fotograbado con m\u00e1quina de corte por l\u00e1ser. Mira nuestros proyectos y cont\u00e1ctanos\" \/>\n<meta property=\"og:url\" content=\"https:\/\/www.chimimetal.com\/taglio-laser\/\" \/>\n<meta property=\"og:site_name\" content=\"Chimimetal\" \/>\n<meta property=\"article:modified_time\" content=\"2022-07-05T08:46:14+00:00\" \/>\n<meta name=\"twitter:card\" content=\"summary_large_image\" \/>\n<meta name=\"twitter:label1\" content=\"Tiempo de lectura\" \/>\n\t<meta name=\"twitter:data1\" content=\"2 minutos\" \/>\n<script type=\"application\/ld+json\" class=\"yoast-schema-graph\">{\"@context\":\"https:\/\/schema.org\",\"@graph\":[{\"@type\":\"WebPage\",\"@id\":\"https:\/\/www.chimimetal.com\/taglio-laser\/\",\"url\":\"https:\/\/www.chimimetal.com\/taglio-laser\/\",\"name\":\"Servicio de corte por laser con maquina de fotograbado - Chimimetal\",\"isPartOf\":{\"@id\":\"https:\/\/www.chimimetal.com\/#website\"},\"datePublished\":\"2020-04-29T12:41:13+00:00\",\"dateModified\":\"2022-07-05T08:46:14+00:00\",\"description\":\"Crea los mejores objetos de dise\u00f1o con nuestro servicio de fotograbado con m\u00e1quina de corte por l\u00e1ser. Mira nuestros proyectos y cont\u00e1ctanos\",\"breadcrumb\":{\"@id\":\"https:\/\/www.chimimetal.com\/taglio-laser\/#breadcrumb\"},\"inLanguage\":\"es\",\"potentialAction\":[{\"@type\":\"ReadAction\",\"target\":[\"https:\/\/www.chimimetal.com\/taglio-laser\/\"]}]},{\"@type\":\"BreadcrumbList\",\"@id\":\"https:\/\/www.chimimetal.com\/taglio-laser\/#breadcrumb\",\"itemListElement\":[{\"@type\":\"ListItem\",\"position\":1,\"name\":\"Home\",\"item\":\"https:\/\/www.chimimetal.com\/es\/\"},{\"@type\":\"ListItem\",\"position\":2,\"name\":\"corte l\u00e1ser\"}]},{\"@type\":\"WebSite\",\"@id\":\"https:\/\/www.chimimetal.com\/#website\",\"url\":\"https:\/\/www.chimimetal.com\/\",\"name\":\"Chimimetal\",\"description\":\"\",\"publisher\":{\"@id\":\"https:\/\/www.chimimetal.com\/#organization\"},\"potentialAction\":[{\"@type\":\"SearchAction\",\"target\":{\"@type\":\"EntryPoint\",\"urlTemplate\":\"https:\/\/www.chimimetal.com\/?s={search_term_string}\"},\"query-input\":{\"@type\":\"PropertyValueSpecification\",\"valueRequired\":true,\"valueName\":\"search_term_string\"}}],\"inLanguage\":\"es\"},{\"@type\":\"Organization\",\"@id\":\"https:\/\/www.chimimetal.com\/#organization\",\"name\":\"Chimimetal\",\"url\":\"https:\/\/www.chimimetal.com\/\",\"logo\":{\"@type\":\"ImageObject\",\"inLanguage\":\"es\",\"@id\":\"https:\/\/www.chimimetal.com\/#\/schema\/logo\/image\/\",\"url\":\"https:\/\/www.chimimetal.com\/wp-content\/uploads\/2020\/03\/logo-main.png\",\"contentUrl\":\"https:\/\/www.chimimetal.com\/wp-content\/uploads\/2020\/03\/logo-main.png\",\"width\":400,\"height\":130,\"caption\":\"Chimimetal\"},\"image\":{\"@id\":\"https:\/\/www.chimimetal.com\/#\/schema\/logo\/image\/\"}}]}<\/script>\n<!-- \/ Yoast SEO plugin. -->","yoast_head_json":{"title":"Servicio de corte por laser con maquina de fotograbado - Chimimetal","description":"Crea los mejores objetos de dise\u00f1o con nuestro servicio de fotograbado con m\u00e1quina de corte por l\u00e1ser. Mira nuestros proyectos y cont\u00e1ctanos","robots":{"index":"index","follow":"follow","max-snippet":"max-snippet:-1","max-image-preview":"max-image-preview:large","max-video-preview":"max-video-preview:-1"},"canonical":"https:\/\/www.chimimetal.com\/taglio-laser\/","og_locale":"es_ES","og_type":"article","og_title":"Servicio de corte por laser con maquina de fotograbado - Chimimetal","og_description":"Crea los mejores objetos de dise\u00f1o con nuestro servicio de fotograbado con m\u00e1quina de corte por l\u00e1ser. Mira nuestros proyectos y cont\u00e1ctanos","og_url":"https:\/\/www.chimimetal.com\/taglio-laser\/","og_site_name":"Chimimetal","article_modified_time":"2022-07-05T08:46:14+00:00","twitter_card":"summary_large_image","twitter_misc":{"Tiempo de lectura":"2 minutos"},"schema":{"@context":"https:\/\/schema.org","@graph":[{"@type":"WebPage","@id":"https:\/\/www.chimimetal.com\/taglio-laser\/","url":"https:\/\/www.chimimetal.com\/taglio-laser\/","name":"Servicio de corte por laser con maquina de fotograbado - Chimimetal","isPartOf":{"@id":"https:\/\/www.chimimetal.com\/#website"},"datePublished":"2020-04-29T12:41:13+00:00","dateModified":"2022-07-05T08:46:14+00:00","description":"Crea los mejores objetos de dise\u00f1o con nuestro servicio de fotograbado con m\u00e1quina de corte por l\u00e1ser. Mira nuestros proyectos y cont\u00e1ctanos","breadcrumb":{"@id":"https:\/\/www.chimimetal.com\/taglio-laser\/#breadcrumb"},"inLanguage":"es","potentialAction":[{"@type":"ReadAction","target":["https:\/\/www.chimimetal.com\/taglio-laser\/"]}]},{"@type":"BreadcrumbList","@id":"https:\/\/www.chimimetal.com\/taglio-laser\/#breadcrumb","itemListElement":[{"@type":"ListItem","position":1,"name":"Home","item":"https:\/\/www.chimimetal.com\/es\/"},{"@type":"ListItem","position":2,"name":"corte l\u00e1ser"}]},{"@type":"WebSite","@id":"https:\/\/www.chimimetal.com\/#website","url":"https:\/\/www.chimimetal.com\/","name":"Chimimetal","description":"","publisher":{"@id":"https:\/\/www.chimimetal.com\/#organization"},"potentialAction":[{"@type":"SearchAction","target":{"@type":"EntryPoint","urlTemplate":"https:\/\/www.chimimetal.com\/?s={search_term_string}"},"query-input":{"@type":"PropertyValueSpecification","valueRequired":true,"valueName":"search_term_string"}}],"inLanguage":"es"},{"@type":"Organization","@id":"https:\/\/www.chimimetal.com\/#organization","name":"Chimimetal","url":"https:\/\/www.chimimetal.com\/","logo":{"@type":"ImageObject","inLanguage":"es","@id":"https:\/\/www.chimimetal.com\/#\/schema\/logo\/image\/","url":"https:\/\/www.chimimetal.com\/wp-content\/uploads\/2020\/03\/logo-main.png","contentUrl":"https:\/\/www.chimimetal.com\/wp-content\/uploads\/2020\/03\/logo-main.png","width":400,"height":130,"caption":"Chimimetal"},"image":{"@id":"https:\/\/www.chimimetal.com\/#\/schema\/logo\/image\/"}}]}},"_links":{"self":[{"href":"https:\/\/www.chimimetal.com\/es\/wp-json\/wp\/v2\/pages\/3323","targetHints":{"allow":["GET"]}}],"collection":[{"href":"https:\/\/www.chimimetal.com\/es\/wp-json\/wp\/v2\/pages"}],"about":[{"href":"https:\/\/www.chimimetal.com\/es\/wp-json\/wp\/v2\/types\/page"}],"author":[{"embeddable":true,"href":"https:\/\/www.chimimetal.com\/es\/wp-json\/wp\/v2\/users\/2"}],"replies":[{"embeddable":true,"href":"https:\/\/www.chimimetal.com\/es\/wp-json\/wp\/v2\/comments?post=3323"}],"version-history":[{"count":11,"href":"https:\/\/www.chimimetal.com\/es\/wp-json\/wp\/v2\/pages\/3323\/revisions"}],"predecessor-version":[{"id":4336,"href":"https:\/\/www.chimimetal.com\/es\/wp-json\/wp\/v2\/pages\/3323\/revisions\/4336"}],"wp:attachment":[{"href":"https:\/\/www.chimimetal.com\/es\/wp-json\/wp\/v2\/media?parent=3323"}],"curies":[{"name":"wp","href":"https:\/\/api.w.org\/{rel}","templated":true}]}}