{"id":3331,"date":"2020-04-29T14:58:02","date_gmt":"2020-04-29T12:58:02","guid":{"rendered":"http:\/\/chimimetal.localhost\/combinato\/"},"modified":"2022-07-05T10:41:58","modified_gmt":"2022-07-05T08:41:58","slug":"corte-laser-metal-grabado-fotograbado-en-aluminio","status":"publish","type":"page","link":"https:\/\/www.chimimetal.com\/es\/corte-laser-metal-grabado-fotograbado-en-aluminio\/","title":{"rendered":"corte combinado"},"content":{"rendered":"\n<h1 class=\"wp-block-heading\">CORTE LASER METAL GRABADO Y FOTOGRABADO EN ALUMINIO <\/h1>\n\n\n\n<h2 class=\"wp-block-heading\"><strong>Dos tecnolog\u00edas que se completan<\/strong><\/h2>\n\n\n\n<p> La combinaci\u00f3n de la tecnolog\u00eda del fotograbado qu\u00edmico con la del corte por l\u00e1ser es sin duda el arma ganadora para crear productos con detalles gr\u00e1ficos muy complejos que satisfacen todas las solicitudes de nuestros clientes. <\/p>\n\n\n\n<p> Por esta raz\u00f3n, el corte combinado de fotograbado qu\u00edmico y corte por l\u00e1ser es la soluci\u00f3n ideal para ofrecer la m\u00e1s alta calidad de trabajo, gracias a la combinaci\u00f3n perfecta de l\u00e1ser de precisi\u00f3n y geometr\u00edas complejas grabadas qu\u00edmicamente. <\/p>\n\n\n\n<h2 class=\"wp-block-heading\"><strong>Los metales utilizados<\/strong><\/h2>\n\n\n\n<p>La t\u00e9cnica de corte combinada  del fotograbado qu\u00edmico con la del corte por l\u00e1ser  se utiliza en varios tipos de metales, que incluyen:<\/p>\n\n\n\n<ul class=\"wp-block-list\"><li>Acero<\/li><li>Aluminio<\/li><li>Lat\u00f3n<\/li><li>Cobre<\/li><li>Titanio<\/li><li>Hierro<\/li><li>Alpaca<\/li><\/ul>\n\n\n\n<hr class=\"wp-block-separator is-style-wide\"\/>\n\n\n\n<h2 class=\"wp-block-heading\">Corte Laser y Fotograbado: una Tecnolog\u00eda de Alta Precisi\u00f3n <\/h2>\n\n\n\n<p>La primera fase del procesamiento es la de reducci\u00f3n, o corte qu\u00edmico, seguida de la de cortar los per\u00edmetros y otros detalles a trav\u00e9s de la tecnolog\u00eda de corte por l\u00e1ser, que garantiza una precisi\u00f3n absoluta (hasta 0,05 mm) gracias al sofisticado sistema de Centrado \u00f3ptico con el que est\u00e1 equipado. <\/p>\n\n\n\n<h2 class=\"wp-block-heading\"><strong>Las ventajas del corte combinado<\/strong> por Aluminio y Otro Metal <\/h2>\n\n\n\n<p>El corte combinado incorpora las ventajas de ambas tecnolog\u00edas; en particular:<\/p>\n\n\n\n<ul class=\"wp-block-list\"><li>precisi\u00f3n extrema garantizada por el sistema de centrado \u00f3ptico, que hace que los dos procesos sean perfectamente axiales entre s\u00ed. Un nivel muy alto de precisi\u00f3n es esencial en sectores espec\u00edficos, como la microelectr\u00f3nica.<\/li><li>versatilidad y flexibilidad de la tecnolog\u00eda de fotograbado<\/li><li>limpieza del corte y precisi\u00f3n de los grabados gracias a la tecnolog\u00eda l\u00e1ser.<\/li><li>reducci\u00f3n de los costos del equipo y reducci\u00f3n de los tiempos de procesamiento: el procesamiento principal se realiza mediante fotograbado y, posteriormente, solo los detalles necesarios se definen mediante corte por l\u00e1ser<\/li><li>posibilidad de personalizar con precisi\u00f3n el producto de acuerdo con las expectativas y necesidades particulares del cliente<\/li><\/ul>\n\n\n\n<div class=\"wp-block-buttons is-layout-flex wp-block-buttons-is-layout-flex\">\n<div class=\"wp-block-button\"><a class=\"wp-block-button__link\" href=\"https:\/\/www.chimimetal.com\/es\/contacta-con-nosotros\/\">\u00bfQuiere un presupuesto?<\/a><\/div>\n<\/div>\n","protected":false},"excerpt":{"rendered":"<p>CORTE LASER METAL GRABADO Y FOTOGRABADO EN ALUMINIO Dos tecnolog\u00edas &#8230; <\/p>\n<p class=\"read-more-container\"><a title=\"corte combinado\" class=\"read-more button\" href=\"https:\/\/www.chimimetal.com\/es\/corte-laser-metal-grabado-fotograbado-en-aluminio\/#more-3331\">Lee mas<span class=\"screen-reader-text\">corte combinado<\/span><\/a><\/p>\n","protected":false},"author":2,"featured_media":0,"parent":0,"menu_order":0,"comment_status":"closed","ping_status":"closed","template":"","meta":{"_acf_changed":false,"footnotes":""},"class_list":["post-3331","page","type-page","status-publish"],"acf":[],"yoast_head":"<!-- This site is optimized with the Yoast SEO plugin v26.8 - https:\/\/yoast.com\/product\/yoast-seo-wordpress\/ -->\n<title>Corte laser metal grabado y fotograbado en aluminio - Chimimetal<\/title>\n<meta name=\"description\" content=\"Aprovecha el potencial del fotograbado combinado con el corte por l\u00e1ser para crear objetos de precisi\u00f3n en metal de aluminio. Cont\u00e1ctenos para el grabado\" \/>\n<meta name=\"robots\" content=\"index, follow, max-snippet:-1, max-image-preview:large, max-video-preview:-1\" \/>\n<link rel=\"canonical\" href=\"https:\/\/www.chimimetal.com\/combinato\/\" \/>\n<meta property=\"og:locale\" content=\"es_ES\" \/>\n<meta property=\"og:type\" content=\"article\" \/>\n<meta property=\"og:title\" content=\"Corte laser metal grabado y fotograbado en aluminio - Chimimetal\" \/>\n<meta property=\"og:description\" content=\"Aprovecha el potencial del fotograbado combinado con el corte por l\u00e1ser para crear objetos de precisi\u00f3n en metal de aluminio. Cont\u00e1ctenos para el grabado\" \/>\n<meta property=\"og:url\" content=\"https:\/\/www.chimimetal.com\/combinato\/\" \/>\n<meta property=\"og:site_name\" content=\"Chimimetal\" \/>\n<meta property=\"article:modified_time\" content=\"2022-07-05T08:41:58+00:00\" \/>\n<meta name=\"twitter:card\" content=\"summary_large_image\" \/>\n<meta name=\"twitter:label1\" content=\"Tiempo de lectura\" \/>\n\t<meta name=\"twitter:data1\" content=\"2 minutos\" \/>\n<script type=\"application\/ld+json\" class=\"yoast-schema-graph\">{\"@context\":\"https:\/\/schema.org\",\"@graph\":[{\"@type\":\"WebPage\",\"@id\":\"https:\/\/www.chimimetal.com\/combinato\/\",\"url\":\"https:\/\/www.chimimetal.com\/combinato\/\",\"name\":\"Corte laser metal grabado y fotograbado en aluminio - Chimimetal\",\"isPartOf\":{\"@id\":\"https:\/\/www.chimimetal.com\/#website\"},\"datePublished\":\"2020-04-29T12:58:02+00:00\",\"dateModified\":\"2022-07-05T08:41:58+00:00\",\"description\":\"Aprovecha el potencial del fotograbado combinado con el corte por l\u00e1ser para crear objetos de precisi\u00f3n en metal de aluminio. Cont\u00e1ctenos para el grabado\",\"breadcrumb\":{\"@id\":\"https:\/\/www.chimimetal.com\/combinato\/#breadcrumb\"},\"inLanguage\":\"es\",\"potentialAction\":[{\"@type\":\"ReadAction\",\"target\":[\"https:\/\/www.chimimetal.com\/combinato\/\"]}]},{\"@type\":\"BreadcrumbList\",\"@id\":\"https:\/\/www.chimimetal.com\/combinato\/#breadcrumb\",\"itemListElement\":[{\"@type\":\"ListItem\",\"position\":1,\"name\":\"Home\",\"item\":\"https:\/\/www.chimimetal.com\/es\/\"},{\"@type\":\"ListItem\",\"position\":2,\"name\":\"corte combinado\"}]},{\"@type\":\"WebSite\",\"@id\":\"https:\/\/www.chimimetal.com\/#website\",\"url\":\"https:\/\/www.chimimetal.com\/\",\"name\":\"Chimimetal\",\"description\":\"\",\"publisher\":{\"@id\":\"https:\/\/www.chimimetal.com\/#organization\"},\"potentialAction\":[{\"@type\":\"SearchAction\",\"target\":{\"@type\":\"EntryPoint\",\"urlTemplate\":\"https:\/\/www.chimimetal.com\/?s={search_term_string}\"},\"query-input\":{\"@type\":\"PropertyValueSpecification\",\"valueRequired\":true,\"valueName\":\"search_term_string\"}}],\"inLanguage\":\"es\"},{\"@type\":\"Organization\",\"@id\":\"https:\/\/www.chimimetal.com\/#organization\",\"name\":\"Chimimetal\",\"url\":\"https:\/\/www.chimimetal.com\/\",\"logo\":{\"@type\":\"ImageObject\",\"inLanguage\":\"es\",\"@id\":\"https:\/\/www.chimimetal.com\/#\/schema\/logo\/image\/\",\"url\":\"https:\/\/www.chimimetal.com\/wp-content\/uploads\/2020\/03\/logo-main.png\",\"contentUrl\":\"https:\/\/www.chimimetal.com\/wp-content\/uploads\/2020\/03\/logo-main.png\",\"width\":400,\"height\":130,\"caption\":\"Chimimetal\"},\"image\":{\"@id\":\"https:\/\/www.chimimetal.com\/#\/schema\/logo\/image\/\"}}]}<\/script>\n<!-- \/ Yoast SEO plugin. -->","yoast_head_json":{"title":"Corte laser metal grabado y fotograbado en aluminio - Chimimetal","description":"Aprovecha el potencial del fotograbado combinado con el corte por l\u00e1ser para crear objetos de precisi\u00f3n en metal de aluminio. Cont\u00e1ctenos para el grabado","robots":{"index":"index","follow":"follow","max-snippet":"max-snippet:-1","max-image-preview":"max-image-preview:large","max-video-preview":"max-video-preview:-1"},"canonical":"https:\/\/www.chimimetal.com\/combinato\/","og_locale":"es_ES","og_type":"article","og_title":"Corte laser metal grabado y fotograbado en aluminio - Chimimetal","og_description":"Aprovecha el potencial del fotograbado combinado con el corte por l\u00e1ser para crear objetos de precisi\u00f3n en metal de aluminio. Cont\u00e1ctenos para el grabado","og_url":"https:\/\/www.chimimetal.com\/combinato\/","og_site_name":"Chimimetal","article_modified_time":"2022-07-05T08:41:58+00:00","twitter_card":"summary_large_image","twitter_misc":{"Tiempo de lectura":"2 minutos"},"schema":{"@context":"https:\/\/schema.org","@graph":[{"@type":"WebPage","@id":"https:\/\/www.chimimetal.com\/combinato\/","url":"https:\/\/www.chimimetal.com\/combinato\/","name":"Corte laser metal grabado y fotograbado en aluminio - Chimimetal","isPartOf":{"@id":"https:\/\/www.chimimetal.com\/#website"},"datePublished":"2020-04-29T12:58:02+00:00","dateModified":"2022-07-05T08:41:58+00:00","description":"Aprovecha el potencial del fotograbado combinado con el corte por l\u00e1ser para crear objetos de precisi\u00f3n en metal de aluminio. Cont\u00e1ctenos para el grabado","breadcrumb":{"@id":"https:\/\/www.chimimetal.com\/combinato\/#breadcrumb"},"inLanguage":"es","potentialAction":[{"@type":"ReadAction","target":["https:\/\/www.chimimetal.com\/combinato\/"]}]},{"@type":"BreadcrumbList","@id":"https:\/\/www.chimimetal.com\/combinato\/#breadcrumb","itemListElement":[{"@type":"ListItem","position":1,"name":"Home","item":"https:\/\/www.chimimetal.com\/es\/"},{"@type":"ListItem","position":2,"name":"corte combinado"}]},{"@type":"WebSite","@id":"https:\/\/www.chimimetal.com\/#website","url":"https:\/\/www.chimimetal.com\/","name":"Chimimetal","description":"","publisher":{"@id":"https:\/\/www.chimimetal.com\/#organization"},"potentialAction":[{"@type":"SearchAction","target":{"@type":"EntryPoint","urlTemplate":"https:\/\/www.chimimetal.com\/?s={search_term_string}"},"query-input":{"@type":"PropertyValueSpecification","valueRequired":true,"valueName":"search_term_string"}}],"inLanguage":"es"},{"@type":"Organization","@id":"https:\/\/www.chimimetal.com\/#organization","name":"Chimimetal","url":"https:\/\/www.chimimetal.com\/","logo":{"@type":"ImageObject","inLanguage":"es","@id":"https:\/\/www.chimimetal.com\/#\/schema\/logo\/image\/","url":"https:\/\/www.chimimetal.com\/wp-content\/uploads\/2020\/03\/logo-main.png","contentUrl":"https:\/\/www.chimimetal.com\/wp-content\/uploads\/2020\/03\/logo-main.png","width":400,"height":130,"caption":"Chimimetal"},"image":{"@id":"https:\/\/www.chimimetal.com\/#\/schema\/logo\/image\/"}}]}},"_links":{"self":[{"href":"https:\/\/www.chimimetal.com\/es\/wp-json\/wp\/v2\/pages\/3331","targetHints":{"allow":["GET"]}}],"collection":[{"href":"https:\/\/www.chimimetal.com\/es\/wp-json\/wp\/v2\/pages"}],"about":[{"href":"https:\/\/www.chimimetal.com\/es\/wp-json\/wp\/v2\/types\/page"}],"author":[{"embeddable":true,"href":"https:\/\/www.chimimetal.com\/es\/wp-json\/wp\/v2\/users\/2"}],"replies":[{"embeddable":true,"href":"https:\/\/www.chimimetal.com\/es\/wp-json\/wp\/v2\/comments?post=3331"}],"version-history":[{"count":6,"href":"https:\/\/www.chimimetal.com\/es\/wp-json\/wp\/v2\/pages\/3331\/revisions"}],"predecessor-version":[{"id":4335,"href":"https:\/\/www.chimimetal.com\/es\/wp-json\/wp\/v2\/pages\/3331\/revisions\/4335"}],"wp:attachment":[{"href":"https:\/\/www.chimimetal.com\/es\/wp-json\/wp\/v2\/media?parent=3331"}],"curies":[{"name":"wp","href":"https:\/\/api.w.org\/{rel}","templated":true}]}}