{"id":4023,"date":"2021-05-17T15:11:30","date_gmt":"2021-05-17T13:11:30","guid":{"rendered":"http:\/\/chimimetal.localhost\/?page_id=4023"},"modified":"2022-07-05T10:50:04","modified_gmt":"2022-07-05T08:50:04","slug":"corte-laser-aluminio","status":"publish","type":"page","link":"https:\/\/www.chimimetal.com\/es\/servicio-fotograbado-con-maquina-de-corte-por-laser\/corte-laser-aluminio\/","title":{"rendered":"Corte por l\u00e1ser del aluminio"},"content":{"rendered":"\n<h2 class=\"wp-block-heading\"><strong>Caracter\u00edsticas del\naluminio<\/strong><strong><\/strong><\/h2>\n\n\n\n<p>Desde los puntos de vista f\u00edsico, qu\u00edmico y mec\u00e1nico, el aluminio es un\nmaterial similar al acero, al lat\u00f3n, al cobre, al cinc, al plomo y al titanio\ny, al igual que ocurre con estos, existen muchas maneras de trabajarlo. <strong>El corte por l\u00e1ser del aluminio permite su\nuso en m\u00e1s \u00e1mbitos, <\/strong>manifestando as\u00ed todas las caracter\u00edsticas y\npeculiaridades de este material.<\/p>\n\n\n\n<p>Entre las <strong>ventajas que ofrece el\naluminio<\/strong> se incluyen:<\/p>\n\n\n\n<ul class=\"wp-block-list\"><li><strong>ligereza<\/strong>: con un peso\nespec\u00edfico de \u00fanicamente 2,7&nbsp;g\/cm3 (alrededor de una tercera parte del peso\ndel acero), el aluminio se presta a muchos usos. En el sector del autom\u00f3vil,\npor ejemplo, los componentes de aluminio de los veh\u00edculos admiten reducir el\nconsumo de energ\u00eda y al mismo tiempo aumentar la capacidad de carga;<\/li><li><strong>resistencia a\nla corrosi\u00f3n<\/strong>;<\/li><li><strong>conductividades\nt\u00e9rmica y el\u00e9ctrica<\/strong>, mejores incluso que las del cobre, caracter\u00edsticas que\nlo ha convertido en una de las opciones m\u00e1s populares para la fabricaci\u00f3n de\nlas l\u00edneas de transmisi\u00f3n de energ\u00eda;<\/li><li><strong>capacidad para\nreflejar la luz<\/strong>, hasta el punto que se utiliza tambi\u00e9n para fabricar\nmantas de emergencia;<\/li><li><strong>maleabilidad<\/strong>, que permite\ntrabajar el material en gran cantidad de formas y contextos ;<\/li><li><strong>resistencia a\nlas temperaturas bajas <\/strong>;<\/li><\/ul>\n\n\n\n<p>Gracias al corte por l\u00e1ser del aluminio tambi\u00e9n se pueden percibir las muchas\notras ventajas que ofrece este material, como <strong>su impermeabilidad y su ausencia de olor y de toxicidad. <\/strong><strong><\/strong><\/p>\n\n\n\n<h2 class=\"wp-block-heading\"><strong>Chimimetal\ny la fabricaci\u00f3n del aluminio<\/strong><strong><\/strong><\/h2>\n\n\n\n<p>La fabricaci\u00f3n del aluminio mediante la t\u00e9cnica del\ncorte por l\u00e1ser que efect\u00faa Chimimetal se hace mediante la transmisi\u00f3n del haz\nde energ\u00eda que llega directamente desde los diodos y los cables de fibra. Este\nproceso se puede llevar a cabo en este material espec\u00edfico en un rango de\nfabricaci\u00f3n comprendido entre los 0,5&nbsp;mm y los 3,00&nbsp;mm de profundidad.\nLa precisi\u00f3n de esta t\u00e9cnica espec\u00edfica permite que el corte tenga una longitud\nde onda corta, lo que favorece un mejor surtido del haz de aluminio. <\/p>\n\n\n\n<h2 class=\"wp-block-heading\"><strong>Productos\nfinales<\/strong><\/h2>\n\n\n\n<p>El corte por l\u00e1ser del aluminio que realiza\nChimimetal permite elaborar productos finales capaces de satisfacer distintos\ncampos de aplicaci\u00f3n de la industria. En concreto, los conocimientos t\u00e9cnicos\nde nuestra empresa se extienden a la producci\u00f3n de objetos sofisticados como\ndisipadores, etiquetas, gobos de iluminaci\u00f3n, filtros o molduras umbrales para\ncoches. <\/p>\n\n\n\n<div class=\"wp-block-buttons is-layout-flex wp-block-buttons-is-layout-flex\">\n<div class=\"wp-block-button\"><a class=\"wp-block-button__link\" href=\"https:\/\/www.chimimetal.com\/es\/contacta-con-nosotros\/\">\u00bfQuiere un presupuesto?<\/a><\/div>\n<\/div>\n","protected":false},"excerpt":{"rendered":"<p>Caracter\u00edsticas del aluminio Desde los puntos de vista f\u00edsico, qu\u00edmico &#8230; <\/p>\n<p class=\"read-more-container\"><a title=\"Corte por l\u00e1ser del aluminio\" class=\"read-more button\" href=\"https:\/\/www.chimimetal.com\/es\/servicio-fotograbado-con-maquina-de-corte-por-laser\/corte-laser-aluminio\/#more-4023\">Lee mas<span class=\"screen-reader-text\">Corte por l\u00e1ser del aluminio<\/span><\/a><\/p>\n","protected":false},"author":2,"featured_media":0,"parent":3323,"menu_order":0,"comment_status":"closed","ping_status":"closed","template":"","meta":{"_acf_changed":false,"footnotes":""},"class_list":["post-4023","page","type-page","status-publish"],"acf":[],"yoast_head":"<!-- This site is optimized with the Yoast SEO plugin v26.8 - https:\/\/yoast.com\/product\/yoast-seo-wordpress\/ -->\n<title>Corte por l\u00e1ser del aluminio - Chimimetal<\/title>\n<meta name=\"description\" content=\"El corte por l\u00e1ser de aluminio permite la creaci\u00f3n de productos terminados en todos los campos de la industria. Descubra nuestros productos\" \/>\n<meta name=\"robots\" content=\"index, follow, max-snippet:-1, max-image-preview:large, max-video-preview:-1\" \/>\n<link rel=\"canonical\" href=\"https:\/\/www.chimimetal.com\/taglio-laser\/taglio-laser-alluminio\/\" \/>\n<meta property=\"og:locale\" content=\"es_ES\" \/>\n<meta property=\"og:type\" content=\"article\" \/>\n<meta property=\"og:title\" content=\"Corte por l\u00e1ser del aluminio - Chimimetal\" \/>\n<meta property=\"og:description\" content=\"El corte por l\u00e1ser de aluminio permite la creaci\u00f3n de productos terminados en todos los campos de la industria. Descubra nuestros productos\" \/>\n<meta property=\"og:url\" content=\"https:\/\/www.chimimetal.com\/taglio-laser\/taglio-laser-alluminio\/\" \/>\n<meta property=\"og:site_name\" content=\"Chimimetal\" \/>\n<meta property=\"article:modified_time\" content=\"2022-07-05T08:50:04+00:00\" \/>\n<meta name=\"twitter:card\" content=\"summary_large_image\" \/>\n<meta name=\"twitter:label1\" content=\"Tiempo de lectura\" \/>\n\t<meta name=\"twitter:data1\" content=\"2 minutos\" \/>\n<script type=\"application\/ld+json\" class=\"yoast-schema-graph\">{\"@context\":\"https:\/\/schema.org\",\"@graph\":[{\"@type\":\"WebPage\",\"@id\":\"https:\/\/www.chimimetal.com\/taglio-laser\/taglio-laser-alluminio\/\",\"url\":\"https:\/\/www.chimimetal.com\/taglio-laser\/taglio-laser-alluminio\/\",\"name\":\"Corte por l\u00e1ser del aluminio - Chimimetal\",\"isPartOf\":{\"@id\":\"https:\/\/www.chimimetal.com\/#website\"},\"datePublished\":\"2021-05-17T13:11:30+00:00\",\"dateModified\":\"2022-07-05T08:50:04+00:00\",\"description\":\"El corte por l\u00e1ser de aluminio permite la creaci\u00f3n de productos terminados en todos los campos de la industria. Descubra nuestros productos\",\"breadcrumb\":{\"@id\":\"https:\/\/www.chimimetal.com\/taglio-laser\/taglio-laser-alluminio\/#breadcrumb\"},\"inLanguage\":\"es\",\"potentialAction\":[{\"@type\":\"ReadAction\",\"target\":[\"https:\/\/www.chimimetal.com\/taglio-laser\/taglio-laser-alluminio\/\"]}]},{\"@type\":\"BreadcrumbList\",\"@id\":\"https:\/\/www.chimimetal.com\/taglio-laser\/taglio-laser-alluminio\/#breadcrumb\",\"itemListElement\":[{\"@type\":\"ListItem\",\"position\":1,\"name\":\"Home\",\"item\":\"https:\/\/www.chimimetal.com\/es\/\"},{\"@type\":\"ListItem\",\"position\":2,\"name\":\"corte l\u00e1ser\",\"item\":\"https:\/\/www.chimimetal.com\/taglio-laser\/\"},{\"@type\":\"ListItem\",\"position\":3,\"name\":\"Corte por l\u00e1ser del aluminio\"}]},{\"@type\":\"WebSite\",\"@id\":\"https:\/\/www.chimimetal.com\/#website\",\"url\":\"https:\/\/www.chimimetal.com\/\",\"name\":\"Chimimetal\",\"description\":\"\",\"publisher\":{\"@id\":\"https:\/\/www.chimimetal.com\/#organization\"},\"potentialAction\":[{\"@type\":\"SearchAction\",\"target\":{\"@type\":\"EntryPoint\",\"urlTemplate\":\"https:\/\/www.chimimetal.com\/?s={search_term_string}\"},\"query-input\":{\"@type\":\"PropertyValueSpecification\",\"valueRequired\":true,\"valueName\":\"search_term_string\"}}],\"inLanguage\":\"es\"},{\"@type\":\"Organization\",\"@id\":\"https:\/\/www.chimimetal.com\/#organization\",\"name\":\"Chimimetal\",\"url\":\"https:\/\/www.chimimetal.com\/\",\"logo\":{\"@type\":\"ImageObject\",\"inLanguage\":\"es\",\"@id\":\"https:\/\/www.chimimetal.com\/#\/schema\/logo\/image\/\",\"url\":\"https:\/\/www.chimimetal.com\/wp-content\/uploads\/2020\/03\/logo-main.png\",\"contentUrl\":\"https:\/\/www.chimimetal.com\/wp-content\/uploads\/2020\/03\/logo-main.png\",\"width\":400,\"height\":130,\"caption\":\"Chimimetal\"},\"image\":{\"@id\":\"https:\/\/www.chimimetal.com\/#\/schema\/logo\/image\/\"}}]}<\/script>\n<!-- \/ Yoast SEO plugin. -->","yoast_head_json":{"title":"Corte por l\u00e1ser del aluminio - Chimimetal","description":"El corte por l\u00e1ser de aluminio permite la creaci\u00f3n de productos terminados en todos los campos de la industria. Descubra nuestros productos","robots":{"index":"index","follow":"follow","max-snippet":"max-snippet:-1","max-image-preview":"max-image-preview:large","max-video-preview":"max-video-preview:-1"},"canonical":"https:\/\/www.chimimetal.com\/taglio-laser\/taglio-laser-alluminio\/","og_locale":"es_ES","og_type":"article","og_title":"Corte por l\u00e1ser del aluminio - Chimimetal","og_description":"El corte por l\u00e1ser de aluminio permite la creaci\u00f3n de productos terminados en todos los campos de la industria. Descubra nuestros productos","og_url":"https:\/\/www.chimimetal.com\/taglio-laser\/taglio-laser-alluminio\/","og_site_name":"Chimimetal","article_modified_time":"2022-07-05T08:50:04+00:00","twitter_card":"summary_large_image","twitter_misc":{"Tiempo de lectura":"2 minutos"},"schema":{"@context":"https:\/\/schema.org","@graph":[{"@type":"WebPage","@id":"https:\/\/www.chimimetal.com\/taglio-laser\/taglio-laser-alluminio\/","url":"https:\/\/www.chimimetal.com\/taglio-laser\/taglio-laser-alluminio\/","name":"Corte por l\u00e1ser del aluminio - Chimimetal","isPartOf":{"@id":"https:\/\/www.chimimetal.com\/#website"},"datePublished":"2021-05-17T13:11:30+00:00","dateModified":"2022-07-05T08:50:04+00:00","description":"El corte por l\u00e1ser de aluminio permite la creaci\u00f3n de productos terminados en todos los campos de la industria. Descubra nuestros productos","breadcrumb":{"@id":"https:\/\/www.chimimetal.com\/taglio-laser\/taglio-laser-alluminio\/#breadcrumb"},"inLanguage":"es","potentialAction":[{"@type":"ReadAction","target":["https:\/\/www.chimimetal.com\/taglio-laser\/taglio-laser-alluminio\/"]}]},{"@type":"BreadcrumbList","@id":"https:\/\/www.chimimetal.com\/taglio-laser\/taglio-laser-alluminio\/#breadcrumb","itemListElement":[{"@type":"ListItem","position":1,"name":"Home","item":"https:\/\/www.chimimetal.com\/es\/"},{"@type":"ListItem","position":2,"name":"corte l\u00e1ser","item":"https:\/\/www.chimimetal.com\/taglio-laser\/"},{"@type":"ListItem","position":3,"name":"Corte por l\u00e1ser del aluminio"}]},{"@type":"WebSite","@id":"https:\/\/www.chimimetal.com\/#website","url":"https:\/\/www.chimimetal.com\/","name":"Chimimetal","description":"","publisher":{"@id":"https:\/\/www.chimimetal.com\/#organization"},"potentialAction":[{"@type":"SearchAction","target":{"@type":"EntryPoint","urlTemplate":"https:\/\/www.chimimetal.com\/?s={search_term_string}"},"query-input":{"@type":"PropertyValueSpecification","valueRequired":true,"valueName":"search_term_string"}}],"inLanguage":"es"},{"@type":"Organization","@id":"https:\/\/www.chimimetal.com\/#organization","name":"Chimimetal","url":"https:\/\/www.chimimetal.com\/","logo":{"@type":"ImageObject","inLanguage":"es","@id":"https:\/\/www.chimimetal.com\/#\/schema\/logo\/image\/","url":"https:\/\/www.chimimetal.com\/wp-content\/uploads\/2020\/03\/logo-main.png","contentUrl":"https:\/\/www.chimimetal.com\/wp-content\/uploads\/2020\/03\/logo-main.png","width":400,"height":130,"caption":"Chimimetal"},"image":{"@id":"https:\/\/www.chimimetal.com\/#\/schema\/logo\/image\/"}}]}},"_links":{"self":[{"href":"https:\/\/www.chimimetal.com\/es\/wp-json\/wp\/v2\/pages\/4023","targetHints":{"allow":["GET"]}}],"collection":[{"href":"https:\/\/www.chimimetal.com\/es\/wp-json\/wp\/v2\/pages"}],"about":[{"href":"https:\/\/www.chimimetal.com\/es\/wp-json\/wp\/v2\/types\/page"}],"author":[{"embeddable":true,"href":"https:\/\/www.chimimetal.com\/es\/wp-json\/wp\/v2\/users\/2"}],"replies":[{"embeddable":true,"href":"https:\/\/www.chimimetal.com\/es\/wp-json\/wp\/v2\/comments?post=4023"}],"version-history":[{"count":2,"href":"https:\/\/www.chimimetal.com\/es\/wp-json\/wp\/v2\/pages\/4023\/revisions"}],"predecessor-version":[{"id":4339,"href":"https:\/\/www.chimimetal.com\/es\/wp-json\/wp\/v2\/pages\/4023\/revisions\/4339"}],"up":[{"embeddable":true,"href":"https:\/\/www.chimimetal.com\/es\/wp-json\/wp\/v2\/pages\/3323"}],"wp:attachment":[{"href":"https:\/\/www.chimimetal.com\/es\/wp-json\/wp\/v2\/media?parent=4023"}],"curies":[{"name":"wp","href":"https:\/\/api.w.org\/{rel}","templated":true}]}}