{"id":4025,"date":"2021-05-17T15:14:39","date_gmt":"2021-05-17T13:14:39","guid":{"rendered":"http:\/\/chimimetal.localhost\/?page_id=4025"},"modified":"2022-07-05T10:51:59","modified_gmt":"2022-07-05T08:51:59","slug":"corte-laser-bronce","status":"publish","type":"page","link":"https:\/\/www.chimimetal.com\/es\/servicio-fotograbado-con-maquina-de-corte-por-laser\/corte-laser-bronce\/","title":{"rendered":"corte por l\u00e1ser del bronce"},"content":{"rendered":"\n<h2 class=\"wp-block-heading\"><strong>Caracter\u00edsticas del bronce<\/strong><strong><\/strong><\/h2>\n\n\n\n<p>El bronce <strong>es una aleaci\u00f3n formada\npor cobre y esta\u00f1o<\/strong>, en la mayor parte de los casos en una proporci\u00f3n del\n88&nbsp;% y del 12&nbsp;%, respectivamente. El bronce tambi\u00e9n puede contener\notros elementos, como magnesio, aluminio, f\u00f3sforo, n\u00edquel, cinc y ars\u00e9nico.<\/p>\n\n\n\n<p>Mediante el corte por l\u00e1ser del bronce se puede trabajar este metal en\ndiversas modalidades, de modo que se elaboran distintos objetos tanto para la\nvida cotidiana como para la industria.<\/p>\n\n\n\n<p>En cuanto a las propiedades de este elemento, es importante reiterar que\ndependen mucho de la composici\u00f3n espec\u00edfica de la aleaci\u00f3n, adem\u00e1s de las\nmodalidades utilizadas para su fabricaci\u00f3n. Entre sus caracter\u00edsticas\nprincipales se incluyen:<\/p>\n\n\n\n<ul class=\"wp-block-list\"><li>la elevada maleabilidad<\/li><li>una menor fricci\u00f3n en contacto con otros metales;<\/li><li>la posibilidad de utilizarse cerca de materiales\ninflamables o explosivos, dado que no produce chispas al golpearse contra\nsuperficies duras.<\/li><\/ul>\n\n\n\n<p><strong>El bronce, al exponerse al\naire, se oxida formando una p\u00e1tina superficial que protege el material\nsubyacente de una mayor corrosi\u00f3n.<\/strong> La \u00fanica excepci\u00f3n es el contacto con los cloruros\n(presentes tambi\u00e9n en el agua de mar), que corroen el metal internamente hasta\ndestruirlo. <\/p>\n\n\n\n<h2 class=\"wp-block-heading\"><strong>Chimimetal\ny la fabricaci\u00f3n del bronce<\/strong><\/h2>\n\n\n\n<p>Gracias a la transmisi\u00f3n del haz de energ\u00eda\nprocedente de los diodos y cables de fibra con longitud de onda corta, se puede\nobtener un resultado excelente con respecto a la precisi\u00f3n del corte, que en el\ncaso espec\u00edfico del corte por l\u00e1ser del bronce se produce dentro de un rango de\nfabricaci\u00f3n entre 0,5 y 2,00&nbsp;mm de profundidad.<\/p>\n\n\n\n<h2 class=\"wp-block-heading\"><strong>Productos\nfinales<\/strong><\/h2>\n\n\n\n<p>La fabricaci\u00f3n del bronce mediante la t\u00e9cnica del\ncorte por l\u00e1ser nos permite elaborar productos para todos los sectores\nindustriales. En concreto, Chimimetal est\u00e1 especializada en la realizaci\u00f3n del\ncorte por l\u00e1ser para contactos electr\u00f3nicos, piezas mec\u00e1nicas, e-type para\nimprimir filigranas en papel y terminales faston.<\/p>\n\n\n\n<div class=\"wp-block-buttons is-layout-flex wp-block-buttons-is-layout-flex\">\n<div class=\"wp-block-button\"><a class=\"wp-block-button__link\" href=\"https:\/\/www.chimimetal.com\/es\/contacta-con-nosotros\/\">\u00bfQuiere un presupuesto?<\/a><\/div>\n<\/div>\n","protected":false},"excerpt":{"rendered":"<p>Caracter\u00edsticas del bronce El bronce es una aleaci\u00f3n formada por &#8230; <\/p>\n<p class=\"read-more-container\"><a title=\"corte por l\u00e1ser del bronce\" class=\"read-more button\" href=\"https:\/\/www.chimimetal.com\/es\/servicio-fotograbado-con-maquina-de-corte-por-laser\/corte-laser-bronce\/#more-4025\">Lee mas<span class=\"screen-reader-text\">corte por l\u00e1ser del bronce<\/span><\/a><\/p>\n","protected":false},"author":2,"featured_media":0,"parent":3323,"menu_order":0,"comment_status":"closed","ping_status":"closed","template":"","meta":{"_acf_changed":false,"footnotes":""},"class_list":["post-4025","page","type-page","status-publish"],"acf":[],"yoast_head":"<!-- This site is optimized with the Yoast SEO plugin v26.8 - https:\/\/yoast.com\/product\/yoast-seo-wordpress\/ -->\n<title>corte por l\u00e1ser del bronce - Chimimetal<\/title>\n<meta name=\"description\" content=\"El corte por l\u00e1ser de bronce permite la creaci\u00f3n de productos terminados en todos los campos de la industria. Descubra nuestros productos\" \/>\n<meta name=\"robots\" content=\"index, follow, max-snippet:-1, max-image-preview:large, max-video-preview:-1\" \/>\n<link rel=\"canonical\" href=\"https:\/\/www.chimimetal.com\/taglio-laser\/taglio-laser-bronzo\/\" \/>\n<meta property=\"og:locale\" content=\"es_ES\" \/>\n<meta property=\"og:type\" content=\"article\" \/>\n<meta property=\"og:title\" content=\"corte por l\u00e1ser del bronce - Chimimetal\" \/>\n<meta property=\"og:description\" content=\"El corte por l\u00e1ser de bronce permite la creaci\u00f3n de productos terminados en todos los campos de la industria. Descubra nuestros productos\" \/>\n<meta property=\"og:url\" content=\"https:\/\/www.chimimetal.com\/taglio-laser\/taglio-laser-bronzo\/\" \/>\n<meta property=\"og:site_name\" content=\"Chimimetal\" \/>\n<meta property=\"article:modified_time\" content=\"2022-07-05T08:51:59+00:00\" \/>\n<meta name=\"twitter:card\" content=\"summary_large_image\" \/>\n<meta name=\"twitter:label1\" content=\"Tiempo de lectura\" \/>\n\t<meta name=\"twitter:data1\" content=\"2 minutos\" \/>\n<script type=\"application\/ld+json\" class=\"yoast-schema-graph\">{\"@context\":\"https:\/\/schema.org\",\"@graph\":[{\"@type\":\"WebPage\",\"@id\":\"https:\/\/www.chimimetal.com\/taglio-laser\/taglio-laser-bronzo\/\",\"url\":\"https:\/\/www.chimimetal.com\/taglio-laser\/taglio-laser-bronzo\/\",\"name\":\"corte por l\u00e1ser del bronce - Chimimetal\",\"isPartOf\":{\"@id\":\"https:\/\/www.chimimetal.com\/#website\"},\"datePublished\":\"2021-05-17T13:14:39+00:00\",\"dateModified\":\"2022-07-05T08:51:59+00:00\",\"description\":\"El corte por l\u00e1ser de bronce permite la creaci\u00f3n de productos terminados en todos los campos de la industria. Descubra nuestros productos\",\"breadcrumb\":{\"@id\":\"https:\/\/www.chimimetal.com\/taglio-laser\/taglio-laser-bronzo\/#breadcrumb\"},\"inLanguage\":\"es\",\"potentialAction\":[{\"@type\":\"ReadAction\",\"target\":[\"https:\/\/www.chimimetal.com\/taglio-laser\/taglio-laser-bronzo\/\"]}]},{\"@type\":\"BreadcrumbList\",\"@id\":\"https:\/\/www.chimimetal.com\/taglio-laser\/taglio-laser-bronzo\/#breadcrumb\",\"itemListElement\":[{\"@type\":\"ListItem\",\"position\":1,\"name\":\"Home\",\"item\":\"https:\/\/www.chimimetal.com\/es\/\"},{\"@type\":\"ListItem\",\"position\":2,\"name\":\"corte l\u00e1ser\",\"item\":\"https:\/\/www.chimimetal.com\/taglio-laser\/\"},{\"@type\":\"ListItem\",\"position\":3,\"name\":\"corte por l\u00e1ser del bronce\"}]},{\"@type\":\"WebSite\",\"@id\":\"https:\/\/www.chimimetal.com\/#website\",\"url\":\"https:\/\/www.chimimetal.com\/\",\"name\":\"Chimimetal\",\"description\":\"\",\"publisher\":{\"@id\":\"https:\/\/www.chimimetal.com\/#organization\"},\"potentialAction\":[{\"@type\":\"SearchAction\",\"target\":{\"@type\":\"EntryPoint\",\"urlTemplate\":\"https:\/\/www.chimimetal.com\/?s={search_term_string}\"},\"query-input\":{\"@type\":\"PropertyValueSpecification\",\"valueRequired\":true,\"valueName\":\"search_term_string\"}}],\"inLanguage\":\"es\"},{\"@type\":\"Organization\",\"@id\":\"https:\/\/www.chimimetal.com\/#organization\",\"name\":\"Chimimetal\",\"url\":\"https:\/\/www.chimimetal.com\/\",\"logo\":{\"@type\":\"ImageObject\",\"inLanguage\":\"es\",\"@id\":\"https:\/\/www.chimimetal.com\/#\/schema\/logo\/image\/\",\"url\":\"https:\/\/www.chimimetal.com\/wp-content\/uploads\/2020\/03\/logo-main.png\",\"contentUrl\":\"https:\/\/www.chimimetal.com\/wp-content\/uploads\/2020\/03\/logo-main.png\",\"width\":400,\"height\":130,\"caption\":\"Chimimetal\"},\"image\":{\"@id\":\"https:\/\/www.chimimetal.com\/#\/schema\/logo\/image\/\"}}]}<\/script>\n<!-- \/ Yoast SEO plugin. -->","yoast_head_json":{"title":"corte por l\u00e1ser del bronce - Chimimetal","description":"El corte por l\u00e1ser de bronce permite la creaci\u00f3n de productos terminados en todos los campos de la industria. Descubra nuestros productos","robots":{"index":"index","follow":"follow","max-snippet":"max-snippet:-1","max-image-preview":"max-image-preview:large","max-video-preview":"max-video-preview:-1"},"canonical":"https:\/\/www.chimimetal.com\/taglio-laser\/taglio-laser-bronzo\/","og_locale":"es_ES","og_type":"article","og_title":"corte por l\u00e1ser del bronce - Chimimetal","og_description":"El corte por l\u00e1ser de bronce permite la creaci\u00f3n de productos terminados en todos los campos de la industria. Descubra nuestros productos","og_url":"https:\/\/www.chimimetal.com\/taglio-laser\/taglio-laser-bronzo\/","og_site_name":"Chimimetal","article_modified_time":"2022-07-05T08:51:59+00:00","twitter_card":"summary_large_image","twitter_misc":{"Tiempo de lectura":"2 minutos"},"schema":{"@context":"https:\/\/schema.org","@graph":[{"@type":"WebPage","@id":"https:\/\/www.chimimetal.com\/taglio-laser\/taglio-laser-bronzo\/","url":"https:\/\/www.chimimetal.com\/taglio-laser\/taglio-laser-bronzo\/","name":"corte por l\u00e1ser del bronce - Chimimetal","isPartOf":{"@id":"https:\/\/www.chimimetal.com\/#website"},"datePublished":"2021-05-17T13:14:39+00:00","dateModified":"2022-07-05T08:51:59+00:00","description":"El corte por l\u00e1ser de bronce permite la creaci\u00f3n de productos terminados en todos los campos de la industria. Descubra nuestros productos","breadcrumb":{"@id":"https:\/\/www.chimimetal.com\/taglio-laser\/taglio-laser-bronzo\/#breadcrumb"},"inLanguage":"es","potentialAction":[{"@type":"ReadAction","target":["https:\/\/www.chimimetal.com\/taglio-laser\/taglio-laser-bronzo\/"]}]},{"@type":"BreadcrumbList","@id":"https:\/\/www.chimimetal.com\/taglio-laser\/taglio-laser-bronzo\/#breadcrumb","itemListElement":[{"@type":"ListItem","position":1,"name":"Home","item":"https:\/\/www.chimimetal.com\/es\/"},{"@type":"ListItem","position":2,"name":"corte l\u00e1ser","item":"https:\/\/www.chimimetal.com\/taglio-laser\/"},{"@type":"ListItem","position":3,"name":"corte por l\u00e1ser del bronce"}]},{"@type":"WebSite","@id":"https:\/\/www.chimimetal.com\/#website","url":"https:\/\/www.chimimetal.com\/","name":"Chimimetal","description":"","publisher":{"@id":"https:\/\/www.chimimetal.com\/#organization"},"potentialAction":[{"@type":"SearchAction","target":{"@type":"EntryPoint","urlTemplate":"https:\/\/www.chimimetal.com\/?s={search_term_string}"},"query-input":{"@type":"PropertyValueSpecification","valueRequired":true,"valueName":"search_term_string"}}],"inLanguage":"es"},{"@type":"Organization","@id":"https:\/\/www.chimimetal.com\/#organization","name":"Chimimetal","url":"https:\/\/www.chimimetal.com\/","logo":{"@type":"ImageObject","inLanguage":"es","@id":"https:\/\/www.chimimetal.com\/#\/schema\/logo\/image\/","url":"https:\/\/www.chimimetal.com\/wp-content\/uploads\/2020\/03\/logo-main.png","contentUrl":"https:\/\/www.chimimetal.com\/wp-content\/uploads\/2020\/03\/logo-main.png","width":400,"height":130,"caption":"Chimimetal"},"image":{"@id":"https:\/\/www.chimimetal.com\/#\/schema\/logo\/image\/"}}]}},"_links":{"self":[{"href":"https:\/\/www.chimimetal.com\/es\/wp-json\/wp\/v2\/pages\/4025","targetHints":{"allow":["GET"]}}],"collection":[{"href":"https:\/\/www.chimimetal.com\/es\/wp-json\/wp\/v2\/pages"}],"about":[{"href":"https:\/\/www.chimimetal.com\/es\/wp-json\/wp\/v2\/types\/page"}],"author":[{"embeddable":true,"href":"https:\/\/www.chimimetal.com\/es\/wp-json\/wp\/v2\/users\/2"}],"replies":[{"embeddable":true,"href":"https:\/\/www.chimimetal.com\/es\/wp-json\/wp\/v2\/comments?post=4025"}],"version-history":[{"count":2,"href":"https:\/\/www.chimimetal.com\/es\/wp-json\/wp\/v2\/pages\/4025\/revisions"}],"predecessor-version":[{"id":4340,"href":"https:\/\/www.chimimetal.com\/es\/wp-json\/wp\/v2\/pages\/4025\/revisions\/4340"}],"up":[{"embeddable":true,"href":"https:\/\/www.chimimetal.com\/es\/wp-json\/wp\/v2\/pages\/3323"}],"wp:attachment":[{"href":"https:\/\/www.chimimetal.com\/es\/wp-json\/wp\/v2\/media?parent=4025"}],"curies":[{"name":"wp","href":"https:\/\/api.w.org\/{rel}","templated":true}]}}