{"id":4027,"date":"2021-05-17T15:18:25","date_gmt":"2021-05-17T13:18:25","guid":{"rendered":"http:\/\/chimimetal.localhost\/?page_id=4027"},"modified":"2022-07-05T10:54:41","modified_gmt":"2022-07-05T08:54:41","slug":"corte-laser-laton","status":"publish","type":"page","link":"https:\/\/www.chimimetal.com\/es\/servicio-fotograbado-con-maquina-de-corte-por-laser\/corte-laser-laton\/","title":{"rendered":"corte por l\u00e1ser del lat\u00f3n"},"content":{"rendered":"\n<h2 class=\"wp-block-heading\"><strong>Caracter\u00edsticas del lat\u00f3n<\/strong><\/h2>\n\n\n\n<p>El corte por l\u00e1ser del lat\u00f3n es una operaci\u00f3n que se debe realizar con un\nconocimiento profundo de las caracter\u00edsticas y propiedades de este material. En\nprimer lugar, es necesario precisar que <strong>el\nlat\u00f3n es una aleaci\u00f3n compuesta principalmente de cobre y cinc<\/strong>, en\nproporciones variables en funci\u00f3n del tipo de lat\u00f3n que se pretenda fabricar. <strong>Otro material que se encuentra en el lat\u00f3n\nes el plomo<\/strong>, a menudo en una concentraci\u00f3n inferior al 2&nbsp;%; <strong>la adici\u00f3n de plomo resulta \u00fatil para\nmejorar las posibilidades de trabajar el lat\u00f3n<\/strong> que, recordemos, se suele\ncomparar con el oro dada su parecido con este metal precioso. <\/p>\n\n\n\n<p>El corte por l\u00e1ser del lat\u00f3n permite darle un uso muy amplio: de hecho,\nesta aleaci\u00f3n <strong>se emplea en diferentes\nsectores de la industria y de la artesan\u00eda.<\/strong> Se hacen con lat\u00f3n algunos\ncomponentes de los instrumentos musicales, pero tambi\u00e9n los casquillos de las\narmas de fuego, objetos decorativos para el mobiliario del hogar, tuber\u00edas y\ntornillos. <\/p>\n\n\n\n<p>El lat\u00f3n tambi\u00e9n es un material \u00abecol\u00f3gico\u00bb, en la medida en que <strong>los residuos de su fabricaci\u00f3n se pueden\nreutilizar en su totalidad.<\/strong> <strong>El lat\u00f3n\ntambi\u00e9n garantiza un bajo consumo energ\u00e9tico<\/strong>, gracias a su elevada\nconductibilidad t\u00e9rmica. Tampoco se deben olvidar las caracter\u00edsticas mec\u00e1nicas\ndel lat\u00f3n, que pueden equipararse con las de un acero de construcci\u00f3n de buena\ncalidad (o incluso superarlas). <\/p>\n\n\n\n<h2 class=\"wp-block-heading\"><strong>Chimimetal\ny la fabricaci\u00f3n del lat\u00f3n<\/strong><\/h2>\n\n\n\n<p>Chimimetal efect\u00faa el corte por l\u00e1ser del lat\u00f3n en\nun rango de fabricaci\u00f3n que va de 0,4&nbsp;mm a 3&nbsp;mm de profundidad. Desde\nel punto de vista t\u00e9cnico, el proceso de corte por l\u00e1ser del lat\u00f3n se produce\nmediante la transmisi\u00f3n directa del haz de energ\u00eda desde los diodos y los\ncables de fibra.<\/p>\n\n\n\n<p>Las ventajas de este tipo de t\u00e9cnicas residen en\nque el corte posee una longitud de onda corta que permite una mayor absorci\u00f3n\ndel haz del material cortado. <\/p>\n\n\n\n<h2 class=\"wp-block-heading\"><strong>Los\nproductos finales<\/strong><strong><\/strong><\/h2>\n\n\n\n<p>Mediante la fabricaci\u00f3n del lat\u00f3n mediante la\nt\u00e9cnica del corte por l\u00e1ser, Chimimetal es capaz de elaborar productos finales\nde alt\u00edsima calidad y precisi\u00f3n de fabricaci\u00f3n en todos los sectores: desde los\nobjetos de uso cotidiano a objetos de dise\u00f1o m\u00e1s sofisticados como pulseras,\npendientes, colgantes, anillos, etiquetas de moda, contactos electr\u00f3nicos,\npiezas mec\u00e1nicas, maquetas, l\u00e1mparas, placas, m\u00e1scaras aleg\u00f3ricas o expositores.<\/p>\n\n\n\n<div class=\"wp-block-buttons is-layout-flex wp-block-buttons-is-layout-flex\">\n<div class=\"wp-block-button\"><a class=\"wp-block-button__link\" href=\"https:\/\/www.chimimetal.com\/es\/contacta-con-nosotros\/\">\u00bfQuiere un presupuesto?<\/a><\/div>\n<\/div>\n","protected":false},"excerpt":{"rendered":"<p>Caracter\u00edsticas del lat\u00f3n El corte por l\u00e1ser del lat\u00f3n es &#8230; <\/p>\n<p class=\"read-more-container\"><a title=\"corte por l\u00e1ser del lat\u00f3n\" class=\"read-more button\" href=\"https:\/\/www.chimimetal.com\/es\/servicio-fotograbado-con-maquina-de-corte-por-laser\/corte-laser-laton\/#more-4027\">Lee mas<span class=\"screen-reader-text\">corte por l\u00e1ser del lat\u00f3n<\/span><\/a><\/p>\n","protected":false},"author":2,"featured_media":0,"parent":3323,"menu_order":0,"comment_status":"closed","ping_status":"closed","template":"","meta":{"_acf_changed":false,"footnotes":""},"class_list":["post-4027","page","type-page","status-publish"],"acf":[],"yoast_head":"<!-- This site is optimized with the Yoast SEO plugin v26.8 - https:\/\/yoast.com\/product\/yoast-seo-wordpress\/ -->\n<title>corte por l\u00e1ser del lat\u00f3n - Chimimetal<\/title>\n<meta name=\"description\" content=\"El corte por l\u00e1ser de lat\u00f3n permite la creaci\u00f3n de productos terminados en todos los campos de la industria y objetos de dise\u00f1o. Descubra nuestros productos\" \/>\n<meta name=\"robots\" content=\"index, follow, max-snippet:-1, max-image-preview:large, max-video-preview:-1\" \/>\n<link rel=\"canonical\" href=\"https:\/\/www.chimimetal.com\/taglio-laser\/taglio-laser-ottone\/\" \/>\n<meta property=\"og:locale\" content=\"es_ES\" \/>\n<meta property=\"og:type\" content=\"article\" \/>\n<meta property=\"og:title\" content=\"corte por l\u00e1ser del lat\u00f3n - Chimimetal\" \/>\n<meta property=\"og:description\" content=\"El corte por l\u00e1ser de lat\u00f3n permite la creaci\u00f3n de productos terminados en todos los campos de la industria y objetos de dise\u00f1o. Descubra nuestros productos\" \/>\n<meta property=\"og:url\" content=\"https:\/\/www.chimimetal.com\/taglio-laser\/taglio-laser-ottone\/\" \/>\n<meta property=\"og:site_name\" content=\"Chimimetal\" \/>\n<meta property=\"article:modified_time\" content=\"2022-07-05T08:54:41+00:00\" \/>\n<meta name=\"twitter:card\" content=\"summary_large_image\" \/>\n<meta name=\"twitter:label1\" content=\"Tiempo de lectura\" \/>\n\t<meta name=\"twitter:data1\" content=\"2 minutos\" \/>\n<script type=\"application\/ld+json\" class=\"yoast-schema-graph\">{\"@context\":\"https:\/\/schema.org\",\"@graph\":[{\"@type\":\"WebPage\",\"@id\":\"https:\/\/www.chimimetal.com\/taglio-laser\/taglio-laser-ottone\/\",\"url\":\"https:\/\/www.chimimetal.com\/taglio-laser\/taglio-laser-ottone\/\",\"name\":\"corte por l\u00e1ser del lat\u00f3n - Chimimetal\",\"isPartOf\":{\"@id\":\"https:\/\/www.chimimetal.com\/#website\"},\"datePublished\":\"2021-05-17T13:18:25+00:00\",\"dateModified\":\"2022-07-05T08:54:41+00:00\",\"description\":\"El corte por l\u00e1ser de lat\u00f3n permite la creaci\u00f3n de productos terminados en todos los campos de la industria y objetos de dise\u00f1o. Descubra nuestros productos\",\"breadcrumb\":{\"@id\":\"https:\/\/www.chimimetal.com\/taglio-laser\/taglio-laser-ottone\/#breadcrumb\"},\"inLanguage\":\"es\",\"potentialAction\":[{\"@type\":\"ReadAction\",\"target\":[\"https:\/\/www.chimimetal.com\/taglio-laser\/taglio-laser-ottone\/\"]}]},{\"@type\":\"BreadcrumbList\",\"@id\":\"https:\/\/www.chimimetal.com\/taglio-laser\/taglio-laser-ottone\/#breadcrumb\",\"itemListElement\":[{\"@type\":\"ListItem\",\"position\":1,\"name\":\"Home\",\"item\":\"https:\/\/www.chimimetal.com\/es\/\"},{\"@type\":\"ListItem\",\"position\":2,\"name\":\"corte l\u00e1ser\",\"item\":\"https:\/\/www.chimimetal.com\/taglio-laser\/\"},{\"@type\":\"ListItem\",\"position\":3,\"name\":\"corte por l\u00e1ser del lat\u00f3n\"}]},{\"@type\":\"WebSite\",\"@id\":\"https:\/\/www.chimimetal.com\/#website\",\"url\":\"https:\/\/www.chimimetal.com\/\",\"name\":\"Chimimetal\",\"description\":\"\",\"publisher\":{\"@id\":\"https:\/\/www.chimimetal.com\/#organization\"},\"potentialAction\":[{\"@type\":\"SearchAction\",\"target\":{\"@type\":\"EntryPoint\",\"urlTemplate\":\"https:\/\/www.chimimetal.com\/?s={search_term_string}\"},\"query-input\":{\"@type\":\"PropertyValueSpecification\",\"valueRequired\":true,\"valueName\":\"search_term_string\"}}],\"inLanguage\":\"es\"},{\"@type\":\"Organization\",\"@id\":\"https:\/\/www.chimimetal.com\/#organization\",\"name\":\"Chimimetal\",\"url\":\"https:\/\/www.chimimetal.com\/\",\"logo\":{\"@type\":\"ImageObject\",\"inLanguage\":\"es\",\"@id\":\"https:\/\/www.chimimetal.com\/#\/schema\/logo\/image\/\",\"url\":\"https:\/\/www.chimimetal.com\/wp-content\/uploads\/2020\/03\/logo-main.png\",\"contentUrl\":\"https:\/\/www.chimimetal.com\/wp-content\/uploads\/2020\/03\/logo-main.png\",\"width\":400,\"height\":130,\"caption\":\"Chimimetal\"},\"image\":{\"@id\":\"https:\/\/www.chimimetal.com\/#\/schema\/logo\/image\/\"}}]}<\/script>\n<!-- \/ Yoast SEO plugin. -->","yoast_head_json":{"title":"corte por l\u00e1ser del lat\u00f3n - Chimimetal","description":"El corte por l\u00e1ser de lat\u00f3n permite la creaci\u00f3n de productos terminados en todos los campos de la industria y objetos de dise\u00f1o. Descubra nuestros productos","robots":{"index":"index","follow":"follow","max-snippet":"max-snippet:-1","max-image-preview":"max-image-preview:large","max-video-preview":"max-video-preview:-1"},"canonical":"https:\/\/www.chimimetal.com\/taglio-laser\/taglio-laser-ottone\/","og_locale":"es_ES","og_type":"article","og_title":"corte por l\u00e1ser del lat\u00f3n - Chimimetal","og_description":"El corte por l\u00e1ser de lat\u00f3n permite la creaci\u00f3n de productos terminados en todos los campos de la industria y objetos de dise\u00f1o. Descubra nuestros productos","og_url":"https:\/\/www.chimimetal.com\/taglio-laser\/taglio-laser-ottone\/","og_site_name":"Chimimetal","article_modified_time":"2022-07-05T08:54:41+00:00","twitter_card":"summary_large_image","twitter_misc":{"Tiempo de lectura":"2 minutos"},"schema":{"@context":"https:\/\/schema.org","@graph":[{"@type":"WebPage","@id":"https:\/\/www.chimimetal.com\/taglio-laser\/taglio-laser-ottone\/","url":"https:\/\/www.chimimetal.com\/taglio-laser\/taglio-laser-ottone\/","name":"corte por l\u00e1ser del lat\u00f3n - Chimimetal","isPartOf":{"@id":"https:\/\/www.chimimetal.com\/#website"},"datePublished":"2021-05-17T13:18:25+00:00","dateModified":"2022-07-05T08:54:41+00:00","description":"El corte por l\u00e1ser de lat\u00f3n permite la creaci\u00f3n de productos terminados en todos los campos de la industria y objetos de dise\u00f1o. Descubra nuestros productos","breadcrumb":{"@id":"https:\/\/www.chimimetal.com\/taglio-laser\/taglio-laser-ottone\/#breadcrumb"},"inLanguage":"es","potentialAction":[{"@type":"ReadAction","target":["https:\/\/www.chimimetal.com\/taglio-laser\/taglio-laser-ottone\/"]}]},{"@type":"BreadcrumbList","@id":"https:\/\/www.chimimetal.com\/taglio-laser\/taglio-laser-ottone\/#breadcrumb","itemListElement":[{"@type":"ListItem","position":1,"name":"Home","item":"https:\/\/www.chimimetal.com\/es\/"},{"@type":"ListItem","position":2,"name":"corte l\u00e1ser","item":"https:\/\/www.chimimetal.com\/taglio-laser\/"},{"@type":"ListItem","position":3,"name":"corte por l\u00e1ser del lat\u00f3n"}]},{"@type":"WebSite","@id":"https:\/\/www.chimimetal.com\/#website","url":"https:\/\/www.chimimetal.com\/","name":"Chimimetal","description":"","publisher":{"@id":"https:\/\/www.chimimetal.com\/#organization"},"potentialAction":[{"@type":"SearchAction","target":{"@type":"EntryPoint","urlTemplate":"https:\/\/www.chimimetal.com\/?s={search_term_string}"},"query-input":{"@type":"PropertyValueSpecification","valueRequired":true,"valueName":"search_term_string"}}],"inLanguage":"es"},{"@type":"Organization","@id":"https:\/\/www.chimimetal.com\/#organization","name":"Chimimetal","url":"https:\/\/www.chimimetal.com\/","logo":{"@type":"ImageObject","inLanguage":"es","@id":"https:\/\/www.chimimetal.com\/#\/schema\/logo\/image\/","url":"https:\/\/www.chimimetal.com\/wp-content\/uploads\/2020\/03\/logo-main.png","contentUrl":"https:\/\/www.chimimetal.com\/wp-content\/uploads\/2020\/03\/logo-main.png","width":400,"height":130,"caption":"Chimimetal"},"image":{"@id":"https:\/\/www.chimimetal.com\/#\/schema\/logo\/image\/"}}]}},"_links":{"self":[{"href":"https:\/\/www.chimimetal.com\/es\/wp-json\/wp\/v2\/pages\/4027","targetHints":{"allow":["GET"]}}],"collection":[{"href":"https:\/\/www.chimimetal.com\/es\/wp-json\/wp\/v2\/pages"}],"about":[{"href":"https:\/\/www.chimimetal.com\/es\/wp-json\/wp\/v2\/types\/page"}],"author":[{"embeddable":true,"href":"https:\/\/www.chimimetal.com\/es\/wp-json\/wp\/v2\/users\/2"}],"replies":[{"embeddable":true,"href":"https:\/\/www.chimimetal.com\/es\/wp-json\/wp\/v2\/comments?post=4027"}],"version-history":[{"count":2,"href":"https:\/\/www.chimimetal.com\/es\/wp-json\/wp\/v2\/pages\/4027\/revisions"}],"predecessor-version":[{"id":4342,"href":"https:\/\/www.chimimetal.com\/es\/wp-json\/wp\/v2\/pages\/4027\/revisions\/4342"}],"up":[{"embeddable":true,"href":"https:\/\/www.chimimetal.com\/es\/wp-json\/wp\/v2\/pages\/3323"}],"wp:attachment":[{"href":"https:\/\/www.chimimetal.com\/es\/wp-json\/wp\/v2\/media?parent=4027"}],"curies":[{"name":"wp","href":"https:\/\/api.w.org\/{rel}","templated":true}]}}