{"id":4029,"date":"2021-05-17T15:23:30","date_gmt":"2021-05-17T13:23:30","guid":{"rendered":"http:\/\/chimimetal.localhost\/?page_id=4029"},"modified":"2022-07-05T10:53:28","modified_gmt":"2022-07-05T08:53:28","slug":"corte-laser-cobre","status":"publish","type":"page","link":"https:\/\/www.chimimetal.com\/es\/servicio-fotograbado-con-maquina-de-corte-por-laser\/corte-laser-cobre\/","title":{"rendered":"Corte por l\u00e1ser del cobre"},"content":{"rendered":"\n<h2 class=\"wp-block-heading\"><strong>Las caracter\u00edsticas del\ncobre<\/strong><strong><\/strong><\/h2>\n\n\n\n<p>Gracias al <strong>corte por l\u00e1ser del cobre<\/strong>\nse pueden aprovechar por completo las numerosas posibilidades que ofrece este\nmaterial, que <strong>se distingue por su\nmaleabilidad y versatilidad de uso.<\/strong><\/p>\n\n\n\n<p>El cobre, ampliamente utilizado en la industria metal\u00fargica y con un punto\nde fusi\u00f3n de 1083&nbsp;\u00b0C, <strong>tambi\u00e9n es un\nexcelente conductor del calor y de la electricidad<\/strong> y, precisamente por\nello, se utiliza a menudo para la contrucci\u00f3n de instalaciones t\u00e9rmicas y\nel\u00e9ctricas. <\/p>\n\n\n\n<p>El cobre sufre la oxidaci\u00f3n, proceso por el cual el metal cambia de color y\nse forma el cardenillo.<\/p>\n\n\n\n<p><strong>El cobre se encuentra en\nmuchos objetos de uso cotidiano, desde dispositivos electr\u00f3nicos a\nelectrodom\u00e9sticos como lavadoras o frigor\u00edficos.<\/strong> El cobre tambi\u00e9n se\nutiliza en gran medida en el sector del autom\u00f3vil: de hecho, en el interior de\nlos veh\u00edculos, hay numerosos cables de cobre que transmiten la electricidad a\ntodas las partes del autom\u00f3vil que la necesitan, por ejemplo, para el\nfuncionamiento de los faros, y adem\u00e1s tambi\u00e9n de las ventanillas o de las\npuertas. <\/p>\n\n\n\n<h2 class=\"wp-block-heading\"><strong>Chimimetal\ny la fabricaci\u00f3n del cobre<\/strong><strong><\/strong><\/h2>\n\n\n\n<p>Mediante el corte por l\u00e1ser se puede trabajar el\ncobre de muchas maneras diferentes; en comparaci\u00f3n con materiales como el\nbronce, la t\u00e9cnica del corte por l\u00e1ser del cobre que realiza Chimimetal se\nproduce dentro de un rango de fabricaci\u00f3n m\u00e1s limitado que var\u00eda entre 0,4 y\n1,5&nbsp;mm de profundidad: todo ello tiene lugar siempre mediante la\ntransmisi\u00f3n directa del haz de energ\u00eda desde los diodos y los cables de fibra\nque garantizan la longitud de onda reducida, asegurando una mejor absorci\u00f3n del\nhaz del material elaborado y cortado.<\/p>\n\n\n\n<h2 class=\"wp-block-heading\"><strong>Los\nproductos finales<\/strong><strong><\/strong><\/h2>\n\n\n\n<p>Mediante la fabricaci\u00f3n del cobre con la t\u00e9cnica\ndel corte por l\u00e1ser, Chimimetal produce materiales acabados de alt\u00edsimas\ncalidad y precisi\u00f3n de fabricaci\u00f3n. Nuestros conocimientos t\u00e9cnicos del cobre\nse traducen en la producci\u00f3n de contactos electr\u00f3nicos, e-type para imprimir\nfiligranas en papel y piezas mec\u00e1nicas.<\/p>\n\n\n\n<div class=\"wp-block-buttons is-layout-flex wp-block-buttons-is-layout-flex\">\n<div class=\"wp-block-button\"><a class=\"wp-block-button__link\" href=\"https:\/\/www.chimimetal.com\/es\/contacta-con-nosotros\/\">\u00bfQuiere un presupuesto?<\/a><\/div>\n<\/div>\n","protected":false},"excerpt":{"rendered":"<p>Las caracter\u00edsticas del cobre Gracias al corte por l\u00e1ser del &#8230; <\/p>\n<p class=\"read-more-container\"><a title=\"Corte por l\u00e1ser del cobre\" class=\"read-more button\" href=\"https:\/\/www.chimimetal.com\/es\/servicio-fotograbado-con-maquina-de-corte-por-laser\/corte-laser-cobre\/#more-4029\">Lee mas<span class=\"screen-reader-text\">Corte por l\u00e1ser del cobre<\/span><\/a><\/p>\n","protected":false},"author":2,"featured_media":0,"parent":3323,"menu_order":0,"comment_status":"closed","ping_status":"closed","template":"","meta":{"_acf_changed":false,"footnotes":""},"class_list":["post-4029","page","type-page","status-publish"],"acf":[],"yoast_head":"<!-- This site is optimized with the Yoast SEO plugin v26.8 - https:\/\/yoast.com\/product\/yoast-seo-wordpress\/ -->\n<title>Corte por l\u00e1ser del cobre - Chimimetal<\/title>\n<meta name=\"description\" content=\"El corte por l\u00e1ser de cobre permite la creaci\u00f3n de productos terminados en todos los campos de la industria y objetos de dise\u00f1o. Descubra nuestros productos\" \/>\n<meta name=\"robots\" content=\"index, follow, max-snippet:-1, max-image-preview:large, max-video-preview:-1\" \/>\n<link rel=\"canonical\" href=\"https:\/\/www.chimimetal.com\/taglio-laser\/taglio-laser-rame\/\" \/>\n<meta property=\"og:locale\" content=\"es_ES\" \/>\n<meta property=\"og:type\" content=\"article\" \/>\n<meta property=\"og:title\" content=\"Corte por l\u00e1ser del cobre - Chimimetal\" \/>\n<meta property=\"og:description\" content=\"El corte por l\u00e1ser de cobre permite la creaci\u00f3n de productos terminados en todos los campos de la industria y objetos de dise\u00f1o. Descubra nuestros productos\" \/>\n<meta property=\"og:url\" content=\"https:\/\/www.chimimetal.com\/taglio-laser\/taglio-laser-rame\/\" \/>\n<meta property=\"og:site_name\" content=\"Chimimetal\" \/>\n<meta property=\"article:modified_time\" content=\"2022-07-05T08:53:28+00:00\" \/>\n<meta name=\"twitter:card\" content=\"summary_large_image\" \/>\n<meta name=\"twitter:label1\" content=\"Tiempo de lectura\" \/>\n\t<meta name=\"twitter:data1\" content=\"2 minutos\" \/>\n<script type=\"application\/ld+json\" class=\"yoast-schema-graph\">{\"@context\":\"https:\/\/schema.org\",\"@graph\":[{\"@type\":\"WebPage\",\"@id\":\"https:\/\/www.chimimetal.com\/taglio-laser\/taglio-laser-rame\/\",\"url\":\"https:\/\/www.chimimetal.com\/taglio-laser\/taglio-laser-rame\/\",\"name\":\"Corte por l\u00e1ser del cobre - Chimimetal\",\"isPartOf\":{\"@id\":\"https:\/\/www.chimimetal.com\/#website\"},\"datePublished\":\"2021-05-17T13:23:30+00:00\",\"dateModified\":\"2022-07-05T08:53:28+00:00\",\"description\":\"El corte por l\u00e1ser de cobre permite la creaci\u00f3n de productos terminados en todos los campos de la industria y objetos de dise\u00f1o. Descubra nuestros productos\",\"breadcrumb\":{\"@id\":\"https:\/\/www.chimimetal.com\/taglio-laser\/taglio-laser-rame\/#breadcrumb\"},\"inLanguage\":\"es\",\"potentialAction\":[{\"@type\":\"ReadAction\",\"target\":[\"https:\/\/www.chimimetal.com\/taglio-laser\/taglio-laser-rame\/\"]}]},{\"@type\":\"BreadcrumbList\",\"@id\":\"https:\/\/www.chimimetal.com\/taglio-laser\/taglio-laser-rame\/#breadcrumb\",\"itemListElement\":[{\"@type\":\"ListItem\",\"position\":1,\"name\":\"Home\",\"item\":\"https:\/\/www.chimimetal.com\/es\/\"},{\"@type\":\"ListItem\",\"position\":2,\"name\":\"corte l\u00e1ser\",\"item\":\"https:\/\/www.chimimetal.com\/taglio-laser\/\"},{\"@type\":\"ListItem\",\"position\":3,\"name\":\"Corte por l\u00e1ser del cobre\"}]},{\"@type\":\"WebSite\",\"@id\":\"https:\/\/www.chimimetal.com\/#website\",\"url\":\"https:\/\/www.chimimetal.com\/\",\"name\":\"Chimimetal\",\"description\":\"\",\"publisher\":{\"@id\":\"https:\/\/www.chimimetal.com\/#organization\"},\"potentialAction\":[{\"@type\":\"SearchAction\",\"target\":{\"@type\":\"EntryPoint\",\"urlTemplate\":\"https:\/\/www.chimimetal.com\/?s={search_term_string}\"},\"query-input\":{\"@type\":\"PropertyValueSpecification\",\"valueRequired\":true,\"valueName\":\"search_term_string\"}}],\"inLanguage\":\"es\"},{\"@type\":\"Organization\",\"@id\":\"https:\/\/www.chimimetal.com\/#organization\",\"name\":\"Chimimetal\",\"url\":\"https:\/\/www.chimimetal.com\/\",\"logo\":{\"@type\":\"ImageObject\",\"inLanguage\":\"es\",\"@id\":\"https:\/\/www.chimimetal.com\/#\/schema\/logo\/image\/\",\"url\":\"https:\/\/www.chimimetal.com\/wp-content\/uploads\/2020\/03\/logo-main.png\",\"contentUrl\":\"https:\/\/www.chimimetal.com\/wp-content\/uploads\/2020\/03\/logo-main.png\",\"width\":400,\"height\":130,\"caption\":\"Chimimetal\"},\"image\":{\"@id\":\"https:\/\/www.chimimetal.com\/#\/schema\/logo\/image\/\"}}]}<\/script>\n<!-- \/ Yoast SEO plugin. -->","yoast_head_json":{"title":"Corte por l\u00e1ser del cobre - Chimimetal","description":"El corte por l\u00e1ser de cobre permite la creaci\u00f3n de productos terminados en todos los campos de la industria y objetos de dise\u00f1o. Descubra nuestros productos","robots":{"index":"index","follow":"follow","max-snippet":"max-snippet:-1","max-image-preview":"max-image-preview:large","max-video-preview":"max-video-preview:-1"},"canonical":"https:\/\/www.chimimetal.com\/taglio-laser\/taglio-laser-rame\/","og_locale":"es_ES","og_type":"article","og_title":"Corte por l\u00e1ser del cobre - Chimimetal","og_description":"El corte por l\u00e1ser de cobre permite la creaci\u00f3n de productos terminados en todos los campos de la industria y objetos de dise\u00f1o. Descubra nuestros productos","og_url":"https:\/\/www.chimimetal.com\/taglio-laser\/taglio-laser-rame\/","og_site_name":"Chimimetal","article_modified_time":"2022-07-05T08:53:28+00:00","twitter_card":"summary_large_image","twitter_misc":{"Tiempo de lectura":"2 minutos"},"schema":{"@context":"https:\/\/schema.org","@graph":[{"@type":"WebPage","@id":"https:\/\/www.chimimetal.com\/taglio-laser\/taglio-laser-rame\/","url":"https:\/\/www.chimimetal.com\/taglio-laser\/taglio-laser-rame\/","name":"Corte por l\u00e1ser del cobre - Chimimetal","isPartOf":{"@id":"https:\/\/www.chimimetal.com\/#website"},"datePublished":"2021-05-17T13:23:30+00:00","dateModified":"2022-07-05T08:53:28+00:00","description":"El corte por l\u00e1ser de cobre permite la creaci\u00f3n de productos terminados en todos los campos de la industria y objetos de dise\u00f1o. Descubra nuestros productos","breadcrumb":{"@id":"https:\/\/www.chimimetal.com\/taglio-laser\/taglio-laser-rame\/#breadcrumb"},"inLanguage":"es","potentialAction":[{"@type":"ReadAction","target":["https:\/\/www.chimimetal.com\/taglio-laser\/taglio-laser-rame\/"]}]},{"@type":"BreadcrumbList","@id":"https:\/\/www.chimimetal.com\/taglio-laser\/taglio-laser-rame\/#breadcrumb","itemListElement":[{"@type":"ListItem","position":1,"name":"Home","item":"https:\/\/www.chimimetal.com\/es\/"},{"@type":"ListItem","position":2,"name":"corte l\u00e1ser","item":"https:\/\/www.chimimetal.com\/taglio-laser\/"},{"@type":"ListItem","position":3,"name":"Corte por l\u00e1ser del cobre"}]},{"@type":"WebSite","@id":"https:\/\/www.chimimetal.com\/#website","url":"https:\/\/www.chimimetal.com\/","name":"Chimimetal","description":"","publisher":{"@id":"https:\/\/www.chimimetal.com\/#organization"},"potentialAction":[{"@type":"SearchAction","target":{"@type":"EntryPoint","urlTemplate":"https:\/\/www.chimimetal.com\/?s={search_term_string}"},"query-input":{"@type":"PropertyValueSpecification","valueRequired":true,"valueName":"search_term_string"}}],"inLanguage":"es"},{"@type":"Organization","@id":"https:\/\/www.chimimetal.com\/#organization","name":"Chimimetal","url":"https:\/\/www.chimimetal.com\/","logo":{"@type":"ImageObject","inLanguage":"es","@id":"https:\/\/www.chimimetal.com\/#\/schema\/logo\/image\/","url":"https:\/\/www.chimimetal.com\/wp-content\/uploads\/2020\/03\/logo-main.png","contentUrl":"https:\/\/www.chimimetal.com\/wp-content\/uploads\/2020\/03\/logo-main.png","width":400,"height":130,"caption":"Chimimetal"},"image":{"@id":"https:\/\/www.chimimetal.com\/#\/schema\/logo\/image\/"}}]}},"_links":{"self":[{"href":"https:\/\/www.chimimetal.com\/es\/wp-json\/wp\/v2\/pages\/4029","targetHints":{"allow":["GET"]}}],"collection":[{"href":"https:\/\/www.chimimetal.com\/es\/wp-json\/wp\/v2\/pages"}],"about":[{"href":"https:\/\/www.chimimetal.com\/es\/wp-json\/wp\/v2\/types\/page"}],"author":[{"embeddable":true,"href":"https:\/\/www.chimimetal.com\/es\/wp-json\/wp\/v2\/users\/2"}],"replies":[{"embeddable":true,"href":"https:\/\/www.chimimetal.com\/es\/wp-json\/wp\/v2\/comments?post=4029"}],"version-history":[{"count":2,"href":"https:\/\/www.chimimetal.com\/es\/wp-json\/wp\/v2\/pages\/4029\/revisions"}],"predecessor-version":[{"id":4341,"href":"https:\/\/www.chimimetal.com\/es\/wp-json\/wp\/v2\/pages\/4029\/revisions\/4341"}],"up":[{"embeddable":true,"href":"https:\/\/www.chimimetal.com\/es\/wp-json\/wp\/v2\/pages\/3323"}],"wp:attachment":[{"href":"https:\/\/www.chimimetal.com\/es\/wp-json\/wp\/v2\/media?parent=4029"}],"curies":[{"name":"wp","href":"https:\/\/api.w.org\/{rel}","templated":true}]}}