{"id":4248,"date":"2022-05-02T15:50:42","date_gmt":"2022-05-02T13:50:42","guid":{"rendered":"https:\/\/www.chimimetal.com\/faq\/"},"modified":"2022-05-03T10:46:21","modified_gmt":"2022-05-03T08:46:21","slug":"faq","status":"publish","type":"page","link":"https:\/\/www.chimimetal.com\/es\/faq\/","title":{"rendered":"FAQ"},"content":{"rendered":"\n<h2 class=\"wp-block-heading\">\u00bfQu\u00e9 es el corte l\u00e1ser?<\/h2>\n\n\n\n<p>El <strong>corte por l\u00e1ser de fibra \u00f3ptica<\/strong> se utiliza para obtener un corte <strong>preciso<\/strong> y un resultado de <strong>alta calidad<\/strong>, y es una t\u00e9cnica innovadora cada vez m\u00e1s utilizada por las empresas.<\/p>\n\n\n\n<p>La <strong>t\u00e9cnica de corte por l\u00e1ser<\/strong> consiste en utilizar un <strong>haz de radiaci\u00f3n<\/strong> filtrado por una lente sobre la chapa que se desea cortar, lo que hace que la superficie se sobrecaliente y, por tanto, se derrita.<\/p>\n\n\n\n<p>Al mismo tiempo, se explota un <strong>flujo de gas<\/strong> procedente de la base de la lente que, mediante un empuje din\u00e1mico de fluido, <strong>genera el corte<\/strong> real de la superficie, en funci\u00f3n del grabado que se desea obtener.<\/p>\n\n\n\n<p>Existen diferentes tipos de <a href=\"https:\/\/www.chimimetal.com\/es\/servicio-fotograbado-con-maquina-de-corte-por-laser\/\" target=\"_blank\" rel=\"noreferrer noopener\">corte por l\u00e1ser<\/a>:<\/p>\n\n\n\n<ul class=\"wp-block-list\"><li>con <strong>gas inerte<\/strong>;<\/li><li>con <strong>CO2<\/strong>;<\/li><li><strong>fibra<\/strong>;<\/li><li><strong>diodo<\/strong>;<\/li><li><strong>ox\u00edgeno asistido<\/strong>;<\/li><li><strong>2D<\/strong> o <strong>3D<\/strong>.<\/li><\/ul>\n\n\n\n<hr class=\"wp-block-separator is-style-wide\"\/>\n\n\n\n<h2 class=\"wp-block-heading\">\u00bfPor qu\u00e9 se utiliza el l\u00e1ser para cortar materiales? \u00bfCu\u00e1les son las ventajas?<\/h2>\n\n\n\n<p>Las <strong>ventajas<\/strong> de utilizar el <strong>l\u00e1ser para cortar materiales<\/strong> pueden resumirse como sigue:<\/p>\n\n\n\n<ul class=\"wp-block-list\"><li><strong>extrema precisi\u00f3n<\/strong> en el corte, lo que garantiza un resultado de calidad;<\/li><li><strong>bajo coste de implantaci\u00f3n<\/strong>, lo que la convierte en una t\u00e9cnica ideal para el desarrollo de prototipos;<\/li><li>posibilidad de <strong>tratar metales en los que no se puede realizar<\/strong> el <strong><a href=\"https:\/\/www.chimimetal.com\/es\/fotograbado-quimico-metal\/\" target=\"_blank\" rel=\"noreferrer noopener\">fotograbado<\/a><\/strong>;<\/li><li>posibilidad de <strong>cortar materiales de gran espesor<\/strong>, hasta <a href=\"https:\/\/www.chimimetal.com\/es\/servicio-fotograbado-con-maquina-de-corte-por-laser\/corte-laser-acero\/\" target=\"_blank\" rel=\"noreferrer noopener\">3 mm para el acero<\/a> y <a href=\"https:\/\/www.chimimetal.com\/es\/servicio-fotograbado-con-maquina-de-corte-por-laser\/corte-laser-laton\/\" target=\"_blank\" rel=\"noreferrer noopener\">2 mm para el lat\u00f3n<\/a>.<\/li><\/ul>\n\n\n\n<hr class=\"wp-block-separator is-style-wide\"\/>\n\n\n\n<h2 class=\"wp-block-heading\">\u00bfQu\u00e9 es el corte combinado?<\/h2>\n\n\n\n<p>El corte combinado se utiliza en los casos en los que necesitamos hacer un <strong>medio grabado<\/strong> con nuestro l\u00e1ser.<\/p>\n\n\n\n<p>En estas situaciones utilizamos la <strong>t\u00e9cnica de corte combinado<\/strong>: primero realizamos el semigrabado mediante <a href=\"https:\/\/www.chimimetal.com\/es\/fotograbado-quimico-metal\/\" target=\"_blank\" rel=\"noreferrer noopener\">corte qu\u00edmico<\/a> y luego procesamos las piezas con el l\u00e1ser, lo que garantiza una <strong>precisi\u00f3n absoluta (hasta 0,05 mm)<\/strong> gracias al sofisticado sistema de centrado \u00f3ptico que hace que los dos procesos sean perfectamente axiales entre s\u00ed.<\/p>\n\n\n\n<hr class=\"wp-block-separator is-style-wide\"\/>\n\n\n\n<h2 class=\"wp-block-heading\">\u00bfQu\u00e9 materiales puede cortar un l\u00e1ser?<\/h2>\n\n\n\n<p>Con nuestro l\u00e1ser podemos fabricar piezas de <a href=\"https:\/\/www.chimimetal.com\/es\/servicio-fotograbado-con-maquina-de-corte-por-laser\/corte-laser-acero\/\" target=\"_blank\" rel=\"noreferrer noopener\">acero<\/a>, <a href=\"https:\/\/www.chimimetal.com\/es\/servicio-fotograbado-con-maquina-de-corte-por-laser\/corte-laser-aluminio\/\" target=\"_blank\" rel=\"noreferrer noopener\">aluminio<\/a>, <a href=\"https:\/\/www.chimimetal.com\/es\/servicio-fotograbado-con-maquina-de-corte-por-laser\/corte-laser-bronce\/\" target=\"_blank\" rel=\"noreferrer noopener\">bronce<\/a>, <a href=\"https:\/\/www.chimimetal.com\/es\/servicio-fotograbado-con-maquina-de-corte-por-laser\/corte-laser-laton\/\" target=\"_blank\" rel=\"noreferrer noopener\">lat\u00f3n<\/a>, <a href=\"https:\/\/www.chimimetal.com\/es\/servicio-fotograbado-con-maquina-de-corte-por-laser\/corte-laser-cobre\/\" target=\"_blank\" rel=\"noreferrer noopener\">cobre<\/a> y <a href=\"https:\/\/www.chimimetal.com\/es\/servicio-fotograbado-con-maquina-de-corte-por-laser\/corte-laser-titanio\/\" target=\"_blank\" rel=\"noreferrer noopener\">titanio<\/a>.<\/p>\n\n\n\n<hr class=\"wp-block-separator is-style-wide\"\/>\n\n\n\n<h2 class=\"wp-block-heading\">\u00bfSe puede utilizar el corte por l\u00e1ser para crear joyas?<\/h2>\n\n\n\n<p>Utilizamos el corte por l\u00e1ser para fabricar diversos <strong>componentes met\u00e1licos decorativos<\/strong> para la industria de la <a href=\"https:\/\/www.chimimetal.com\/es\/accesorios-de-moda\/\" target=\"_blank\" rel=\"noreferrer noopener\">joyer\u00eda<\/a> y la bisuter\u00eda.&nbsp;<\/p>\n\n\n\n<p>Utilizando nuestras t\u00e9cnicas, primero hacemos los medios grabados y luego <strong>cortamos la pieza con l\u00e1ser<\/strong>. Esto nos permite producir incluso piezas peque\u00f1as con cortes precisos, lo que no ser\u00eda posible s\u00f3lo con el grabado qu\u00edmico.<\/p>\n\n\n\n<hr class=\"wp-block-separator is-style-wide\"\/>\n\n\n\n<h2 class=\"wp-block-heading\">\u00bfCu\u00e1nto cuesta el corte por l\u00e1ser de metales?<\/h2>\n\n\n\n<p>El <strong>coste<\/strong> del corte por l\u00e1ser <strong>depende<\/strong> de varios factores, que pueden resumirse como sigue:<\/p>\n\n\n\n<ul class=\"wp-block-list\"><li>el <strong>material<\/strong> y el <strong>grosor<\/strong> utilizados para fabricar las piezas. El coste y el peso de la pieza tienen una gran influencia en el precio final: por ejemplo, cuanto m\u00e1s fina sea la pieza, m\u00e1s r\u00e1pido trabajar\u00e1 el l\u00e1ser, lo que se traduce en un precio m\u00e1s bajo;<\/li><li>el <strong>per\u00edmetro exterior<\/strong> y las <strong>ranuras interiores<\/strong> de la pieza a cortar: el corte por l\u00e1ser tambi\u00e9n tiene un coste calculado por horas, por lo que cuanto m\u00e1s largo sea el per\u00edmetro a cortar, m\u00e1s costar\u00e1 la pieza.<\/li><\/ul>\n\n\n\n<p><a href=\"https:\/\/www.chimimetal.com\/es\/contacta-con-nosotros\/\" target=\"_blank\" rel=\"noreferrer noopener\">P\u00f3ngase en contacto con nosotros<\/a> para obtener un presupuesto preciso.<\/p>\n\n\n\n<hr class=\"wp-block-separator is-style-wide\"\/>\n\n\n\n<h2 class=\"wp-block-heading\">\u00bfSe pueden cortar con l\u00e1ser l\u00e1minas de lat\u00f3n? \u00bfQu\u00e9 grosor?<\/h2>\n\n\n\n<p>S\u00ed, podemos <a href=\"https:\/\/www.chimimetal.com\/es\/servicio-fotograbado-con-maquina-de-corte-por-laser\/corte-laser-laton\/\" target=\"_blank\" rel=\"noreferrer noopener\">cortar por l\u00e1ser chapas de lat\u00f3n<\/a> de un <strong>grosor m\u00ednimo<\/strong> de <strong>0,40 mm<\/strong> hasta un <strong>m\u00e1ximo<\/strong> de <strong>3,00 mm<\/strong>.<\/p>\n\n\n\n<hr class=\"wp-block-separator is-style-wide\"\/>\n\n\n\n<h2 class=\"wp-block-heading\">\u00bfSe pueden cortar con l\u00e1ser l\u00e1minas de cobre?<\/h2>\n\n\n\n<p>S\u00ed, podemos <a href=\"https:\/\/www.chimimetal.com\/es\/servicio-fotograbado-con-maquina-de-corte-por-laser\/corte-laser-cobre\/\" target=\"_blank\" rel=\"noreferrer noopener\">cortar con l\u00e1ser l\u00e1minas de cobre<\/a> de un <strong>grosor m\u00ednimo<\/strong> de <strong>0,40 mm<\/strong> hasta un <strong>m\u00e1ximo<\/strong> de <strong>1,50 mm<\/strong>.<\/p>\n\n\n\n<hr class=\"wp-block-separator is-style-wide\"\/>\n\n\n\n<h2 class=\"wp-block-heading\">\u00bfSe pueden cortar con l\u00e1ser las l\u00e1minas de bronce?<\/h2>\n\n\n\n<p>S\u00ed, podemos <a href=\"https:\/\/www.chimimetal.com\/es\/servicio-fotograbado-con-maquina-de-corte-por-laser\/corte-laser-bronce\/\" target=\"_blank\" rel=\"noreferrer noopener\">cortar con l\u00e1ser chapas de bronce<\/a> de un <strong>grosor m\u00ednimo<\/strong> de <strong>0,50 mm<\/strong> hasta un <strong>m\u00e1ximo<\/strong> de <strong>2,00 mm<\/strong>.<\/p>\n\n\n\n<hr class=\"wp-block-separator is-style-wide\"\/>\n\n\n\n<h2 class=\"wp-block-heading\">\u00bfSe puede cortar el acero con l\u00e1ser?<\/h2>\n\n\n\n<p>S\u00ed, podemos <a href=\"https:\/\/www.chimimetal.com\/es\/servicio-fotograbado-con-maquina-de-corte-por-laser\/corte-laser-acero\/\" target=\"_blank\" rel=\"noreferrer noopener\">cortar por l\u00e1ser acero<\/a> de un <strong>grosor m\u00ednimo<\/strong> de <strong>0,40 mm<\/strong> hasta un <strong>m\u00e1ximo<\/strong> de <strong>3,00 mm<\/strong>.<\/p>\n\n\n\n<hr class=\"wp-block-separator is-style-wide\"\/>\n\n\n\n<h2 class=\"wp-block-heading\"><meta charset=\"utf-8\">\u00bfSe puede cortar el titanio con l\u00e1ser?<\/h2>\n\n\n\n<p>S\u00ed, podemos <a href=\"https:\/\/www.chimimetal.com\/es\/servicio-fotograbado-con-maquina-de-corte-por-laser\/corte-laser-titanio\/\" target=\"_blank\" rel=\"noreferrer noopener\">cortar con l\u00e1ser titanio<\/a> desde un <strong>grosor m\u00ednimo<\/strong> de <strong>0,40 mm<\/strong> hasta un <strong>m\u00e1ximo<\/strong> de <strong>1,20 mm<\/strong>.<\/p>\n","protected":false},"excerpt":{"rendered":"<p>\u00bfQu\u00e9 es el corte l\u00e1ser? El corte por l\u00e1ser de &#8230; <\/p>\n<p class=\"read-more-container\"><a title=\"FAQ\" class=\"read-more button\" href=\"https:\/\/www.chimimetal.com\/es\/faq\/#more-4248\">Lee mas<span class=\"screen-reader-text\">FAQ<\/span><\/a><\/p>\n","protected":false},"author":2,"featured_media":0,"parent":0,"menu_order":0,"comment_status":"closed","ping_status":"closed","template":"","meta":{"_acf_changed":false,"footnotes":""},"class_list":["post-4248","page","type-page","status-publish"],"acf":[],"yoast_head":"<!-- This site is optimized with the Yoast SEO plugin v26.8 - https:\/\/yoast.com\/product\/yoast-seo-wordpress\/ -->\n<title>FAQ servicios de corte por l\u00e1ser - Chimimetal<\/title>\n<meta name=\"description\" content=\"Lea las respuestas a las preguntas sobre nuestros servicios de corte por l\u00e1ser: ventajas, materiales utilizables, costes, campos de aplicaci\u00f3n.\" \/>\n<meta name=\"robots\" content=\"index, follow, max-snippet:-1, max-image-preview:large, max-video-preview:-1\" \/>\n<link rel=\"canonical\" href=\"https:\/\/www.chimimetal.com\/faq-taglio-laser\/\" \/>\n<meta property=\"og:locale\" content=\"es_ES\" \/>\n<meta property=\"og:type\" content=\"article\" \/>\n<meta property=\"og:title\" content=\"FAQ servicios de corte por l\u00e1ser - Chimimetal\" \/>\n<meta property=\"og:description\" content=\"Lea las respuestas a las preguntas sobre nuestros servicios de corte por l\u00e1ser: ventajas, materiales utilizables, costes, campos de aplicaci\u00f3n.\" \/>\n<meta property=\"og:url\" content=\"https:\/\/www.chimimetal.com\/faq-taglio-laser\/\" \/>\n<meta property=\"og:site_name\" content=\"Chimimetal\" \/>\n<meta property=\"article:modified_time\" content=\"2022-05-03T08:46:21+00:00\" \/>\n<meta name=\"twitter:card\" content=\"summary_large_image\" \/>\n<meta name=\"twitter:label1\" content=\"Tiempo de lectura\" \/>\n\t<meta name=\"twitter:data1\" content=\"3 minutos\" \/>\n<script type=\"application\/ld+json\" class=\"yoast-schema-graph\">{\"@context\":\"https:\/\/schema.org\",\"@graph\":[{\"@type\":[\"WebPage\",\"FAQPage\"],\"@id\":\"https:\/\/www.chimimetal.com\/faq-taglio-laser\/\",\"url\":\"https:\/\/www.chimimetal.com\/faq-taglio-laser\/\",\"name\":\"FAQ servicios de corte por l\u00e1ser - Chimimetal\",\"isPartOf\":{\"@id\":\"https:\/\/www.chimimetal.com\/#website\"},\"datePublished\":\"2022-05-02T13:50:42+00:00\",\"dateModified\":\"2022-05-03T08:46:21+00:00\",\"description\":\"Lea las respuestas a las preguntas sobre nuestros servicios de corte por l\u00e1ser: ventajas, materiales utilizables, costes, campos de aplicaci\u00f3n.\",\"breadcrumb\":{\"@id\":\"https:\/\/www.chimimetal.com\/faq-taglio-laser\/#breadcrumb\"},\"inLanguage\":\"es\",\"potentialAction\":[{\"@type\":\"ReadAction\",\"target\":[\"https:\/\/www.chimimetal.com\/faq-taglio-laser\/\"]}]},{\"@type\":\"BreadcrumbList\",\"@id\":\"https:\/\/www.chimimetal.com\/faq-taglio-laser\/#breadcrumb\",\"itemListElement\":[{\"@type\":\"ListItem\",\"position\":1,\"name\":\"Home\",\"item\":\"https:\/\/www.chimimetal.com\/es\/\"},{\"@type\":\"ListItem\",\"position\":2,\"name\":\"FAQ\"}]},{\"@type\":\"WebSite\",\"@id\":\"https:\/\/www.chimimetal.com\/#website\",\"url\":\"https:\/\/www.chimimetal.com\/\",\"name\":\"Chimimetal\",\"description\":\"\",\"publisher\":{\"@id\":\"https:\/\/www.chimimetal.com\/#organization\"},\"potentialAction\":[{\"@type\":\"SearchAction\",\"target\":{\"@type\":\"EntryPoint\",\"urlTemplate\":\"https:\/\/www.chimimetal.com\/?s={search_term_string}\"},\"query-input\":{\"@type\":\"PropertyValueSpecification\",\"valueRequired\":true,\"valueName\":\"search_term_string\"}}],\"inLanguage\":\"es\"},{\"@type\":\"Organization\",\"@id\":\"https:\/\/www.chimimetal.com\/#organization\",\"name\":\"Chimimetal\",\"url\":\"https:\/\/www.chimimetal.com\/\",\"logo\":{\"@type\":\"ImageObject\",\"inLanguage\":\"es\",\"@id\":\"https:\/\/www.chimimetal.com\/#\/schema\/logo\/image\/\",\"url\":\"https:\/\/www.chimimetal.com\/wp-content\/uploads\/2020\/03\/logo-main.png\",\"contentUrl\":\"https:\/\/www.chimimetal.com\/wp-content\/uploads\/2020\/03\/logo-main.png\",\"width\":400,\"height\":130,\"caption\":\"Chimimetal\"},\"image\":{\"@id\":\"https:\/\/www.chimimetal.com\/#\/schema\/logo\/image\/\"}}]}<\/script>\n<!-- \/ Yoast SEO plugin. -->","yoast_head_json":{"title":"FAQ servicios de corte por l\u00e1ser - Chimimetal","description":"Lea las respuestas a las preguntas sobre nuestros servicios de corte por l\u00e1ser: ventajas, materiales utilizables, costes, campos de aplicaci\u00f3n.","robots":{"index":"index","follow":"follow","max-snippet":"max-snippet:-1","max-image-preview":"max-image-preview:large","max-video-preview":"max-video-preview:-1"},"canonical":"https:\/\/www.chimimetal.com\/faq-taglio-laser\/","og_locale":"es_ES","og_type":"article","og_title":"FAQ servicios de corte por l\u00e1ser - Chimimetal","og_description":"Lea las respuestas a las preguntas sobre nuestros servicios de corte por l\u00e1ser: ventajas, materiales utilizables, costes, campos de aplicaci\u00f3n.","og_url":"https:\/\/www.chimimetal.com\/faq-taglio-laser\/","og_site_name":"Chimimetal","article_modified_time":"2022-05-03T08:46:21+00:00","twitter_card":"summary_large_image","twitter_misc":{"Tiempo de lectura":"3 minutos"},"schema":{"@context":"https:\/\/schema.org","@graph":[{"@type":["WebPage","FAQPage"],"@id":"https:\/\/www.chimimetal.com\/faq-taglio-laser\/","url":"https:\/\/www.chimimetal.com\/faq-taglio-laser\/","name":"FAQ servicios de corte por l\u00e1ser - Chimimetal","isPartOf":{"@id":"https:\/\/www.chimimetal.com\/#website"},"datePublished":"2022-05-02T13:50:42+00:00","dateModified":"2022-05-03T08:46:21+00:00","description":"Lea las respuestas a las preguntas sobre nuestros servicios de corte por l\u00e1ser: ventajas, materiales utilizables, costes, campos de aplicaci\u00f3n.","breadcrumb":{"@id":"https:\/\/www.chimimetal.com\/faq-taglio-laser\/#breadcrumb"},"inLanguage":"es","potentialAction":[{"@type":"ReadAction","target":["https:\/\/www.chimimetal.com\/faq-taglio-laser\/"]}]},{"@type":"BreadcrumbList","@id":"https:\/\/www.chimimetal.com\/faq-taglio-laser\/#breadcrumb","itemListElement":[{"@type":"ListItem","position":1,"name":"Home","item":"https:\/\/www.chimimetal.com\/es\/"},{"@type":"ListItem","position":2,"name":"FAQ"}]},{"@type":"WebSite","@id":"https:\/\/www.chimimetal.com\/#website","url":"https:\/\/www.chimimetal.com\/","name":"Chimimetal","description":"","publisher":{"@id":"https:\/\/www.chimimetal.com\/#organization"},"potentialAction":[{"@type":"SearchAction","target":{"@type":"EntryPoint","urlTemplate":"https:\/\/www.chimimetal.com\/?s={search_term_string}"},"query-input":{"@type":"PropertyValueSpecification","valueRequired":true,"valueName":"search_term_string"}}],"inLanguage":"es"},{"@type":"Organization","@id":"https:\/\/www.chimimetal.com\/#organization","name":"Chimimetal","url":"https:\/\/www.chimimetal.com\/","logo":{"@type":"ImageObject","inLanguage":"es","@id":"https:\/\/www.chimimetal.com\/#\/schema\/logo\/image\/","url":"https:\/\/www.chimimetal.com\/wp-content\/uploads\/2020\/03\/logo-main.png","contentUrl":"https:\/\/www.chimimetal.com\/wp-content\/uploads\/2020\/03\/logo-main.png","width":400,"height":130,"caption":"Chimimetal"},"image":{"@id":"https:\/\/www.chimimetal.com\/#\/schema\/logo\/image\/"}}]}},"_links":{"self":[{"href":"https:\/\/www.chimimetal.com\/es\/wp-json\/wp\/v2\/pages\/4248","targetHints":{"allow":["GET"]}}],"collection":[{"href":"https:\/\/www.chimimetal.com\/es\/wp-json\/wp\/v2\/pages"}],"about":[{"href":"https:\/\/www.chimimetal.com\/es\/wp-json\/wp\/v2\/types\/page"}],"author":[{"embeddable":true,"href":"https:\/\/www.chimimetal.com\/es\/wp-json\/wp\/v2\/users\/2"}],"replies":[{"embeddable":true,"href":"https:\/\/www.chimimetal.com\/es\/wp-json\/wp\/v2\/comments?post=4248"}],"version-history":[{"count":9,"href":"https:\/\/www.chimimetal.com\/es\/wp-json\/wp\/v2\/pages\/4248\/revisions"}],"predecessor-version":[{"id":4284,"href":"https:\/\/www.chimimetal.com\/es\/wp-json\/wp\/v2\/pages\/4248\/revisions\/4284"}],"wp:attachment":[{"href":"https:\/\/www.chimimetal.com\/es\/wp-json\/wp\/v2\/media?parent=4248"}],"curies":[{"name":"wp","href":"https:\/\/api.w.org\/{rel}","templated":true}]}}