{"id":2130,"date":"2020-03-19T15:09:22","date_gmt":"2020-03-19T14:09:22","guid":{"rendered":"http:\/\/chimimetal.localhost\/?page_id=2130"},"modified":"2022-07-05T10:59:42","modified_gmt":"2022-07-05T08:59:42","slug":"electronique-et-mecanique","status":"publish","type":"page","link":"https:\/\/www.chimimetal.com\/fr\/electronique-et-mecanique\/","title":{"rendered":"\u00c9LECTRONIQUE ET M\u00c9CANIQUE"},"content":{"rendered":"\n<div class=\"wp-block-columns is-layout-flex wp-container-core-columns-is-layout-1 wp-block-columns-is-layout-flex\">\n<div class=\"wp-block-column is-layout-flow wp-block-column-is-layout-flow\">\n<h2 class=\"wp-block-heading\" style=\"font-size:18px\"><strong>LA PHOTOGRAVURE CHIMIQUE DANS L&rsquo;\u00c9LECTRONIQUE ET DANS LA M\u00c9CANIQUE<\/strong><\/h2>\n\n\n\n<p>L&rsquo;augmentation de la demande d&rsquo;\u00e9lectronique et de m\u00e9canique de pr\u00e9cision a g\u00e9n\u00e9r\u00e9 une augmentation de concurrence et la r\u00e9duction des co\u00fbts qui en d\u00e9coule.<\/p>\n\n\n\n<p>Pour r\u00e9pondre aux nouvelles exigences du march\u00e9, les producteurs sont en train de chercher \u00e0 produire de plus petites pi\u00e8ces et de grande pr\u00e9cision, en poussant les limites des techniques traditionnelles d&rsquo;usinage des m\u00e9taux. Ceci veut dire que les concepteurs ont d\u00fb prendre en examen de nouvelles technologies dans leur recherche de composants plus petits, plus rapides et \u00e9conomiques.<\/p>\n\n\n\n<h2 class=\"wp-block-heading\" style=\"font-size:18px\"><strong>PHOTOGRAVURE CHIMIQUE<\/strong><\/h2>\n\n\n\n<p>La gravure chimique est dans une position unique pour satisfaire la tendance du secteur vers la miniaturisation, la vitesse et l&rsquo;\u00e9conomie de production des pi\u00e8ces n&rsquo;augmente pas avec la complexit\u00e9, ce qui permet aux concepteurs de se concentrer sur la fonctionnalit\u00e9 des pi\u00e8ces, optimis\u00e9e aussi en ce qui concerne les co\u00fbts.<\/p>\n\n\n\n<p>En utilisant des outils num\u00e9riques et facilement reproductibles (au lieu des tr\u00e8s co\u00fbteux moules en acier), la photogravure s&rsquo;adapte \u00e0 la strat\u00e9gie de d\u00e9veloppement du produit \u00e0 faible risque adopt\u00e9e par de nombreux producteurs d&rsquo;\u00e9lectronique et de m\u00e9canique. Les d\u00e9tails photograv\u00e9s ont beaucoup d&rsquo;importance dans le secteur \u00e9lectronique et m\u00e9canique de la production sur petite et moyenne \u00e9chelle.<\/p>\n\n\n\n<p>Avec la technique de la photogravure et de la photo-d\u00e9coupe chimique au cours des derni\u00e8res ann\u00e9es on a \u00e9t\u00e9 en mesure de produire des t\u00f4les Smt et des bo\u00eetiers de blindage.<\/p>\n<\/div>\n\n\n\n<div class=\"wp-block-column is-layout-flow wp-block-column-is-layout-flow\">\n<div class=\"wp-block-image\"><figure class=\"aligncenter size-large\"><img loading=\"lazy\" decoding=\"async\" width=\"1024\" height=\"684\" src=\"https:\/\/restyle.chimimetal.com\/wp-content\/uploads\/2020\/05\/DSC_6859-1024x684.jpg\" alt=\"\" class=\"wp-image-2706\" srcset=\"https:\/\/www.chimimetal.com\/wp-content\/uploads\/2020\/05\/DSC_6859-1024x684.jpg 1024w, https:\/\/www.chimimetal.com\/wp-content\/uploads\/2020\/05\/DSC_6859-300x200.jpg 300w, https:\/\/www.chimimetal.com\/wp-content\/uploads\/2020\/05\/DSC_6859-768x513.jpg 768w, https:\/\/www.chimimetal.com\/wp-content\/uploads\/2020\/05\/DSC_6859.jpg 1300w\" sizes=\"auto, (max-width: 1024px) 100vw, 1024px\" \/><\/figure><\/div>\n<\/div>\n<\/div>\n\n\n\n<div class=\"wp-block-buttons is-layout-flex wp-block-buttons-is-layout-flex\">\n<div class=\"wp-block-button\"><a class=\"wp-block-button__link\" href=\"https:\/\/www.chimimetal.com\/fr\/nous-contacter\/\">Nous contacter<\/a><\/div>\n<\/div>\n\n\n\n<div class=\"wp-block-columns is-layout-flex wp-container-core-columns-is-layout-2 wp-block-columns-is-layout-flex\">\n<div class=\"wp-block-column is-layout-flow wp-block-column-is-layout-flow\">\n<div class=\"wp-block-image\"><figure class=\"aligncenter size-large\"><img loading=\"lazy\" decoding=\"async\" width=\"1024\" height=\"684\" src=\"https:\/\/restyle.chimimetal.com\/wp-content\/uploads\/2020\/05\/DSC_6808-1024x684.jpg\" alt=\"\" class=\"wp-image-2711\" srcset=\"https:\/\/www.chimimetal.com\/wp-content\/uploads\/2020\/05\/DSC_6808-1024x684.jpg 1024w, https:\/\/www.chimimetal.com\/wp-content\/uploads\/2020\/05\/DSC_6808-300x200.jpg 300w, https:\/\/www.chimimetal.com\/wp-content\/uploads\/2020\/05\/DSC_6808-768x513.jpg 768w, https:\/\/www.chimimetal.com\/wp-content\/uploads\/2020\/05\/DSC_6808.jpg 1300w\" sizes=\"auto, (max-width: 1024px) 100vw, 1024px\" \/><\/figure><\/div>\n<\/div>\n\n\n\n<div class=\"wp-block-column is-layout-flow wp-block-column-is-layout-flow\">\n<h3 class=\"wp-block-heading\"><strong>PRODUCTION DE BO\u00ceTIERS DE BLINDAGE<\/strong><\/h3>\n\n\n\n<p>Les bo\u00eetiers de blindage peuvent \u00eatre \u00e9quip\u00e9s de petites rainures l\u00e9g\u00e8rement grav\u00e9es, qui rendent le pliage simple, propre et pr\u00e9cis, sans besoin d&rsquo;avoir recours \u00e0 des \u00e9quipements sp\u00e9ciaux.<\/p>\n\n\n\n<p>La possibilit\u00e9 de cette technologie de r\u00e9aliser des bo\u00eetiers, avec des parties semi-grav\u00e9es, pour permettre un pliage facile et pr\u00e9cis, rend rapide et \u00e9conomique le passage du projet \u00e0 la r\u00e9alisation d&rsquo;un \u00e9cran.<\/p>\n\n\n\n<p>Des fermetures m\u00e9caniques et des \u00e9ventuels traitements de surface sont fournis, \u00e0 plat, \u00e0 plier par la suite ou assembl\u00e9es avec les soudures relatives.<\/p>\n\n\n\n<h3 class=\"wp-block-heading\"><strong>PRODUCTION DE T\u00d4LES SMT<\/strong><\/h3>\n\n\n\n<p>Au cours des derni\u00e8res d\u00e9cennies, la photo-d\u00e9coupe chimique a \u00e9t\u00e9 la technologie la plus utilis\u00e9e pour produire des t\u00f4les SMT.<\/p>\n\n\n\n<p>La soci\u00e9t\u00e9 Chimimetal a perfectionn\u00e9 les ouvertures stencil d\u00e9j\u00e0 pr\u00e9cises avec la bim\u00e9tallisation : un proc\u00e9d\u00e9 qui d\u00e9pose quelques microns de nickel sur toute la t\u00f4le en cr\u00e9ant des parois parfaites sur les ouvertures appropri\u00e9es \u00e0 une lib\u00e9ration optimale de la p\u00e2te \u00e0 souder.<\/p>\n<\/div>\n<\/div>\n\n\n \r\n\r\n   <div class=\"acf_gallery gallery\"> \r\n\r\n       \r\n\r\n         <a href=\"https:\/\/www.chimimetal.com\/wp-content\/uploads\/2020\/05\/DSC_6910.jpg\" target=\"_blank\" class=\"acf_thumbnail_item thumbnail\"> \r\n            <img decoding=\"async\" src=\"https:\/\/www.chimimetal.com\/wp-content\/uploads\/2020\/05\/DSC_6910-260x180.jpg\" alt=\"\u00c9LECTRONIQUE ET M\u00c9CANIQUE\" \/> \r\n         <\/a> \r\n\r\n       \r\n\r\n         <a href=\"https:\/\/www.chimimetal.com\/wp-content\/uploads\/2020\/05\/DSC_9567.jpg\" target=\"_blank\" class=\"acf_thumbnail_item thumbnail\"> \r\n            <img decoding=\"async\" src=\"https:\/\/www.chimimetal.com\/wp-content\/uploads\/2020\/05\/DSC_9567-260x180.jpg\" alt=\"\u00c9LECTRONIQUE ET M\u00c9CANIQUE\" \/> \r\n         <\/a> \r\n\r\n       \r\n\r\n         <a href=\"https:\/\/www.chimimetal.com\/wp-content\/uploads\/2020\/05\/DSC_9569.jpg\" target=\"_blank\" class=\"acf_thumbnail_item thumbnail\"> \r\n            <img decoding=\"async\" src=\"https:\/\/www.chimimetal.com\/wp-content\/uploads\/2020\/05\/DSC_9569-260x180.jpg\" alt=\"\u00c9LECTRONIQUE ET M\u00c9CANIQUE\" \/> \r\n         <\/a> \r\n\r\n       \r\n\r\n         <a href=\"https:\/\/www.chimimetal.com\/wp-content\/uploads\/2020\/05\/DSC_6812.jpg\" target=\"_blank\" class=\"acf_thumbnail_item thumbnail\"> \r\n            <img decoding=\"async\" src=\"https:\/\/www.chimimetal.com\/wp-content\/uploads\/2020\/05\/DSC_6812-260x180.jpg\" alt=\"\u00c9LECTRONIQUE ET M\u00c9CANIQUE\" \/> \r\n         <\/a> \r\n\r\n       \r\n\r\n         <a href=\"https:\/\/www.chimimetal.com\/wp-content\/uploads\/2020\/05\/DSC_6821.jpg\" target=\"_blank\" class=\"acf_thumbnail_item thumbnail\"> \r\n            <img decoding=\"async\" src=\"https:\/\/www.chimimetal.com\/wp-content\/uploads\/2020\/05\/DSC_6821-260x180.jpg\" alt=\"\u00c9LECTRONIQUE ET M\u00c9CANIQUE\" \/> \r\n         <\/a> \r\n\r\n       \r\n\r\n         <a href=\"https:\/\/www.chimimetal.com\/wp-content\/uploads\/2020\/05\/DSC_6825.jpg\" target=\"_blank\" class=\"acf_thumbnail_item thumbnail\"> \r\n            <img decoding=\"async\" src=\"https:\/\/www.chimimetal.com\/wp-content\/uploads\/2020\/05\/DSC_6825-260x180.jpg\" alt=\"\u00c9LECTRONIQUE ET M\u00c9CANIQUE\" \/> \r\n         <\/a> \r\n\r\n       \r\n\r\n         <a href=\"https:\/\/www.chimimetal.com\/wp-content\/uploads\/2020\/05\/DSC_6867.jpg\" target=\"_blank\" class=\"acf_thumbnail_item thumbnail\"> \r\n            <img decoding=\"async\" src=\"https:\/\/www.chimimetal.com\/wp-content\/uploads\/2020\/05\/DSC_6867-260x180.jpg\" alt=\"\u00c9LECTRONIQUE ET M\u00c9CANIQUE\" \/> \r\n         <\/a> \r\n\r\n       \r\n\r\n         <a href=\"https:\/\/www.chimimetal.com\/wp-content\/uploads\/2020\/05\/DSC_6868.jpg\" target=\"_blank\" class=\"acf_thumbnail_item thumbnail\"> \r\n            <img decoding=\"async\" src=\"https:\/\/www.chimimetal.com\/wp-content\/uploads\/2020\/05\/DSC_6868-260x180.jpg\" alt=\"\u00c9LECTRONIQUE ET M\u00c9CANIQUE\" \/> \r\n         <\/a> \r\n\r\n       \r\n\r\n         <a href=\"https:\/\/www.chimimetal.com\/wp-content\/uploads\/2020\/05\/DSC_6901.jpg\" target=\"_blank\" class=\"acf_thumbnail_item thumbnail\"> \r\n            <img decoding=\"async\" src=\"https:\/\/www.chimimetal.com\/wp-content\/uploads\/2020\/05\/DSC_6901-260x180.jpg\" alt=\"\u00c9LECTRONIQUE ET M\u00c9CANIQUE\" \/> \r\n         <\/a> \r\n\r\n       \r\n\r\n         <a href=\"https:\/\/www.chimimetal.com\/wp-content\/uploads\/2020\/05\/DSC_6905.jpg\" target=\"_blank\" class=\"acf_thumbnail_item thumbnail\"> \r\n            <img decoding=\"async\" src=\"https:\/\/www.chimimetal.com\/wp-content\/uploads\/2020\/05\/DSC_6905-260x180.jpg\" alt=\"\u00c9LECTRONIQUE ET M\u00c9CANIQUE\" \/> \r\n         <\/a> \r\n\r\n       \r\n\r\n         <a href=\"https:\/\/www.chimimetal.com\/wp-content\/uploads\/2020\/05\/DSC_6909.jpg\" target=\"_blank\" class=\"acf_thumbnail_item thumbnail\"> \r\n            <img decoding=\"async\" src=\"https:\/\/www.chimimetal.com\/wp-content\/uploads\/2020\/05\/DSC_6909-260x180.jpg\" alt=\"\u00c9LECTRONIQUE ET M\u00c9CANIQUE\" \/> \r\n         <\/a> \r\n\r\n       \r\n      <!-- <a href=\"#\" class=\"button center\"><\/a> -->\r\n   <\/div> \r\n\r\n","protected":false},"excerpt":{"rendered":"<p>LA PHOTOGRAVURE CHIMIQUE DANS L&rsquo;\u00c9LECTRONIQUE ET DANS LA M\u00c9CANIQUE L&rsquo;augmentation &#8230; <\/p>\n<p class=\"read-more-container\"><a title=\"\u00c9LECTRONIQUE ET M\u00c9CANIQUE\" class=\"read-more button\" href=\"https:\/\/www.chimimetal.com\/fr\/electronique-et-mecanique\/#more-2130\">Lire la suite<span class=\"screen-reader-text\">\u00c9LECTRONIQUE ET M\u00c9CANIQUE<\/span><\/a><\/p>\n","protected":false},"author":2,"featured_media":0,"parent":0,"menu_order":0,"comment_status":"closed","ping_status":"closed","template":"","meta":{"_acf_changed":false,"footnotes":""},"class_list":["post-2130","page","type-page","status-publish"],"acf":[],"yoast_head":"<!-- This site is optimized with the Yoast SEO plugin v26.8 - https:\/\/yoast.com\/product\/yoast-seo-wordpress\/ -->\n<title>\u00c9lectronique et m\u00e9canique - Chimimetal<\/title>\n<meta name=\"description\" content=\"La gravure chimique de Chimimetal r\u00e9pond \u00e0 la tendance \u00e0 la miniaturisation de l&#039;industrie \u00e9lectronique et m\u00e9canique.\" \/>\n<meta name=\"robots\" content=\"index, follow, max-snippet:-1, max-image-preview:large, max-video-preview:-1\" \/>\n<link rel=\"canonical\" href=\"https:\/\/www.chimimetal.com\/elettronica-e-meccanica\/\" \/>\n<meta property=\"og:locale\" content=\"fr_FR\" \/>\n<meta property=\"og:type\" content=\"article\" \/>\n<meta property=\"og:title\" content=\"\u00c9lectronique et m\u00e9canique - Chimimetal\" \/>\n<meta property=\"og:description\" content=\"La gravure chimique de Chimimetal r\u00e9pond \u00e0 la tendance \u00e0 la miniaturisation de l&#039;industrie \u00e9lectronique et m\u00e9canique.\" \/>\n<meta property=\"og:url\" content=\"https:\/\/www.chimimetal.com\/elettronica-e-meccanica\/\" \/>\n<meta property=\"og:site_name\" content=\"Chimimetal\" \/>\n<meta property=\"article:modified_time\" content=\"2022-07-05T08:59:42+00:00\" \/>\n<meta property=\"og:image\" content=\"https:\/\/restyle.chimimetal.com\/wp-content\/uploads\/2020\/05\/DSC_6859-1024x684.jpg\" \/>\n<meta name=\"twitter:card\" content=\"summary_large_image\" \/>\n<meta name=\"twitter:label1\" content=\"Dur\u00e9e de lecture estim\u00e9e\" \/>\n\t<meta name=\"twitter:data1\" content=\"3 minutes\" \/>\n<script type=\"application\/ld+json\" class=\"yoast-schema-graph\">{\"@context\":\"https:\/\/schema.org\",\"@graph\":[{\"@type\":\"WebPage\",\"@id\":\"https:\/\/www.chimimetal.com\/elettronica-e-meccanica\/\",\"url\":\"https:\/\/www.chimimetal.com\/elettronica-e-meccanica\/\",\"name\":\"\u00c9lectronique et m\u00e9canique - Chimimetal\",\"isPartOf\":{\"@id\":\"https:\/\/www.chimimetal.com\/#website\"},\"primaryImageOfPage\":{\"@id\":\"https:\/\/www.chimimetal.com\/elettronica-e-meccanica\/#primaryimage\"},\"image\":{\"@id\":\"https:\/\/www.chimimetal.com\/elettronica-e-meccanica\/#primaryimage\"},\"thumbnailUrl\":\"https:\/\/restyle.chimimetal.com\/wp-content\/uploads\/2020\/05\/DSC_6859-1024x684.jpg\",\"datePublished\":\"2020-03-19T14:09:22+00:00\",\"dateModified\":\"2022-07-05T08:59:42+00:00\",\"description\":\"La gravure chimique de Chimimetal r\u00e9pond \u00e0 la tendance \u00e0 la miniaturisation de l'industrie \u00e9lectronique et m\u00e9canique.\",\"breadcrumb\":{\"@id\":\"https:\/\/www.chimimetal.com\/elettronica-e-meccanica\/#breadcrumb\"},\"inLanguage\":\"fr-FR\",\"potentialAction\":[{\"@type\":\"ReadAction\",\"target\":[\"https:\/\/www.chimimetal.com\/elettronica-e-meccanica\/\"]}]},{\"@type\":\"ImageObject\",\"inLanguage\":\"fr-FR\",\"@id\":\"https:\/\/www.chimimetal.com\/elettronica-e-meccanica\/#primaryimage\",\"url\":\"https:\/\/restyle.chimimetal.com\/wp-content\/uploads\/2020\/05\/DSC_6859-1024x684.jpg\",\"contentUrl\":\"https:\/\/restyle.chimimetal.com\/wp-content\/uploads\/2020\/05\/DSC_6859-1024x684.jpg\"},{\"@type\":\"BreadcrumbList\",\"@id\":\"https:\/\/www.chimimetal.com\/elettronica-e-meccanica\/#breadcrumb\",\"itemListElement\":[{\"@type\":\"ListItem\",\"position\":1,\"name\":\"Home\",\"item\":\"https:\/\/www.chimimetal.com\/fr\/\"},{\"@type\":\"ListItem\",\"position\":2,\"name\":\"\u00c9LECTRONIQUE ET M\u00c9CANIQUE\"}]},{\"@type\":\"WebSite\",\"@id\":\"https:\/\/www.chimimetal.com\/#website\",\"url\":\"https:\/\/www.chimimetal.com\/\",\"name\":\"Chimimetal\",\"description\":\"\",\"publisher\":{\"@id\":\"https:\/\/www.chimimetal.com\/#organization\"},\"potentialAction\":[{\"@type\":\"SearchAction\",\"target\":{\"@type\":\"EntryPoint\",\"urlTemplate\":\"https:\/\/www.chimimetal.com\/?s={search_term_string}\"},\"query-input\":{\"@type\":\"PropertyValueSpecification\",\"valueRequired\":true,\"valueName\":\"search_term_string\"}}],\"inLanguage\":\"fr-FR\"},{\"@type\":\"Organization\",\"@id\":\"https:\/\/www.chimimetal.com\/#organization\",\"name\":\"Chimimetal\",\"url\":\"https:\/\/www.chimimetal.com\/\",\"logo\":{\"@type\":\"ImageObject\",\"inLanguage\":\"fr-FR\",\"@id\":\"https:\/\/www.chimimetal.com\/#\/schema\/logo\/image\/\",\"url\":\"https:\/\/www.chimimetal.com\/wp-content\/uploads\/2020\/03\/logo-main.png\",\"contentUrl\":\"https:\/\/www.chimimetal.com\/wp-content\/uploads\/2020\/03\/logo-main.png\",\"width\":400,\"height\":130,\"caption\":\"Chimimetal\"},\"image\":{\"@id\":\"https:\/\/www.chimimetal.com\/#\/schema\/logo\/image\/\"}}]}<\/script>\n<!-- \/ Yoast SEO plugin. -->","yoast_head_json":{"title":"\u00c9lectronique et m\u00e9canique - Chimimetal","description":"La gravure chimique de Chimimetal r\u00e9pond \u00e0 la tendance \u00e0 la miniaturisation de l'industrie \u00e9lectronique et m\u00e9canique.","robots":{"index":"index","follow":"follow","max-snippet":"max-snippet:-1","max-image-preview":"max-image-preview:large","max-video-preview":"max-video-preview:-1"},"canonical":"https:\/\/www.chimimetal.com\/elettronica-e-meccanica\/","og_locale":"fr_FR","og_type":"article","og_title":"\u00c9lectronique et m\u00e9canique - Chimimetal","og_description":"La gravure chimique de Chimimetal r\u00e9pond \u00e0 la tendance \u00e0 la miniaturisation de l'industrie \u00e9lectronique et m\u00e9canique.","og_url":"https:\/\/www.chimimetal.com\/elettronica-e-meccanica\/","og_site_name":"Chimimetal","article_modified_time":"2022-07-05T08:59:42+00:00","og_image":[{"url":"https:\/\/restyle.chimimetal.com\/wp-content\/uploads\/2020\/05\/DSC_6859-1024x684.jpg","type":"","width":"","height":""}],"twitter_card":"summary_large_image","twitter_misc":{"Dur\u00e9e de lecture estim\u00e9e":"3 minutes"},"schema":{"@context":"https:\/\/schema.org","@graph":[{"@type":"WebPage","@id":"https:\/\/www.chimimetal.com\/elettronica-e-meccanica\/","url":"https:\/\/www.chimimetal.com\/elettronica-e-meccanica\/","name":"\u00c9lectronique et m\u00e9canique - Chimimetal","isPartOf":{"@id":"https:\/\/www.chimimetal.com\/#website"},"primaryImageOfPage":{"@id":"https:\/\/www.chimimetal.com\/elettronica-e-meccanica\/#primaryimage"},"image":{"@id":"https:\/\/www.chimimetal.com\/elettronica-e-meccanica\/#primaryimage"},"thumbnailUrl":"https:\/\/restyle.chimimetal.com\/wp-content\/uploads\/2020\/05\/DSC_6859-1024x684.jpg","datePublished":"2020-03-19T14:09:22+00:00","dateModified":"2022-07-05T08:59:42+00:00","description":"La gravure chimique de Chimimetal r\u00e9pond \u00e0 la tendance \u00e0 la miniaturisation de l'industrie \u00e9lectronique et m\u00e9canique.","breadcrumb":{"@id":"https:\/\/www.chimimetal.com\/elettronica-e-meccanica\/#breadcrumb"},"inLanguage":"fr-FR","potentialAction":[{"@type":"ReadAction","target":["https:\/\/www.chimimetal.com\/elettronica-e-meccanica\/"]}]},{"@type":"ImageObject","inLanguage":"fr-FR","@id":"https:\/\/www.chimimetal.com\/elettronica-e-meccanica\/#primaryimage","url":"https:\/\/restyle.chimimetal.com\/wp-content\/uploads\/2020\/05\/DSC_6859-1024x684.jpg","contentUrl":"https:\/\/restyle.chimimetal.com\/wp-content\/uploads\/2020\/05\/DSC_6859-1024x684.jpg"},{"@type":"BreadcrumbList","@id":"https:\/\/www.chimimetal.com\/elettronica-e-meccanica\/#breadcrumb","itemListElement":[{"@type":"ListItem","position":1,"name":"Home","item":"https:\/\/www.chimimetal.com\/fr\/"},{"@type":"ListItem","position":2,"name":"\u00c9LECTRONIQUE ET M\u00c9CANIQUE"}]},{"@type":"WebSite","@id":"https:\/\/www.chimimetal.com\/#website","url":"https:\/\/www.chimimetal.com\/","name":"Chimimetal","description":"","publisher":{"@id":"https:\/\/www.chimimetal.com\/#organization"},"potentialAction":[{"@type":"SearchAction","target":{"@type":"EntryPoint","urlTemplate":"https:\/\/www.chimimetal.com\/?s={search_term_string}"},"query-input":{"@type":"PropertyValueSpecification","valueRequired":true,"valueName":"search_term_string"}}],"inLanguage":"fr-FR"},{"@type":"Organization","@id":"https:\/\/www.chimimetal.com\/#organization","name":"Chimimetal","url":"https:\/\/www.chimimetal.com\/","logo":{"@type":"ImageObject","inLanguage":"fr-FR","@id":"https:\/\/www.chimimetal.com\/#\/schema\/logo\/image\/","url":"https:\/\/www.chimimetal.com\/wp-content\/uploads\/2020\/03\/logo-main.png","contentUrl":"https:\/\/www.chimimetal.com\/wp-content\/uploads\/2020\/03\/logo-main.png","width":400,"height":130,"caption":"Chimimetal"},"image":{"@id":"https:\/\/www.chimimetal.com\/#\/schema\/logo\/image\/"}}]}},"_links":{"self":[{"href":"https:\/\/www.chimimetal.com\/fr\/wp-json\/wp\/v2\/pages\/2130","targetHints":{"allow":["GET"]}}],"collection":[{"href":"https:\/\/www.chimimetal.com\/fr\/wp-json\/wp\/v2\/pages"}],"about":[{"href":"https:\/\/www.chimimetal.com\/fr\/wp-json\/wp\/v2\/types\/page"}],"author":[{"embeddable":true,"href":"https:\/\/www.chimimetal.com\/fr\/wp-json\/wp\/v2\/users\/2"}],"replies":[{"embeddable":true,"href":"https:\/\/www.chimimetal.com\/fr\/wp-json\/wp\/v2\/comments?post=2130"}],"version-history":[{"count":10,"href":"https:\/\/www.chimimetal.com\/fr\/wp-json\/wp\/v2\/pages\/2130\/revisions"}],"predecessor-version":[{"id":4345,"href":"https:\/\/www.chimimetal.com\/fr\/wp-json\/wp\/v2\/pages\/2130\/revisions\/4345"}],"wp:attachment":[{"href":"https:\/\/www.chimimetal.com\/fr\/wp-json\/wp\/v2\/media?parent=2130"}],"curies":[{"name":"wp","href":"https:\/\/api.w.org\/{rel}","templated":true}]}}