{"id":2143,"date":"2020-03-09T11:35:57","date_gmt":"2020-03-09T10:35:57","guid":{"rendered":"http:\/\/chimimetal.localhost\/?page_id=2143"},"modified":"2022-07-05T11:01:54","modified_gmt":"2022-07-05T09:01:54","slug":"design-et-bijouterie","status":"publish","type":"page","link":"https:\/\/www.chimimetal.com\/fr\/design-et-bijouterie\/","title":{"rendered":"DESIGN ET BIJOUTERIE"},"content":{"rendered":"\n<div class=\"wp-block-columns is-layout-flex wp-container-core-columns-is-layout-1 wp-block-columns-is-layout-flex\">\n<div class=\"wp-block-column is-layout-flow wp-block-column-is-layout-flow\">\n<h2 class=\"wp-block-heading\" style=\"font-size:18px\"><strong>PHOTOGRAVURE CHIMIQUE POUR \u00c9L\u00c9MENTS DE BIJOUTERIE ET DESIGN<\/strong><\/h2>\n\n\n\n<p>En ligne avec notre slogan \u00ab\u00a0You draw it, We make it\u00a0\u00bb (\u00ab\u00a0vous le dessinez, nous le r\u00e9alisons\u00a0\u00bb), nous de Chimimetal voulons \u00eatre votre partenaire id\u00e9al pour r\u00e9aliser des id\u00e9es de design gr\u00e2ce \u00e0 la gravure de composants m\u00e9talliques de d\u00e9coration.<\/p>\n\n\n\n<p>Nous produisons des composants de d\u00e9coration en m\u00e9tal de diff\u00e9rentes nature pour l&rsquo;industrie de la joaillerie (comme boucles d&rsquo;oreille, colliers et bracelets) et pour tous les secteurs industriels qui doivent concilier les fonctionnalit\u00e9s esth\u00e9tiques et techniques.<\/p>\n\n\n\n<p>Ci-apr\u00e8s des exemples de notre production :<\/p>\n\n\n\n<ul class=\"custom-list-colored wp-block-list\"><li> Pr\u00e9sentoirs photo-grav\u00e9s en m\u00e9tal pour les marques les plus connues du monde de la mode;<\/li><li> Plaques frontales pour \u00e9quipements de test \u00e9lectroniques con\u00e7ues sur mesure;<\/li><li> Plaques d&rsquo;identification pour \u00e9quipements;<\/li><li> Plaques de sortie d&rsquo;urgence (avec lettres en braille en relief);<\/li><li> Porte-cl\u00e9s;<\/li><li> Tirettes fermetures \u00c9clair personnalis\u00e9es;<\/li><li> Insignes militaires partiellement grav\u00e9es vernies;<\/li><li> Mod\u00e8les \u00e0 l&rsquo;\u00e9chelle pour architectes.<\/li><\/ul>\n\n\n\n<p>Il s\u2019agit seulement d&rsquo;une s\u00e9lection, puisque nous avons produit des composants pour beaucoup d&rsquo;autres applications.<\/p>\n<\/div>\n\n\n\n<div class=\"wp-block-column is-layout-flow wp-block-column-is-layout-flow\">\n<div class=\"wp-block-image\"><figure class=\"aligncenter size-large\"><img loading=\"lazy\" decoding=\"async\" width=\"1024\" height=\"684\" src=\"http:\/\/restyle.chimimetal.com\/wp-content\/uploads\/2020\/05\/DSC_6857-1024x684.jpg\" alt=\"\" class=\"wp-image-2824\" srcset=\"https:\/\/www.chimimetal.com\/wp-content\/uploads\/2020\/05\/DSC_6857-1024x684.jpg 1024w, https:\/\/www.chimimetal.com\/wp-content\/uploads\/2020\/05\/DSC_6857-300x200.jpg 300w, https:\/\/www.chimimetal.com\/wp-content\/uploads\/2020\/05\/DSC_6857-768x513.jpg 768w, https:\/\/www.chimimetal.com\/wp-content\/uploads\/2020\/05\/DSC_6857.jpg 1300w\" sizes=\"auto, (max-width: 1024px) 100vw, 1024px\" \/><\/figure><\/div>\n<\/div>\n<\/div>\n\n\n\n<div class=\"wp-block-columns is-layout-flex wp-container-core-columns-is-layout-2 wp-block-columns-is-layout-flex\">\n<div class=\"wp-block-column is-layout-flow wp-block-column-is-layout-flow\">\n<figure class=\"wp-block-image size-large\"><img loading=\"lazy\" decoding=\"async\" width=\"1024\" height=\"684\" src=\"http:\/\/restyle.chimimetal.com\/wp-content\/uploads\/2020\/05\/DSC_6903-1024x684.jpg\" alt=\"\" class=\"wp-image-2879\" srcset=\"https:\/\/www.chimimetal.com\/wp-content\/uploads\/2020\/05\/DSC_6903-1024x684.jpg 1024w, https:\/\/www.chimimetal.com\/wp-content\/uploads\/2020\/05\/DSC_6903-300x200.jpg 300w, https:\/\/www.chimimetal.com\/wp-content\/uploads\/2020\/05\/DSC_6903-768x513.jpg 768w, https:\/\/www.chimimetal.com\/wp-content\/uploads\/2020\/05\/DSC_6903.jpg 1300w\" sizes=\"auto, (max-width: 1024px) 100vw, 1024px\" \/><\/figure>\n<\/div>\n\n\n\n<div class=\"wp-block-column is-layout-flow wp-block-column-is-layout-flow\">\n<h3 class=\"wp-block-heading\"><strong>ACCESSOIRES POUR LA MODE<\/strong><\/h3>\n\n\n\n<p>Gr\u00e2ce \u00e0 l&rsquo;utilisation de la technique de photod\u00e9coupe chimique nous sommes en mesure de concevoir et cr\u00e9er<\/p>\n\n\n\n<ul class=\"custom-list-colored wp-block-list\"><li> Marques-page;<\/li><li> Clips;<\/li><li> Broches;<\/li><li> Plaques;<\/li><li> \u00c9tiquettes.<\/li><\/ul>\n\n\n\n<p>Ces produits peuvent \u00eatre fournis aussi avec des traitements galvaniques, polis et vernis de mani\u00e8re \u00e9lectronique.<\/p>\n\n\n\n<p>De plus, nos techniques permettent d&rsquo;obtenir des creux pour cr\u00e9er des zones creuses complexes o\u00f9 il est possible de d\u00e9poser une fine couche d&rsquo;\u00e9mail pour modeler le produit de mani\u00e8re d\u00e9finitive.<\/p>\n<\/div>\n<\/div>\n\n\n\n<div class=\"wp-block-buttons is-content-justification-center is-layout-flex wp-block-buttons-is-layout-flex\">\n<div class=\"wp-block-button\"><a class=\"wp-block-button__link\" href=\"https:\/\/www.chimimetal.com\/fr\/nous-contacter\/\">Nous contacter<\/a><\/div>\n<\/div>\n\n\n \r\n\r\n   <div class=\"acf_gallery gallery\"> \r\n\r\n       \r\n\r\n         <a href=\"https:\/\/www.chimimetal.com\/wp-content\/uploads\/2020\/05\/DSC_9581.jpg\" target=\"_blank\" class=\"acf_thumbnail_item thumbnail\"> \r\n            <img decoding=\"async\" src=\"https:\/\/www.chimimetal.com\/wp-content\/uploads\/2020\/05\/DSC_9581-260x180.jpg\" alt=\"DESIGN ET BIJOUTERIE\" \/> \r\n         <\/a> \r\n\r\n       \r\n\r\n         <a href=\"https:\/\/www.chimimetal.com\/wp-content\/uploads\/2020\/05\/DSC_9583.jpg\" target=\"_blank\" class=\"acf_thumbnail_item thumbnail\"> \r\n            <img decoding=\"async\" src=\"https:\/\/www.chimimetal.com\/wp-content\/uploads\/2020\/05\/DSC_9583-260x180.jpg\" alt=\"DESIGN ET BIJOUTERIE\" \/> \r\n         <\/a> \r\n\r\n       \r\n\r\n         <a href=\"https:\/\/www.chimimetal.com\/wp-content\/uploads\/2020\/05\/DSC_9584.jpg\" target=\"_blank\" class=\"acf_thumbnail_item thumbnail\"> \r\n            <img decoding=\"async\" src=\"https:\/\/www.chimimetal.com\/wp-content\/uploads\/2020\/05\/DSC_9584-260x180.jpg\" alt=\"DESIGN ET BIJOUTERIE\" \/> \r\n         <\/a> \r\n\r\n       \r\n\r\n         <a href=\"https:\/\/www.chimimetal.com\/wp-content\/uploads\/2020\/05\/DSC_6820.jpg\" target=\"_blank\" class=\"acf_thumbnail_item thumbnail\"> \r\n            <img decoding=\"async\" src=\"https:\/\/www.chimimetal.com\/wp-content\/uploads\/2020\/05\/DSC_6820-260x180.jpg\" alt=\"DESIGN ET BIJOUTERIE\" \/> \r\n         <\/a> \r\n\r\n       \r\n\r\n         <a href=\"https:\/\/www.chimimetal.com\/wp-content\/uploads\/2020\/05\/DSC_6839.jpg\" target=\"_blank\" class=\"acf_thumbnail_item thumbnail\"> \r\n            <img decoding=\"async\" src=\"https:\/\/www.chimimetal.com\/wp-content\/uploads\/2020\/05\/DSC_6839-260x180.jpg\" alt=\"DESIGN ET BIJOUTERIE\" \/> \r\n         <\/a> \r\n\r\n       \r\n\r\n         <a href=\"https:\/\/www.chimimetal.com\/wp-content\/uploads\/2020\/05\/DSC_6842.jpg\" target=\"_blank\" class=\"acf_thumbnail_item thumbnail\"> \r\n            <img decoding=\"async\" src=\"https:\/\/www.chimimetal.com\/wp-content\/uploads\/2020\/05\/DSC_6842-260x180.jpg\" alt=\"DESIGN ET BIJOUTERIE\" \/> \r\n         <\/a> \r\n\r\n       \r\n\r\n         <a href=\"https:\/\/www.chimimetal.com\/wp-content\/uploads\/2020\/05\/DSC_6843.jpg\" target=\"_blank\" class=\"acf_thumbnail_item thumbnail\"> \r\n            <img decoding=\"async\" src=\"https:\/\/www.chimimetal.com\/wp-content\/uploads\/2020\/05\/DSC_6843-260x180.jpg\" alt=\"DESIGN ET BIJOUTERIE\" \/> \r\n         <\/a> \r\n\r\n       \r\n\r\n         <a href=\"https:\/\/www.chimimetal.com\/wp-content\/uploads\/2020\/05\/DSC_6846.jpg\" target=\"_blank\" class=\"acf_thumbnail_item thumbnail\"> \r\n            <img decoding=\"async\" src=\"https:\/\/www.chimimetal.com\/wp-content\/uploads\/2020\/05\/DSC_6846-260x180.jpg\" alt=\"DESIGN ET BIJOUTERIE\" \/> \r\n         <\/a> \r\n\r\n       \r\n\r\n         <a href=\"https:\/\/www.chimimetal.com\/wp-content\/uploads\/2020\/05\/DSC_6852.jpg\" target=\"_blank\" class=\"acf_thumbnail_item thumbnail\"> \r\n            <img decoding=\"async\" src=\"https:\/\/www.chimimetal.com\/wp-content\/uploads\/2020\/05\/DSC_6852-260x180.jpg\" alt=\"DESIGN ET BIJOUTERIE\" \/> \r\n         <\/a> \r\n\r\n       \r\n\r\n         <a href=\"https:\/\/www.chimimetal.com\/wp-content\/uploads\/2020\/05\/DSC_6873.jpg\" target=\"_blank\" class=\"acf_thumbnail_item thumbnail\"> \r\n            <img decoding=\"async\" src=\"https:\/\/www.chimimetal.com\/wp-content\/uploads\/2020\/05\/DSC_6873-260x180.jpg\" alt=\"DESIGN ET BIJOUTERIE\" \/> \r\n         <\/a> \r\n\r\n       \r\n\r\n         <a href=\"https:\/\/www.chimimetal.com\/wp-content\/uploads\/2020\/05\/DSC_6903.jpg\" target=\"_blank\" class=\"acf_thumbnail_item thumbnail\"> \r\n            <img decoding=\"async\" src=\"https:\/\/www.chimimetal.com\/wp-content\/uploads\/2020\/05\/DSC_6903-260x180.jpg\" alt=\"DESIGN ET BIJOUTERIE\" \/> \r\n         <\/a> \r\n\r\n       \r\n      <!-- <a href=\"#\" class=\"button center\"><\/a> -->\r\n   <\/div> \r\n\r\n","protected":false},"excerpt":{"rendered":"<p>PHOTOGRAVURE CHIMIQUE POUR \u00c9L\u00c9MENTS DE BIJOUTERIE ET DESIGN En ligne &#8230; <\/p>\n<p class=\"read-more-container\"><a title=\"DESIGN ET BIJOUTERIE\" class=\"read-more button\" href=\"https:\/\/www.chimimetal.com\/fr\/design-et-bijouterie\/#more-2143\">Lire la suite<span class=\"screen-reader-text\">DESIGN ET BIJOUTERIE<\/span><\/a><\/p>\n","protected":false},"author":2,"featured_media":0,"parent":0,"menu_order":0,"comment_status":"closed","ping_status":"closed","template":"","meta":{"_acf_changed":false,"footnotes":""},"class_list":["post-2143","page","type-page","status-publish"],"acf":[],"yoast_head":"<!-- This site is optimized with the Yoast SEO plugin v26.8 - https:\/\/yoast.com\/product\/yoast-seo-wordpress\/ -->\n<title>Design et bijouterie - Chimimetal<\/title>\n<meta name=\"description\" content=\"Chimimetal est votre partenaire id\u00e9al pour r\u00e9aliser des id\u00e9es de design gr\u00e2ce \u00e0 la gravure de composants m\u00e9talliques de d\u00e9coration.\" \/>\n<meta name=\"robots\" content=\"index, follow, max-snippet:-1, max-image-preview:large, max-video-preview:-1\" \/>\n<link rel=\"canonical\" href=\"https:\/\/www.chimimetal.com\/design-e-bigiotteria\/\" \/>\n<meta property=\"og:locale\" content=\"fr_FR\" \/>\n<meta property=\"og:type\" content=\"article\" \/>\n<meta property=\"og:title\" content=\"Design et bijouterie - Chimimetal\" \/>\n<meta property=\"og:description\" content=\"Chimimetal est votre partenaire id\u00e9al pour r\u00e9aliser des id\u00e9es de design gr\u00e2ce \u00e0 la gravure de composants m\u00e9talliques de d\u00e9coration.\" \/>\n<meta property=\"og:url\" content=\"https:\/\/www.chimimetal.com\/design-e-bigiotteria\/\" \/>\n<meta property=\"og:site_name\" content=\"Chimimetal\" \/>\n<meta property=\"article:modified_time\" content=\"2022-07-05T09:01:54+00:00\" \/>\n<meta property=\"og:image\" content=\"http:\/\/restyle.chimimetal.com\/wp-content\/uploads\/2020\/05\/DSC_6857-1024x684.jpg\" \/>\n<meta name=\"twitter:card\" content=\"summary_large_image\" \/>\n<meta name=\"twitter:label1\" content=\"Dur\u00e9e de lecture estim\u00e9e\" \/>\n\t<meta name=\"twitter:data1\" content=\"2 minutes\" \/>\n<script type=\"application\/ld+json\" class=\"yoast-schema-graph\">{\"@context\":\"https:\/\/schema.org\",\"@graph\":[{\"@type\":\"WebPage\",\"@id\":\"https:\/\/www.chimimetal.com\/design-e-bigiotteria\/\",\"url\":\"https:\/\/www.chimimetal.com\/design-e-bigiotteria\/\",\"name\":\"Design et bijouterie - Chimimetal\",\"isPartOf\":{\"@id\":\"https:\/\/www.chimimetal.com\/#website\"},\"primaryImageOfPage\":{\"@id\":\"https:\/\/www.chimimetal.com\/design-e-bigiotteria\/#primaryimage\"},\"image\":{\"@id\":\"https:\/\/www.chimimetal.com\/design-e-bigiotteria\/#primaryimage\"},\"thumbnailUrl\":\"http:\/\/restyle.chimimetal.com\/wp-content\/uploads\/2020\/05\/DSC_6857-1024x684.jpg\",\"datePublished\":\"2020-03-09T10:35:57+00:00\",\"dateModified\":\"2022-07-05T09:01:54+00:00\",\"description\":\"Chimimetal est votre partenaire id\u00e9al pour r\u00e9aliser des id\u00e9es de design gr\u00e2ce \u00e0 la gravure de composants m\u00e9talliques de d\u00e9coration.\",\"breadcrumb\":{\"@id\":\"https:\/\/www.chimimetal.com\/design-e-bigiotteria\/#breadcrumb\"},\"inLanguage\":\"fr-FR\",\"potentialAction\":[{\"@type\":\"ReadAction\",\"target\":[\"https:\/\/www.chimimetal.com\/design-e-bigiotteria\/\"]}]},{\"@type\":\"ImageObject\",\"inLanguage\":\"fr-FR\",\"@id\":\"https:\/\/www.chimimetal.com\/design-e-bigiotteria\/#primaryimage\",\"url\":\"http:\/\/restyle.chimimetal.com\/wp-content\/uploads\/2020\/05\/DSC_6857-1024x684.jpg\",\"contentUrl\":\"http:\/\/restyle.chimimetal.com\/wp-content\/uploads\/2020\/05\/DSC_6857-1024x684.jpg\"},{\"@type\":\"BreadcrumbList\",\"@id\":\"https:\/\/www.chimimetal.com\/design-e-bigiotteria\/#breadcrumb\",\"itemListElement\":[{\"@type\":\"ListItem\",\"position\":1,\"name\":\"Home\",\"item\":\"https:\/\/www.chimimetal.com\/fr\/\"},{\"@type\":\"ListItem\",\"position\":2,\"name\":\"DESIGN ET BIJOUTERIE\"}]},{\"@type\":\"WebSite\",\"@id\":\"https:\/\/www.chimimetal.com\/#website\",\"url\":\"https:\/\/www.chimimetal.com\/\",\"name\":\"Chimimetal\",\"description\":\"\",\"publisher\":{\"@id\":\"https:\/\/www.chimimetal.com\/#organization\"},\"potentialAction\":[{\"@type\":\"SearchAction\",\"target\":{\"@type\":\"EntryPoint\",\"urlTemplate\":\"https:\/\/www.chimimetal.com\/?s={search_term_string}\"},\"query-input\":{\"@type\":\"PropertyValueSpecification\",\"valueRequired\":true,\"valueName\":\"search_term_string\"}}],\"inLanguage\":\"fr-FR\"},{\"@type\":\"Organization\",\"@id\":\"https:\/\/www.chimimetal.com\/#organization\",\"name\":\"Chimimetal\",\"url\":\"https:\/\/www.chimimetal.com\/\",\"logo\":{\"@type\":\"ImageObject\",\"inLanguage\":\"fr-FR\",\"@id\":\"https:\/\/www.chimimetal.com\/#\/schema\/logo\/image\/\",\"url\":\"https:\/\/www.chimimetal.com\/wp-content\/uploads\/2020\/03\/logo-main.png\",\"contentUrl\":\"https:\/\/www.chimimetal.com\/wp-content\/uploads\/2020\/03\/logo-main.png\",\"width\":400,\"height\":130,\"caption\":\"Chimimetal\"},\"image\":{\"@id\":\"https:\/\/www.chimimetal.com\/#\/schema\/logo\/image\/\"}}]}<\/script>\n<!-- \/ Yoast SEO plugin. -->","yoast_head_json":{"title":"Design et bijouterie - Chimimetal","description":"Chimimetal est votre partenaire id\u00e9al pour r\u00e9aliser des id\u00e9es de design gr\u00e2ce \u00e0 la gravure de composants m\u00e9talliques de d\u00e9coration.","robots":{"index":"index","follow":"follow","max-snippet":"max-snippet:-1","max-image-preview":"max-image-preview:large","max-video-preview":"max-video-preview:-1"},"canonical":"https:\/\/www.chimimetal.com\/design-e-bigiotteria\/","og_locale":"fr_FR","og_type":"article","og_title":"Design et bijouterie - Chimimetal","og_description":"Chimimetal est votre partenaire id\u00e9al pour r\u00e9aliser des id\u00e9es de design gr\u00e2ce \u00e0 la gravure de composants m\u00e9talliques de d\u00e9coration.","og_url":"https:\/\/www.chimimetal.com\/design-e-bigiotteria\/","og_site_name":"Chimimetal","article_modified_time":"2022-07-05T09:01:54+00:00","og_image":[{"url":"http:\/\/restyle.chimimetal.com\/wp-content\/uploads\/2020\/05\/DSC_6857-1024x684.jpg","type":"","width":"","height":""}],"twitter_card":"summary_large_image","twitter_misc":{"Dur\u00e9e de lecture estim\u00e9e":"2 minutes"},"schema":{"@context":"https:\/\/schema.org","@graph":[{"@type":"WebPage","@id":"https:\/\/www.chimimetal.com\/design-e-bigiotteria\/","url":"https:\/\/www.chimimetal.com\/design-e-bigiotteria\/","name":"Design et bijouterie - Chimimetal","isPartOf":{"@id":"https:\/\/www.chimimetal.com\/#website"},"primaryImageOfPage":{"@id":"https:\/\/www.chimimetal.com\/design-e-bigiotteria\/#primaryimage"},"image":{"@id":"https:\/\/www.chimimetal.com\/design-e-bigiotteria\/#primaryimage"},"thumbnailUrl":"http:\/\/restyle.chimimetal.com\/wp-content\/uploads\/2020\/05\/DSC_6857-1024x684.jpg","datePublished":"2020-03-09T10:35:57+00:00","dateModified":"2022-07-05T09:01:54+00:00","description":"Chimimetal est votre partenaire id\u00e9al pour r\u00e9aliser des id\u00e9es de design gr\u00e2ce \u00e0 la gravure de composants m\u00e9talliques de d\u00e9coration.","breadcrumb":{"@id":"https:\/\/www.chimimetal.com\/design-e-bigiotteria\/#breadcrumb"},"inLanguage":"fr-FR","potentialAction":[{"@type":"ReadAction","target":["https:\/\/www.chimimetal.com\/design-e-bigiotteria\/"]}]},{"@type":"ImageObject","inLanguage":"fr-FR","@id":"https:\/\/www.chimimetal.com\/design-e-bigiotteria\/#primaryimage","url":"http:\/\/restyle.chimimetal.com\/wp-content\/uploads\/2020\/05\/DSC_6857-1024x684.jpg","contentUrl":"http:\/\/restyle.chimimetal.com\/wp-content\/uploads\/2020\/05\/DSC_6857-1024x684.jpg"},{"@type":"BreadcrumbList","@id":"https:\/\/www.chimimetal.com\/design-e-bigiotteria\/#breadcrumb","itemListElement":[{"@type":"ListItem","position":1,"name":"Home","item":"https:\/\/www.chimimetal.com\/fr\/"},{"@type":"ListItem","position":2,"name":"DESIGN ET BIJOUTERIE"}]},{"@type":"WebSite","@id":"https:\/\/www.chimimetal.com\/#website","url":"https:\/\/www.chimimetal.com\/","name":"Chimimetal","description":"","publisher":{"@id":"https:\/\/www.chimimetal.com\/#organization"},"potentialAction":[{"@type":"SearchAction","target":{"@type":"EntryPoint","urlTemplate":"https:\/\/www.chimimetal.com\/?s={search_term_string}"},"query-input":{"@type":"PropertyValueSpecification","valueRequired":true,"valueName":"search_term_string"}}],"inLanguage":"fr-FR"},{"@type":"Organization","@id":"https:\/\/www.chimimetal.com\/#organization","name":"Chimimetal","url":"https:\/\/www.chimimetal.com\/","logo":{"@type":"ImageObject","inLanguage":"fr-FR","@id":"https:\/\/www.chimimetal.com\/#\/schema\/logo\/image\/","url":"https:\/\/www.chimimetal.com\/wp-content\/uploads\/2020\/03\/logo-main.png","contentUrl":"https:\/\/www.chimimetal.com\/wp-content\/uploads\/2020\/03\/logo-main.png","width":400,"height":130,"caption":"Chimimetal"},"image":{"@id":"https:\/\/www.chimimetal.com\/#\/schema\/logo\/image\/"}}]}},"_links":{"self":[{"href":"https:\/\/www.chimimetal.com\/fr\/wp-json\/wp\/v2\/pages\/2143","targetHints":{"allow":["GET"]}}],"collection":[{"href":"https:\/\/www.chimimetal.com\/fr\/wp-json\/wp\/v2\/pages"}],"about":[{"href":"https:\/\/www.chimimetal.com\/fr\/wp-json\/wp\/v2\/types\/page"}],"author":[{"embeddable":true,"href":"https:\/\/www.chimimetal.com\/fr\/wp-json\/wp\/v2\/users\/2"}],"replies":[{"embeddable":true,"href":"https:\/\/www.chimimetal.com\/fr\/wp-json\/wp\/v2\/comments?post=2143"}],"version-history":[{"count":9,"href":"https:\/\/www.chimimetal.com\/fr\/wp-json\/wp\/v2\/pages\/2143\/revisions"}],"predecessor-version":[{"id":4347,"href":"https:\/\/www.chimimetal.com\/fr\/wp-json\/wp\/v2\/pages\/2143\/revisions\/4347"}],"wp:attachment":[{"href":"https:\/\/www.chimimetal.com\/fr\/wp-json\/wp\/v2\/media?parent=2143"}],"curies":[{"name":"wp","href":"https:\/\/api.w.org\/{rel}","templated":true}]}}