{"id":2145,"date":"2020-03-19T15:09:18","date_gmt":"2020-03-19T14:09:18","guid":{"rendered":"http:\/\/chimimetal.localhost\/?page_id=2145"},"modified":"2022-07-05T11:00:48","modified_gmt":"2022-07-05T09:00:48","slug":"lunetterie","status":"publish","type":"page","link":"https:\/\/www.chimimetal.com\/fr\/lunetterie\/","title":{"rendered":"LUNETTERIE"},"content":{"rendered":"\n<div class=\"wp-block-columns is-layout-flex wp-container-core-columns-is-layout-1 wp-block-columns-is-layout-flex\">\n<div class=\"wp-block-column is-layout-flow wp-block-column-is-layout-flow\">\n<h2 class=\"wp-block-heading\" style=\"font-size:18px\"><strong>SERVICE DE GRAVURE POUR OBJETS DE DESIGN ET LUNETTERIE<\/strong><\/h2>\n\n\n\n<p>Chimimetal est une entreprise experte dans la fabrication de verres via la technologie de photogravure chimique. La photogravure chimique (ou photogravure) permet d\u2019augmenter la complexit\u00e9 de d\u00e9veloppement d\u2019un objet, du prototype \u00e0 la production en s\u00e9rie, et ceci \u00e0 bas co\u00fbt. Combiner la photogravure chimique avec la <a href=\"https:\/\/www.chimimetal.com\/fr\/service-decoupe-laser-co2\/\">d\u00e9coupe au laser<\/a> nous permet d\u2019obtenir des formes complexes avec un niveau \u00e9lev\u00e9 de pr\u00e9cision.<\/p>\n\n\n\n<p>Ce proc\u00e9d\u00e9 permet de fabriquer sans frais suppl\u00e9mentaires des lunettes avec lettrage, logos personnalis\u00e9s et autres demandes sp\u00e9ciales, tant sur la face avant que sur les branches plus complexes.<\/p>\n\n\n\n<h2 class=\"wp-block-heading\" style=\"font-size:18px\"><strong>O\u00d9 UTILISER LA PHOTOGRAVURE EN LUNETTERIE<\/strong><\/h2>\n\n\n\n<p>La possibilit\u00e9 de cr\u00e9er des mod\u00e8les de plus en plus complexes permet d\u2019\u00e9tendre les limites du design.&nbsp;<\/p>\n\n\n\n<p>Le client a ainsi la possibilit\u00e9 de faire d\u00e9velopper tout type de prototype sur n\u2019importe quel mat\u00e9riaux m\u00e9tallique, donnant libre cours \u00e0 sa cr\u00e9ativit\u00e9. <br><\/p>\n\n\n\n<p>La photogravure chimique en lunetterie peut \u00eatre utilis\u00e9e pour la personnalisation de&nbsp;:<\/p>\n\n\n\n<ul class=\"wp-block-list\"><li>Branches des lunettes<\/li><li>Face avant des lunettes<\/li><li>Logos et symboles \u00e0 ins\u00e9rer dans les lunettes<\/li><li>Plaques d\u2019identification pour les \u00e9tuis \u00e0 lunettes<\/li><li>Objets de design<\/li><li>Exposants en m\u00e9tal<\/li><\/ul>\n\n\n\n<div class=\"wp-block-buttons is-layout-flex wp-block-buttons-is-layout-flex\">\n<div class=\"wp-block-button\"><a class=\"wp-block-button__link\" href=\"https:\/\/www.chimimetal.com\/fr\/nous-contacter\/\">Nous contacter<\/a><\/div>\n<\/div>\n<\/div>\n\n\n\n<div class=\"wp-block-column is-layout-flow wp-block-column-is-layout-flow\">\n<div class=\"wp-block-image\"><figure class=\"aligncenter size-large\"><img loading=\"lazy\" decoding=\"async\" width=\"1024\" height=\"684\" src=\"http:\/\/restyle.chimimetal.com\/wp-content\/uploads\/2020\/05\/DSC_6892-1024x684.jpg\" alt=\"\" class=\"wp-image-2778\" srcset=\"https:\/\/www.chimimetal.com\/wp-content\/uploads\/2020\/05\/DSC_6892-1024x684.jpg 1024w, https:\/\/www.chimimetal.com\/wp-content\/uploads\/2020\/05\/DSC_6892-300x200.jpg 300w, https:\/\/www.chimimetal.com\/wp-content\/uploads\/2020\/05\/DSC_6892-768x513.jpg 768w, https:\/\/www.chimimetal.com\/wp-content\/uploads\/2020\/05\/DSC_6892.jpg 1300w\" sizes=\"auto, (max-width: 1024px) 100vw, 1024px\" \/><\/figure><\/div>\n<\/div>\n<\/div>\n\n\n\n<h3 class=\"wp-block-heading\"><strong>POURQUOI FAIRE CONFIANCE \u00c0 CHIMIMETAL LE LEADER MONDIAL DE LA PHOTOGRAVURE&nbsp;<\/strong><\/h3>\n\n\n\n<p>Les technologies de pointe utilis\u00e9es par Chimimetal sont d\u00e9velopp\u00e9es en interne afin de garantir l&rsquo;excellence des mati\u00e8res premi\u00e8res et un contr\u00f4le qualit\u00e9 maximal, pour un produit d\u2019excellente qualit\u00e9.<\/p>\n\n\n \r\n\r\n   <div class=\"acf_gallery gallery\"> \r\n\r\n       \r\n\r\n         <a href=\"https:\/\/www.chimimetal.com\/wp-content\/uploads\/2020\/05\/DSC_6875.jpg\" target=\"_blank\" class=\"acf_thumbnail_item thumbnail\"> \r\n            <img decoding=\"async\" src=\"https:\/\/www.chimimetal.com\/wp-content\/uploads\/2020\/05\/DSC_6875-260x180.jpg\" alt=\"LUNETTERIE\" \/> \r\n         <\/a> \r\n\r\n       \r\n\r\n         <a href=\"https:\/\/www.chimimetal.com\/wp-content\/uploads\/2020\/05\/DSC_6877.jpg\" target=\"_blank\" class=\"acf_thumbnail_item thumbnail\"> \r\n            <img decoding=\"async\" src=\"https:\/\/www.chimimetal.com\/wp-content\/uploads\/2020\/05\/DSC_6877-260x180.jpg\" alt=\"LUNETTERIE\" \/> \r\n         <\/a> \r\n\r\n       \r\n\r\n         <a href=\"https:\/\/www.chimimetal.com\/wp-content\/uploads\/2020\/05\/DSC_6880.jpg\" target=\"_blank\" class=\"acf_thumbnail_item thumbnail\"> \r\n            <img decoding=\"async\" src=\"https:\/\/www.chimimetal.com\/wp-content\/uploads\/2020\/05\/DSC_6880-260x180.jpg\" alt=\"LUNETTERIE\" \/> \r\n         <\/a> \r\n\r\n       \r\n\r\n         <a href=\"https:\/\/www.chimimetal.com\/wp-content\/uploads\/2020\/05\/DSC_6889.jpg\" target=\"_blank\" class=\"acf_thumbnail_item thumbnail\"> \r\n            <img decoding=\"async\" src=\"https:\/\/www.chimimetal.com\/wp-content\/uploads\/2020\/05\/DSC_6889-260x180.jpg\" alt=\"LUNETTERIE\" \/> \r\n         <\/a> \r\n\r\n       \r\n\r\n         <a href=\"https:\/\/www.chimimetal.com\/wp-content\/uploads\/2020\/05\/DSC_9565.jpg\" target=\"_blank\" class=\"acf_thumbnail_item thumbnail\"> \r\n            <img decoding=\"async\" src=\"https:\/\/www.chimimetal.com\/wp-content\/uploads\/2020\/05\/DSC_9565-260x180.jpg\" alt=\"LUNETTERIE\" \/> \r\n         <\/a> \r\n\r\n       \r\n\r\n         <a href=\"https:\/\/www.chimimetal.com\/wp-content\/uploads\/2020\/05\/DSC_9590.jpg\" target=\"_blank\" class=\"acf_thumbnail_item thumbnail\"> \r\n            <img decoding=\"async\" src=\"https:\/\/www.chimimetal.com\/wp-content\/uploads\/2020\/05\/DSC_9590-260x180.jpg\" alt=\"LUNETTERIE\" \/> \r\n         <\/a> \r\n\r\n       \r\n\r\n         <a href=\"https:\/\/www.chimimetal.com\/wp-content\/uploads\/2020\/05\/DSC_6851.jpg\" target=\"_blank\" class=\"acf_thumbnail_item thumbnail\"> \r\n            <img decoding=\"async\" src=\"https:\/\/www.chimimetal.com\/wp-content\/uploads\/2020\/05\/DSC_6851-260x180.jpg\" alt=\"LUNETTERIE\" \/> \r\n         <\/a> \r\n\r\n       \r\n      <!-- <a href=\"#\" class=\"button center\"><\/a> -->\r\n   <\/div> \r\n\r\n","protected":false},"excerpt":{"rendered":"<p>SERVICE DE GRAVURE POUR OBJETS DE DESIGN ET LUNETTERIE Chimimetal &#8230; <\/p>\n<p class=\"read-more-container\"><a title=\"LUNETTERIE\" class=\"read-more button\" href=\"https:\/\/www.chimimetal.com\/fr\/lunetterie\/#more-2145\">Lire la suite<span class=\"screen-reader-text\">LUNETTERIE<\/span><\/a><\/p>\n","protected":false},"author":2,"featured_media":0,"parent":0,"menu_order":0,"comment_status":"closed","ping_status":"closed","template":"","meta":{"_acf_changed":false,"footnotes":""},"class_list":["post-2145","page","type-page","status-publish"],"acf":[],"yoast_head":"<!-- This site is optimized with the Yoast SEO plugin v26.8 - https:\/\/yoast.com\/product\/yoast-seo-wordpress\/ -->\n<title>Service de gravure pour lunetterie - Chimimetal - Chimimetal<\/title>\n<meta name=\"description\" content=\"Nous combinons la gravure photochimique et la d\u00e9coupe laser pour produire des lunettes aux formes complexes avec un niveau \u00e9lev\u00e9 de pr\u00e9cision.\" \/>\n<meta name=\"robots\" content=\"index, follow, max-snippet:-1, max-image-preview:large, max-video-preview:-1\" \/>\n<link rel=\"canonical\" href=\"https:\/\/www.chimimetal.com\/occhialeria\/\" \/>\n<meta property=\"og:locale\" content=\"fr_FR\" \/>\n<meta property=\"og:type\" content=\"article\" \/>\n<meta property=\"og:title\" content=\"Service de gravure pour lunetterie - Chimimetal - Chimimetal\" \/>\n<meta property=\"og:description\" content=\"Nous combinons la gravure photochimique et la d\u00e9coupe laser pour produire des lunettes aux formes complexes avec un niveau \u00e9lev\u00e9 de pr\u00e9cision.\" \/>\n<meta property=\"og:url\" content=\"https:\/\/www.chimimetal.com\/occhialeria\/\" \/>\n<meta property=\"og:site_name\" content=\"Chimimetal\" \/>\n<meta property=\"article:modified_time\" content=\"2022-07-05T09:00:48+00:00\" \/>\n<meta property=\"og:image\" content=\"http:\/\/restyle.chimimetal.com\/wp-content\/uploads\/2020\/05\/DSC_6892-1024x684.jpg\" \/>\n<meta name=\"twitter:card\" content=\"summary_large_image\" \/>\n<meta name=\"twitter:label1\" content=\"Dur\u00e9e de lecture estim\u00e9e\" \/>\n\t<meta name=\"twitter:data1\" content=\"2 minutes\" \/>\n<script type=\"application\/ld+json\" class=\"yoast-schema-graph\">{\"@context\":\"https:\/\/schema.org\",\"@graph\":[{\"@type\":\"WebPage\",\"@id\":\"https:\/\/www.chimimetal.com\/occhialeria\/\",\"url\":\"https:\/\/www.chimimetal.com\/occhialeria\/\",\"name\":\"Service de gravure pour lunetterie - Chimimetal - Chimimetal\",\"isPartOf\":{\"@id\":\"https:\/\/www.chimimetal.com\/#website\"},\"primaryImageOfPage\":{\"@id\":\"https:\/\/www.chimimetal.com\/occhialeria\/#primaryimage\"},\"image\":{\"@id\":\"https:\/\/www.chimimetal.com\/occhialeria\/#primaryimage\"},\"thumbnailUrl\":\"http:\/\/restyle.chimimetal.com\/wp-content\/uploads\/2020\/05\/DSC_6892-1024x684.jpg\",\"datePublished\":\"2020-03-19T14:09:18+00:00\",\"dateModified\":\"2022-07-05T09:00:48+00:00\",\"description\":\"Nous combinons la gravure photochimique et la d\u00e9coupe laser pour produire des lunettes aux formes complexes avec un niveau \u00e9lev\u00e9 de pr\u00e9cision.\",\"breadcrumb\":{\"@id\":\"https:\/\/www.chimimetal.com\/occhialeria\/#breadcrumb\"},\"inLanguage\":\"fr-FR\",\"potentialAction\":[{\"@type\":\"ReadAction\",\"target\":[\"https:\/\/www.chimimetal.com\/occhialeria\/\"]}]},{\"@type\":\"ImageObject\",\"inLanguage\":\"fr-FR\",\"@id\":\"https:\/\/www.chimimetal.com\/occhialeria\/#primaryimage\",\"url\":\"http:\/\/restyle.chimimetal.com\/wp-content\/uploads\/2020\/05\/DSC_6892-1024x684.jpg\",\"contentUrl\":\"http:\/\/restyle.chimimetal.com\/wp-content\/uploads\/2020\/05\/DSC_6892-1024x684.jpg\"},{\"@type\":\"BreadcrumbList\",\"@id\":\"https:\/\/www.chimimetal.com\/occhialeria\/#breadcrumb\",\"itemListElement\":[{\"@type\":\"ListItem\",\"position\":1,\"name\":\"Home\",\"item\":\"https:\/\/www.chimimetal.com\/fr\/\"},{\"@type\":\"ListItem\",\"position\":2,\"name\":\"LUNETTERIE\"}]},{\"@type\":\"WebSite\",\"@id\":\"https:\/\/www.chimimetal.com\/#website\",\"url\":\"https:\/\/www.chimimetal.com\/\",\"name\":\"Chimimetal\",\"description\":\"\",\"publisher\":{\"@id\":\"https:\/\/www.chimimetal.com\/#organization\"},\"potentialAction\":[{\"@type\":\"SearchAction\",\"target\":{\"@type\":\"EntryPoint\",\"urlTemplate\":\"https:\/\/www.chimimetal.com\/?s={search_term_string}\"},\"query-input\":{\"@type\":\"PropertyValueSpecification\",\"valueRequired\":true,\"valueName\":\"search_term_string\"}}],\"inLanguage\":\"fr-FR\"},{\"@type\":\"Organization\",\"@id\":\"https:\/\/www.chimimetal.com\/#organization\",\"name\":\"Chimimetal\",\"url\":\"https:\/\/www.chimimetal.com\/\",\"logo\":{\"@type\":\"ImageObject\",\"inLanguage\":\"fr-FR\",\"@id\":\"https:\/\/www.chimimetal.com\/#\/schema\/logo\/image\/\",\"url\":\"https:\/\/www.chimimetal.com\/wp-content\/uploads\/2020\/03\/logo-main.png\",\"contentUrl\":\"https:\/\/www.chimimetal.com\/wp-content\/uploads\/2020\/03\/logo-main.png\",\"width\":400,\"height\":130,\"caption\":\"Chimimetal\"},\"image\":{\"@id\":\"https:\/\/www.chimimetal.com\/#\/schema\/logo\/image\/\"}}]}<\/script>\n<!-- \/ Yoast SEO plugin. -->","yoast_head_json":{"title":"Service de gravure pour lunetterie - Chimimetal - Chimimetal","description":"Nous combinons la gravure photochimique et la d\u00e9coupe laser pour produire des lunettes aux formes complexes avec un niveau \u00e9lev\u00e9 de pr\u00e9cision.","robots":{"index":"index","follow":"follow","max-snippet":"max-snippet:-1","max-image-preview":"max-image-preview:large","max-video-preview":"max-video-preview:-1"},"canonical":"https:\/\/www.chimimetal.com\/occhialeria\/","og_locale":"fr_FR","og_type":"article","og_title":"Service de gravure pour lunetterie - Chimimetal - Chimimetal","og_description":"Nous combinons la gravure photochimique et la d\u00e9coupe laser pour produire des lunettes aux formes complexes avec un niveau \u00e9lev\u00e9 de pr\u00e9cision.","og_url":"https:\/\/www.chimimetal.com\/occhialeria\/","og_site_name":"Chimimetal","article_modified_time":"2022-07-05T09:00:48+00:00","og_image":[{"url":"http:\/\/restyle.chimimetal.com\/wp-content\/uploads\/2020\/05\/DSC_6892-1024x684.jpg","type":"","width":"","height":""}],"twitter_card":"summary_large_image","twitter_misc":{"Dur\u00e9e de lecture estim\u00e9e":"2 minutes"},"schema":{"@context":"https:\/\/schema.org","@graph":[{"@type":"WebPage","@id":"https:\/\/www.chimimetal.com\/occhialeria\/","url":"https:\/\/www.chimimetal.com\/occhialeria\/","name":"Service de gravure pour lunetterie - Chimimetal - Chimimetal","isPartOf":{"@id":"https:\/\/www.chimimetal.com\/#website"},"primaryImageOfPage":{"@id":"https:\/\/www.chimimetal.com\/occhialeria\/#primaryimage"},"image":{"@id":"https:\/\/www.chimimetal.com\/occhialeria\/#primaryimage"},"thumbnailUrl":"http:\/\/restyle.chimimetal.com\/wp-content\/uploads\/2020\/05\/DSC_6892-1024x684.jpg","datePublished":"2020-03-19T14:09:18+00:00","dateModified":"2022-07-05T09:00:48+00:00","description":"Nous combinons la gravure photochimique et la d\u00e9coupe laser pour produire des lunettes aux formes complexes avec un niveau \u00e9lev\u00e9 de pr\u00e9cision.","breadcrumb":{"@id":"https:\/\/www.chimimetal.com\/occhialeria\/#breadcrumb"},"inLanguage":"fr-FR","potentialAction":[{"@type":"ReadAction","target":["https:\/\/www.chimimetal.com\/occhialeria\/"]}]},{"@type":"ImageObject","inLanguage":"fr-FR","@id":"https:\/\/www.chimimetal.com\/occhialeria\/#primaryimage","url":"http:\/\/restyle.chimimetal.com\/wp-content\/uploads\/2020\/05\/DSC_6892-1024x684.jpg","contentUrl":"http:\/\/restyle.chimimetal.com\/wp-content\/uploads\/2020\/05\/DSC_6892-1024x684.jpg"},{"@type":"BreadcrumbList","@id":"https:\/\/www.chimimetal.com\/occhialeria\/#breadcrumb","itemListElement":[{"@type":"ListItem","position":1,"name":"Home","item":"https:\/\/www.chimimetal.com\/fr\/"},{"@type":"ListItem","position":2,"name":"LUNETTERIE"}]},{"@type":"WebSite","@id":"https:\/\/www.chimimetal.com\/#website","url":"https:\/\/www.chimimetal.com\/","name":"Chimimetal","description":"","publisher":{"@id":"https:\/\/www.chimimetal.com\/#organization"},"potentialAction":[{"@type":"SearchAction","target":{"@type":"EntryPoint","urlTemplate":"https:\/\/www.chimimetal.com\/?s={search_term_string}"},"query-input":{"@type":"PropertyValueSpecification","valueRequired":true,"valueName":"search_term_string"}}],"inLanguage":"fr-FR"},{"@type":"Organization","@id":"https:\/\/www.chimimetal.com\/#organization","name":"Chimimetal","url":"https:\/\/www.chimimetal.com\/","logo":{"@type":"ImageObject","inLanguage":"fr-FR","@id":"https:\/\/www.chimimetal.com\/#\/schema\/logo\/image\/","url":"https:\/\/www.chimimetal.com\/wp-content\/uploads\/2020\/03\/logo-main.png","contentUrl":"https:\/\/www.chimimetal.com\/wp-content\/uploads\/2020\/03\/logo-main.png","width":400,"height":130,"caption":"Chimimetal"},"image":{"@id":"https:\/\/www.chimimetal.com\/#\/schema\/logo\/image\/"}}]}},"_links":{"self":[{"href":"https:\/\/www.chimimetal.com\/fr\/wp-json\/wp\/v2\/pages\/2145","targetHints":{"allow":["GET"]}}],"collection":[{"href":"https:\/\/www.chimimetal.com\/fr\/wp-json\/wp\/v2\/pages"}],"about":[{"href":"https:\/\/www.chimimetal.com\/fr\/wp-json\/wp\/v2\/types\/page"}],"author":[{"embeddable":true,"href":"https:\/\/www.chimimetal.com\/fr\/wp-json\/wp\/v2\/users\/2"}],"replies":[{"embeddable":true,"href":"https:\/\/www.chimimetal.com\/fr\/wp-json\/wp\/v2\/comments?post=2145"}],"version-history":[{"count":12,"href":"https:\/\/www.chimimetal.com\/fr\/wp-json\/wp\/v2\/pages\/2145\/revisions"}],"predecessor-version":[{"id":4346,"href":"https:\/\/www.chimimetal.com\/fr\/wp-json\/wp\/v2\/pages\/2145\/revisions\/4346"}],"wp:attachment":[{"href":"https:\/\/www.chimimetal.com\/fr\/wp-json\/wp\/v2\/media?parent=2145"}],"curies":[{"name":"wp","href":"https:\/\/api.w.org\/{rel}","templated":true}]}}