{"id":2269,"date":"2020-04-30T19:07:28","date_gmt":"2020-04-30T17:07:28","guid":{"rendered":"http:\/\/chimimetal.localhost\/?page_id=2269"},"modified":"2024-05-02T09:54:43","modified_gmt":"2024-05-02T07:54:43","slug":"downloads","status":"publish","type":"page","link":"https:\/\/www.chimimetal.com\/fr\/downloads\/","title":{"rendered":"Downloads"},"content":{"rendered":"\n<p>Vous trouverez ici les certifications <strong>Chimimetal<\/strong><\/p>\n\n\n\n<div class=\"scw-block-download\">\n                        <div class=\"scw-block-download__item\">\n                                <a\n                    href=\"https:\/\/www.chimimetal.com\/wp-content\/uploads\/2023\/07\/ISO-9001-CERT-03330-98-AQ-MIL-SINCERT-7-it-IT-20230720-20230720104525.pdf\"\n                    class=\"scw-block-download__link\"\n                    target=\"_blank\"\n                >\n                    <i class=\"fas fa-file-pdf\"><\/i>\n                    <span class=\"scw-block-download__link-text\">\n                        Certification: QUALIT\u00c9                    <\/span> <!-- scw-block-download__link-text -->\n                <\/a> <!-- scw-block-download__link -->\n            <\/div> <!-- scw-block-download__item -->\n            <\/div> <!-- \/.scw-block-download -->","protected":false},"excerpt":{"rendered":"<p>Vous trouverez ici les certifications Chimimetal<\/p>\n","protected":false},"author":2,"featured_media":0,"parent":0,"menu_order":0,"comment_status":"closed","ping_status":"closed","template":"","meta":{"_acf_changed":false,"footnotes":""},"class_list":["post-2269","page","type-page","status-publish"],"acf":[],"yoast_head":"<!-- This site is optimized with the Yoast SEO plugin v26.8 - https:\/\/yoast.com\/product\/yoast-seo-wordpress\/ -->\n<title>Downloads - Chimimetal<\/title>\n<meta name=\"description\" content=\"Consultez et t\u00e9l\u00e9chargez la certification de qualit\u00e9 de Chimimetal.\" \/>\n<meta name=\"robots\" content=\"index, follow, max-snippet:-1, max-image-preview:large, max-video-preview:-1\" \/>\n<link rel=\"canonical\" href=\"https:\/\/www.chimimetal.com\/fr\/downloads\/\" \/>\n<meta property=\"og:locale\" content=\"fr_FR\" \/>\n<meta property=\"og:type\" content=\"article\" \/>\n<meta property=\"og:title\" content=\"Downloads - Chimimetal\" \/>\n<meta property=\"og:description\" content=\"Consultez et t\u00e9l\u00e9chargez la certification de qualit\u00e9 de Chimimetal.\" \/>\n<meta property=\"og:url\" content=\"https:\/\/www.chimimetal.com\/fr\/downloads\/\" \/>\n<meta property=\"og:site_name\" content=\"Chimimetal\" \/>\n<meta property=\"article:modified_time\" content=\"2024-05-02T07:54:43+00:00\" \/>\n<meta name=\"twitter:card\" content=\"summary_large_image\" \/>\n<meta name=\"twitter:label1\" content=\"Dur\u00e9e de lecture estim\u00e9e\" \/>\n\t<meta name=\"twitter:data1\" content=\"1 minute\" \/>\n<script type=\"application\/ld+json\" class=\"yoast-schema-graph\">{\"@context\":\"https:\/\/schema.org\",\"@graph\":[{\"@type\":\"WebPage\",\"@id\":\"https:\/\/www.chimimetal.com\/fr\/downloads\/\",\"url\":\"https:\/\/www.chimimetal.com\/fr\/downloads\/\",\"name\":\"Downloads - Chimimetal\",\"isPartOf\":{\"@id\":\"https:\/\/www.chimimetal.com\/#website\"},\"datePublished\":\"2020-04-30T17:07:28+00:00\",\"dateModified\":\"2024-05-02T07:54:43+00:00\",\"description\":\"Consultez et t\u00e9l\u00e9chargez la certification de qualit\u00e9 de Chimimetal.\",\"breadcrumb\":{\"@id\":\"https:\/\/www.chimimetal.com\/fr\/downloads\/#breadcrumb\"},\"inLanguage\":\"fr-FR\",\"potentialAction\":[{\"@type\":\"ReadAction\",\"target\":[\"https:\/\/www.chimimetal.com\/fr\/downloads\/\"]}]},{\"@type\":\"BreadcrumbList\",\"@id\":\"https:\/\/www.chimimetal.com\/fr\/downloads\/#breadcrumb\",\"itemListElement\":[{\"@type\":\"ListItem\",\"position\":1,\"name\":\"Home\",\"item\":\"https:\/\/www.chimimetal.com\/fr\/\"},{\"@type\":\"ListItem\",\"position\":2,\"name\":\"Downloads\"}]},{\"@type\":\"WebSite\",\"@id\":\"https:\/\/www.chimimetal.com\/#website\",\"url\":\"https:\/\/www.chimimetal.com\/\",\"name\":\"Chimimetal\",\"description\":\"\",\"publisher\":{\"@id\":\"https:\/\/www.chimimetal.com\/#organization\"},\"potentialAction\":[{\"@type\":\"SearchAction\",\"target\":{\"@type\":\"EntryPoint\",\"urlTemplate\":\"https:\/\/www.chimimetal.com\/?s={search_term_string}\"},\"query-input\":{\"@type\":\"PropertyValueSpecification\",\"valueRequired\":true,\"valueName\":\"search_term_string\"}}],\"inLanguage\":\"fr-FR\"},{\"@type\":\"Organization\",\"@id\":\"https:\/\/www.chimimetal.com\/#organization\",\"name\":\"Chimimetal\",\"url\":\"https:\/\/www.chimimetal.com\/\",\"logo\":{\"@type\":\"ImageObject\",\"inLanguage\":\"fr-FR\",\"@id\":\"https:\/\/www.chimimetal.com\/#\/schema\/logo\/image\/\",\"url\":\"https:\/\/www.chimimetal.com\/wp-content\/uploads\/2020\/03\/logo-main.png\",\"contentUrl\":\"https:\/\/www.chimimetal.com\/wp-content\/uploads\/2020\/03\/logo-main.png\",\"width\":400,\"height\":130,\"caption\":\"Chimimetal\"},\"image\":{\"@id\":\"https:\/\/www.chimimetal.com\/#\/schema\/logo\/image\/\"}}]}<\/script>\n<!-- \/ Yoast SEO plugin. -->","yoast_head_json":{"title":"Downloads - Chimimetal","description":"Consultez et t\u00e9l\u00e9chargez la certification de qualit\u00e9 de Chimimetal.","robots":{"index":"index","follow":"follow","max-snippet":"max-snippet:-1","max-image-preview":"max-image-preview:large","max-video-preview":"max-video-preview:-1"},"canonical":"https:\/\/www.chimimetal.com\/fr\/downloads\/","og_locale":"fr_FR","og_type":"article","og_title":"Downloads - Chimimetal","og_description":"Consultez et t\u00e9l\u00e9chargez la certification de qualit\u00e9 de Chimimetal.","og_url":"https:\/\/www.chimimetal.com\/fr\/downloads\/","og_site_name":"Chimimetal","article_modified_time":"2024-05-02T07:54:43+00:00","twitter_card":"summary_large_image","twitter_misc":{"Dur\u00e9e de lecture estim\u00e9e":"1 minute"},"schema":{"@context":"https:\/\/schema.org","@graph":[{"@type":"WebPage","@id":"https:\/\/www.chimimetal.com\/fr\/downloads\/","url":"https:\/\/www.chimimetal.com\/fr\/downloads\/","name":"Downloads - Chimimetal","isPartOf":{"@id":"https:\/\/www.chimimetal.com\/#website"},"datePublished":"2020-04-30T17:07:28+00:00","dateModified":"2024-05-02T07:54:43+00:00","description":"Consultez et t\u00e9l\u00e9chargez la certification de qualit\u00e9 de Chimimetal.","breadcrumb":{"@id":"https:\/\/www.chimimetal.com\/fr\/downloads\/#breadcrumb"},"inLanguage":"fr-FR","potentialAction":[{"@type":"ReadAction","target":["https:\/\/www.chimimetal.com\/fr\/downloads\/"]}]},{"@type":"BreadcrumbList","@id":"https:\/\/www.chimimetal.com\/fr\/downloads\/#breadcrumb","itemListElement":[{"@type":"ListItem","position":1,"name":"Home","item":"https:\/\/www.chimimetal.com\/fr\/"},{"@type":"ListItem","position":2,"name":"Downloads"}]},{"@type":"WebSite","@id":"https:\/\/www.chimimetal.com\/#website","url":"https:\/\/www.chimimetal.com\/","name":"Chimimetal","description":"","publisher":{"@id":"https:\/\/www.chimimetal.com\/#organization"},"potentialAction":[{"@type":"SearchAction","target":{"@type":"EntryPoint","urlTemplate":"https:\/\/www.chimimetal.com\/?s={search_term_string}"},"query-input":{"@type":"PropertyValueSpecification","valueRequired":true,"valueName":"search_term_string"}}],"inLanguage":"fr-FR"},{"@type":"Organization","@id":"https:\/\/www.chimimetal.com\/#organization","name":"Chimimetal","url":"https:\/\/www.chimimetal.com\/","logo":{"@type":"ImageObject","inLanguage":"fr-FR","@id":"https:\/\/www.chimimetal.com\/#\/schema\/logo\/image\/","url":"https:\/\/www.chimimetal.com\/wp-content\/uploads\/2020\/03\/logo-main.png","contentUrl":"https:\/\/www.chimimetal.com\/wp-content\/uploads\/2020\/03\/logo-main.png","width":400,"height":130,"caption":"Chimimetal"},"image":{"@id":"https:\/\/www.chimimetal.com\/#\/schema\/logo\/image\/"}}]}},"_links":{"self":[{"href":"https:\/\/www.chimimetal.com\/fr\/wp-json\/wp\/v2\/pages\/2269","targetHints":{"allow":["GET"]}}],"collection":[{"href":"https:\/\/www.chimimetal.com\/fr\/wp-json\/wp\/v2\/pages"}],"about":[{"href":"https:\/\/www.chimimetal.com\/fr\/wp-json\/wp\/v2\/types\/page"}],"author":[{"embeddable":true,"href":"https:\/\/www.chimimetal.com\/fr\/wp-json\/wp\/v2\/users\/2"}],"replies":[{"embeddable":true,"href":"https:\/\/www.chimimetal.com\/fr\/wp-json\/wp\/v2\/comments?post=2269"}],"version-history":[{"count":9,"href":"https:\/\/www.chimimetal.com\/fr\/wp-json\/wp\/v2\/pages\/2269\/revisions"}],"predecessor-version":[{"id":4427,"href":"https:\/\/www.chimimetal.com\/fr\/wp-json\/wp\/v2\/pages\/2269\/revisions\/4427"}],"wp:attachment":[{"href":"https:\/\/www.chimimetal.com\/fr\/wp-json\/wp\/v2\/media?parent=2269"}],"curies":[{"name":"wp","href":"https:\/\/api.w.org\/{rel}","templated":true}]}}