{"id":3247,"date":"2020-04-29T17:32:15","date_gmt":"2020-04-29T15:32:15","guid":{"rendered":"http:\/\/chimimetal.localhost\/chi-siamo\/"},"modified":"2022-05-06T18:35:24","modified_gmt":"2022-05-06T16:35:24","slug":"puissance-laser-decoupe-metal","status":"publish","type":"page","link":"https:\/\/www.chimimetal.com\/fr\/puissance-laser-decoupe-metal\/","title":{"rendered":"qui nous sommes"},"content":{"rendered":"\n<h1 class=\"wp-block-heading\">LA PUISSANCE DE NOS MACHINES DE COUPE LASER ET GRAVURE CHIMIQUE <\/h1>\n\n\n\n<div class=\"wp-block-columns is-layout-flex wp-container-core-columns-is-layout-1 wp-block-columns-is-layout-flex\">\n<div class=\"wp-block-column is-layout-flow wp-block-column-is-layout-flow\">\n<h2 class=\"wp-block-heading\"><strong>L&rsquo;h\u00e9ritage de Olivetti et la naissance de Chimimetal<\/strong> <\/h2>\n\n\n\n<p>Depuis 1997, Chimimetal est parmi les entreprises leaders en Italie et \u00e0 l&rsquo;\u00e9tranger dans le secteur de la photogravure chimique gr\u00e2ce \u00e0 l&rsquo;h\u00e9ritage technique et professionnel laiss\u00e9 par le d\u00e9partement de photogravure chimique d&rsquo;Olivetti, grande marque italienne connue dans le monde entier et r\u00e9f\u00e9rence pour l&rsquo;innovation technologique au service des personnes pendant presque 90 ans.<\/p>\n\n\n\n<p> Depuis environ 23 ans, Chimimetal porte avec beaucoup de succ\u00e8s ce t\u00e9moin, en d\u00e9veloppant des \u00e9quipements d&rsquo;avant-garde qui am\u00e9liorent les performances de tous les d\u00e9partements de production. <\/p>\n\n\n\n<p> Au cours des ann\u00e9es, l&rsquo;entreprise a am\u00e9lior\u00e9 ses syst\u00e8mes de production en les rendant de plus en plus l\u00e9gers et flexibles, en ligne avec les changements de gestion de l&rsquo;entrep\u00f4t. Parmi ces syst\u00e8mes de production, la technique de la photogravure chimique se distingue parce qu&rsquo;elle s&rsquo;adapte le plus \u00e0 une nouvelle approche. <\/p>\n<\/div>\n\n\n\n<div class=\"wp-block-column is-layout-flow wp-block-column-is-layout-flow\">\n<figure class=\"wp-block-image size-large\"><img loading=\"lazy\" decoding=\"async\" width=\"800\" height=\"534\" src=\"https:\/\/www.chimimetal.com\/wp-content\/uploads\/2020\/07\/chimimetal-esterni-magazzino_18.jpg\" alt=\"\" class=\"wp-image-3216\" srcset=\"https:\/\/www.chimimetal.com\/wp-content\/uploads\/2020\/07\/chimimetal-esterni-magazzino_18.jpg 800w, https:\/\/www.chimimetal.com\/wp-content\/uploads\/2020\/07\/chimimetal-esterni-magazzino_18-300x200.jpg 300w, https:\/\/www.chimimetal.com\/wp-content\/uploads\/2020\/07\/chimimetal-esterni-magazzino_18-768x513.jpg 768w\" sizes=\"auto, (max-width: 800px) 100vw, 800px\" \/><\/figure>\n<\/div>\n<\/div>\n\n\n\n<h2 class=\"wp-block-heading\"><strong>L&rsquo;acquisition de Statim Service et le <\/strong>r\u00f4le del leader mondial <\/h2>\n\n\n\n<p>Depuis 2009, gr\u00e2ce au d\u00e9veloppement progressif dans le secteur de la photogravure chimique, Chimimetal entre en contact avec une entreprise du secteur, Statim Service, qui ensuite ach\u00e8tera, en juin 2011, en \u00e9largissant ses fronti\u00e8res et les d\u00e9bouch\u00e9es commerciales aussi \u00e0 l&rsquo;\u00e9tranger, en particulier en Allemagne.<\/p>\n\n\n\n<p>Gr\u00e2ce aux efforts faits dans les ann\u00e9es, Chimimetal repr\u00e9sente aujourd&rsquo;hui une r\u00e9f\u00e9rence au niveau mondial dans le secteur de la photogravure chimique.<\/p>\n\n\n\n<div class=\"wp-block-columns is-layout-flex wp-container-core-columns-is-layout-2 wp-block-columns-is-layout-flex\">\n<div class=\"wp-block-column is-layout-flow wp-block-column-is-layout-flow\" style=\"flex-basis:33.33%\">\n<figure class=\"wp-block-image size-large\"><a href=\"https:\/\/www.chimimetal.com\/fr\/downloads\/\"><img loading=\"lazy\" decoding=\"async\" width=\"384\" height=\"269\" src=\"https:\/\/www.chimimetal.com\/wp-content\/uploads\/2020\/07\/CERTIFICAZIONI-DI-QUALITa-1.jpg\" alt=\"\" class=\"wp-image-3182\" srcset=\"https:\/\/www.chimimetal.com\/wp-content\/uploads\/2020\/07\/CERTIFICAZIONI-DI-QUALITa-1.jpg 384w, https:\/\/www.chimimetal.com\/wp-content\/uploads\/2020\/07\/CERTIFICAZIONI-DI-QUALITa-1-300x210.jpg 300w\" sizes=\"auto, (max-width: 384px) 100vw, 384px\" \/><\/a><\/figure>\n<\/div>\n\n\n\n<div class=\"wp-block-column is-layout-flow wp-block-column-is-layout-flow\" style=\"flex-basis:66.66%\">\n<div style=\"height:50px\" aria-hidden=\"true\" class=\"wp-block-spacer\"><\/div>\n\n\n\n<h3 class=\"wp-block-heading\"><strong>CERTIFICATIONS DE QUALIT\u00c9<\/strong><\/h3>\n\n\n\n<p>Depuis 1998, Chimimetal teste ses produits en utilisant un syst\u00e8me de qualit\u00e9 interne, cr\u00e9\u00e9 express\u00e9ment pour am\u00e9liorer le contr\u00f4le de production et fournir aux clients finaux des produits finis tr\u00e8s technologiques. Le syst\u00e8me de qualit\u00e9 est garanti par un certificat et un manuel qui sont mis \u00e0 jour et am\u00e9lior\u00e9s tous les ans.<\/p>\n<\/div>\n<\/div>\n\n\n\n<div class=\"wp-block-columns is-layout-flex wp-container-core-columns-is-layout-3 wp-block-columns-is-layout-flex\">\n<div class=\"wp-block-column is-layout-flow wp-block-column-is-layout-flow\">\n<h3 class=\"wp-block-heading\"><strong>CHIMIMETAL EN CHIFFRES<\/strong><\/h3>\n\n\n\n<p>De grandes acquisitions et un savoir-faire d&rsquo;excellence comportent des investissements cons\u00e9quents en ce qui concerne les ressources, la recherche et le d\u00e9veloppement du secteur et l&rsquo;ouverture de nouveaux sites de production, comme celui de Turin.<\/p>\n\n\n\n<p>Parmi les investissements effectu\u00e9s par Chimimetal au fil des ans, il est important de mentionner les investissements dans le contr\u00f4le chimique du PLC de la solution acide, qui permet d&rsquo;effectuer avec pr\u00e9cision tout le lot de production, de la premi\u00e8re \u00e0 la derni\u00e8re plaque.<\/p>\n\n\n\n<p>Investir dans des instruments et des ressources a port\u00e9 l&rsquo;entreprise \u00e0 augmenter consid\u00e9rablement la qualit\u00e9 et la puissance des services ; voici quelques exemples :<\/p>\n\n\n\n<ul class=\"wp-block-list\"><li> 2 lignes (3 chambres de pulv\u00e9risation) compl\u00e8tement automatiques;<\/li><li> 2 petites lignes (2 chambres de pulv\u00e9risation) compl\u00e8tement automatiques;<\/li><li> 1000 panneaux de 0,20 d&rsquo;\u00e9paisseur produits chaque jours;<\/li><li> <a href=\"https:\/\/www.chimimetal.com\/fr\/service-decoupe-laser-co2\/\">Laser fibre<\/a> de 1000 W;<\/li><li> Nouvelle machine pour gravure;<\/li><li> Automatisation des phases initiales de production\u00a0: pr\u00e9paration, laminage et exposition.<\/li><\/ul>\n<\/div>\n\n\n\n<div class=\"wp-block-column is-layout-flow wp-block-column-is-layout-flow\">\n<figure class=\"wp-block-image size-large\"><img loading=\"lazy\" decoding=\"async\" width=\"1024\" height=\"684\" src=\"https:\/\/www.chimimetal.com\/wp-content\/uploads\/2020\/07\/DSC_9545-1024x684.jpg\" alt=\"\" class=\"wp-image-3208\" srcset=\"https:\/\/www.chimimetal.com\/wp-content\/uploads\/2020\/07\/DSC_9545-1024x684.jpg 1024w, https:\/\/www.chimimetal.com\/wp-content\/uploads\/2020\/07\/DSC_9545-300x200.jpg 300w, https:\/\/www.chimimetal.com\/wp-content\/uploads\/2020\/07\/DSC_9545-768x513.jpg 768w, https:\/\/www.chimimetal.com\/wp-content\/uploads\/2020\/07\/DSC_9545.jpg 1200w\" sizes=\"auto, (max-width: 1024px) 100vw, 1024px\" \/><\/figure>\n<\/div>\n<\/div>\n\n\n \r\n\r\n   <div class=\"acf_gallery gallery\"> \r\n\r\n       \r\n\r\n         <a href=\"https:\/\/www.chimimetal.com\/wp-content\/uploads\/2020\/05\/chimimetal-esterni-magazzino_20.jpg\" target=\"_blank\" class=\"acf_thumbnail_item thumbnail\"> \r\n            <img decoding=\"async\" src=\"https:\/\/www.chimimetal.com\/wp-content\/uploads\/2020\/05\/chimimetal-esterni-magazzino_20-260x180.jpg\" alt=\"qui nous sommes\" \/> \r\n         <\/a> \r\n\r\n       \r\n\r\n         <a href=\"https:\/\/www.chimimetal.com\/wp-content\/uploads\/2020\/05\/chimimetal-esterni-magazzino_1.jpg\" target=\"_blank\" class=\"acf_thumbnail_item thumbnail\"> \r\n            <img decoding=\"async\" src=\"https:\/\/www.chimimetal.com\/wp-content\/uploads\/2020\/05\/chimimetal-esterni-magazzino_1-260x180.jpg\" alt=\"qui nous sommes\" \/> \r\n         <\/a> \r\n\r\n       \r\n\r\n         <a href=\"https:\/\/www.chimimetal.com\/wp-content\/uploads\/2020\/05\/ufficio-grande_9.jpg\" target=\"_blank\" class=\"acf_thumbnail_item thumbnail\"> \r\n            <img decoding=\"async\" src=\"https:\/\/www.chimimetal.com\/wp-content\/uploads\/2020\/05\/ufficio-grande_9-260x180.jpg\" alt=\"qui nous sommes\" \/> \r\n         <\/a> \r\n\r\n       \r\n\r\n         <a href=\"https:\/\/www.chimimetal.com\/wp-content\/uploads\/2020\/05\/ufficio-e-progettazione_10.jpg\" target=\"_blank\" class=\"acf_thumbnail_item thumbnail\"> \r\n            <img decoding=\"async\" src=\"https:\/\/www.chimimetal.com\/wp-content\/uploads\/2020\/05\/ufficio-e-progettazione_10-260x180.jpg\" alt=\"qui nous sommes\" \/> \r\n         <\/a> \r\n\r\n       \r\n\r\n         <a href=\"https:\/\/www.chimimetal.com\/wp-content\/uploads\/2020\/05\/ufficio-e-progettazione_13.jpg\" target=\"_blank\" class=\"acf_thumbnail_item thumbnail\"> \r\n            <img decoding=\"async\" src=\"https:\/\/www.chimimetal.com\/wp-content\/uploads\/2020\/05\/ufficio-e-progettazione_13-260x180.jpg\" alt=\"qui nous sommes\" \/> \r\n         <\/a> \r\n\r\n       \r\n\r\n         <a href=\"https:\/\/www.chimimetal.com\/wp-content\/uploads\/2020\/05\/ufficio-e-progettazione.jpg\" target=\"_blank\" class=\"acf_thumbnail_item thumbnail\"> \r\n            <img decoding=\"async\" src=\"https:\/\/www.chimimetal.com\/wp-content\/uploads\/2020\/05\/ufficio-e-progettazione-260x180.jpg\" alt=\"qui nous sommes\" \/> \r\n         <\/a> \r\n\r\n       \r\n\r\n         <a href=\"https:\/\/www.chimimetal.com\/wp-content\/uploads\/2020\/05\/ufficio-grande_8.jpg\" target=\"_blank\" class=\"acf_thumbnail_item thumbnail\"> \r\n            <img decoding=\"async\" src=\"https:\/\/www.chimimetal.com\/wp-content\/uploads\/2020\/05\/ufficio-grande_8-260x180.jpg\" alt=\"qui nous sommes\" \/> \r\n         <\/a> \r\n\r\n       \r\n\r\n         <a href=\"https:\/\/www.chimimetal.com\/wp-content\/uploads\/2021\/02\/capannone_ott.jpg\" target=\"_blank\" class=\"acf_thumbnail_item thumbnail\"> \r\n            <img decoding=\"async\" src=\"https:\/\/www.chimimetal.com\/wp-content\/uploads\/2021\/02\/capannone_ott-260x180.jpg\" alt=\"qui nous sommes\" \/> \r\n         <\/a> \r\n\r\n       \r\n      <!-- <a href=\"#\" class=\"button center\"><\/a> -->\r\n   <\/div> \r\n\r\n","protected":false},"excerpt":{"rendered":"<p>LA PUISSANCE DE NOS MACHINES DE COUPE LASER ET GRAVURE &#8230; <\/p>\n<p class=\"read-more-container\"><a title=\"qui nous sommes\" class=\"read-more button\" href=\"https:\/\/www.chimimetal.com\/fr\/puissance-laser-decoupe-metal\/#more-3247\">Lire la suite<span class=\"screen-reader-text\">qui nous sommes<\/span><\/a><\/p>\n","protected":false},"author":2,"featured_media":0,"parent":0,"menu_order":0,"comment_status":"closed","ping_status":"closed","template":"","meta":{"_acf_changed":false,"footnotes":""},"class_list":["post-3247","page","type-page","status-publish"],"acf":[],"yoast_head":"<!-- This site is optimized with the Yoast SEO plugin v26.8 - https:\/\/yoast.com\/product\/yoast-seo-wordpress\/ -->\n<title>Puissance coupe laser et d\u00e9coupe metal - Chimimetal<\/title>\n<meta name=\"description\" content=\"Nous sommes une r\u00e9f\u00e9rence pour l&#039;innovation et puissance des machines de gravure et d\u00e9coupe laser au service des personnes. Appelez nous pour une citation\" \/>\n<meta name=\"robots\" content=\"index, follow, max-snippet:-1, max-image-preview:large, max-video-preview:-1\" \/>\n<link rel=\"canonical\" href=\"https:\/\/www.chimimetal.com\/chi-siamo\/\" \/>\n<meta property=\"og:locale\" content=\"fr_FR\" \/>\n<meta property=\"og:type\" content=\"article\" \/>\n<meta property=\"og:title\" content=\"Puissance coupe laser et d\u00e9coupe metal - Chimimetal\" \/>\n<meta property=\"og:description\" content=\"Nous sommes une r\u00e9f\u00e9rence pour l&#039;innovation et puissance des machines de gravure et d\u00e9coupe laser au service des personnes. Appelez nous pour une citation\" \/>\n<meta property=\"og:url\" content=\"https:\/\/www.chimimetal.com\/chi-siamo\/\" \/>\n<meta property=\"og:site_name\" content=\"Chimimetal\" \/>\n<meta property=\"article:modified_time\" content=\"2022-05-06T16:35:24+00:00\" \/>\n<meta property=\"og:image\" content=\"https:\/\/www.chimimetal.com\/wp-content\/uploads\/2020\/07\/chimimetal-esterni-magazzino_18.jpg\" \/>\n<meta name=\"twitter:card\" content=\"summary_large_image\" \/>\n<meta name=\"twitter:label1\" content=\"Dur\u00e9e de lecture estim\u00e9e\" \/>\n\t<meta name=\"twitter:data1\" content=\"3 minutes\" \/>\n<script type=\"application\/ld+json\" class=\"yoast-schema-graph\">{\"@context\":\"https:\/\/schema.org\",\"@graph\":[{\"@type\":[\"WebPage\",\"AboutPage\"],\"@id\":\"https:\/\/www.chimimetal.com\/chi-siamo\/\",\"url\":\"https:\/\/www.chimimetal.com\/chi-siamo\/\",\"name\":\"Puissance coupe laser et d\u00e9coupe metal - Chimimetal\",\"isPartOf\":{\"@id\":\"https:\/\/www.chimimetal.com\/#website\"},\"primaryImageOfPage\":{\"@id\":\"https:\/\/www.chimimetal.com\/chi-siamo\/#primaryimage\"},\"image\":{\"@id\":\"https:\/\/www.chimimetal.com\/chi-siamo\/#primaryimage\"},\"thumbnailUrl\":\"https:\/\/www.chimimetal.com\/wp-content\/uploads\/2020\/07\/chimimetal-esterni-magazzino_18.jpg\",\"datePublished\":\"2020-04-29T15:32:15+00:00\",\"dateModified\":\"2022-05-06T16:35:24+00:00\",\"description\":\"Nous sommes une r\u00e9f\u00e9rence pour l'innovation et puissance des machines de gravure et d\u00e9coupe laser au service des personnes. Appelez nous pour une citation\",\"breadcrumb\":{\"@id\":\"https:\/\/www.chimimetal.com\/chi-siamo\/#breadcrumb\"},\"inLanguage\":\"fr-FR\",\"potentialAction\":[{\"@type\":\"ReadAction\",\"target\":[\"https:\/\/www.chimimetal.com\/chi-siamo\/\"]}]},{\"@type\":\"ImageObject\",\"inLanguage\":\"fr-FR\",\"@id\":\"https:\/\/www.chimimetal.com\/chi-siamo\/#primaryimage\",\"url\":\"https:\/\/www.chimimetal.com\/wp-content\/uploads\/2020\/07\/chimimetal-esterni-magazzino_18.jpg\",\"contentUrl\":\"https:\/\/www.chimimetal.com\/wp-content\/uploads\/2020\/07\/chimimetal-esterni-magazzino_18.jpg\"},{\"@type\":\"BreadcrumbList\",\"@id\":\"https:\/\/www.chimimetal.com\/chi-siamo\/#breadcrumb\",\"itemListElement\":[{\"@type\":\"ListItem\",\"position\":1,\"name\":\"Home\",\"item\":\"https:\/\/www.chimimetal.com\/fr\/\"},{\"@type\":\"ListItem\",\"position\":2,\"name\":\"qui nous sommes\"}]},{\"@type\":\"WebSite\",\"@id\":\"https:\/\/www.chimimetal.com\/#website\",\"url\":\"https:\/\/www.chimimetal.com\/\",\"name\":\"Chimimetal\",\"description\":\"\",\"publisher\":{\"@id\":\"https:\/\/www.chimimetal.com\/#organization\"},\"potentialAction\":[{\"@type\":\"SearchAction\",\"target\":{\"@type\":\"EntryPoint\",\"urlTemplate\":\"https:\/\/www.chimimetal.com\/?s={search_term_string}\"},\"query-input\":{\"@type\":\"PropertyValueSpecification\",\"valueRequired\":true,\"valueName\":\"search_term_string\"}}],\"inLanguage\":\"fr-FR\"},{\"@type\":\"Organization\",\"@id\":\"https:\/\/www.chimimetal.com\/#organization\",\"name\":\"Chimimetal\",\"url\":\"https:\/\/www.chimimetal.com\/\",\"logo\":{\"@type\":\"ImageObject\",\"inLanguage\":\"fr-FR\",\"@id\":\"https:\/\/www.chimimetal.com\/#\/schema\/logo\/image\/\",\"url\":\"https:\/\/www.chimimetal.com\/wp-content\/uploads\/2020\/03\/logo-main.png\",\"contentUrl\":\"https:\/\/www.chimimetal.com\/wp-content\/uploads\/2020\/03\/logo-main.png\",\"width\":400,\"height\":130,\"caption\":\"Chimimetal\"},\"image\":{\"@id\":\"https:\/\/www.chimimetal.com\/#\/schema\/logo\/image\/\"}}]}<\/script>\n<!-- \/ Yoast SEO plugin. -->","yoast_head_json":{"title":"Puissance coupe laser et d\u00e9coupe metal - Chimimetal","description":"Nous sommes une r\u00e9f\u00e9rence pour l'innovation et puissance des machines de gravure et d\u00e9coupe laser au service des personnes. Appelez nous pour une citation","robots":{"index":"index","follow":"follow","max-snippet":"max-snippet:-1","max-image-preview":"max-image-preview:large","max-video-preview":"max-video-preview:-1"},"canonical":"https:\/\/www.chimimetal.com\/chi-siamo\/","og_locale":"fr_FR","og_type":"article","og_title":"Puissance coupe laser et d\u00e9coupe metal - Chimimetal","og_description":"Nous sommes une r\u00e9f\u00e9rence pour l'innovation et puissance des machines de gravure et d\u00e9coupe laser au service des personnes. Appelez nous pour une citation","og_url":"https:\/\/www.chimimetal.com\/chi-siamo\/","og_site_name":"Chimimetal","article_modified_time":"2022-05-06T16:35:24+00:00","og_image":[{"url":"https:\/\/www.chimimetal.com\/wp-content\/uploads\/2020\/07\/chimimetal-esterni-magazzino_18.jpg","type":"","width":"","height":""}],"twitter_card":"summary_large_image","twitter_misc":{"Dur\u00e9e de lecture estim\u00e9e":"3 minutes"},"schema":{"@context":"https:\/\/schema.org","@graph":[{"@type":["WebPage","AboutPage"],"@id":"https:\/\/www.chimimetal.com\/chi-siamo\/","url":"https:\/\/www.chimimetal.com\/chi-siamo\/","name":"Puissance coupe laser et d\u00e9coupe metal - Chimimetal","isPartOf":{"@id":"https:\/\/www.chimimetal.com\/#website"},"primaryImageOfPage":{"@id":"https:\/\/www.chimimetal.com\/chi-siamo\/#primaryimage"},"image":{"@id":"https:\/\/www.chimimetal.com\/chi-siamo\/#primaryimage"},"thumbnailUrl":"https:\/\/www.chimimetal.com\/wp-content\/uploads\/2020\/07\/chimimetal-esterni-magazzino_18.jpg","datePublished":"2020-04-29T15:32:15+00:00","dateModified":"2022-05-06T16:35:24+00:00","description":"Nous sommes une r\u00e9f\u00e9rence pour l'innovation et puissance des machines de gravure et d\u00e9coupe laser au service des personnes. Appelez nous pour une citation","breadcrumb":{"@id":"https:\/\/www.chimimetal.com\/chi-siamo\/#breadcrumb"},"inLanguage":"fr-FR","potentialAction":[{"@type":"ReadAction","target":["https:\/\/www.chimimetal.com\/chi-siamo\/"]}]},{"@type":"ImageObject","inLanguage":"fr-FR","@id":"https:\/\/www.chimimetal.com\/chi-siamo\/#primaryimage","url":"https:\/\/www.chimimetal.com\/wp-content\/uploads\/2020\/07\/chimimetal-esterni-magazzino_18.jpg","contentUrl":"https:\/\/www.chimimetal.com\/wp-content\/uploads\/2020\/07\/chimimetal-esterni-magazzino_18.jpg"},{"@type":"BreadcrumbList","@id":"https:\/\/www.chimimetal.com\/chi-siamo\/#breadcrumb","itemListElement":[{"@type":"ListItem","position":1,"name":"Home","item":"https:\/\/www.chimimetal.com\/fr\/"},{"@type":"ListItem","position":2,"name":"qui nous sommes"}]},{"@type":"WebSite","@id":"https:\/\/www.chimimetal.com\/#website","url":"https:\/\/www.chimimetal.com\/","name":"Chimimetal","description":"","publisher":{"@id":"https:\/\/www.chimimetal.com\/#organization"},"potentialAction":[{"@type":"SearchAction","target":{"@type":"EntryPoint","urlTemplate":"https:\/\/www.chimimetal.com\/?s={search_term_string}"},"query-input":{"@type":"PropertyValueSpecification","valueRequired":true,"valueName":"search_term_string"}}],"inLanguage":"fr-FR"},{"@type":"Organization","@id":"https:\/\/www.chimimetal.com\/#organization","name":"Chimimetal","url":"https:\/\/www.chimimetal.com\/","logo":{"@type":"ImageObject","inLanguage":"fr-FR","@id":"https:\/\/www.chimimetal.com\/#\/schema\/logo\/image\/","url":"https:\/\/www.chimimetal.com\/wp-content\/uploads\/2020\/03\/logo-main.png","contentUrl":"https:\/\/www.chimimetal.com\/wp-content\/uploads\/2020\/03\/logo-main.png","width":400,"height":130,"caption":"Chimimetal"},"image":{"@id":"https:\/\/www.chimimetal.com\/#\/schema\/logo\/image\/"}}]}},"_links":{"self":[{"href":"https:\/\/www.chimimetal.com\/fr\/wp-json\/wp\/v2\/pages\/3247","targetHints":{"allow":["GET"]}}],"collection":[{"href":"https:\/\/www.chimimetal.com\/fr\/wp-json\/wp\/v2\/pages"}],"about":[{"href":"https:\/\/www.chimimetal.com\/fr\/wp-json\/wp\/v2\/types\/page"}],"author":[{"embeddable":true,"href":"https:\/\/www.chimimetal.com\/fr\/wp-json\/wp\/v2\/users\/2"}],"replies":[{"embeddable":true,"href":"https:\/\/www.chimimetal.com\/fr\/wp-json\/wp\/v2\/comments?post=3247"}],"version-history":[{"count":8,"href":"https:\/\/www.chimimetal.com\/fr\/wp-json\/wp\/v2\/pages\/3247\/revisions"}],"predecessor-version":[{"id":4290,"href":"https:\/\/www.chimimetal.com\/fr\/wp-json\/wp\/v2\/pages\/3247\/revisions\/4290"}],"wp:attachment":[{"href":"https:\/\/www.chimimetal.com\/fr\/wp-json\/wp\/v2\/media?parent=3247"}],"curies":[{"name":"wp","href":"https:\/\/api.w.org\/{rel}","templated":true}]}}