{"id":3262,"date":"2020-04-29T13:01:39","date_gmt":"2020-04-29T11:01:39","guid":{"rendered":"http:\/\/chimimetal.localhost\/fototranciatura\/"},"modified":"2022-07-05T11:06:49","modified_gmt":"2022-07-05T09:06:49","slug":"technique-photogravure-chimique","status":"publish","type":"page","link":"https:\/\/www.chimimetal.com\/fr\/technique-photogravure-chimique\/","title":{"rendered":"PHOTOGRAVURE CHIMIQUE"},"content":{"rendered":"\n<h1 class=\"wp-block-heading\"> <strong>TECHNIQUE DE PHOTOGRAVURE CHIMIQUE<\/strong> <\/h1>\n\n\n\n<h2 class=\"wp-block-heading\"><strong>La photogravure chimique comme&nbsp; alternative aux d\u00e9coupes de type m\u00e9canique<\/strong> <\/h2>\n\n\n\n<p> La photogravure chimique ou photod\u00e9coupe chimique, est une technique d\u2019avant-garde qui est une alternative aux d\u00e9coupes de type m\u00e9canique. Ce type d\u2019usinage se base sur le retrait contr\u00f4l\u00e9 du m\u00e9tal (en particulier aciers et alliages de cuivre) au moyen de solutions chimiques. <\/p>\n\n\n\n<h2 class=\"wp-block-heading\"><strong>Le savoir-faire de Chimimetal dans la photogravure chimique<\/strong> <\/h2>\n\n\n\n<p> La soci\u00e9t\u00e9 Chimimetal poss\u00e8de le savoir-faire sp\u00e9cifique et la connaissance du secteur pour pouvoir offrir au large public d\u2019utilisateurs potentiels un service de photogravure chimique pr\u00e9cis, \u00e9conomique et rapide. La photod\u00e9coupe chimique est aussi tr\u00e8s utile pour prototypes : cette technique n\u00e9cessite de temps et co\u00fbts d\u2019\u00e9quipement tr\u00e8s r\u00e9duits, en permettant des op\u00e9rations simples et rapides de modification et de correction des masters. L\u2019utilisation de la photod\u00e9coupe chimique sur m\u00e9tal est tr\u00e8s avantageuse quand depuis des t\u00f4les tr\u00e8s fines (de 0,05 mm \u00e0 1,5 mm) il faut obtenir des profil\u00e9 complexes, avec des tol\u00e9rances tr\u00e8s pr\u00e9cises et sans bavures. <\/p>\n\n\n\n<div class=\"scw-block-cta-columns \">\n            <div class=\"scw-block-cta-columns__item inside-grid-column\">\n            <div\n                class=\"scw-block-cta-columns__icon scw-block-cta-columns__icon--square\"\n                style=\"background-image:url('https:\/\/www.chimimetal.com\/wp-content\/uploads\/2020\/03\/Group-9@2x.png');\"\n            >\n            <\/div> <!-- \/.scw-block-cta-columns__icon -->\n                        <p class=\"scw-block-cta-columns__text\">Nous coop\u00e9rons avec les bureaux techniques pour l&rsquo;optimisation de nouveaux projets<\/p>\n                    <\/div> <!-- \/.scw-block-cta-columns__item -->\n            <div class=\"scw-block-cta-columns__item inside-grid-column\">\n            <div\n                class=\"scw-block-cta-columns__icon scw-block-cta-columns__icon--square\"\n                style=\"background-image:url('https:\/\/www.chimimetal.com\/wp-content\/uploads\/2020\/03\/Group-4@2x.png');\"\n            >\n            <\/div> <!-- \/.scw-block-cta-columns__icon -->\n                        <p class=\"scw-block-cta-columns__text\">Nous produisons avec un syst\u00e8me qualit\u00e9 conforme \u00e0 UNI EN ISO 9001: 2008<\/p>\n                    <\/div> <!-- \/.scw-block-cta-columns__item -->\n            <div class=\"scw-block-cta-columns__item inside-grid-column\">\n            <div\n                class=\"scw-block-cta-columns__icon scw-block-cta-columns__icon--square\"\n                style=\"background-image:url('https:\/\/www.chimimetal.com\/wp-content\/uploads\/2020\/03\/Group-6@2x.png');\"\n            >\n            <\/div> <!-- \/.scw-block-cta-columns__icon -->\n                        <p class=\"scw-block-cta-columns__text\">Nous cr\u00e9ons des masters selon la conception sp\u00e9cifique du client\r\n<\/p>\n                    <\/div> <!-- \/.scw-block-cta-columns__item -->\n            <div class=\"scw-block-cta-columns__item inside-grid-column\">\n            <div\n                class=\"scw-block-cta-columns__icon scw-block-cta-columns__icon--square\"\n                style=\"background-image:url('https:\/\/www.chimimetal.com\/wp-content\/uploads\/2020\/03\/Group-7@2x.png');\"\n            >\n            <\/div> <!-- \/.scw-block-cta-columns__icon -->\n                        <p class=\"scw-block-cta-columns__text\">Nous fournissons vos d\u00e9tails finis (traitements de surface et \/ ou usinage m\u00e9canique)\r\n<\/p>\n                    <\/div> <!-- \/.scw-block-cta-columns__item -->\n    <\/div> <!-- \/.scw-block-cta-columns -->\n\n\n<hr class=\"wp-block-separator has-text-color has-background has-cyan-bluish-gray-background-color has-cyan-bluish-gray-color is-style-wide\"\/>\n\n\n\n<h2 class=\"wp-block-heading\">R\u00e8gles techniques de la photogravure chimique <\/h2>\n\n\n\n<p>La <strong>PHOTOTRANCHEMENT CHIMIQUE<\/strong>&nbsp;n&rsquo;alt\u00e8re en rien la structure mol\u00e9culaire ni les propri\u00e9t\u00e9s m\u00e9caniques de la t\u00f4le trait\u00e9e.<\/p>\n\n\n\n<div class=\"wp-block-image\"><figure class=\"aligncenter size-large\"><img loading=\"lazy\" decoding=\"async\" width=\"479\" height=\"413\" src=\"http:\/\/restyle.chimimetal.com\/wp-content\/uploads\/2020\/03\/Bitmap.jpg\" alt=\"\" class=\"wp-image-1679\" srcset=\"https:\/\/www.chimimetal.com\/wp-content\/uploads\/2020\/03\/Bitmap.jpg 479w, https:\/\/www.chimimetal.com\/wp-content\/uploads\/2020\/03\/Bitmap-300x259.jpg 300w\" sizes=\"auto, (max-width: 479px) 100vw, 479px\" \/><\/figure><\/div>\n\n\n\n<hr class=\"wp-block-separator has-text-color has-background has-cyan-bluish-gray-background-color has-cyan-bluish-gray-color is-style-wide\"\/>\n\n\n\n<h2 class=\"wp-block-heading\"><strong>Les phases de la photogravure chimique<\/strong> <\/h2>\n\n\n\n<p>Les phases du processus de photogravure chimique sont les suivantes:<\/p>\n\n\n\n    <div class=\"scw-block-photoswipe__container generate-sections-container alignfull\">\n                    <div class=\"scw-block-photoswipe__inner-container has-background has-very-light-gray-background-color gallery-container-custom\">\n                                                    <div class=\"scw-block-photoswipe__gallery my-gallery gallery gallery-columns-3 gallery-size-medium load-more\">\n                                            <figure class=\"scw-block-photoswipe__gallery-figure gallery-item\" itemprop=\"associatedMedia\" itemscope itemtype=\"http:\/\/schema.org\/ImageObject\">\n                            <a href=\"https:\/\/www.chimimetal.com\/wp-content\/uploads\/2020\/05\/fase-1-ingresso-lastre-grezze.jpg\" itemprop=\"contentUrl\" data-size=\"1920x1282\">\n                                <img decoding=\"async\" src=\"https:\/\/www.chimimetal.com\/wp-content\/uploads\/2020\/05\/fase-1-ingresso-lastre-grezze-300x185.jpg\" itemprop=\"full\" alt=\"ingresso_lastre_fototranciatura\" \/>\n                            <\/a>\n                            <figcaption itemprop=\"caption description\"><span class = \"red\"> 1. <\/span> PR\u00c9PARATION DES SURFACES<\/figcaption>\n                        <\/figure>\n                                            <figure class=\"scw-block-photoswipe__gallery-figure gallery-item\" itemprop=\"associatedMedia\" itemscope itemtype=\"http:\/\/schema.org\/ImageObject\">\n                            <a href=\"https:\/\/www.chimimetal.com\/wp-content\/uploads\/2021\/02\/laminazione.jpg\" itemprop=\"contentUrl\" data-size=\"1920x1282\">\n                                <img decoding=\"async\" src=\"https:\/\/www.chimimetal.com\/wp-content\/uploads\/2021\/02\/laminazione-300x185.jpg\" itemprop=\"full\" alt=\"\" \/>\n                            <\/a>\n                            <figcaption itemprop=\"caption description\"><span class = \"red\"> 2. <\/span> LAMINAGE<\/figcaption>\n                        <\/figure>\n                                            <figure class=\"scw-block-photoswipe__gallery-figure gallery-item\" itemprop=\"associatedMedia\" itemscope itemtype=\"http:\/\/schema.org\/ImageObject\">\n                            <a href=\"https:\/\/www.chimimetal.com\/wp-content\/uploads\/2020\/05\/fase-2-fissaggio-disegno-su-lastra_22.jpg\" itemprop=\"contentUrl\" data-size=\"1920x1282\">\n                                <img decoding=\"async\" src=\"https:\/\/www.chimimetal.com\/wp-content\/uploads\/2020\/05\/fase-2-fissaggio-disegno-su-lastra_22-300x185.jpg\" itemprop=\"full\" alt=\"fissaggio_disegno_su_lastra\" \/>\n                            <\/a>\n                            <figcaption itemprop=\"caption description\"><span class = \"red\"> 3. <\/span> EXPOSITION<\/figcaption>\n                        <\/figure>\n                                            <figure class=\"scw-block-photoswipe__gallery-figure gallery-item\" itemprop=\"associatedMedia\" itemscope itemtype=\"http:\/\/schema.org\/ImageObject\">\n                            <a href=\"https:\/\/www.chimimetal.com\/wp-content\/uploads\/2020\/05\/fese-3-sviluppo-dry-film_16.jpg\" itemprop=\"contentUrl\" data-size=\"1300x868\">\n                                <img decoding=\"async\" src=\"https:\/\/www.chimimetal.com\/wp-content\/uploads\/2020\/05\/fese-3-sviluppo-dry-film_16-300x185.jpg\" itemprop=\"full\" alt=\"sviluppo_dry_film\" \/>\n                            <\/a>\n                            <figcaption itemprop=\"caption description\"><span class = \"red\"> 4. <\/span> D\u00c9VELOPPEMENT<\/figcaption>\n                        <\/figure>\n                                            <figure class=\"scw-block-photoswipe__gallery-figure gallery-item\" itemprop=\"associatedMedia\" itemscope itemtype=\"http:\/\/schema.org\/ImageObject\">\n                            <a href=\"https:\/\/www.chimimetal.com\/wp-content\/uploads\/2021\/02\/fotoincisione-chimica.jpg\" itemprop=\"contentUrl\" data-size=\"1920x1282\">\n                                <img decoding=\"async\" src=\"https:\/\/www.chimimetal.com\/wp-content\/uploads\/2021\/02\/fotoincisione-chimica-300x185.jpg\" itemprop=\"full\" alt=\"\" \/>\n                            <\/a>\n                            <figcaption itemprop=\"caption description\"><span class = \"red\"> 5. <\/span> PHOTOGRAVURE CHIMIQUE<\/figcaption>\n                        <\/figure>\n                                            <figure class=\"scw-block-photoswipe__gallery-figure gallery-item\" itemprop=\"associatedMedia\" itemscope itemtype=\"http:\/\/schema.org\/ImageObject\">\n                            <a href=\"https:\/\/www.chimimetal.com\/wp-content\/uploads\/2020\/05\/fase-5-lavaggio_3.jpg\" itemprop=\"contentUrl\" data-size=\"1920x1282\">\n                                <img decoding=\"async\" src=\"https:\/\/www.chimimetal.com\/wp-content\/uploads\/2020\/05\/fase-5-lavaggio_3-300x185.jpg\" itemprop=\"full\" alt=\"fase_di_lavaggio_lastra\" \/>\n                            <\/a>\n                            <figcaption itemprop=\"caption description\"><span class = \"red\"> 6. <\/span> STRIPAGE<\/figcaption>\n                        <\/figure>\n                                        <\/div> <!-- \/.scw-block-photoswipe__gallery my-gallery -->\n                                <!-- <p class=\"mobile-only gallery-advice\"><em><\/em><\/p> -->\n            <\/div> <!-- \/.scw-block-photoswipe__inner-container -->\n            <\/div> <!-- \/.scw-block-photoswipe__container -->\n\n\n\n<h3 class=\"custom-h4-fasi wp-block-heading\"><span class=\"red\">1.<\/span><strong>Pr\u00e9paration des surfaces<\/strong><\/h3>\n\n\n\n<p>Au pr\u00e9alable, les t\u00f4les sont nettoy\u00e9es et trait\u00e9es m\u00e9caniquement et chimiquement pour les rendre plus rugueuses. La photogravure chimique est une technique tr\u00e8s \u00e9cologique d\u00e9j\u00e0 \u00e0 partir de la premi\u00e8re \u00e9tape : en effet on choisit d&rsquo;utiliser, pour toute la fili\u00e8re de production, des machines d&rsquo;avant-garde au b\u00e9n\u00e9fice des produits et pour prot\u00e9ger l&rsquo;environnement.<\/p>\n\n\n\n<h3 class=\"custom-h4-fasi wp-block-heading\"><span class=\"red\">2.<\/span><strong>Laminage<\/strong><\/h3>\n\n\n\n<p>Sur les deux c\u00f4t\u00e9s des t\u00f4les est appliqu\u00e9 un rev\u00eatement photosensible aux rayons UV, sur lesquels seront imprim\u00e9es les motifs \u00e0 graver chimiquement.<\/p>\n\n\n\n<h3 class=\"custom-h4-fasi wp-block-heading\"><span class=\"red\">3.<\/span><strong>Exposition<\/strong><\/h3>\n\n\n\n<p>Le rev\u00eatement photosensible des plaques m\u00e9talliques est ensuite expos\u00e9 \u00e0 la lumi\u00e8re UV et, en utilisant un \u00e9quipement photographique, on reproduit le contour de la partie grav\u00e9e.\nCet \u00e9quipement photographique utilis\u00e9 comme un stencil est cr\u00e9\u00e9 \u00e0 l&rsquo;aide des donn\u00e9 CAO : les parties du rev\u00eatement qui sont expos\u00e9es \u00e0 la lumi\u00e8re UV se polym\u00e9risent, deviennent stables sur la t\u00f4le et r\u00e9sistantes aux agents utilis\u00e9s par la suite.<\/p>\n\n\n\n<h3 class=\"custom-h4-fasi wp-block-heading\"><span class=\"red\">4.<\/span><strong>D\u00e9veloppement<\/strong><\/h3>\n\n\n\n<p>Les zones non expos\u00e9es sur le rev\u00eatement sont d\u00e9tach\u00e9es et retir\u00e9e en cr\u00e9ant les contours de d\u00e9coupe des d\u00e9tails \u00e0 r\u00e9aliser.<\/p>\n\n\n\n<h3 class=\"custom-h4-fasi wp-block-heading\"><span class=\"red\">5.<\/span><strong>Photogravure chimique<\/strong><\/h3>\n\n\n\n<p>Sur les plaques de m\u00e9tal est pulv\u00e9ris\u00e9e une solution acide pour dissoudre le m\u00e9tal expos\u00e9, tandis que les zones prot\u00e9g\u00e9es par le rev\u00eatement ne sont pas impact\u00e9es par le traitement. Il s&rsquo;agit d&rsquo;un processus qui n&rsquo;endommage d&rsquo;aucune mani\u00e8re le mat\u00e9riau environnant et l&rsquo;absence de bavures et garantie \u00e0 100 %. Dans le cas o\u00f9 une partie profil\u00e9e est rev\u00eatue seulement sur un c\u00f4t\u00e9, la solution acide grave le m\u00e9tal seulement du c\u00f4t\u00e9 oppos\u00e9 en cr\u00e9ant un bas relief (demi-gravure) qui peut servir, par exemple, comme bord de pliage (pendant les usinages successifs), comme logement pour un autre d\u00e9tail etc.<\/p>\n\n\n\n<h3 class=\"custom-h4-fasi wp-block-heading\"><span class=\"red\">6.<\/span><strong>Stripage<\/strong><\/h3>\n\n\n\n<p>Dans le processus final de stripage on passe au retrait du rev\u00eatement de protection des plaques grav\u00e9es, en laissant les pi\u00e8ces connect\u00e9es \u00e0 la plaque avec les points d&rsquo;attache pr\u00e9vus en phase de conception. En fonction des demandes sp\u00e9cifiques de personnalisation on peut effectuer d&rsquo;autres proc\u00e9d\u00e9s de finition : traitements galvaniques, d\u00e9tachement des pi\u00e8ces de la plaque, inspection \u00e0 100 % des pi\u00e8ces produites etc. Pour finir, les produits sont emball\u00e9s selon nos standards de qualit\u00e9 ou, si demand\u00e9, aussi selon les consignes de nos clients.<\/p>\n\n\n\n<hr class=\"wp-block-separator has-text-color has-background has-cyan-bluish-gray-background-color has-cyan-bluish-gray-color is-style-wide\"\/>\n\n\n\n<h2 class=\"wp-block-heading\"><strong>Les avantages de la photogravure chimique<\/strong><\/h2>\n\n\n\n<p> Les avantages de la photogravure chimique sont nombreux. De la grande qualit\u00e9 du r\u00e9sultat \u00e0 la vitesse des temps de production, \u00e0 la r\u00e9duction des co\u00fbts, au maintien des caract\u00e9ristiques chimiques et physiques des mat\u00e9riaux utilis\u00e9s. <\/p>\n\n\n\n<ul class=\"custom-list-colored wp-block-list\"><li> D\u00e9coupe nette et pr\u00e9cise <\/li><li>Pr\u00e9cision des d\u00e9tails<\/li><li> Vitesse de production <\/li><li> Co\u00fbts contenus <\/li><li>Mat\u00e9riaux non-alt\u00e9r\u00e9s<\/li><li>Absence totale de bavures d&rsquo;usinage<\/li><\/ul>\n\n\n\n<div class=\"wp-block-buttons is-layout-flex wp-block-buttons-is-layout-flex\">\n<div class=\"wp-block-button\"><a class=\"wp-block-button__link\" href=\"https:\/\/www.chimimetal.com\/fr\/nous-contacter\/\">Demander un devis<\/a><\/div>\n<\/div>\n\n\n\n<hr class=\"wp-block-separator has-text-color has-background has-cyan-bluish-gray-background-color has-cyan-bluish-gray-color is-style-wide\"\/>\n\n\n\n<h2 class=\"wp-block-heading\"><strong>Les champs d&rsquo;application de la photogravure chimique<\/strong><\/h2>\n\n\n\n<p>Les champs d&rsquo;application de la photogravure chimique sont vraiment nombreux et concernent diff\u00e9rents secteurs: <\/p>\n\n\n\n<div class=\"wp-block-columns is-layout-flex wp-container-core-columns-is-layout-1 wp-block-columns-is-layout-flex\">\n<div class=\"wp-block-column is-layout-flow wp-block-column-is-layout-flow\">\n<ul class=\"custom-list-colored wp-block-list\"><li> <a href=\"https:\/\/www.chimimetal.com\/fr\/electronique-et-mecanique\/\">\u00c9lectronique<\/a>  <\/li><li> M\u00e9canique <\/li><li> Informatique <\/li><li> <a href=\"https:\/\/www.chimimetal.com\/fr\/automobile\/\">Industrie automobile <\/a><\/li><li> Moteurs \u00e9lectriques <\/li><\/ul>\n<\/div>\n\n\n\n<div class=\"wp-block-column is-layout-flow wp-block-column-is-layout-flow\">\n<ul class=\"custom-list-colored wp-block-list\"><li> Balances <\/li><li> <a href=\"https:\/\/www.chimimetal.com\/fr\/design-et-bijouterie\/\">Accessoires pour la mode<\/a> <\/li><li> Mod\u00e9lisme pour ciel, terre et mer <\/li><li> Instruments de mesure <\/li><li> Instituts de recherche <\/li><\/ul>\n<\/div>\n\n\n\n<div class=\"wp-block-column is-layout-flow wp-block-column-is-layout-flow\">\n<ul class=\"custom-list-colored wp-block-list\"><li> Industrie textile <\/li><li> Dispositifs \u00e9lectro-m\u00e9dicaux <\/li><li> Instruments scientifiques <\/li><li> <a href=\"https:\/\/www.chimimetal.com\/fr\/lunetterie\/\">Lunetterie<\/a> <\/li><\/ul>\n<\/div>\n<\/div>\n","protected":false},"excerpt":{"rendered":"<p>TECHNIQUE DE PHOTOGRAVURE CHIMIQUE La photogravure chimique comme&nbsp; alternative aux &#8230; <\/p>\n<p class=\"read-more-container\"><a title=\"PHOTOGRAVURE CHIMIQUE\" class=\"read-more button\" href=\"https:\/\/www.chimimetal.com\/fr\/technique-photogravure-chimique\/#more-3262\">Lire la suite<span class=\"screen-reader-text\">PHOTOGRAVURE CHIMIQUE<\/span><\/a><\/p>\n","protected":false},"author":2,"featured_media":0,"parent":0,"menu_order":0,"comment_status":"closed","ping_status":"closed","template":"","meta":{"_acf_changed":false,"footnotes":""},"class_list":["post-3262","page","type-page","status-publish"],"acf":[],"yoast_head":"<!-- This site is optimized with the Yoast SEO plugin v26.8 - https:\/\/yoast.com\/product\/yoast-seo-wordpress\/ -->\n<title>Technique de photogravure chimique - Chimimetal<\/title>\n<meta name=\"description\" content=\"Fa\u00e7onnez vos objets design en m\u00e9tal et tout mat\u00e9riau gr\u00e2ce \u00e0 la technique de photogravure chimique. Contactez-nous pour cr\u00e9er votre id\u00e9e ensemble.\" \/>\n<meta name=\"robots\" content=\"index, follow, max-snippet:-1, max-image-preview:large, max-video-preview:-1\" \/>\n<link rel=\"canonical\" href=\"https:\/\/www.chimimetal.com\/fototranciatura\/\" \/>\n<meta property=\"og:locale\" content=\"fr_FR\" \/>\n<meta property=\"og:type\" content=\"article\" \/>\n<meta property=\"og:title\" content=\"Technique de photogravure chimique - Chimimetal\" \/>\n<meta property=\"og:description\" content=\"Fa\u00e7onnez vos objets design en m\u00e9tal et tout mat\u00e9riau gr\u00e2ce \u00e0 la technique de photogravure chimique. Contactez-nous pour cr\u00e9er votre id\u00e9e ensemble.\" \/>\n<meta property=\"og:url\" content=\"https:\/\/www.chimimetal.com\/fototranciatura\/\" \/>\n<meta property=\"og:site_name\" content=\"Chimimetal\" \/>\n<meta property=\"article:modified_time\" content=\"2022-07-05T09:06:49+00:00\" \/>\n<meta property=\"og:image\" content=\"http:\/\/restyle.chimimetal.com\/wp-content\/uploads\/2020\/03\/Bitmap.jpg\" \/>\n<meta name=\"twitter:card\" content=\"summary_large_image\" \/>\n<meta name=\"twitter:label1\" content=\"Dur\u00e9e de lecture estim\u00e9e\" \/>\n\t<meta name=\"twitter:data1\" content=\"4 minutes\" \/>\n<script type=\"application\/ld+json\" class=\"yoast-schema-graph\">{\"@context\":\"https:\/\/schema.org\",\"@graph\":[{\"@type\":\"WebPage\",\"@id\":\"https:\/\/www.chimimetal.com\/fototranciatura\/\",\"url\":\"https:\/\/www.chimimetal.com\/fototranciatura\/\",\"name\":\"Technique de photogravure chimique - Chimimetal\",\"isPartOf\":{\"@id\":\"https:\/\/www.chimimetal.com\/#website\"},\"primaryImageOfPage\":{\"@id\":\"https:\/\/www.chimimetal.com\/fototranciatura\/#primaryimage\"},\"image\":{\"@id\":\"https:\/\/www.chimimetal.com\/fototranciatura\/#primaryimage\"},\"thumbnailUrl\":\"http:\/\/restyle.chimimetal.com\/wp-content\/uploads\/2020\/03\/Bitmap.jpg\",\"datePublished\":\"2020-04-29T11:01:39+00:00\",\"dateModified\":\"2022-07-05T09:06:49+00:00\",\"description\":\"Fa\u00e7onnez vos objets design en m\u00e9tal et tout mat\u00e9riau gr\u00e2ce \u00e0 la technique de photogravure chimique. Contactez-nous pour cr\u00e9er votre id\u00e9e ensemble.\",\"breadcrumb\":{\"@id\":\"https:\/\/www.chimimetal.com\/fototranciatura\/#breadcrumb\"},\"inLanguage\":\"fr-FR\",\"potentialAction\":[{\"@type\":\"ReadAction\",\"target\":[\"https:\/\/www.chimimetal.com\/fototranciatura\/\"]}]},{\"@type\":\"ImageObject\",\"inLanguage\":\"fr-FR\",\"@id\":\"https:\/\/www.chimimetal.com\/fototranciatura\/#primaryimage\",\"url\":\"http:\/\/restyle.chimimetal.com\/wp-content\/uploads\/2020\/03\/Bitmap.jpg\",\"contentUrl\":\"http:\/\/restyle.chimimetal.com\/wp-content\/uploads\/2020\/03\/Bitmap.jpg\"},{\"@type\":\"BreadcrumbList\",\"@id\":\"https:\/\/www.chimimetal.com\/fototranciatura\/#breadcrumb\",\"itemListElement\":[{\"@type\":\"ListItem\",\"position\":1,\"name\":\"Home\",\"item\":\"https:\/\/www.chimimetal.com\/fr\/\"},{\"@type\":\"ListItem\",\"position\":2,\"name\":\"PHOTOGRAVURE CHIMIQUE\"}]},{\"@type\":\"WebSite\",\"@id\":\"https:\/\/www.chimimetal.com\/#website\",\"url\":\"https:\/\/www.chimimetal.com\/\",\"name\":\"Chimimetal\",\"description\":\"\",\"publisher\":{\"@id\":\"https:\/\/www.chimimetal.com\/#organization\"},\"potentialAction\":[{\"@type\":\"SearchAction\",\"target\":{\"@type\":\"EntryPoint\",\"urlTemplate\":\"https:\/\/www.chimimetal.com\/?s={search_term_string}\"},\"query-input\":{\"@type\":\"PropertyValueSpecification\",\"valueRequired\":true,\"valueName\":\"search_term_string\"}}],\"inLanguage\":\"fr-FR\"},{\"@type\":\"Organization\",\"@id\":\"https:\/\/www.chimimetal.com\/#organization\",\"name\":\"Chimimetal\",\"url\":\"https:\/\/www.chimimetal.com\/\",\"logo\":{\"@type\":\"ImageObject\",\"inLanguage\":\"fr-FR\",\"@id\":\"https:\/\/www.chimimetal.com\/#\/schema\/logo\/image\/\",\"url\":\"https:\/\/www.chimimetal.com\/wp-content\/uploads\/2020\/03\/logo-main.png\",\"contentUrl\":\"https:\/\/www.chimimetal.com\/wp-content\/uploads\/2020\/03\/logo-main.png\",\"width\":400,\"height\":130,\"caption\":\"Chimimetal\"},\"image\":{\"@id\":\"https:\/\/www.chimimetal.com\/#\/schema\/logo\/image\/\"}}]}<\/script>\n<!-- \/ Yoast SEO plugin. -->","yoast_head_json":{"title":"Technique de photogravure chimique - Chimimetal","description":"Fa\u00e7onnez vos objets design en m\u00e9tal et tout mat\u00e9riau gr\u00e2ce \u00e0 la technique de photogravure chimique. Contactez-nous pour cr\u00e9er votre id\u00e9e ensemble.","robots":{"index":"index","follow":"follow","max-snippet":"max-snippet:-1","max-image-preview":"max-image-preview:large","max-video-preview":"max-video-preview:-1"},"canonical":"https:\/\/www.chimimetal.com\/fototranciatura\/","og_locale":"fr_FR","og_type":"article","og_title":"Technique de photogravure chimique - Chimimetal","og_description":"Fa\u00e7onnez vos objets design en m\u00e9tal et tout mat\u00e9riau gr\u00e2ce \u00e0 la technique de photogravure chimique. Contactez-nous pour cr\u00e9er votre id\u00e9e ensemble.","og_url":"https:\/\/www.chimimetal.com\/fototranciatura\/","og_site_name":"Chimimetal","article_modified_time":"2022-07-05T09:06:49+00:00","og_image":[{"url":"http:\/\/restyle.chimimetal.com\/wp-content\/uploads\/2020\/03\/Bitmap.jpg","type":"","width":"","height":""}],"twitter_card":"summary_large_image","twitter_misc":{"Dur\u00e9e de lecture estim\u00e9e":"4 minutes"},"schema":{"@context":"https:\/\/schema.org","@graph":[{"@type":"WebPage","@id":"https:\/\/www.chimimetal.com\/fototranciatura\/","url":"https:\/\/www.chimimetal.com\/fototranciatura\/","name":"Technique de photogravure chimique - Chimimetal","isPartOf":{"@id":"https:\/\/www.chimimetal.com\/#website"},"primaryImageOfPage":{"@id":"https:\/\/www.chimimetal.com\/fototranciatura\/#primaryimage"},"image":{"@id":"https:\/\/www.chimimetal.com\/fototranciatura\/#primaryimage"},"thumbnailUrl":"http:\/\/restyle.chimimetal.com\/wp-content\/uploads\/2020\/03\/Bitmap.jpg","datePublished":"2020-04-29T11:01:39+00:00","dateModified":"2022-07-05T09:06:49+00:00","description":"Fa\u00e7onnez vos objets design en m\u00e9tal et tout mat\u00e9riau gr\u00e2ce \u00e0 la technique de photogravure chimique. Contactez-nous pour cr\u00e9er votre id\u00e9e ensemble.","breadcrumb":{"@id":"https:\/\/www.chimimetal.com\/fototranciatura\/#breadcrumb"},"inLanguage":"fr-FR","potentialAction":[{"@type":"ReadAction","target":["https:\/\/www.chimimetal.com\/fototranciatura\/"]}]},{"@type":"ImageObject","inLanguage":"fr-FR","@id":"https:\/\/www.chimimetal.com\/fototranciatura\/#primaryimage","url":"http:\/\/restyle.chimimetal.com\/wp-content\/uploads\/2020\/03\/Bitmap.jpg","contentUrl":"http:\/\/restyle.chimimetal.com\/wp-content\/uploads\/2020\/03\/Bitmap.jpg"},{"@type":"BreadcrumbList","@id":"https:\/\/www.chimimetal.com\/fototranciatura\/#breadcrumb","itemListElement":[{"@type":"ListItem","position":1,"name":"Home","item":"https:\/\/www.chimimetal.com\/fr\/"},{"@type":"ListItem","position":2,"name":"PHOTOGRAVURE CHIMIQUE"}]},{"@type":"WebSite","@id":"https:\/\/www.chimimetal.com\/#website","url":"https:\/\/www.chimimetal.com\/","name":"Chimimetal","description":"","publisher":{"@id":"https:\/\/www.chimimetal.com\/#organization"},"potentialAction":[{"@type":"SearchAction","target":{"@type":"EntryPoint","urlTemplate":"https:\/\/www.chimimetal.com\/?s={search_term_string}"},"query-input":{"@type":"PropertyValueSpecification","valueRequired":true,"valueName":"search_term_string"}}],"inLanguage":"fr-FR"},{"@type":"Organization","@id":"https:\/\/www.chimimetal.com\/#organization","name":"Chimimetal","url":"https:\/\/www.chimimetal.com\/","logo":{"@type":"ImageObject","inLanguage":"fr-FR","@id":"https:\/\/www.chimimetal.com\/#\/schema\/logo\/image\/","url":"https:\/\/www.chimimetal.com\/wp-content\/uploads\/2020\/03\/logo-main.png","contentUrl":"https:\/\/www.chimimetal.com\/wp-content\/uploads\/2020\/03\/logo-main.png","width":400,"height":130,"caption":"Chimimetal"},"image":{"@id":"https:\/\/www.chimimetal.com\/#\/schema\/logo\/image\/"}}]}},"_links":{"self":[{"href":"https:\/\/www.chimimetal.com\/fr\/wp-json\/wp\/v2\/pages\/3262","targetHints":{"allow":["GET"]}}],"collection":[{"href":"https:\/\/www.chimimetal.com\/fr\/wp-json\/wp\/v2\/pages"}],"about":[{"href":"https:\/\/www.chimimetal.com\/fr\/wp-json\/wp\/v2\/types\/page"}],"author":[{"embeddable":true,"href":"https:\/\/www.chimimetal.com\/fr\/wp-json\/wp\/v2\/users\/2"}],"replies":[{"embeddable":true,"href":"https:\/\/www.chimimetal.com\/fr\/wp-json\/wp\/v2\/comments?post=3262"}],"version-history":[{"count":13,"href":"https:\/\/www.chimimetal.com\/fr\/wp-json\/wp\/v2\/pages\/3262\/revisions"}],"predecessor-version":[{"id":4351,"href":"https:\/\/www.chimimetal.com\/fr\/wp-json\/wp\/v2\/pages\/3262\/revisions\/4351"}],"wp:attachment":[{"href":"https:\/\/www.chimimetal.com\/fr\/wp-json\/wp\/v2\/media?parent=3262"}],"curies":[{"name":"wp","href":"https:\/\/api.w.org\/{rel}","templated":true}]}}