{"id":3277,"date":"2020-04-29T14:58:02","date_gmt":"2020-04-29T12:58:02","guid":{"rendered":"http:\/\/chimimetal.localhost\/combinato\/"},"modified":"2022-07-05T11:11:45","modified_gmt":"2022-07-05T09:11:45","slug":"decoupe-laser-et-gravure-chimique-acier-aluminium","status":"publish","type":"page","link":"https:\/\/www.chimimetal.com\/fr\/decoupe-laser-et-gravure-chimique-acier-aluminium\/","title":{"rendered":"D\u00c9COUPE COMBIN\u00c9E"},"content":{"rendered":"\n<h1 class=\"wp-block-heading\"><strong>D\u00c9COUPE LASER ET GRAVURE CHIMIQUE SUR ACIER ALUMINIUM ET AUTRES M\u00c9TAUX<\/strong> <\/h1>\n\n\n\n<h2 class=\"wp-block-heading\"><strong>Deux technologies qui se compl\u00e8tent<\/strong><\/h2>\n\n\n\n<p>Associer la technologie de la photogravure chimique avec celle de la d\u00e9coupe laser est sans doute l\u2019arme gagnante pour arriver \u00e0 r\u00e9aliser des produits aux d\u00e9tails tr\u00e8s complexes au niveau graphique et \u00eatre ainsi en mesure de satisfaire toutes les demandes de nos clients. <\/p>\n\n\n\n<p>Pour cette raison, la d\u00e9coupe combin\u00e9e de photogravure chimique et d\u00e9coupe laser est id\u00e9ale pour offrir des solutions de tr\u00e8s grande qualit\u00e9, gr\u00e2ce au mariage parfait de la pr\u00e9cision du laser et des g\u00e9om\u00e9tries complexes grav\u00e9es chimiquement. <\/p>\n\n\n\n<h2 class=\"wp-block-heading\"><strong>Les m\u00e9taux qui peuvent \u00eatre utilis\u00e9s<\/strong><\/h2>\n\n\n\n<p>La technique de la d\u00e9coupe laser et de la photogravure chimique peut \u00eatre utilis\u00e9e sur de nombreux types de m\u00e9taux, parmi lesquels:<\/p>\n\n\n\n<ul class=\"custom-list-colored wp-block-list\"><li> <a href=\"https:\/\/www.chimimetal.com\/fr\/service-decoupe-laser-co2\/decoupe-laser-acier\/\">Acier<\/a> <\/li><li> <a href=\"https:\/\/www.chimimetal.com\/fr\/service-decoupe-laser-co2\/decoupe-laser-aluminium\/\">Aluminium<\/a> <\/li><li> <a href=\"https:\/\/www.chimimetal.com\/fr\/service-decoupe-laser-co2\/decoupe-laser-laiton\/\">Laiton<\/a> <\/li><li> <a href=\"https:\/\/www.chimimetal.com\/fr\/service-decoupe-laser-co2\/decoupe-laser-cuivre\/\">Cuivre<\/a> <\/li><li> <a href=\"https:\/\/www.chimimetal.com\/fr\/service-decoupe-laser-co2\/decoupe-laser-titane\/\">Titane<\/a> <\/li><li> Fer <\/li><li> Alpaca <\/li><\/ul>\n\n\n\n<hr class=\"wp-block-separator is-style-wide\"\/>\n\n\n\n<h2 class=\"wp-block-heading\"><strong>Une technologie de haute pr\u00e9cision<\/strong><\/h2>\n\n\n\n<p>La premi\u00e8re \u00e9tape d\u2019usinage est celle de l\u2019abaissement, ou d\u00e9coupe chimique, suivie de la d\u00e9coupe des p\u00e9rim\u00e8tres et autres d\u00e9tails \u00e0 l\u2019aide de la technologie de d\u00e9coupe laser, qui garantit une pr\u00e9cision absolue (jusqu\u2019\u00e0 0,05 mm) gr\u00e2ce au syst\u00e8me de centrage optique sophistiqu\u00e9 dont elle est \u00e9quip\u00e9e. <\/p>\n\n\n\n<h2 class=\"wp-block-heading\"><strong>Les avantages de la gravure chimique combin\u00e9 avec la decoupe laser<\/strong> <\/h2>\n\n\n\n<p>La d\u00e9coupe combin\u00e9e pr\u00e9sente les avantages des deux technologies, en particulier: <\/p>\n\n\n\n<ul class=\"custom-list-colored wp-block-list\"><li>pr\u00e9cision extr\u00eame garantie par le syst\u00e8me de centrage optique, qui fait en sorte de rendre les deux usinages parfaitement en axe entre eux. Une tr\u00e8s grande pr\u00e9cision est essentielle dans des secteurs sp\u00e9cifiques, par exemple la micro-\u00e9lectronique.<\/li><li>polyvalence et la flexibilit\u00e9 de la technologie de la photogravure<\/li><li>propret\u00e9 de la d\u00e9coupe et pr\u00e9cision des gravures gr\u00e2ce \u00e0 la technologie laser<\/li><li>r\u00e9duction des co\u00fbts d&rsquo;\u00e9quipement et des d\u00e9lais d&rsquo;usinage : l&rsquo;usinage principal est effectu\u00e9 par photo gravure et ensuite seuls les d\u00e9tails n\u00e9cessaires sont d\u00e9finis avec la d\u00e9coupe laser.<\/li><li>possibilit\u00e9 de personnaliser avec soin le produit selon les attentes et les exigences sp\u00e9cifiques du client.<\/li><\/ul>\n\n\n\n<div class=\"wp-block-buttons is-layout-flex wp-block-buttons-is-layout-flex\">\n<div class=\"wp-block-button\"><a class=\"wp-block-button__link\" href=\"https:\/\/www.chimimetal.com\/fr\/nous-contacter\/\">Demander un devis<\/a><\/div>\n<\/div>\n","protected":false},"excerpt":{"rendered":"<p>D\u00c9COUPE LASER ET GRAVURE CHIMIQUE SUR ACIER ALUMINIUM ET AUTRES &#8230; <\/p>\n<p class=\"read-more-container\"><a title=\"D\u00c9COUPE COMBIN\u00c9E\" class=\"read-more button\" href=\"https:\/\/www.chimimetal.com\/fr\/decoupe-laser-et-gravure-chimique-acier-aluminium\/#more-3277\">Lire la suite<span class=\"screen-reader-text\">D\u00c9COUPE COMBIN\u00c9E<\/span><\/a><\/p>\n","protected":false},"author":2,"featured_media":0,"parent":0,"menu_order":0,"comment_status":"closed","ping_status":"closed","template":"","meta":{"_acf_changed":false,"footnotes":""},"class_list":["post-3277","page","type-page","status-publish"],"acf":[],"yoast_head":"<!-- This site is optimized with the Yoast SEO plugin v26.8 - https:\/\/yoast.com\/product\/yoast-seo-wordpress\/ -->\n<title>D\u00e9coupe laser et gravure chimique sur acier aluminium - Chimimetal<\/title>\n<meta name=\"description\" content=\"Profitez du potentiel de la gravure chimique combin\u00e9 avec la d\u00e9coupe laser pour cr\u00e9er des objets de pr\u00e9cision en aluminium et acier. Contactez-nous\" \/>\n<meta name=\"robots\" content=\"index, follow, max-snippet:-1, max-image-preview:large, max-video-preview:-1\" \/>\n<link rel=\"canonical\" href=\"https:\/\/www.chimimetal.com\/combinato\/\" \/>\n<meta property=\"og:locale\" content=\"fr_FR\" \/>\n<meta property=\"og:type\" content=\"article\" \/>\n<meta property=\"og:title\" content=\"D\u00e9coupe laser et gravure chimique sur acier aluminium - Chimimetal\" \/>\n<meta property=\"og:description\" content=\"Profitez du potentiel de la gravure chimique combin\u00e9 avec la d\u00e9coupe laser pour cr\u00e9er des objets de pr\u00e9cision en aluminium et acier. Contactez-nous\" \/>\n<meta property=\"og:url\" content=\"https:\/\/www.chimimetal.com\/combinato\/\" \/>\n<meta property=\"og:site_name\" content=\"Chimimetal\" \/>\n<meta property=\"article:modified_time\" content=\"2022-07-05T09:11:45+00:00\" \/>\n<meta name=\"twitter:card\" content=\"summary_large_image\" \/>\n<meta name=\"twitter:label1\" content=\"Dur\u00e9e de lecture estim\u00e9e\" \/>\n\t<meta name=\"twitter:data1\" content=\"2 minutes\" \/>\n<script type=\"application\/ld+json\" class=\"yoast-schema-graph\">{\"@context\":\"https:\/\/schema.org\",\"@graph\":[{\"@type\":\"WebPage\",\"@id\":\"https:\/\/www.chimimetal.com\/combinato\/\",\"url\":\"https:\/\/www.chimimetal.com\/combinato\/\",\"name\":\"D\u00e9coupe laser et gravure chimique sur acier aluminium - Chimimetal\",\"isPartOf\":{\"@id\":\"https:\/\/www.chimimetal.com\/#website\"},\"datePublished\":\"2020-04-29T12:58:02+00:00\",\"dateModified\":\"2022-07-05T09:11:45+00:00\",\"description\":\"Profitez du potentiel de la gravure chimique combin\u00e9 avec la d\u00e9coupe laser pour cr\u00e9er des objets de pr\u00e9cision en aluminium et acier. Contactez-nous\",\"breadcrumb\":{\"@id\":\"https:\/\/www.chimimetal.com\/combinato\/#breadcrumb\"},\"inLanguage\":\"fr-FR\",\"potentialAction\":[{\"@type\":\"ReadAction\",\"target\":[\"https:\/\/www.chimimetal.com\/combinato\/\"]}]},{\"@type\":\"BreadcrumbList\",\"@id\":\"https:\/\/www.chimimetal.com\/combinato\/#breadcrumb\",\"itemListElement\":[{\"@type\":\"ListItem\",\"position\":1,\"name\":\"Home\",\"item\":\"https:\/\/www.chimimetal.com\/fr\/\"},{\"@type\":\"ListItem\",\"position\":2,\"name\":\"D\u00c9COUPE COMBIN\u00c9E\"}]},{\"@type\":\"WebSite\",\"@id\":\"https:\/\/www.chimimetal.com\/#website\",\"url\":\"https:\/\/www.chimimetal.com\/\",\"name\":\"Chimimetal\",\"description\":\"\",\"publisher\":{\"@id\":\"https:\/\/www.chimimetal.com\/#organization\"},\"potentialAction\":[{\"@type\":\"SearchAction\",\"target\":{\"@type\":\"EntryPoint\",\"urlTemplate\":\"https:\/\/www.chimimetal.com\/?s={search_term_string}\"},\"query-input\":{\"@type\":\"PropertyValueSpecification\",\"valueRequired\":true,\"valueName\":\"search_term_string\"}}],\"inLanguage\":\"fr-FR\"},{\"@type\":\"Organization\",\"@id\":\"https:\/\/www.chimimetal.com\/#organization\",\"name\":\"Chimimetal\",\"url\":\"https:\/\/www.chimimetal.com\/\",\"logo\":{\"@type\":\"ImageObject\",\"inLanguage\":\"fr-FR\",\"@id\":\"https:\/\/www.chimimetal.com\/#\/schema\/logo\/image\/\",\"url\":\"https:\/\/www.chimimetal.com\/wp-content\/uploads\/2020\/03\/logo-main.png\",\"contentUrl\":\"https:\/\/www.chimimetal.com\/wp-content\/uploads\/2020\/03\/logo-main.png\",\"width\":400,\"height\":130,\"caption\":\"Chimimetal\"},\"image\":{\"@id\":\"https:\/\/www.chimimetal.com\/#\/schema\/logo\/image\/\"}}]}<\/script>\n<!-- \/ Yoast SEO plugin. -->","yoast_head_json":{"title":"D\u00e9coupe laser et gravure chimique sur acier aluminium - Chimimetal","description":"Profitez du potentiel de la gravure chimique combin\u00e9 avec la d\u00e9coupe laser pour cr\u00e9er des objets de pr\u00e9cision en aluminium et acier. Contactez-nous","robots":{"index":"index","follow":"follow","max-snippet":"max-snippet:-1","max-image-preview":"max-image-preview:large","max-video-preview":"max-video-preview:-1"},"canonical":"https:\/\/www.chimimetal.com\/combinato\/","og_locale":"fr_FR","og_type":"article","og_title":"D\u00e9coupe laser et gravure chimique sur acier aluminium - Chimimetal","og_description":"Profitez du potentiel de la gravure chimique combin\u00e9 avec la d\u00e9coupe laser pour cr\u00e9er des objets de pr\u00e9cision en aluminium et acier. Contactez-nous","og_url":"https:\/\/www.chimimetal.com\/combinato\/","og_site_name":"Chimimetal","article_modified_time":"2022-07-05T09:11:45+00:00","twitter_card":"summary_large_image","twitter_misc":{"Dur\u00e9e de lecture estim\u00e9e":"2 minutes"},"schema":{"@context":"https:\/\/schema.org","@graph":[{"@type":"WebPage","@id":"https:\/\/www.chimimetal.com\/combinato\/","url":"https:\/\/www.chimimetal.com\/combinato\/","name":"D\u00e9coupe laser et gravure chimique sur acier aluminium - Chimimetal","isPartOf":{"@id":"https:\/\/www.chimimetal.com\/#website"},"datePublished":"2020-04-29T12:58:02+00:00","dateModified":"2022-07-05T09:11:45+00:00","description":"Profitez du potentiel de la gravure chimique combin\u00e9 avec la d\u00e9coupe laser pour cr\u00e9er des objets de pr\u00e9cision en aluminium et acier. Contactez-nous","breadcrumb":{"@id":"https:\/\/www.chimimetal.com\/combinato\/#breadcrumb"},"inLanguage":"fr-FR","potentialAction":[{"@type":"ReadAction","target":["https:\/\/www.chimimetal.com\/combinato\/"]}]},{"@type":"BreadcrumbList","@id":"https:\/\/www.chimimetal.com\/combinato\/#breadcrumb","itemListElement":[{"@type":"ListItem","position":1,"name":"Home","item":"https:\/\/www.chimimetal.com\/fr\/"},{"@type":"ListItem","position":2,"name":"D\u00c9COUPE COMBIN\u00c9E"}]},{"@type":"WebSite","@id":"https:\/\/www.chimimetal.com\/#website","url":"https:\/\/www.chimimetal.com\/","name":"Chimimetal","description":"","publisher":{"@id":"https:\/\/www.chimimetal.com\/#organization"},"potentialAction":[{"@type":"SearchAction","target":{"@type":"EntryPoint","urlTemplate":"https:\/\/www.chimimetal.com\/?s={search_term_string}"},"query-input":{"@type":"PropertyValueSpecification","valueRequired":true,"valueName":"search_term_string"}}],"inLanguage":"fr-FR"},{"@type":"Organization","@id":"https:\/\/www.chimimetal.com\/#organization","name":"Chimimetal","url":"https:\/\/www.chimimetal.com\/","logo":{"@type":"ImageObject","inLanguage":"fr-FR","@id":"https:\/\/www.chimimetal.com\/#\/schema\/logo\/image\/","url":"https:\/\/www.chimimetal.com\/wp-content\/uploads\/2020\/03\/logo-main.png","contentUrl":"https:\/\/www.chimimetal.com\/wp-content\/uploads\/2020\/03\/logo-main.png","width":400,"height":130,"caption":"Chimimetal"},"image":{"@id":"https:\/\/www.chimimetal.com\/#\/schema\/logo\/image\/"}}]}},"_links":{"self":[{"href":"https:\/\/www.chimimetal.com\/fr\/wp-json\/wp\/v2\/pages\/3277","targetHints":{"allow":["GET"]}}],"collection":[{"href":"https:\/\/www.chimimetal.com\/fr\/wp-json\/wp\/v2\/pages"}],"about":[{"href":"https:\/\/www.chimimetal.com\/fr\/wp-json\/wp\/v2\/types\/page"}],"author":[{"embeddable":true,"href":"https:\/\/www.chimimetal.com\/fr\/wp-json\/wp\/v2\/users\/2"}],"replies":[{"embeddable":true,"href":"https:\/\/www.chimimetal.com\/fr\/wp-json\/wp\/v2\/comments?post=3277"}],"version-history":[{"count":6,"href":"https:\/\/www.chimimetal.com\/fr\/wp-json\/wp\/v2\/pages\/3277\/revisions"}],"predecessor-version":[{"id":4353,"href":"https:\/\/www.chimimetal.com\/fr\/wp-json\/wp\/v2\/pages\/3277\/revisions\/4353"}],"wp:attachment":[{"href":"https:\/\/www.chimimetal.com\/fr\/wp-json\/wp\/v2\/media?parent=3277"}],"curies":[{"name":"wp","href":"https:\/\/api.w.org\/{rel}","templated":true}]}}