{"id":3280,"date":"2020-04-29T14:41:13","date_gmt":"2020-04-29T12:41:13","guid":{"rendered":"http:\/\/chimimetal.localhost\/taglio-laser\/"},"modified":"2022-07-05T11:12:55","modified_gmt":"2022-07-05T09:12:55","slug":"service-decoupe-laser-co2","status":"publish","type":"page","link":"https:\/\/www.chimimetal.com\/fr\/service-decoupe-laser-co2\/","title":{"rendered":"D\u00c9COUPE LASER"},"content":{"rendered":"\n<h1 class=\"wp-block-heading\"><strong>SERVICE DE LA DECOUPE LASER CO2 ET M\u00c9TAUX<\/strong> <\/h1>\n\n\n\n<h2 class=\"wp-block-heading\"><strong>La d\u00e9coupe laser&nbsp;: qu&rsquo;est-ce que c&rsquo;est et comment fonctionne-t-elle?<\/strong><\/h2>\n\n\n\n<p> Le service de la d\u00e9coupe laser \u00e0 fibre optique est une technique innovante qui est de plus en plus utilis\u00e9e par les entreprises pour obtenir une d\u00e9coupe pr\u00e9cise et un r\u00e9sultat de grande qualit\u00e9. La technique de la d\u00e9coupe laser pr\u00e9voit l\u2019utilisation d\u2019un faisceau de radiation jet\u00e9 sur la t\u00f4le \u00e0 d\u00e9couper : il est filtr\u00e9 par une loupe qui porte la surface \u00e0 la surchauffe et donc \u00e0 la fusion. En m\u00eame temps, un flux de gaz provenant de la base de la loupe est exploit\u00e9. Avec une pouss\u00e9e fluo-dynamique, il g\u00e9n\u00e8re la d\u00e9coupe de la surface en fonction de la gravure qu\u2019on souhaite obtenir.Il existe diff\u00e9rents types de d\u00e9coupes laser : \u00e0 gaz inerte, avec CO2, \u00e0 fibre, \u00e0 diode, assist\u00e9e par oxyg\u00e8ne, 2D ou 3D. <\/p>\n\n\n\n<h2 class=\"wp-block-heading\"><strong>D\u00e9coupe laser CO2<\/strong><\/h2>\n\n\n\n<p> Le service de la d\u00e9coupe laser CO2 utilise un gaz compos\u00e9 de dioxyde de carbone, qui est boug\u00e9 par pouss\u00e9e \u00e9lectrique, en g\u00e9n\u00e9rant une longueur d\u2019onde de 10 \u03bcm. Ce type de d\u00e9coupe laser a un tr\u00e8s bon rendu, en particulier sur des surfaces en t\u00f4le de grande \u00e9paisseur. <\/p>\n\n\n\n<h2 class=\"wp-block-heading\"><strong>Les avantages de la d\u00e9coupe laser<\/strong><\/h2>\n\n\n\n<p>L&rsquo;utilisation de la d\u00e9coupe laser \u00e0 fibre optique a de nombreux avantages :<\/p>\n\n\n\n<ul class=\"custom-list-colored wp-block-list\"><li>une tr\u00e8s grande pr\u00e9cision de la d\u00e9coupe, qui garantit un r\u00e9sultat de qualit\u00e9.<\/li><li>absence de co\u00fbts d&rsquo;installation, ce qui fait qu&rsquo;elle est une technique id\u00e9ale pour le d\u00e9veloppement des prototypes.<\/li><li>possibilit\u00e9 de traiter des m\u00e9taux sur lesquels il n&rsquo;est pas possible d&rsquo;effectuer la photogravure.<\/li><li>possibilit\u00e9 d&rsquo;effectuer des d\u00e9coupes sur des mat\u00e9riaux qui ont des \u00e9paisseurs tr\u00e8s \u00e9lev\u00e9es, jusqu&rsquo;\u00e0 3 mm pour l&rsquo;acier et 2 mm pour le laiton.<\/li><\/ul>\n\n\n\n<div class=\"wp-block-buttons is-layout-flex wp-block-buttons-is-layout-flex\">\n<div class=\"wp-block-button\"><a class=\"wp-block-button__link\" href=\"https:\/\/www.chimimetal.com\/fr\/nous-contacter\/\">Demander un devis<\/a><\/div>\n<\/div>\n\n\n\n<hr class=\"wp-block-separator has-text-color has-background has-very-light-gray-background-color has-very-light-gray-color is-style-wide\"\/>\n\n\n\n<h2 class=\"wp-block-heading\"><strong>Machines pour la d\u00e9coupe laser<\/strong><\/h2>\n\n\n\n<p> Les machines qui ex\u00e9cutent la technique de gravure \u00e0 d\u00e9coupe laser ont une structure de support variable selon l\u2019usinage \u00e0 effectuer et le type de m\u00e9tal \u00e0 graver, un oscillateur (la t\u00eate de d\u00e9coupe) pos\u00e9 sur les axes ou sur un bars automatis\u00e9, un \u00e9cran pour prot\u00e9ger les op\u00e9rateurs du rayons laser et un contr\u00f4le num\u00e9rique de l\u2019usinage. <\/p>\n\n\n\n<h2 class=\"wp-block-heading\">Les mat\u00e9riaux les plus ad\u00e9quats \u00e0 la technique de la d\u00e9coupe laser sont&nbsp;:<\/h2>\n\n\n\n<p>Les mat\u00e9riaux les plus adapt\u00e9s \u00e0 la technique de d\u00e9coupe laser sont:<\/p>\n\n\n\n<div class=\"wp-block-columns is-layout-flex wp-container-core-columns-is-layout-1 wp-block-columns-is-layout-flex\">\n<div class=\"wp-block-column is-layout-flow wp-block-column-is-layout-flow\">\n<ul class=\"custom-list-colored wp-block-list\"><li> <a href=\"https:\/\/www.chimimetal.com\/fr\/service-decoupe-laser-co2\/decoupe-laser-acier\/\">Acier<\/a><\/li><li><a href=\"https:\/\/www.chimimetal.com\/fr\/service-decoupe-laser-co2\/decoupe-laser-titane\/\"> Titane (B\u00e9ta-Alpha)<\/a><\/li><li><a href=\"https:\/\/www.chimimetal.com\/fr\/service-decoupe-laser-co2\/decoupe-laser-aluminium\/\"> Aluminium<\/a><\/li><li> <a href=\"https:\/\/www.chimimetal.com\/fr\/service-decoupe-laser-co2\/decoupe-laser-laiton\/\">Laiton<\/a><\/li><li> <a href=\"https:\/\/www.chimimetal.com\/fr\/service-decoupe-laser-co2\/decoupe-laser-cuivre\/\">Cuivre <\/a><\/li><li> <a href=\"https:\/\/www.chimimetal.com\/fr\/service-decoupe-laser-co2\/decoupe-laser-bronze\/\">Bronze <\/a><\/li><\/ul>\n<\/div>\n\n\n\n<div class=\"wp-block-column is-layout-flow wp-block-column-is-layout-flow\">\n<ul class=\"custom-list-colored wp-block-list\"><li> Alliages \u00e0 base de nickel, cuivre et fer <\/li><li> Lamin\u00e9s combin\u00e9s Cu\/Al <\/li><li> Super alliages (Inconel 600) <\/li><li> Molybd\u00e8ne <\/li><li> Mat\u00e9riaux pr\u00e9-galvanis\u00e9s <\/li><\/ul>\n<\/div>\n<\/div>\n\n\n \r\n\r\n   <div class=\"acf_gallery gallery\"> \r\n\r\n       \r\n\r\n         <a href=\"https:\/\/www.chimimetal.com\/wp-content\/uploads\/2021\/02\/taglio-laser-e-controllo_1.jpg\" target=\"_blank\" class=\"acf_thumbnail_item thumbnail\"> \r\n            <img decoding=\"async\" src=\"https:\/\/www.chimimetal.com\/wp-content\/uploads\/2021\/02\/taglio-laser-e-controllo_1-260x180.jpg\" alt=\"D\u00c9COUPE LASER\" \/> \r\n         <\/a> \r\n\r\n       \r\n\r\n         <a href=\"https:\/\/www.chimimetal.com\/wp-content\/uploads\/2021\/02\/taglio-laser-e-controllo_9.jpg\" target=\"_blank\" class=\"acf_thumbnail_item thumbnail\"> \r\n            <img decoding=\"async\" src=\"https:\/\/www.chimimetal.com\/wp-content\/uploads\/2021\/02\/taglio-laser-e-controllo_9-260x180.jpg\" alt=\"D\u00c9COUPE LASER\" \/> \r\n         <\/a> \r\n\r\n       \r\n\r\n         <a href=\"https:\/\/www.chimimetal.com\/wp-content\/uploads\/2021\/02\/taglio-laser-e-controllo_10.jpg\" target=\"_blank\" class=\"acf_thumbnail_item thumbnail\"> \r\n            <img decoding=\"async\" src=\"https:\/\/www.chimimetal.com\/wp-content\/uploads\/2021\/02\/taglio-laser-e-controllo_10-260x180.jpg\" alt=\"D\u00c9COUPE LASER\" \/> \r\n         <\/a> \r\n\r\n       \r\n\r\n         <a href=\"https:\/\/www.chimimetal.com\/wp-content\/uploads\/2020\/05\/taglio-laser-e-controllo.jpg\" target=\"_blank\" class=\"acf_thumbnail_item thumbnail\"> \r\n            <img decoding=\"async\" src=\"https:\/\/www.chimimetal.com\/wp-content\/uploads\/2020\/05\/taglio-laser-e-controllo-260x180.jpg\" alt=\"D\u00c9COUPE LASER\" \/> \r\n         <\/a> \r\n\r\n       \r\n\r\n         <a href=\"https:\/\/www.chimimetal.com\/wp-content\/uploads\/2020\/05\/taglio-laser-e-controllo_8.jpg\" target=\"_blank\" class=\"acf_thumbnail_item thumbnail\"> \r\n            <img decoding=\"async\" src=\"https:\/\/www.chimimetal.com\/wp-content\/uploads\/2020\/05\/taglio-laser-e-controllo_8-260x180.jpg\" alt=\"D\u00c9COUPE LASER\" \/> \r\n         <\/a> \r\n\r\n       \r\n\r\n         <a href=\"https:\/\/www.chimimetal.com\/wp-content\/uploads\/2020\/05\/taglio-laser-e-controllo_18.jpg\" target=\"_blank\" class=\"acf_thumbnail_item thumbnail\"> \r\n            <img decoding=\"async\" src=\"https:\/\/www.chimimetal.com\/wp-content\/uploads\/2020\/05\/taglio-laser-e-controllo_18-260x180.jpg\" alt=\"D\u00c9COUPE LASER\" \/> \r\n         <\/a> \r\n\r\n       \r\n      <!-- <a href=\"#\" class=\"button center\"><\/a> -->\r\n   <\/div> \r\n\r\n","protected":false},"excerpt":{"rendered":"<p>SERVICE DE LA DECOUPE LASER CO2 ET M\u00c9TAUX La d\u00e9coupe &#8230; <\/p>\n<p class=\"read-more-container\"><a title=\"D\u00c9COUPE LASER\" class=\"read-more button\" href=\"https:\/\/www.chimimetal.com\/fr\/service-decoupe-laser-co2\/#more-3280\">Lire la suite<span class=\"screen-reader-text\">D\u00c9COUPE LASER<\/span><\/a><\/p>\n","protected":false},"author":2,"featured_media":0,"parent":0,"menu_order":0,"comment_status":"closed","ping_status":"closed","template":"","meta":{"_acf_changed":false,"footnotes":""},"class_list":["post-3280","page","type-page","status-publish"],"acf":[],"yoast_head":"<!-- This site is optimized with the Yoast SEO plugin v26.8 - https:\/\/yoast.com\/product\/yoast-seo-wordpress\/ -->\n<title>Service de la decoupe laser co2 - Chimimetal<\/title>\n<meta name=\"description\" content=\"Cr\u00e9ez les meilleurs objets design avec notre service de photogravure de machine de d\u00e9coupe laser co2. Regardez nos projets et contactez-nous\" \/>\n<meta name=\"robots\" content=\"index, follow, max-snippet:-1, max-image-preview:large, max-video-preview:-1\" \/>\n<link rel=\"canonical\" href=\"https:\/\/www.chimimetal.com\/taglio-laser\/\" \/>\n<meta property=\"og:locale\" content=\"fr_FR\" \/>\n<meta property=\"og:type\" content=\"article\" \/>\n<meta property=\"og:title\" content=\"Service de la decoupe laser co2 - Chimimetal\" \/>\n<meta property=\"og:description\" content=\"Cr\u00e9ez les meilleurs objets design avec notre service de photogravure de machine de d\u00e9coupe laser co2. Regardez nos projets et contactez-nous\" \/>\n<meta property=\"og:url\" content=\"https:\/\/www.chimimetal.com\/taglio-laser\/\" \/>\n<meta property=\"og:site_name\" content=\"Chimimetal\" \/>\n<meta property=\"article:modified_time\" content=\"2022-07-05T09:12:55+00:00\" \/>\n<meta name=\"twitter:card\" content=\"summary_large_image\" \/>\n<meta name=\"twitter:label1\" content=\"Dur\u00e9e de lecture estim\u00e9e\" \/>\n\t<meta name=\"twitter:data1\" content=\"2 minutes\" \/>\n<script type=\"application\/ld+json\" class=\"yoast-schema-graph\">{\"@context\":\"https:\/\/schema.org\",\"@graph\":[{\"@type\":\"WebPage\",\"@id\":\"https:\/\/www.chimimetal.com\/taglio-laser\/\",\"url\":\"https:\/\/www.chimimetal.com\/taglio-laser\/\",\"name\":\"Service de la decoupe laser co2 - Chimimetal\",\"isPartOf\":{\"@id\":\"https:\/\/www.chimimetal.com\/#website\"},\"datePublished\":\"2020-04-29T12:41:13+00:00\",\"dateModified\":\"2022-07-05T09:12:55+00:00\",\"description\":\"Cr\u00e9ez les meilleurs objets design avec notre service de photogravure de machine de d\u00e9coupe laser co2. Regardez nos projets et contactez-nous\",\"breadcrumb\":{\"@id\":\"https:\/\/www.chimimetal.com\/taglio-laser\/#breadcrumb\"},\"inLanguage\":\"fr-FR\",\"potentialAction\":[{\"@type\":\"ReadAction\",\"target\":[\"https:\/\/www.chimimetal.com\/taglio-laser\/\"]}]},{\"@type\":\"BreadcrumbList\",\"@id\":\"https:\/\/www.chimimetal.com\/taglio-laser\/#breadcrumb\",\"itemListElement\":[{\"@type\":\"ListItem\",\"position\":1,\"name\":\"Home\",\"item\":\"https:\/\/www.chimimetal.com\/fr\/\"},{\"@type\":\"ListItem\",\"position\":2,\"name\":\"D\u00c9COUPE LASER\"}]},{\"@type\":\"WebSite\",\"@id\":\"https:\/\/www.chimimetal.com\/#website\",\"url\":\"https:\/\/www.chimimetal.com\/\",\"name\":\"Chimimetal\",\"description\":\"\",\"publisher\":{\"@id\":\"https:\/\/www.chimimetal.com\/#organization\"},\"potentialAction\":[{\"@type\":\"SearchAction\",\"target\":{\"@type\":\"EntryPoint\",\"urlTemplate\":\"https:\/\/www.chimimetal.com\/?s={search_term_string}\"},\"query-input\":{\"@type\":\"PropertyValueSpecification\",\"valueRequired\":true,\"valueName\":\"search_term_string\"}}],\"inLanguage\":\"fr-FR\"},{\"@type\":\"Organization\",\"@id\":\"https:\/\/www.chimimetal.com\/#organization\",\"name\":\"Chimimetal\",\"url\":\"https:\/\/www.chimimetal.com\/\",\"logo\":{\"@type\":\"ImageObject\",\"inLanguage\":\"fr-FR\",\"@id\":\"https:\/\/www.chimimetal.com\/#\/schema\/logo\/image\/\",\"url\":\"https:\/\/www.chimimetal.com\/wp-content\/uploads\/2020\/03\/logo-main.png\",\"contentUrl\":\"https:\/\/www.chimimetal.com\/wp-content\/uploads\/2020\/03\/logo-main.png\",\"width\":400,\"height\":130,\"caption\":\"Chimimetal\"},\"image\":{\"@id\":\"https:\/\/www.chimimetal.com\/#\/schema\/logo\/image\/\"}}]}<\/script>\n<!-- \/ Yoast SEO plugin. -->","yoast_head_json":{"title":"Service de la decoupe laser co2 - Chimimetal","description":"Cr\u00e9ez les meilleurs objets design avec notre service de photogravure de machine de d\u00e9coupe laser co2. Regardez nos projets et contactez-nous","robots":{"index":"index","follow":"follow","max-snippet":"max-snippet:-1","max-image-preview":"max-image-preview:large","max-video-preview":"max-video-preview:-1"},"canonical":"https:\/\/www.chimimetal.com\/taglio-laser\/","og_locale":"fr_FR","og_type":"article","og_title":"Service de la decoupe laser co2 - Chimimetal","og_description":"Cr\u00e9ez les meilleurs objets design avec notre service de photogravure de machine de d\u00e9coupe laser co2. Regardez nos projets et contactez-nous","og_url":"https:\/\/www.chimimetal.com\/taglio-laser\/","og_site_name":"Chimimetal","article_modified_time":"2022-07-05T09:12:55+00:00","twitter_card":"summary_large_image","twitter_misc":{"Dur\u00e9e de lecture estim\u00e9e":"2 minutes"},"schema":{"@context":"https:\/\/schema.org","@graph":[{"@type":"WebPage","@id":"https:\/\/www.chimimetal.com\/taglio-laser\/","url":"https:\/\/www.chimimetal.com\/taglio-laser\/","name":"Service de la decoupe laser co2 - Chimimetal","isPartOf":{"@id":"https:\/\/www.chimimetal.com\/#website"},"datePublished":"2020-04-29T12:41:13+00:00","dateModified":"2022-07-05T09:12:55+00:00","description":"Cr\u00e9ez les meilleurs objets design avec notre service de photogravure de machine de d\u00e9coupe laser co2. Regardez nos projets et contactez-nous","breadcrumb":{"@id":"https:\/\/www.chimimetal.com\/taglio-laser\/#breadcrumb"},"inLanguage":"fr-FR","potentialAction":[{"@type":"ReadAction","target":["https:\/\/www.chimimetal.com\/taglio-laser\/"]}]},{"@type":"BreadcrumbList","@id":"https:\/\/www.chimimetal.com\/taglio-laser\/#breadcrumb","itemListElement":[{"@type":"ListItem","position":1,"name":"Home","item":"https:\/\/www.chimimetal.com\/fr\/"},{"@type":"ListItem","position":2,"name":"D\u00c9COUPE LASER"}]},{"@type":"WebSite","@id":"https:\/\/www.chimimetal.com\/#website","url":"https:\/\/www.chimimetal.com\/","name":"Chimimetal","description":"","publisher":{"@id":"https:\/\/www.chimimetal.com\/#organization"},"potentialAction":[{"@type":"SearchAction","target":{"@type":"EntryPoint","urlTemplate":"https:\/\/www.chimimetal.com\/?s={search_term_string}"},"query-input":{"@type":"PropertyValueSpecification","valueRequired":true,"valueName":"search_term_string"}}],"inLanguage":"fr-FR"},{"@type":"Organization","@id":"https:\/\/www.chimimetal.com\/#organization","name":"Chimimetal","url":"https:\/\/www.chimimetal.com\/","logo":{"@type":"ImageObject","inLanguage":"fr-FR","@id":"https:\/\/www.chimimetal.com\/#\/schema\/logo\/image\/","url":"https:\/\/www.chimimetal.com\/wp-content\/uploads\/2020\/03\/logo-main.png","contentUrl":"https:\/\/www.chimimetal.com\/wp-content\/uploads\/2020\/03\/logo-main.png","width":400,"height":130,"caption":"Chimimetal"},"image":{"@id":"https:\/\/www.chimimetal.com\/#\/schema\/logo\/image\/"}}]}},"_links":{"self":[{"href":"https:\/\/www.chimimetal.com\/fr\/wp-json\/wp\/v2\/pages\/3280","targetHints":{"allow":["GET"]}}],"collection":[{"href":"https:\/\/www.chimimetal.com\/fr\/wp-json\/wp\/v2\/pages"}],"about":[{"href":"https:\/\/www.chimimetal.com\/fr\/wp-json\/wp\/v2\/types\/page"}],"author":[{"embeddable":true,"href":"https:\/\/www.chimimetal.com\/fr\/wp-json\/wp\/v2\/users\/2"}],"replies":[{"embeddable":true,"href":"https:\/\/www.chimimetal.com\/fr\/wp-json\/wp\/v2\/comments?post=3280"}],"version-history":[{"count":11,"href":"https:\/\/www.chimimetal.com\/fr\/wp-json\/wp\/v2\/pages\/3280\/revisions"}],"predecessor-version":[{"id":4354,"href":"https:\/\/www.chimimetal.com\/fr\/wp-json\/wp\/v2\/pages\/3280\/revisions\/4354"}],"wp:attachment":[{"href":"https:\/\/www.chimimetal.com\/fr\/wp-json\/wp\/v2\/media?parent=3280"}],"curies":[{"name":"wp","href":"https:\/\/api.w.org\/{rel}","templated":true}]}}