{"id":3997,"date":"2021-05-17T15:10:22","date_gmt":"2021-05-17T13:10:22","guid":{"rendered":"http:\/\/chimimetal.localhost\/?page_id=3997"},"modified":"2022-07-05T11:15:41","modified_gmt":"2022-07-05T09:15:41","slug":"decoupe-laser-aluminium","status":"publish","type":"page","link":"https:\/\/www.chimimetal.com\/fr\/service-decoupe-laser-co2\/decoupe-laser-aluminium\/","title":{"rendered":"D\u00e9coupe laser de l\u2019aluminium"},"content":{"rendered":"\n<h2 class=\"wp-block-heading\"><strong>Les caract\u00e9ristiques de l\u2019aluminium<\/strong><\/h2>\n\n\n\n<p>D\u2019un point de vue physique, chimique et m\u00e9canique, l\u2019aluminium est un\nmat\u00e9riau similaire \u00e0 l\u2019acier, au laiton, au cuivre, au zinc, au plomb et au\ntitane et, \u00e0 l&rsquo;instar de ceux-ci, il peut \u00eatre usin\u00e9 de nombreuses fa\u00e7ons. <strong>La d\u00e9coupe laser de l\u2019aluminium en permet\nl\u2019emploi dans diff\u00e9rents domaines,<\/strong> exprimant ainsi toutes les\ncaract\u00e9ristiques et les particularit\u00e9s de ce mat\u00e9riau.<\/p>\n\n\n\n<p>On compte parmi les <strong>avantages que\npr\u00e9sente l\u2019aluminium<\/strong>&nbsp;:<\/p>\n\n\n\n<ul class=\"wp-block-list\"><li><strong>l\u00e9g\u00e8ret\u00e9<\/strong>: avec un poids\nsp\u00e9cifique de seulement 2,7 gr\/cm3 (environ un tiers de l\u2019acier), l\u2019aluminium\nse pr\u00eate \u00e0 diff\u00e9rentes utilisations. Dans le secteur automobile, par exemple,\nles composants en aluminium des v\u00e9hicules permettent de r\u00e9duire les\nconsommations d&rsquo;\u00e9nergie tout en augmentant les capacit\u00e9s de charge&nbsp;;<\/li><li><strong>r\u00e9sistance \u00e0 la\ncorrosion<\/strong>;<\/li><li><strong>conductivit\u00e9\nthermique et \u00e9lectrique<\/strong>, encore meilleure que celle du cuivre,\ncaract\u00e9ristique qui en a fait l\u2019une des options les plus r\u00e9pandues pour la\nr\u00e9alisation des lignes de transmission de l\u2019\u00e9nergie;<\/li><li><strong>Capacit\u00e9 de\nr\u00e9fl\u00e9chir la lumi\u00e8re<\/strong>, au point d\u2019\u00eatre utilis\u00e9 aussi pour la\nr\u00e9alisation des couvertures de secours&nbsp;;<\/li><li><strong>souplesse<\/strong>, qui permet\nl\u2019usinabilit\u00e9 maximale du mat\u00e9riau, dans des formes et des contextes\ndiff\u00e9rents&nbsp;;<\/li><li><strong>r\u00e9sistance aux\nbasses temp\u00e9ratures<\/strong>;<\/li><\/ul>\n\n\n\n<p>Gr\u00e2ce \u00e0 la d\u00e9coupe laser de l&rsquo;aluminium, il est m\u00eame possible de d\u00e9celer de\nnombreux autres avantages offerts par ce mat\u00e9riau, comme <strong>l&rsquo;imperm\u00e9abilit\u00e9, l\u2019inodorit\u00e9 et l\u2019atoxicit\u00e9. <\/strong><strong><\/strong><\/p>\n\n\n\n<h2 class=\"wp-block-heading\"><strong>Chimimetal\net l\u2019usinage de l\u2019aluminium<\/strong><strong><\/strong><\/h2>\n\n\n\n<p>L\u2019usinage de l\u2019aluminium avec la technique de\nd\u00e9coupe laser ex\u00e9cut\u00e9e par Chimimetal est r\u00e9alis\u00e9 par transmission du faisceau\nd\u2019\u00e9nergie qui arrive directement des diodes et des c\u00e2bles de fibre. Ce proc\u00e9d\u00e9\npeut \u00eatre ex\u00e9cut\u00e9 sur ce mat\u00e9riau sp\u00e9cifique dans une plage d\u2019usinage compris\nentre 0,5 mm et 3,00 mm de profondeur. La pr\u00e9cision de cette technique\nsp\u00e9cifique permet \u00e0 la d\u00e9coupe d\u2019avoir une longueur d\u2019onde r\u00e9duite, en\nfavorisant une meilleure absorption du faisceau de l\u2019aluminium. <\/p>\n\n\n\n<h2 class=\"wp-block-heading\"><strong>Les\nproduits finis<\/strong><\/h2>\n\n\n\n<p>La d\u00e9coupe laser de l\u2019aluminium effectu\u00e9e par\nChimimetal permet de r\u00e9aliser des produits finis en mesure de servir diff\u00e9rents\nchamps d\u2019application de l\u2019industrie. En particulier, le savoir-faire de notre\nentreprise s\u2019\u00e9tend \u00e0 la r\u00e9alisation d\u2019objets sophistiqu\u00e9s tels que les\nradiateurs, les plaquettes, les gobos pour \u00e9clairage, les filtres et les\nplaques de marchepied pour les v\u00e9hicules <\/p>\n\n\n\n<div class=\"wp-block-buttons is-layout-flex wp-block-buttons-is-layout-flex\">\n<div class=\"wp-block-button\"><a class=\"wp-block-button__link\" href=\"https:\/\/www.chimimetal.com\/fr\/nous-contacter\/\">Demander un devis<\/a><\/div>\n<\/div>\n","protected":false},"excerpt":{"rendered":"<p>Les caract\u00e9ristiques de l\u2019aluminium D\u2019un point de vue physique, chimique &#8230; <\/p>\n<p class=\"read-more-container\"><a title=\"D\u00e9coupe laser de l\u2019aluminium\" class=\"read-more button\" href=\"https:\/\/www.chimimetal.com\/fr\/service-decoupe-laser-co2\/decoupe-laser-aluminium\/#more-3997\">Lire la suite<span class=\"screen-reader-text\">D\u00e9coupe laser de l\u2019aluminium<\/span><\/a><\/p>\n","protected":false},"author":2,"featured_media":0,"parent":3280,"menu_order":0,"comment_status":"closed","ping_status":"closed","template":"","meta":{"_acf_changed":false,"footnotes":""},"class_list":["post-3997","page","type-page","status-publish"],"acf":[],"yoast_head":"<!-- This site is optimized with the Yoast SEO plugin v26.8 - https:\/\/yoast.com\/product\/yoast-seo-wordpress\/ -->\n<title>D\u00e9coupe laser de l\u2019aluminium - Chimimetal<\/title>\n<meta name=\"description\" content=\"La d\u00e9coupe laser de l&#039;aluminium permet la cr\u00e9ation de produits finis dans tous les domaines de l&#039;industrie et d&#039;objets design. D\u00e9couvrez nos produits\" \/>\n<meta name=\"robots\" content=\"index, follow, max-snippet:-1, max-image-preview:large, max-video-preview:-1\" \/>\n<link rel=\"canonical\" href=\"https:\/\/www.chimimetal.com\/taglio-laser\/taglio-laser-alluminio\/\" \/>\n<meta property=\"og:locale\" content=\"fr_FR\" \/>\n<meta property=\"og:type\" content=\"article\" \/>\n<meta property=\"og:title\" content=\"D\u00e9coupe laser de l\u2019aluminium - Chimimetal\" \/>\n<meta property=\"og:description\" content=\"La d\u00e9coupe laser de l&#039;aluminium permet la cr\u00e9ation de produits finis dans tous les domaines de l&#039;industrie et d&#039;objets design. D\u00e9couvrez nos produits\" \/>\n<meta property=\"og:url\" content=\"https:\/\/www.chimimetal.com\/taglio-laser\/taglio-laser-alluminio\/\" \/>\n<meta property=\"og:site_name\" content=\"Chimimetal\" \/>\n<meta property=\"article:modified_time\" content=\"2022-07-05T09:15:41+00:00\" \/>\n<meta name=\"twitter:card\" content=\"summary_large_image\" \/>\n<meta name=\"twitter:label1\" content=\"Dur\u00e9e de lecture estim\u00e9e\" \/>\n\t<meta name=\"twitter:data1\" content=\"2 minutes\" \/>\n<script type=\"application\/ld+json\" class=\"yoast-schema-graph\">{\"@context\":\"https:\/\/schema.org\",\"@graph\":[{\"@type\":\"WebPage\",\"@id\":\"https:\/\/www.chimimetal.com\/taglio-laser\/taglio-laser-alluminio\/\",\"url\":\"https:\/\/www.chimimetal.com\/taglio-laser\/taglio-laser-alluminio\/\",\"name\":\"D\u00e9coupe laser de l\u2019aluminium - Chimimetal\",\"isPartOf\":{\"@id\":\"https:\/\/www.chimimetal.com\/#website\"},\"datePublished\":\"2021-05-17T13:10:22+00:00\",\"dateModified\":\"2022-07-05T09:15:41+00:00\",\"description\":\"La d\u00e9coupe laser de l'aluminium permet la cr\u00e9ation de produits finis dans tous les domaines de l'industrie et d'objets design. D\u00e9couvrez nos produits\",\"breadcrumb\":{\"@id\":\"https:\/\/www.chimimetal.com\/taglio-laser\/taglio-laser-alluminio\/#breadcrumb\"},\"inLanguage\":\"fr-FR\",\"potentialAction\":[{\"@type\":\"ReadAction\",\"target\":[\"https:\/\/www.chimimetal.com\/taglio-laser\/taglio-laser-alluminio\/\"]}]},{\"@type\":\"BreadcrumbList\",\"@id\":\"https:\/\/www.chimimetal.com\/taglio-laser\/taglio-laser-alluminio\/#breadcrumb\",\"itemListElement\":[{\"@type\":\"ListItem\",\"position\":1,\"name\":\"Home\",\"item\":\"https:\/\/www.chimimetal.com\/fr\/\"},{\"@type\":\"ListItem\",\"position\":2,\"name\":\"D\u00c9COUPE LASER\",\"item\":\"https:\/\/www.chimimetal.com\/taglio-laser\/\"},{\"@type\":\"ListItem\",\"position\":3,\"name\":\"D\u00e9coupe laser de l\u2019aluminium\"}]},{\"@type\":\"WebSite\",\"@id\":\"https:\/\/www.chimimetal.com\/#website\",\"url\":\"https:\/\/www.chimimetal.com\/\",\"name\":\"Chimimetal\",\"description\":\"\",\"publisher\":{\"@id\":\"https:\/\/www.chimimetal.com\/#organization\"},\"potentialAction\":[{\"@type\":\"SearchAction\",\"target\":{\"@type\":\"EntryPoint\",\"urlTemplate\":\"https:\/\/www.chimimetal.com\/?s={search_term_string}\"},\"query-input\":{\"@type\":\"PropertyValueSpecification\",\"valueRequired\":true,\"valueName\":\"search_term_string\"}}],\"inLanguage\":\"fr-FR\"},{\"@type\":\"Organization\",\"@id\":\"https:\/\/www.chimimetal.com\/#organization\",\"name\":\"Chimimetal\",\"url\":\"https:\/\/www.chimimetal.com\/\",\"logo\":{\"@type\":\"ImageObject\",\"inLanguage\":\"fr-FR\",\"@id\":\"https:\/\/www.chimimetal.com\/#\/schema\/logo\/image\/\",\"url\":\"https:\/\/www.chimimetal.com\/wp-content\/uploads\/2020\/03\/logo-main.png\",\"contentUrl\":\"https:\/\/www.chimimetal.com\/wp-content\/uploads\/2020\/03\/logo-main.png\",\"width\":400,\"height\":130,\"caption\":\"Chimimetal\"},\"image\":{\"@id\":\"https:\/\/www.chimimetal.com\/#\/schema\/logo\/image\/\"}}]}<\/script>\n<!-- \/ Yoast SEO plugin. -->","yoast_head_json":{"title":"D\u00e9coupe laser de l\u2019aluminium - Chimimetal","description":"La d\u00e9coupe laser de l'aluminium permet la cr\u00e9ation de produits finis dans tous les domaines de l'industrie et d'objets design. D\u00e9couvrez nos produits","robots":{"index":"index","follow":"follow","max-snippet":"max-snippet:-1","max-image-preview":"max-image-preview:large","max-video-preview":"max-video-preview:-1"},"canonical":"https:\/\/www.chimimetal.com\/taglio-laser\/taglio-laser-alluminio\/","og_locale":"fr_FR","og_type":"article","og_title":"D\u00e9coupe laser de l\u2019aluminium - Chimimetal","og_description":"La d\u00e9coupe laser de l'aluminium permet la cr\u00e9ation de produits finis dans tous les domaines de l'industrie et d'objets design. D\u00e9couvrez nos produits","og_url":"https:\/\/www.chimimetal.com\/taglio-laser\/taglio-laser-alluminio\/","og_site_name":"Chimimetal","article_modified_time":"2022-07-05T09:15:41+00:00","twitter_card":"summary_large_image","twitter_misc":{"Dur\u00e9e de lecture estim\u00e9e":"2 minutes"},"schema":{"@context":"https:\/\/schema.org","@graph":[{"@type":"WebPage","@id":"https:\/\/www.chimimetal.com\/taglio-laser\/taglio-laser-alluminio\/","url":"https:\/\/www.chimimetal.com\/taglio-laser\/taglio-laser-alluminio\/","name":"D\u00e9coupe laser de l\u2019aluminium - Chimimetal","isPartOf":{"@id":"https:\/\/www.chimimetal.com\/#website"},"datePublished":"2021-05-17T13:10:22+00:00","dateModified":"2022-07-05T09:15:41+00:00","description":"La d\u00e9coupe laser de l'aluminium permet la cr\u00e9ation de produits finis dans tous les domaines de l'industrie et d'objets design. D\u00e9couvrez nos produits","breadcrumb":{"@id":"https:\/\/www.chimimetal.com\/taglio-laser\/taglio-laser-alluminio\/#breadcrumb"},"inLanguage":"fr-FR","potentialAction":[{"@type":"ReadAction","target":["https:\/\/www.chimimetal.com\/taglio-laser\/taglio-laser-alluminio\/"]}]},{"@type":"BreadcrumbList","@id":"https:\/\/www.chimimetal.com\/taglio-laser\/taglio-laser-alluminio\/#breadcrumb","itemListElement":[{"@type":"ListItem","position":1,"name":"Home","item":"https:\/\/www.chimimetal.com\/fr\/"},{"@type":"ListItem","position":2,"name":"D\u00c9COUPE LASER","item":"https:\/\/www.chimimetal.com\/taglio-laser\/"},{"@type":"ListItem","position":3,"name":"D\u00e9coupe laser de l\u2019aluminium"}]},{"@type":"WebSite","@id":"https:\/\/www.chimimetal.com\/#website","url":"https:\/\/www.chimimetal.com\/","name":"Chimimetal","description":"","publisher":{"@id":"https:\/\/www.chimimetal.com\/#organization"},"potentialAction":[{"@type":"SearchAction","target":{"@type":"EntryPoint","urlTemplate":"https:\/\/www.chimimetal.com\/?s={search_term_string}"},"query-input":{"@type":"PropertyValueSpecification","valueRequired":true,"valueName":"search_term_string"}}],"inLanguage":"fr-FR"},{"@type":"Organization","@id":"https:\/\/www.chimimetal.com\/#organization","name":"Chimimetal","url":"https:\/\/www.chimimetal.com\/","logo":{"@type":"ImageObject","inLanguage":"fr-FR","@id":"https:\/\/www.chimimetal.com\/#\/schema\/logo\/image\/","url":"https:\/\/www.chimimetal.com\/wp-content\/uploads\/2020\/03\/logo-main.png","contentUrl":"https:\/\/www.chimimetal.com\/wp-content\/uploads\/2020\/03\/logo-main.png","width":400,"height":130,"caption":"Chimimetal"},"image":{"@id":"https:\/\/www.chimimetal.com\/#\/schema\/logo\/image\/"}}]}},"_links":{"self":[{"href":"https:\/\/www.chimimetal.com\/fr\/wp-json\/wp\/v2\/pages\/3997","targetHints":{"allow":["GET"]}}],"collection":[{"href":"https:\/\/www.chimimetal.com\/fr\/wp-json\/wp\/v2\/pages"}],"about":[{"href":"https:\/\/www.chimimetal.com\/fr\/wp-json\/wp\/v2\/types\/page"}],"author":[{"embeddable":true,"href":"https:\/\/www.chimimetal.com\/fr\/wp-json\/wp\/v2\/users\/2"}],"replies":[{"embeddable":true,"href":"https:\/\/www.chimimetal.com\/fr\/wp-json\/wp\/v2\/comments?post=3997"}],"version-history":[{"count":2,"href":"https:\/\/www.chimimetal.com\/fr\/wp-json\/wp\/v2\/pages\/3997\/revisions"}],"predecessor-version":[{"id":4356,"href":"https:\/\/www.chimimetal.com\/fr\/wp-json\/wp\/v2\/pages\/3997\/revisions\/4356"}],"up":[{"embeddable":true,"href":"https:\/\/www.chimimetal.com\/fr\/wp-json\/wp\/v2\/pages\/3280"}],"wp:attachment":[{"href":"https:\/\/www.chimimetal.com\/fr\/wp-json\/wp\/v2\/media?parent=3997"}],"curies":[{"name":"wp","href":"https:\/\/api.w.org\/{rel}","templated":true}]}}