{"id":4003,"date":"2021-05-17T15:22:13","date_gmt":"2021-05-17T13:22:13","guid":{"rendered":"http:\/\/chimimetal.localhost\/?page_id=4003"},"modified":"2022-07-05T11:19:02","modified_gmt":"2022-07-05T09:19:02","slug":"decoupe-laser-cuivre","status":"publish","type":"page","link":"https:\/\/www.chimimetal.com\/fr\/service-decoupe-laser-co2\/decoupe-laser-cuivre\/","title":{"rendered":"D\u00e9coupe laser du cuivre"},"content":{"rendered":"\n<h2 class=\"wp-block-heading\"><strong>Les caract\u00e9ristiques du\ncuivre<\/strong><strong><\/strong><\/h2>\n\n\n\n<p>Gr\u00e2ce \u00e0 la <strong>d\u00e9coupe laser du cuivre,<\/strong>\nil est possible d\u2019exploiter pleinement tout le potentiel que pr\u00e9sente ce\nmat\u00e9riau, qui <strong>se d\u00e9marque par sa\nmall\u00e9abilit\u00e9 et sa multifonctionnalit\u00e9.<\/strong><\/p>\n\n\n\n<p>Largement utilis\u00e9 dans l&rsquo;industrie m\u00e9tallurgique, le cuivre, dont le point\nde fusion est \u00e0 1083\u00b0C,<strong> est aussi un\nexcellent conducteur de chaleur et d\u2019\u00e9lectricit\u00e9<\/strong>, et c\u2019est justement pour\ncette raison qu\u2019il est souvent employ\u00e9 pour la r\u00e9alisation des syst\u00e8mes de\nchauffage et \u00e9lectriques. <\/p>\n\n\n\n<p>Le cuivre subit l\u2019oxydation, proc\u00e9d\u00e9 qui fait changer le m\u00e9tal de couleur,\nformant le vert-de-gris.<\/p>\n\n\n\n<p><strong>Le cuivre se trouve dans de\nnombreux objets du quotidien, allant des dispositifs \u00e9lectroniques aux\n\u00e9lectrom\u00e9nagers tels que les machines \u00e0 laver et les r\u00e9frig\u00e9rateurs.<\/strong> Le cuivre est m\u00eame\nlargement utilis\u00e9 dans le secteur automobile&nbsp;: \u00e0 l\u2019int\u00e9rieur des\nv\u00e9hicules, il y a en effet de nombreux c\u00e2bles en cuivre qui transmettent\nl&rsquo;\u00e9lectricit\u00e9 \u00e0 toutes les pi\u00e8ces de la voiture qui en ont besoin, par exemple\npour le fonctionnement des feux, mais aussi des fen\u00eatres ou des portes. <\/p>\n\n\n\n<h2 class=\"wp-block-heading\"><strong>Chimimetal et l\u2019usinage du cuivre<\/strong><\/h2>\n\n\n\n<p>La d\u00e9coupe laser permet d\u2019usiner le cuivre de nombreuses fa\u00e7ons, par rapport aux mat\u00e9riaux comme le bronze, la technique de d\u00e9coupe laser du cuivre ex\u00e9cut\u00e9e par Chimimetal s\u2019articule autour d\u2019une plage d\u2019usinage plus restreinte qui varie de 0,4 \u00e0 1,5 mm de profondeur\u00a0: le tout toujours \u00e0 travers la transmission du faisceau d\u2019\u00e9nergie directement depuis les diodes et les c\u00e2bles de fibre qui assure la longueur d\u2019onde r\u00e9duite, garantissant une meilleure absorption du faisceau de mat\u00e9riau usin\u00e9 et mieux travaill\u00e9. <\/p>\n\n\n\n<h2 class=\"wp-block-heading\"><strong>Les\nproduits finis<\/strong><strong><\/strong><\/h2>\n\n\n\n<p>Gr\u00e2ce \u00e0 l\u2019usinage du cuivre avec la technique de\nd\u00e9coupe laser, Chimimetal produit des mat\u00e9riaux finis au sommet de la qualit\u00e9\net de la pr\u00e9cision d\u2019usinage. Notre savoir-faire avec le cuivre se traduit par\nla r\u00e9alisation de contacts \u00e9lectroniques, E-type pour imprimer des filigranes\nsur le papier et de pi\u00e8ces m\u00e9caniques.<\/p>\n\n\n\n<div class=\"wp-block-buttons is-layout-flex wp-block-buttons-is-layout-flex\">\n<div class=\"wp-block-button\"><a class=\"wp-block-button__link\" href=\"https:\/\/www.chimimetal.com\/fr\/nous-contacter\/\">Demander un devis<\/a><\/div>\n<\/div>\n","protected":false},"excerpt":{"rendered":"<p>Les caract\u00e9ristiques du cuivre Gr\u00e2ce \u00e0 la d\u00e9coupe laser du &#8230; <\/p>\n<p class=\"read-more-container\"><a title=\"D\u00e9coupe laser du cuivre\" class=\"read-more button\" href=\"https:\/\/www.chimimetal.com\/fr\/service-decoupe-laser-co2\/decoupe-laser-cuivre\/#more-4003\">Lire la suite<span class=\"screen-reader-text\">D\u00e9coupe laser du cuivre<\/span><\/a><\/p>\n","protected":false},"author":2,"featured_media":0,"parent":3280,"menu_order":0,"comment_status":"closed","ping_status":"closed","template":"","meta":{"_acf_changed":false,"footnotes":""},"class_list":["post-4003","page","type-page","status-publish"],"acf":[],"yoast_head":"<!-- This site is optimized with the Yoast SEO plugin v26.8 - https:\/\/yoast.com\/product\/yoast-seo-wordpress\/ -->\n<title>D\u00e9coupe laser du cuivre - Chimimetal<\/title>\n<meta name=\"description\" content=\"La d\u00e9coupe laser du cuivre permet la cr\u00e9ation de produits finis dans tous les domaines de l&#039;industrie. D\u00e9couvrez nos produits\" \/>\n<meta name=\"robots\" content=\"index, follow, max-snippet:-1, max-image-preview:large, max-video-preview:-1\" \/>\n<link rel=\"canonical\" href=\"https:\/\/www.chimimetal.com\/taglio-laser\/taglio-laser-rame\/\" \/>\n<meta property=\"og:locale\" content=\"fr_FR\" \/>\n<meta property=\"og:type\" content=\"article\" \/>\n<meta property=\"og:title\" content=\"D\u00e9coupe laser du cuivre - Chimimetal\" \/>\n<meta property=\"og:description\" content=\"La d\u00e9coupe laser du cuivre permet la cr\u00e9ation de produits finis dans tous les domaines de l&#039;industrie. D\u00e9couvrez nos produits\" \/>\n<meta property=\"og:url\" content=\"https:\/\/www.chimimetal.com\/taglio-laser\/taglio-laser-rame\/\" \/>\n<meta property=\"og:site_name\" content=\"Chimimetal\" \/>\n<meta property=\"article:modified_time\" content=\"2022-07-05T09:19:02+00:00\" \/>\n<meta name=\"twitter:card\" content=\"summary_large_image\" \/>\n<meta name=\"twitter:label1\" content=\"Dur\u00e9e de lecture estim\u00e9e\" \/>\n\t<meta name=\"twitter:data1\" content=\"2 minutes\" \/>\n<script type=\"application\/ld+json\" class=\"yoast-schema-graph\">{\"@context\":\"https:\/\/schema.org\",\"@graph\":[{\"@type\":\"WebPage\",\"@id\":\"https:\/\/www.chimimetal.com\/taglio-laser\/taglio-laser-rame\/\",\"url\":\"https:\/\/www.chimimetal.com\/taglio-laser\/taglio-laser-rame\/\",\"name\":\"D\u00e9coupe laser du cuivre - Chimimetal\",\"isPartOf\":{\"@id\":\"https:\/\/www.chimimetal.com\/#website\"},\"datePublished\":\"2021-05-17T13:22:13+00:00\",\"dateModified\":\"2022-07-05T09:19:02+00:00\",\"description\":\"La d\u00e9coupe laser du cuivre permet la cr\u00e9ation de produits finis dans tous les domaines de l'industrie. D\u00e9couvrez nos produits\",\"breadcrumb\":{\"@id\":\"https:\/\/www.chimimetal.com\/taglio-laser\/taglio-laser-rame\/#breadcrumb\"},\"inLanguage\":\"fr-FR\",\"potentialAction\":[{\"@type\":\"ReadAction\",\"target\":[\"https:\/\/www.chimimetal.com\/taglio-laser\/taglio-laser-rame\/\"]}]},{\"@type\":\"BreadcrumbList\",\"@id\":\"https:\/\/www.chimimetal.com\/taglio-laser\/taglio-laser-rame\/#breadcrumb\",\"itemListElement\":[{\"@type\":\"ListItem\",\"position\":1,\"name\":\"Home\",\"item\":\"https:\/\/www.chimimetal.com\/fr\/\"},{\"@type\":\"ListItem\",\"position\":2,\"name\":\"D\u00c9COUPE LASER\",\"item\":\"https:\/\/www.chimimetal.com\/taglio-laser\/\"},{\"@type\":\"ListItem\",\"position\":3,\"name\":\"D\u00e9coupe laser du cuivre\"}]},{\"@type\":\"WebSite\",\"@id\":\"https:\/\/www.chimimetal.com\/#website\",\"url\":\"https:\/\/www.chimimetal.com\/\",\"name\":\"Chimimetal\",\"description\":\"\",\"publisher\":{\"@id\":\"https:\/\/www.chimimetal.com\/#organization\"},\"potentialAction\":[{\"@type\":\"SearchAction\",\"target\":{\"@type\":\"EntryPoint\",\"urlTemplate\":\"https:\/\/www.chimimetal.com\/?s={search_term_string}\"},\"query-input\":{\"@type\":\"PropertyValueSpecification\",\"valueRequired\":true,\"valueName\":\"search_term_string\"}}],\"inLanguage\":\"fr-FR\"},{\"@type\":\"Organization\",\"@id\":\"https:\/\/www.chimimetal.com\/#organization\",\"name\":\"Chimimetal\",\"url\":\"https:\/\/www.chimimetal.com\/\",\"logo\":{\"@type\":\"ImageObject\",\"inLanguage\":\"fr-FR\",\"@id\":\"https:\/\/www.chimimetal.com\/#\/schema\/logo\/image\/\",\"url\":\"https:\/\/www.chimimetal.com\/wp-content\/uploads\/2020\/03\/logo-main.png\",\"contentUrl\":\"https:\/\/www.chimimetal.com\/wp-content\/uploads\/2020\/03\/logo-main.png\",\"width\":400,\"height\":130,\"caption\":\"Chimimetal\"},\"image\":{\"@id\":\"https:\/\/www.chimimetal.com\/#\/schema\/logo\/image\/\"}}]}<\/script>\n<!-- \/ Yoast SEO plugin. -->","yoast_head_json":{"title":"D\u00e9coupe laser du cuivre - Chimimetal","description":"La d\u00e9coupe laser du cuivre permet la cr\u00e9ation de produits finis dans tous les domaines de l'industrie. D\u00e9couvrez nos produits","robots":{"index":"index","follow":"follow","max-snippet":"max-snippet:-1","max-image-preview":"max-image-preview:large","max-video-preview":"max-video-preview:-1"},"canonical":"https:\/\/www.chimimetal.com\/taglio-laser\/taglio-laser-rame\/","og_locale":"fr_FR","og_type":"article","og_title":"D\u00e9coupe laser du cuivre - Chimimetal","og_description":"La d\u00e9coupe laser du cuivre permet la cr\u00e9ation de produits finis dans tous les domaines de l'industrie. D\u00e9couvrez nos produits","og_url":"https:\/\/www.chimimetal.com\/taglio-laser\/taglio-laser-rame\/","og_site_name":"Chimimetal","article_modified_time":"2022-07-05T09:19:02+00:00","twitter_card":"summary_large_image","twitter_misc":{"Dur\u00e9e de lecture estim\u00e9e":"2 minutes"},"schema":{"@context":"https:\/\/schema.org","@graph":[{"@type":"WebPage","@id":"https:\/\/www.chimimetal.com\/taglio-laser\/taglio-laser-rame\/","url":"https:\/\/www.chimimetal.com\/taglio-laser\/taglio-laser-rame\/","name":"D\u00e9coupe laser du cuivre - Chimimetal","isPartOf":{"@id":"https:\/\/www.chimimetal.com\/#website"},"datePublished":"2021-05-17T13:22:13+00:00","dateModified":"2022-07-05T09:19:02+00:00","description":"La d\u00e9coupe laser du cuivre permet la cr\u00e9ation de produits finis dans tous les domaines de l'industrie. D\u00e9couvrez nos produits","breadcrumb":{"@id":"https:\/\/www.chimimetal.com\/taglio-laser\/taglio-laser-rame\/#breadcrumb"},"inLanguage":"fr-FR","potentialAction":[{"@type":"ReadAction","target":["https:\/\/www.chimimetal.com\/taglio-laser\/taglio-laser-rame\/"]}]},{"@type":"BreadcrumbList","@id":"https:\/\/www.chimimetal.com\/taglio-laser\/taglio-laser-rame\/#breadcrumb","itemListElement":[{"@type":"ListItem","position":1,"name":"Home","item":"https:\/\/www.chimimetal.com\/fr\/"},{"@type":"ListItem","position":2,"name":"D\u00c9COUPE LASER","item":"https:\/\/www.chimimetal.com\/taglio-laser\/"},{"@type":"ListItem","position":3,"name":"D\u00e9coupe laser du cuivre"}]},{"@type":"WebSite","@id":"https:\/\/www.chimimetal.com\/#website","url":"https:\/\/www.chimimetal.com\/","name":"Chimimetal","description":"","publisher":{"@id":"https:\/\/www.chimimetal.com\/#organization"},"potentialAction":[{"@type":"SearchAction","target":{"@type":"EntryPoint","urlTemplate":"https:\/\/www.chimimetal.com\/?s={search_term_string}"},"query-input":{"@type":"PropertyValueSpecification","valueRequired":true,"valueName":"search_term_string"}}],"inLanguage":"fr-FR"},{"@type":"Organization","@id":"https:\/\/www.chimimetal.com\/#organization","name":"Chimimetal","url":"https:\/\/www.chimimetal.com\/","logo":{"@type":"ImageObject","inLanguage":"fr-FR","@id":"https:\/\/www.chimimetal.com\/#\/schema\/logo\/image\/","url":"https:\/\/www.chimimetal.com\/wp-content\/uploads\/2020\/03\/logo-main.png","contentUrl":"https:\/\/www.chimimetal.com\/wp-content\/uploads\/2020\/03\/logo-main.png","width":400,"height":130,"caption":"Chimimetal"},"image":{"@id":"https:\/\/www.chimimetal.com\/#\/schema\/logo\/image\/"}}]}},"_links":{"self":[{"href":"https:\/\/www.chimimetal.com\/fr\/wp-json\/wp\/v2\/pages\/4003","targetHints":{"allow":["GET"]}}],"collection":[{"href":"https:\/\/www.chimimetal.com\/fr\/wp-json\/wp\/v2\/pages"}],"about":[{"href":"https:\/\/www.chimimetal.com\/fr\/wp-json\/wp\/v2\/types\/page"}],"author":[{"embeddable":true,"href":"https:\/\/www.chimimetal.com\/fr\/wp-json\/wp\/v2\/users\/2"}],"replies":[{"embeddable":true,"href":"https:\/\/www.chimimetal.com\/fr\/wp-json\/wp\/v2\/comments?post=4003"}],"version-history":[{"count":3,"href":"https:\/\/www.chimimetal.com\/fr\/wp-json\/wp\/v2\/pages\/4003\/revisions"}],"predecessor-version":[{"id":4358,"href":"https:\/\/www.chimimetal.com\/fr\/wp-json\/wp\/v2\/pages\/4003\/revisions\/4358"}],"up":[{"embeddable":true,"href":"https:\/\/www.chimimetal.com\/fr\/wp-json\/wp\/v2\/pages\/3280"}],"wp:attachment":[{"href":"https:\/\/www.chimimetal.com\/fr\/wp-json\/wp\/v2\/media?parent=4003"}],"curies":[{"name":"wp","href":"https:\/\/api.w.org\/{rel}","templated":true}]}}