{"id":4005,"date":"2021-05-17T15:30:05","date_gmt":"2021-05-17T13:30:05","guid":{"rendered":"http:\/\/chimimetal.localhost\/?page_id=4005"},"modified":"2022-07-05T11:21:19","modified_gmt":"2022-07-05T09:21:19","slug":"decoupe-laser-titane","status":"publish","type":"page","link":"https:\/\/www.chimimetal.com\/fr\/service-decoupe-laser-co2\/decoupe-laser-titane\/","title":{"rendered":"D\u00e9coupe laser du titane"},"content":{"rendered":"\n<h2 class=\"wp-block-heading\"><strong>Les caract\u00e9ristiques du\ntitane<\/strong><strong><\/strong><\/h2>\n\n\n\n<p>Pour effectuer la d\u00e9coupe laser du <strong>titane<\/strong>,\nil faut en conna\u00eetre les caract\u00e9ristiques et les propri\u00e9t\u00e9s. \u00c0 cet \u00e9gard, il\nconvient de faire remarquer que ce m\u00e9tal, relativement \u00ab&nbsp;nouveau&nbsp;\u00bb puisqu\u2019il\na \u00e9t\u00e9 d\u00e9couvert en 1790 et n\u2019a \u00e9t\u00e9 utilis\u00e9 dans l\u2019industrie que peu apr\u00e8s les\nann\u00e9es 50 du si\u00e8cle dernier, <strong>poss\u00e8de de\nnombreux avantages.<\/strong><strong><\/strong><\/p>\n\n\n\n<p>\u00c0 commencer par l\u2019abondance&nbsp;: en effet, le titane <strong>est le quatri\u00e8me (en termes de quantit\u00e9) m\u00e9tal existant sur la terre<\/strong>\net le neuvi\u00e8me \u00e9l\u00e9ment quant \u00e0 l\u2019application industrielle, seulement devanc\u00e9\npar des mat\u00e9riaux largement utilis\u00e9s comme le fer ou aluminium. <\/p>\n\n\n\n<p>La d\u00e9coupe laser du titane est ex\u00e9cut\u00e9e en gardant aussi \u00e0 l\u2019esprit une\nautre caract\u00e9ristique tr\u00e8s importante qui distingue ce m\u00e9tal, \u00e0 savoir la<strong> biocompatibilit\u00e9<\/strong>, particularit\u00e9 qui le\nrend tr\u00e8s polyvalent et en fait l\u2019objet de nombreuses \u00e9tudes de recherche et de\nd\u00e9veloppement.<\/p>\n\n\n\n<p>Le titane pr\u00e9sente aussi d\u2019autres avantages consid\u00e9rables, notamment&nbsp;:<\/p>\n\n\n\n<ul class=\"wp-block-list\"><li><strong>r\u00e9sistance<\/strong>, au moins\ntrois fois sup\u00e9rieure \u00e0 celle de l\u2019aluminium&nbsp;;<\/li><li><strong>l\u00e9g\u00e8ret\u00e9<\/strong>, qui le rend\nparfait tant pour r\u00e9aliser les composants des \u00e9quipements que pour obtenir des\nobjets facilement portables&nbsp;;<\/li><li><strong>r\u00e9silience\ncontre la corrosion<\/strong>;<\/li><li><strong>esth\u00e9tique<\/strong>: un aspect \u00e0\nne pas sous-estimer, dans la mesure o\u00f9 il rend le titane utilisable m\u00eame dans\nl\u2019univers du design&nbsp;;<\/li><li><strong>flexibilit\u00e9.<\/strong><\/li><\/ul>\n\n\n\n<p>Le titane est commercialis\u00e9 selon quatre degr\u00e9s de classification&nbsp;: le\ntitane commercialement pur, les alliages de type alpha, les alliages b et les\nalliages alpha + B, qui se diff\u00e9rencient entre eux par les aspects relatifs \u00e0\nla r\u00e9sistance et \u00e0 la facilit\u00e9 d\u2019utilisation. <\/p>\n\n\n\n<h2 class=\"wp-block-heading\"><strong>Chimimetal\net l\u2019usinage du titane<\/strong><strong><\/strong><\/h2>\n\n\n\n<p>La d\u00e9coupe laser du titane est effectu\u00e9e dans les\n\u00e9tablissements Chimimetal \u00e0 Biella dans une plage d\u2019usinage qui varie de 0,4 mm\n\u00e0 1,2 mm de profondeur.<\/p>\n\n\n\n<p>Le proc\u00e9d\u00e9 de d\u00e9coupe laser de fibre de titane\nrepose sur la transmission du faisceau d\u2019\u00e9nergie directement depuis les diodes\net les c\u00e2bles de fibre. <\/p>\n\n\n\n<p>Gr\u00e2ce \u00e0 cette technique d\u2019usinage sp\u00e9cifique, la\nd\u00e9coupe parvient \u00e0 avoir une longueur d\u2019onde r\u00e9duite qui favorise la meilleure\nabsorption du faisceau de mat\u00e9riau qui a \u00e9t\u00e9 usin\u00e9 et d\u00e9coup\u00e9.<\/p>\n\n\n\n<h2 class=\"wp-block-heading\"><strong>Les\nproduits finis<\/strong><strong><\/strong><\/h2>\n\n\n\n<p>En usinant le titane au moyen de la technique de\nd\u00e9coupe laser, Chimimetal est en mesure de r\u00e9aliser des produits finis au\nsommet de la qualit\u00e9 et de la pr\u00e9cision d\u2019usinage dans tous les secteurs&nbsp;:\ndes objets de design les plus sophistiqu\u00e9s aux mat\u00e9riaux utiles dans les\nsecteurs sp\u00e9cialis\u00e9s comme celui des composants m\u00e9dicaux. <\/p>\n\n\n\n<p>En ce qui concerne les objets de design, le\nsavoir-faire de Chimimetal dans l\u2019usinage et la d\u00e9coupe laser du titane a \u00e9t\u00e9\nprincipalement acquis dans la r\u00e9alisation de branches et de parties frontales\nde monture de lunettes, r\u00e9alis\u00e9es en combinaison avec la technique de\nphoto-incision pour r\u00e9aliser des d\u00e9tails et des d\u00e9cors plus sophistiqu\u00e9s avec\nune profondeur d\u2019incision maximale de 0,05 mm.<\/p>\n\n\n\n<div class=\"wp-block-buttons is-layout-flex wp-block-buttons-is-layout-flex\">\n<div class=\"wp-block-button\"><a class=\"wp-block-button__link\" href=\"https:\/\/www.chimimetal.com\/fr\/nous-contacter\/\">Demander un devis<\/a><\/div>\n<\/div>\n","protected":false},"excerpt":{"rendered":"<p>Les caract\u00e9ristiques du titane Pour effectuer la d\u00e9coupe laser du &#8230; <\/p>\n<p class=\"read-more-container\"><a title=\"D\u00e9coupe laser du titane\" class=\"read-more button\" href=\"https:\/\/www.chimimetal.com\/fr\/service-decoupe-laser-co2\/decoupe-laser-titane\/#more-4005\">Lire la suite<span class=\"screen-reader-text\">D\u00e9coupe laser du titane<\/span><\/a><\/p>\n","protected":false},"author":2,"featured_media":0,"parent":3280,"menu_order":0,"comment_status":"closed","ping_status":"closed","template":"","meta":{"_acf_changed":false,"footnotes":""},"class_list":["post-4005","page","type-page","status-publish"],"acf":[],"yoast_head":"<!-- This site is optimized with the Yoast SEO plugin v26.8 - https:\/\/yoast.com\/product\/yoast-seo-wordpress\/ -->\n<title>D\u00e9coupe laser du titane - Chimimetal<\/title>\n<meta name=\"description\" content=\"La d\u00e9coupe laser du titane permet la cr\u00e9ation de produits finis dans tous les domaines de l&#039;industrie et d&#039;objets design. D\u00e9couvrez nos produits\" \/>\n<meta name=\"robots\" content=\"index, follow, max-snippet:-1, max-image-preview:large, max-video-preview:-1\" \/>\n<link rel=\"canonical\" href=\"https:\/\/www.chimimetal.com\/taglio-laser\/taglio-laser-titanio\/\" \/>\n<meta property=\"og:locale\" content=\"fr_FR\" \/>\n<meta property=\"og:type\" content=\"article\" \/>\n<meta property=\"og:title\" content=\"D\u00e9coupe laser du titane - Chimimetal\" \/>\n<meta property=\"og:description\" content=\"La d\u00e9coupe laser du titane permet la cr\u00e9ation de produits finis dans tous les domaines de l&#039;industrie et d&#039;objets design. D\u00e9couvrez nos produits\" \/>\n<meta property=\"og:url\" content=\"https:\/\/www.chimimetal.com\/taglio-laser\/taglio-laser-titanio\/\" \/>\n<meta property=\"og:site_name\" content=\"Chimimetal\" \/>\n<meta property=\"article:modified_time\" content=\"2022-07-05T09:21:19+00:00\" \/>\n<meta name=\"twitter:card\" content=\"summary_large_image\" \/>\n<meta name=\"twitter:label1\" content=\"Dur\u00e9e de lecture estim\u00e9e\" \/>\n\t<meta name=\"twitter:data1\" content=\"2 minutes\" \/>\n<script type=\"application\/ld+json\" class=\"yoast-schema-graph\">{\"@context\":\"https:\/\/schema.org\",\"@graph\":[{\"@type\":\"WebPage\",\"@id\":\"https:\/\/www.chimimetal.com\/taglio-laser\/taglio-laser-titanio\/\",\"url\":\"https:\/\/www.chimimetal.com\/taglio-laser\/taglio-laser-titanio\/\",\"name\":\"D\u00e9coupe laser du titane - Chimimetal\",\"isPartOf\":{\"@id\":\"https:\/\/www.chimimetal.com\/#website\"},\"datePublished\":\"2021-05-17T13:30:05+00:00\",\"dateModified\":\"2022-07-05T09:21:19+00:00\",\"description\":\"La d\u00e9coupe laser du titane permet la cr\u00e9ation de produits finis dans tous les domaines de l'industrie et d'objets design. D\u00e9couvrez nos produits\",\"breadcrumb\":{\"@id\":\"https:\/\/www.chimimetal.com\/taglio-laser\/taglio-laser-titanio\/#breadcrumb\"},\"inLanguage\":\"fr-FR\",\"potentialAction\":[{\"@type\":\"ReadAction\",\"target\":[\"https:\/\/www.chimimetal.com\/taglio-laser\/taglio-laser-titanio\/\"]}]},{\"@type\":\"BreadcrumbList\",\"@id\":\"https:\/\/www.chimimetal.com\/taglio-laser\/taglio-laser-titanio\/#breadcrumb\",\"itemListElement\":[{\"@type\":\"ListItem\",\"position\":1,\"name\":\"Home\",\"item\":\"https:\/\/www.chimimetal.com\/fr\/\"},{\"@type\":\"ListItem\",\"position\":2,\"name\":\"D\u00c9COUPE LASER\",\"item\":\"https:\/\/www.chimimetal.com\/taglio-laser\/\"},{\"@type\":\"ListItem\",\"position\":3,\"name\":\"D\u00e9coupe laser du titane\"}]},{\"@type\":\"WebSite\",\"@id\":\"https:\/\/www.chimimetal.com\/#website\",\"url\":\"https:\/\/www.chimimetal.com\/\",\"name\":\"Chimimetal\",\"description\":\"\",\"publisher\":{\"@id\":\"https:\/\/www.chimimetal.com\/#organization\"},\"potentialAction\":[{\"@type\":\"SearchAction\",\"target\":{\"@type\":\"EntryPoint\",\"urlTemplate\":\"https:\/\/www.chimimetal.com\/?s={search_term_string}\"},\"query-input\":{\"@type\":\"PropertyValueSpecification\",\"valueRequired\":true,\"valueName\":\"search_term_string\"}}],\"inLanguage\":\"fr-FR\"},{\"@type\":\"Organization\",\"@id\":\"https:\/\/www.chimimetal.com\/#organization\",\"name\":\"Chimimetal\",\"url\":\"https:\/\/www.chimimetal.com\/\",\"logo\":{\"@type\":\"ImageObject\",\"inLanguage\":\"fr-FR\",\"@id\":\"https:\/\/www.chimimetal.com\/#\/schema\/logo\/image\/\",\"url\":\"https:\/\/www.chimimetal.com\/wp-content\/uploads\/2020\/03\/logo-main.png\",\"contentUrl\":\"https:\/\/www.chimimetal.com\/wp-content\/uploads\/2020\/03\/logo-main.png\",\"width\":400,\"height\":130,\"caption\":\"Chimimetal\"},\"image\":{\"@id\":\"https:\/\/www.chimimetal.com\/#\/schema\/logo\/image\/\"}}]}<\/script>\n<!-- \/ Yoast SEO plugin. -->","yoast_head_json":{"title":"D\u00e9coupe laser du titane - Chimimetal","description":"La d\u00e9coupe laser du titane permet la cr\u00e9ation de produits finis dans tous les domaines de l'industrie et d'objets design. D\u00e9couvrez nos produits","robots":{"index":"index","follow":"follow","max-snippet":"max-snippet:-1","max-image-preview":"max-image-preview:large","max-video-preview":"max-video-preview:-1"},"canonical":"https:\/\/www.chimimetal.com\/taglio-laser\/taglio-laser-titanio\/","og_locale":"fr_FR","og_type":"article","og_title":"D\u00e9coupe laser du titane - Chimimetal","og_description":"La d\u00e9coupe laser du titane permet la cr\u00e9ation de produits finis dans tous les domaines de l'industrie et d'objets design. D\u00e9couvrez nos produits","og_url":"https:\/\/www.chimimetal.com\/taglio-laser\/taglio-laser-titanio\/","og_site_name":"Chimimetal","article_modified_time":"2022-07-05T09:21:19+00:00","twitter_card":"summary_large_image","twitter_misc":{"Dur\u00e9e de lecture estim\u00e9e":"2 minutes"},"schema":{"@context":"https:\/\/schema.org","@graph":[{"@type":"WebPage","@id":"https:\/\/www.chimimetal.com\/taglio-laser\/taglio-laser-titanio\/","url":"https:\/\/www.chimimetal.com\/taglio-laser\/taglio-laser-titanio\/","name":"D\u00e9coupe laser du titane - Chimimetal","isPartOf":{"@id":"https:\/\/www.chimimetal.com\/#website"},"datePublished":"2021-05-17T13:30:05+00:00","dateModified":"2022-07-05T09:21:19+00:00","description":"La d\u00e9coupe laser du titane permet la cr\u00e9ation de produits finis dans tous les domaines de l'industrie et d'objets design. D\u00e9couvrez nos produits","breadcrumb":{"@id":"https:\/\/www.chimimetal.com\/taglio-laser\/taglio-laser-titanio\/#breadcrumb"},"inLanguage":"fr-FR","potentialAction":[{"@type":"ReadAction","target":["https:\/\/www.chimimetal.com\/taglio-laser\/taglio-laser-titanio\/"]}]},{"@type":"BreadcrumbList","@id":"https:\/\/www.chimimetal.com\/taglio-laser\/taglio-laser-titanio\/#breadcrumb","itemListElement":[{"@type":"ListItem","position":1,"name":"Home","item":"https:\/\/www.chimimetal.com\/fr\/"},{"@type":"ListItem","position":2,"name":"D\u00c9COUPE LASER","item":"https:\/\/www.chimimetal.com\/taglio-laser\/"},{"@type":"ListItem","position":3,"name":"D\u00e9coupe laser du titane"}]},{"@type":"WebSite","@id":"https:\/\/www.chimimetal.com\/#website","url":"https:\/\/www.chimimetal.com\/","name":"Chimimetal","description":"","publisher":{"@id":"https:\/\/www.chimimetal.com\/#organization"},"potentialAction":[{"@type":"SearchAction","target":{"@type":"EntryPoint","urlTemplate":"https:\/\/www.chimimetal.com\/?s={search_term_string}"},"query-input":{"@type":"PropertyValueSpecification","valueRequired":true,"valueName":"search_term_string"}}],"inLanguage":"fr-FR"},{"@type":"Organization","@id":"https:\/\/www.chimimetal.com\/#organization","name":"Chimimetal","url":"https:\/\/www.chimimetal.com\/","logo":{"@type":"ImageObject","inLanguage":"fr-FR","@id":"https:\/\/www.chimimetal.com\/#\/schema\/logo\/image\/","url":"https:\/\/www.chimimetal.com\/wp-content\/uploads\/2020\/03\/logo-main.png","contentUrl":"https:\/\/www.chimimetal.com\/wp-content\/uploads\/2020\/03\/logo-main.png","width":400,"height":130,"caption":"Chimimetal"},"image":{"@id":"https:\/\/www.chimimetal.com\/#\/schema\/logo\/image\/"}}]}},"_links":{"self":[{"href":"https:\/\/www.chimimetal.com\/fr\/wp-json\/wp\/v2\/pages\/4005","targetHints":{"allow":["GET"]}}],"collection":[{"href":"https:\/\/www.chimimetal.com\/fr\/wp-json\/wp\/v2\/pages"}],"about":[{"href":"https:\/\/www.chimimetal.com\/fr\/wp-json\/wp\/v2\/types\/page"}],"author":[{"embeddable":true,"href":"https:\/\/www.chimimetal.com\/fr\/wp-json\/wp\/v2\/users\/2"}],"replies":[{"embeddable":true,"href":"https:\/\/www.chimimetal.com\/fr\/wp-json\/wp\/v2\/comments?post=4005"}],"version-history":[{"count":2,"href":"https:\/\/www.chimimetal.com\/fr\/wp-json\/wp\/v2\/pages\/4005\/revisions"}],"predecessor-version":[{"id":4360,"href":"https:\/\/www.chimimetal.com\/fr\/wp-json\/wp\/v2\/pages\/4005\/revisions\/4360"}],"up":[{"embeddable":true,"href":"https:\/\/www.chimimetal.com\/fr\/wp-json\/wp\/v2\/pages\/3280"}],"wp:attachment":[{"href":"https:\/\/www.chimimetal.com\/fr\/wp-json\/wp\/v2\/media?parent=4005"}],"curies":[{"name":"wp","href":"https:\/\/api.w.org\/{rel}","templated":true}]}}